{"id":5585,"date":"2021-03-19T21:16:51","date_gmt":"2021-03-19T21:16:51","guid":{"rendered":"http:\/\/localhost:8888\/mlaw\/\/german-desk\/"},"modified":"2024-07-27T10:09:52","modified_gmt":"2024-07-27T10:09:52","slug":"german-desk","status":"publish","type":"page","link":"https:\/\/mlaw.rs\/de\/german-desk\/","title":{"rendered":"German Desk"},"content":{"rendered":"<p>[vc_row css=&#8220;.vc_custom_1616675169397{padding-top: 0px !important;padding-bottom: 0px !important;background-color: #155153 !important;}&#8220;][vc_column css=&#8220;.vc_custom_1616747666944{margin-top: 0px !important;margin-bottom: 0px !important;border-top-width: 0px !important;border-bottom-width: 0px !important;padding-top: 10px !important;padding-bottom: 10px !important;}&#8220;][vc_row_inner row_content_width=&#8220;grid&#8220; css=&#8220;.vc_custom_1616747683885{padding-top: 0px !important;padding-bottom: 0px !important;}&#8220;][vc_column_inner][vc_custom_heading source=&#8220;post_title&#8220; font_container=&#8220;tag:h1|text_align:center|color:%23ffffff&#8220; use_theme_fonts=&#8220;yes&#8220;][\/vc_column_inner][\/vc_row_inner][\/vc_column][\/vc_row][vc_row][vc_column][vc_empty_space height=&#8220;20px&#8220; el_id=&#8220;gd-emp-sp&#8220;][\/vc_column][\/vc_row][vc_row row_content_width=&#8220;grid&#8220;][vc_column][vc_row_inner][vc_column_inner width=&#8220;1\/2&#8243; offset=&#8220;vc_col-lg-7 vc_col-md-6 vc_col-xs-12&#8243;][vc_column_text]<span style=\"color: #ffffff;\">German Desk<\/span><\/p>\n<p><img loading=\"lazy\" decoding=\"async\" class=\"alignleft size-medium wp-image-9447\" src=\"https:\/\/mlaw.rs\/wp-content\/uploads\/2024\/03\/ms-175_53571158154_o-200x300.jpg\" alt=\"Advokatska kancelarija Mom\u010dilovi\u0107 Stankovi\u0107 German desk\" width=\"200\" height=\"300\" srcset=\"https:\/\/mlaw.rs\/wp-content\/uploads\/2024\/03\/ms-175_53571158154_o-200x300.jpg 200w, https:\/\/mlaw.rs\/wp-content\/uploads\/2024\/03\/ms-175_53571158154_o-683x1024.jpg 683w, https:\/\/mlaw.rs\/wp-content\/uploads\/2024\/03\/ms-175_53571158154_o-768x1152.jpg 768w, https:\/\/mlaw.rs\/wp-content\/uploads\/2024\/03\/ms-175_53571158154_o-1024x1536.jpg 1024w, https:\/\/mlaw.rs\/wp-content\/uploads\/2024\/03\/ms-175_53571158154_o-1365x2048.jpg 1365w, https:\/\/mlaw.rs\/wp-content\/uploads\/2024\/03\/ms-175_53571158154_o-scaled.jpg 1707w\" sizes=\"auto, (max-width: 200px) 100vw, 200px\" \/>Deutschland ist f\u00fcr Serbien der weltweit wichtigste Handelspartner. Rechtsanwaltskanzlei Momcilovic Stankovic hat einen German Desk f\u00fcr deutschsprachige Mandanten eingerichtet. <a href=\"https:\/\/mlaw.rs\/\/de\/tim\/\" target=\"_blank\" rel=\"noopener\">Die Rechtsanw\u00e4lte unserer Kanzlei<\/a>\u00a0beraten und vertreten Mandanten vom deutschen Sprachgebiet (Deutschland, \u00d6sterreich und der Schweiz) und kennen die rechtlichen und kulturellen Unterschiede zwischen L\u00e4ndern.<\/p>\n<p>&nbsp;<\/p>\n<p><img loading=\"lazy\" decoding=\"async\" class=\"size-medium wp-image-7193 alignright\" src=\"https:\/\/mlaw.rs\/\/wp-content\/uploads\/2023\/01\/VM-ADV93-200x300.jpg\" alt=\"Advokatska kancelarija Mom\u010dilovi\u0107 German Desk\" width=\"200\" height=\"300\" srcset=\"https:\/\/mlaw.rs\/wp-content\/uploads\/2023\/01\/VM-ADV93-200x300.jpg 200w, https:\/\/mlaw.rs\/wp-content\/uploads\/2023\/01\/VM-ADV93-683x1024.jpg 683w, https:\/\/mlaw.rs\/wp-content\/uploads\/2023\/01\/VM-ADV93-768x1152.jpg 768w, https:\/\/mlaw.rs\/wp-content\/uploads\/2023\/01\/VM-ADV93-1024x1536.jpg 1024w, https:\/\/mlaw.rs\/wp-content\/uploads\/2023\/01\/VM-ADV93-1365x2048.jpg 1365w, https:\/\/mlaw.rs\/wp-content\/uploads\/2023\/01\/VM-ADV93-scaled.jpg 1707w\" sizes=\"auto, (max-width: 200px) 100vw, 200px\" \/>Wir haben eine st\u00e4ndige anwaltliche Zusammenarbeit mit Rechtsanwaltskanzleien aus Deutschland, \u00d6sterreich, der Schweiz und aus z\u00e4hligen anderen L\u00e4ndern hergestellt. Auf diese Weise bieten wir unseren Mandanten allumfassende Rechtsdienstleistungen.<\/p>\n<p>Wir sind auf der <a href=\"https:\/\/belgrad.diplo.de\/rs-de\/service\/-\/2249854\" target=\"_blank\" rel=\"noopener\">Anwaltsliste<\/a> der Botschaft der Bundesrepublik Deutschland in Serbien verzeichnet.<\/p>\n<p>Die Anwaltskanzlei Mom\u010dilovi\u0107 ber\u00e4t Mandanten auf Deutsch, Englisch, Serbisch oder Russisch.<\/p>\n<p>&nbsp;<\/p>\n<p>Wir sind Mitglied der <a href=\"https:\/\/serbien.ahk.de\" target=\"_blank\" rel=\"noopener\">Deutsch-Serbischen Handelskammer<\/a>\u00a0(AHK) sowie des Portals <a href=\"https:\/\/www.anwalt.de\/valentina-momcilovic\" target=\"_blank\" rel=\"noopener\">Anwalt.de<\/a><\/p>\n<p>&nbsp;<\/p>\n<p><a href=\"https:\/\/serbien.ahk.de\"><img loading=\"lazy\" decoding=\"async\" class=\"alignleft wp-image-7019 size-medium\" src=\"https:\/\/mlaw.rs\/\/wp-content\/uploads\/2022\/12\/AHK-300x76.jpeg\" alt=\"\" width=\"300\" height=\"76\" srcset=\"https:\/\/mlaw.rs\/wp-content\/uploads\/2022\/12\/AHK-300x76.jpeg 300w, https:\/\/mlaw.rs\/wp-content\/uploads\/2022\/12\/AHK-1024x260.jpeg 1024w, https:\/\/mlaw.rs\/wp-content\/uploads\/2022\/12\/AHK-768x195.jpeg 768w, https:\/\/mlaw.rs\/wp-content\/uploads\/2022\/12\/AHK-1536x390.jpeg 1536w\" sizes=\"auto, (max-width: 300px) 100vw, 300px\" \/><\/a><\/p>\n<p>&nbsp;<\/p>\n<p>&nbsp;<\/p>\n<p><a href=\"https:\/\/www.experten-branchenbuch.de\/rechtsanwalt\/valentina-momcilovic-llm-freiburg-beograd-belgrad\" target=\"_blank\" rel=\"noopener\"><img loading=\"lazy\" decoding=\"async\" class=\"alignleft size-full wp-image-7022\" src=\"https:\/\/mlaw.rs\/\/wp-content\/uploads\/2022\/12\/experten-branchenbuch.de_.png\" alt=\"\" width=\"200\" height=\"200\" srcset=\"https:\/\/mlaw.rs\/wp-content\/uploads\/2022\/12\/experten-branchenbuch.de_.png 200w, https:\/\/mlaw.rs\/wp-content\/uploads\/2022\/12\/experten-branchenbuch.de_-150x150.png 150w, https:\/\/mlaw.rs\/wp-content\/uploads\/2022\/12\/experten-branchenbuch.de_-20x20.png 20w\" sizes=\"auto, (max-width: 200px) 100vw, 200px\" \/><\/a>[\/vc_column_text][\/vc_column_inner][vc_column_inner width=&#8220;1\/2&#8243; offset=&#8220;vc_col-lg-offset-0 vc_col-lg-5 vc_col-md-6 vc_col-xs-12&#8243;][vc_empty_space height=&#8220;15px&#8220; el_class=&#8220;gd-emp-sp-0&#8243;][vc_raw_html]JTNDZGl2JTIwaWQlM0QlMjJhbndhbHRXaWRnZXQxMSUyMiUzRSUzQyUyRmRpdiUzRSUzQ3NjcmlwdCUyMGFzeW5jJTIwdHlwZSUzRCUyMnRleHQlMkZqYXZhc2NyaXB0JTIyJTIwc3JjJTNEJTIyaHR0cHMlM0ElMkYlMkZ3aWRnZXQuYW53YWx0LmRlJTJGbmV1ZXN0ZS1hbndhbHRzYmV3ZXJ0dW5nZW4lMkYxMSUyRmlkJTJGMjEyNTA5JTJGbWF4SXRlbXMlMkY0JTJGYmFzZUNvbG9yJTJGNGI2MjhiJTJGaGVhZGVyQ29sb3IlMkZmZmZmZmYlMkZ3aWR0aCUyRjQwMCUyRnJvdW5kZWQlMkYwJTJGbGlua3NOZXdXaW5kb3clMkYxJTJGZGlzYWJsZUJvcmRlciUyRjAlMkZnZXQuanMlM0Z2JTNEMiUyMiUzRSUzQyUyRnNjcmlwdCUzRQ==[\/vc_raw_html][\/vc_column_inner][\/vc_row_inner][\/vc_column][\/vc_row][vc_row][vc_column][vc_empty_space height=&#8220;70px&#8220;][\/vc_column][\/vc_row]<\/p>\n","protected":false},"excerpt":{"rendered":"<p>[vc_row css=&#8220;.vc_custom_1616675169397{padding-top: 0px !important;padding-bottom: 0px !important;background-color: #155153 !important;}&#8220;][vc_column css=&#8220;.vc_custom_1616747666944{margin-top: 0px !important;margin-bottom: 0px !important;border-top-width: 0px !important;border-bottom-width: 0px !important;padding-top: 10px !important;padding-bottom: 10px !important;}&#8220;][vc_row_inner row_content_width=&#8220;grid&#8220; css=&#8220;.vc_custom_1616747683885{padding-top: 0px !important;padding-bottom: 0px !important;}&#8220;][vc_column_inner][vc_custom_heading source=&#8220;post_title&#8220; font_container=&#8220;tag:h1|text_align:center|color:%23ffffff&#8220; use_theme_fonts=&#8220;yes&#8220;][\/vc_column_inner][\/vc_row_inner][\/vc_column][\/vc_row][vc_row][vc_column][vc_empty_space height=&#8220;20px&#8220; el_id=&#8220;gd-emp-sp&#8220;][\/vc_column][\/vc_row][vc_row row_content_width=&#8220;grid&#8220;][vc_column][vc_row_inner][vc_column_inner width=&#8220;1\/2&#8243; offset=&#8220;vc_col-lg-7 vc_col-md-6 vc_col-xs-12&#8243;][vc_column_text]German Desk Deutschland ist f\u00fcr Serbien der weltweit wichtigste Handelspartner. Rechtsanwaltskanzlei Momcilovic Stankovic hat [&hellip;]<\/p>\n","protected":false},"author":1,"featured_media":0,"parent":0,"menu_order":0,"comment_status":"closed","ping_status":"closed","template":"full-width.php","meta":{"inline_featured_image":false,"footnotes":""},"class_list":["post-5585","page","type-page","status-publish","hentry"],"acf":[],"yoast_head":"<!-- This site is optimized with the Yoast SEO plugin v27.5 - https:\/\/yoast.com\/product\/yoast-seo-wordpress\/ -->\n<title>German Desk - Anwaltskanzlei Momcilovic Stankovic<\/title>\n<meta name=\"description\" content=\"Rechtsanwaltskanzlei Momcilovic Stankovic hat eine Abteilung f\u00fcr deutschsprachige Mandanten eingerichtet- German Desk\" \/>\n<meta name=\"robots\" content=\"index, follow, max-snippet:-1, max-image-preview:large, max-video-preview:-1\" \/>\n<link rel=\"canonical\" href=\"https:\/\/mlaw.rs\/de\/german-desk\/\" \/>\n<meta property=\"og:locale\" content=\"de_DE\" \/>\n<meta property=\"og:type\" content=\"article\" \/>\n<meta property=\"og:title\" content=\"German Desk - Anwaltskanzlei Momcilovic Stankovic\" \/>\n<meta property=\"og:description\" content=\"Rechtsanwaltskanzlei Momcilovic Stankovic hat eine Abteilung f\u00fcr deutschsprachige Mandanten eingerichtet- German Desk\" \/>\n<meta property=\"og:url\" content=\"https:\/\/mlaw.rs\/de\/german-desk\/\" \/>\n<meta property=\"og:site_name\" content=\"Advokatska kancelarija Mom\u010dilovi\u0107 Stankovi\u0107\" \/>\n<meta property=\"article:publisher\" content=\"https:\/\/www.facebook.com\/MomcilovicStankovic\" \/>\n<meta property=\"article:modified_time\" content=\"2024-07-27T10:09:52+00:00\" \/>\n<meta property=\"og:image\" content=\"https:\/\/mlaw.rs\/wp-content\/uploads\/2024\/03\/ms-175_53571158154_o-200x300.jpg\" \/>\n<meta name=\"twitter:card\" content=\"summary_large_image\" \/>\n<meta name=\"twitter:label1\" content=\"Gesch\u00e4tzte Lesezeit\" \/>\n\t<meta name=\"twitter:data1\" content=\"2\u00a0Minuten\" \/>\n<script type=\"application\/ld+json\" class=\"yoast-schema-graph\">{\"@context\":\"https:\\\/\\\/schema.org\",\"@graph\":[{\"@type\":\"WebPage\",\"@id\":\"https:\\\/\\\/mlaw.rs\\\/de\\\/german-desk\\\/\",\"url\":\"https:\\\/\\\/mlaw.rs\\\/de\\\/german-desk\\\/\",\"name\":\"German Desk - Anwaltskanzlei Momcilovic Stankovic\",\"isPartOf\":{\"@id\":\"https:\\\/\\\/mlaw.rs\\\/#website\"},\"primaryImageOfPage\":{\"@id\":\"https:\\\/\\\/mlaw.rs\\\/de\\\/german-desk\\\/#primaryimage\"},\"image\":{\"@id\":\"https:\\\/\\\/mlaw.rs\\\/de\\\/german-desk\\\/#primaryimage\"},\"thumbnailUrl\":\"https:\\\/\\\/mlaw.rs\\\/wp-content\\\/uploads\\\/2024\\\/03\\\/ms-175_53571158154_o-200x300.jpg\",\"datePublished\":\"2021-03-19T21:16:51+00:00\",\"dateModified\":\"2024-07-27T10:09:52+00:00\",\"description\":\"Rechtsanwaltskanzlei Momcilovic Stankovic hat eine Abteilung f\u00fcr deutschsprachige Mandanten eingerichtet- German Desk\",\"breadcrumb\":{\"@id\":\"https:\\\/\\\/mlaw.rs\\\/de\\\/german-desk\\\/#breadcrumb\"},\"inLanguage\":\"de\",\"potentialAction\":[{\"@type\":\"ReadAction\",\"target\":[\"https:\\\/\\\/mlaw.rs\\\/de\\\/german-desk\\\/\"]}]},{\"@type\":\"ImageObject\",\"inLanguage\":\"de\",\"@id\":\"https:\\\/\\\/mlaw.rs\\\/de\\\/german-desk\\\/#primaryimage\",\"url\":\"https:\\\/\\\/mlaw.rs\\\/wp-content\\\/uploads\\\/2024\\\/03\\\/ms-175_53571158154_o-200x300.jpg\",\"contentUrl\":\"https:\\\/\\\/mlaw.rs\\\/wp-content\\\/uploads\\\/2024\\\/03\\\/ms-175_53571158154_o-200x300.jpg\"},{\"@type\":\"BreadcrumbList\",\"@id\":\"https:\\\/\\\/mlaw.rs\\\/de\\\/german-desk\\\/#breadcrumb\",\"itemListElement\":[{\"@type\":\"ListItem\",\"position\":1,\"name\":\"\u041f\u043e\u0447\u0435\u0442\u043d\u0430\",\"item\":\"https:\\\/\\\/mlaw.rs\\\/de\\\/\"},{\"@type\":\"ListItem\",\"position\":2,\"name\":\"German Desk\"}]},{\"@type\":\"WebSite\",\"@id\":\"https:\\\/\\\/mlaw.rs\\\/#website\",\"url\":\"https:\\\/\\\/mlaw.rs\\\/\",\"name\":\"Advokatska kancelarija Mom\u010dilovi\u0107 Stankovi\u0107\",\"description\":\"Advokatska kancelarija Mom\u010dilovi\u0107 Stankovi\u0107\",\"publisher\":{\"@id\":\"https:\\\/\\\/mlaw.rs\\\/#organization\"},\"potentialAction\":[{\"@type\":\"SearchAction\",\"target\":{\"@type\":\"EntryPoint\",\"urlTemplate\":\"https:\\\/\\\/mlaw.rs\\\/?s={search_term_string}\"},\"query-input\":{\"@type\":\"PropertyValueSpecification\",\"valueRequired\":true,\"valueName\":\"search_term_string\"}}],\"inLanguage\":\"de\"},{\"@type\":\"Organization\",\"@id\":\"https:\\\/\\\/mlaw.rs\\\/#organization\",\"name\":\"Advokatska kancelarija Mom\u010dilovi\u0107 Stankovi\u0107\",\"url\":\"https:\\\/\\\/mlaw.rs\\\/\",\"logo\":{\"@type\":\"ImageObject\",\"inLanguage\":\"de\",\"@id\":\"https:\\\/\\\/mlaw.rs\\\/#\\\/schema\\\/logo\\\/image\\\/\",\"url\":\"https:\\\/\\\/mlaw.rs\\\/wp-content\\\/uploads\\\/2024\\\/01\\\/cropped-Screenshot-2024-01-06-at-12.41.19.png\",\"contentUrl\":\"https:\\\/\\\/mlaw.rs\\\/wp-content\\\/uploads\\\/2024\\\/01\\\/cropped-Screenshot-2024-01-06-at-12.41.19.png\",\"width\":512,\"height\":512,\"caption\":\"Advokatska kancelarija Mom\u010dilovi\u0107 Stankovi\u0107\"},\"image\":{\"@id\":\"https:\\\/\\\/mlaw.rs\\\/#\\\/schema\\\/logo\\\/image\\\/\"},\"sameAs\":[\"https:\\\/\\\/www.facebook.com\\\/MomcilovicStankovic\",\"https:\\\/\\\/www.linkedin.com\\\/company\\\/advokatska-kancelarija-mom\u010dilovi\u0107\"]}]}<\/script>\n<!-- \/ Yoast SEO plugin. -->","yoast_head_json":{"title":"German Desk - Anwaltskanzlei Momcilovic Stankovic","description":"Rechtsanwaltskanzlei Momcilovic Stankovic hat eine Abteilung f\u00fcr deutschsprachige Mandanten eingerichtet- German Desk","robots":{"index":"index","follow":"follow","max-snippet":"max-snippet:-1","max-image-preview":"max-image-preview:large","max-video-preview":"max-video-preview:-1"},"canonical":"https:\/\/mlaw.rs\/de\/german-desk\/","og_locale":"de_DE","og_type":"article","og_title":"German Desk - Anwaltskanzlei Momcilovic Stankovic","og_description":"Rechtsanwaltskanzlei Momcilovic Stankovic hat eine Abteilung f\u00fcr deutschsprachige Mandanten eingerichtet- German Desk","og_url":"https:\/\/mlaw.rs\/de\/german-desk\/","og_site_name":"Advokatska kancelarija Mom\u010dilovi\u0107 Stankovi\u0107","article_publisher":"https:\/\/www.facebook.com\/MomcilovicStankovic","article_modified_time":"2024-07-27T10:09:52+00:00","og_image":[{"url":"https:\/\/mlaw.rs\/wp-content\/uploads\/2024\/03\/ms-175_53571158154_o-200x300.jpg","type":"","width":"","height":""}],"twitter_card":"summary_large_image","twitter_misc":{"Gesch\u00e4tzte Lesezeit":"2\u00a0Minuten"},"schema":{"@context":"https:\/\/schema.org","@graph":[{"@type":"WebPage","@id":"https:\/\/mlaw.rs\/de\/german-desk\/","url":"https:\/\/mlaw.rs\/de\/german-desk\/","name":"German Desk - Anwaltskanzlei Momcilovic Stankovic","isPartOf":{"@id":"https:\/\/mlaw.rs\/#website"},"primaryImageOfPage":{"@id":"https:\/\/mlaw.rs\/de\/german-desk\/#primaryimage"},"image":{"@id":"https:\/\/mlaw.rs\/de\/german-desk\/#primaryimage"},"thumbnailUrl":"https:\/\/mlaw.rs\/wp-content\/uploads\/2024\/03\/ms-175_53571158154_o-200x300.jpg","datePublished":"2021-03-19T21:16:51+00:00","dateModified":"2024-07-27T10:09:52+00:00","description":"Rechtsanwaltskanzlei Momcilovic Stankovic hat eine Abteilung f\u00fcr deutschsprachige Mandanten eingerichtet- German Desk","breadcrumb":{"@id":"https:\/\/mlaw.rs\/de\/german-desk\/#breadcrumb"},"inLanguage":"de","potentialAction":[{"@type":"ReadAction","target":["https:\/\/mlaw.rs\/de\/german-desk\/"]}]},{"@type":"ImageObject","inLanguage":"de","@id":"https:\/\/mlaw.rs\/de\/german-desk\/#primaryimage","url":"https:\/\/mlaw.rs\/wp-content\/uploads\/2024\/03\/ms-175_53571158154_o-200x300.jpg","contentUrl":"https:\/\/mlaw.rs\/wp-content\/uploads\/2024\/03\/ms-175_53571158154_o-200x300.jpg"},{"@type":"BreadcrumbList","@id":"https:\/\/mlaw.rs\/de\/german-desk\/#breadcrumb","itemListElement":[{"@type":"ListItem","position":1,"name":"\u041f\u043e\u0447\u0435\u0442\u043d\u0430","item":"https:\/\/mlaw.rs\/de\/"},{"@type":"ListItem","position":2,"name":"German Desk"}]},{"@type":"WebSite","@id":"https:\/\/mlaw.rs\/#website","url":"https:\/\/mlaw.rs\/","name":"Advokatska kancelarija Mom\u010dilovi\u0107 Stankovi\u0107","description":"Advokatska kancelarija Mom\u010dilovi\u0107 Stankovi\u0107","publisher":{"@id":"https:\/\/mlaw.rs\/#organization"},"potentialAction":[{"@type":"SearchAction","target":{"@type":"EntryPoint","urlTemplate":"https:\/\/mlaw.rs\/?s={search_term_string}"},"query-input":{"@type":"PropertyValueSpecification","valueRequired":true,"valueName":"search_term_string"}}],"inLanguage":"de"},{"@type":"Organization","@id":"https:\/\/mlaw.rs\/#organization","name":"Advokatska kancelarija Mom\u010dilovi\u0107 Stankovi\u0107","url":"https:\/\/mlaw.rs\/","logo":{"@type":"ImageObject","inLanguage":"de","@id":"https:\/\/mlaw.rs\/#\/schema\/logo\/image\/","url":"https:\/\/mlaw.rs\/wp-content\/uploads\/2024\/01\/cropped-Screenshot-2024-01-06-at-12.41.19.png","contentUrl":"https:\/\/mlaw.rs\/wp-content\/uploads\/2024\/01\/cropped-Screenshot-2024-01-06-at-12.41.19.png","width":512,"height":512,"caption":"Advokatska kancelarija Mom\u010dilovi\u0107 Stankovi\u0107"},"image":{"@id":"https:\/\/mlaw.rs\/#\/schema\/logo\/image\/"},"sameAs":["https:\/\/www.facebook.com\/MomcilovicStankovic","https:\/\/www.linkedin.com\/company\/advokatska-kancelarija-mom\u010dilovi\u0107"]}]}},"_links":{"self":[{"href":"https:\/\/mlaw.rs\/de\/wp-json\/wp\/v2\/pages\/5585","targetHints":{"allow":["GET"]}}],"collection":[{"href":"https:\/\/mlaw.rs\/de\/wp-json\/wp\/v2\/pages"}],"about":[{"href":"https:\/\/mlaw.rs\/de\/wp-json\/wp\/v2\/types\/page"}],"author":[{"embeddable":true,"href":"https:\/\/mlaw.rs\/de\/wp-json\/wp\/v2\/users\/1"}],"replies":[{"embeddable":true,"href":"https:\/\/mlaw.rs\/de\/wp-json\/wp\/v2\/comments?post=5585"}],"version-history":[{"count":9,"href":"https:\/\/mlaw.rs\/de\/wp-json\/wp\/v2\/pages\/5585\/revisions"}],"predecessor-version":[{"id":9542,"href":"https:\/\/mlaw.rs\/de\/wp-json\/wp\/v2\/pages\/5585\/revisions\/9542"}],"wp:attachment":[{"href":"https:\/\/mlaw.rs\/de\/wp-json\/wp\/v2\/media?parent=5585"}],"curies":[{"name":"wp","href":"https:\/\/api.w.org\/{rel}","templated":true}]}}