{"id":5587,"date":"2021-03-19T21:17:07","date_gmt":"2021-03-19T21:17:07","guid":{"rendered":"http:\/\/localhost:8888\/mlaw\/\/kontakt\/"},"modified":"2025-06-19T04:52:28","modified_gmt":"2025-06-19T04:52:28","slug":"kontakt-anwaltskanzlei-momcilovic","status":"publish","type":"page","link":"https:\/\/mlaw.rs\/de\/kontakt-anwaltskanzlei-momcilovic\/","title":{"rendered":"Kontakt Anwaltskanzlei Momcilovic Stankovic"},"content":{"rendered":"<p>[vc_row css=&#8220;.vc_custom_1616674226517{background-color: #155153 !important;}&#8220;][vc_column css=&#8220;.vc_custom_1616674269168{margin-top: 0px !important;margin-bottom: 0px !important;border-top-width: 0px !important;border-bottom-width: 0px !important;padding-top: 0px !important;padding-bottom: 0px !important;}&#8220;][vc_row_inner row_content_width=&#8220;grid&#8220; css=&#8220;.vc_custom_1616674393664{padding-top: 10px !important;padding-bottom: 10px !important;}&#8220;][vc_column_inner][vc_custom_heading source=&#8220;post_title&#8220; font_container=&#8220;tag:h1|text_align:center|color:%23ffffff&#8220; use_theme_fonts=&#8220;yes&#8220; css=&#8220;.vc_custom_1616674453770{border-top-width: 0px !important;border-bottom-width: 0px !important;padding-top: 0px !important;padding-bottom: 0px !important;}&#8220;][\/vc_column_inner][\/vc_row_inner][\/vc_column][\/vc_row][vc_row][vc_column][vc_empty_space height=&#8220;13px&#8220;][\/vc_column][\/vc_row][vc_row row_content_width=&#8220;grid&#8220;][vc_column offset=&#8220;vc_col-lg-6 vc_col-md-6 vc_col-xs-12&#8243;]<div class=\"mkdf-elements-holder   mkdf-one-column  mkdf-responsive-mode-768 \" ><div class=\"mkdf-eh-item contact-map    \"  data-item-class=\"mkdf-eh-custom-5337\">\n\t    <div class=\"mkdf-eh-item-inner\">\n\t\t<div class=\"mkdf-eh-item-content mkdf-eh-custom-5337\" style=\"padding: 22px 20px 0px 0px\">\n\t\t\t[vc_gmaps link=&#8220;#E-8_JTNDaWZyYW1lJTIwc3JjJTNEJTIyaHR0cHMlM0ElMkYlMkZ3d3cuZ29vZ2xlLmNvbSUyRm1hcHMlMkZlbWJlZCUzRnBiJTNEJTIxMW0xOCUyMTFtMTIlMjExbTMlMjExZDI4MzMuMTc4NDk3NzEwNjk1JTIxMmQyMC40NzQxODYwNzY2MDAyMzMlMjEzZDQ0Ljc1Njc3NDI4MDM1OTg1NiUyMTJtMyUyMTFmMCUyMTJmMCUyMTNmMCUyMTNtMiUyMTFpMTAyNCUyMTJpNzY4JTIxNGYxMy4xJTIxM20zJTIxMW0yJTIxMXMweDQ3NWE3MTA0NDA3ZWVkMWQlMjUzQTB4NjdlMWUzYTFhNmU4OTgwMyUyMTJ6Tnl3ZzBKX1FzTkdEMEwzUXZ0Q3kwTEFnTXpBc0lOQ1IwTFhRdnRDejBZRFFzTkMwSURFeE1ERXdMQ0RRb2RHQTBMSFF1TkdZMExBJTIxNWUwJTIxM20yJTIxMXNzciUyMTJzJTIxNHYxNzUwMDYxNzY4MjIzJTIxNW0yJTIxMXNzciUyMTJzJTIyJTIwd2lkdGglM0QlMjI2MDAlMjIlMjBoZWlnaHQlM0QlMjI0NTAlMjIlMjBzdHlsZSUzRCUyMmJvcmRlciUzQTAlM0IlMjIlMjBhbGxvd2Z1bGxzY3JlZW4lM0QlMjIlMjIlMjBsb2FkaW5nJTNEJTIybGF6eSUyMiUyMHJlZmVycmVycG9saWN5JTNEJTIybm8tcmVmZXJyZXItd2hlbi1kb3duZ3JhZGUlMjIlM0UlM0MlMkZpZnJhbWUlM0U=&#8220; el_class=&#8220;contact-map&#8220;][vc_empty_space height=&#8220;40px&#8220;]\t\t<\/div>\n\t<\/div>\n<\/div><\/div>[\/vc_column][vc_column offset=&#8220;vc_col-lg-6 vc_col-md-6 vc_col-xs-12&#8243;][vc_column_text]<\/p>\n<h1>Kontaktieren Sie Uns!<\/h1>\n<p>[\/vc_column_text][vc_column_text]<span style=\"color: #ffffff;\">Kontakt Anwaltskanzlei Momcilovic<\/span><\/p>\n<p>Sie k\u00f6nnen <a href=\"https:\/\/mlaw.rs\/\/de\/\">uns<\/a> auch gerne \u00fcber unser Kontaktformular kontaktieren: <a href=\"mailto:office@mlaw.rs\"><span style=\"color: #e5936b;\">office@mlaw.rs<\/span><\/a><\/p>\n<p>&nbsp;<\/p>\n<p><img loading=\"lazy\" decoding=\"async\" class=\" wp-image-6713 aligncenter\" src=\"https:\/\/mlaw.rs\/\/wp-content\/uploads\/2022\/05\/pawel-czerwinski-0xCCPIbl3M-unsplash-300x200.jpg\" alt=\"Anwaltskanzlei Momcilovic\" width=\"406\" height=\"270\" srcset=\"https:\/\/mlaw.rs\/wp-content\/uploads\/2022\/05\/pawel-czerwinski-0xCCPIbl3M-unsplash-300x200.jpg 300w, https:\/\/mlaw.rs\/wp-content\/uploads\/2022\/05\/pawel-czerwinski-0xCCPIbl3M-unsplash-1024x683.jpg 1024w, https:\/\/mlaw.rs\/wp-content\/uploads\/2022\/05\/pawel-czerwinski-0xCCPIbl3M-unsplash-768x512.jpg 768w, https:\/\/mlaw.rs\/wp-content\/uploads\/2022\/05\/pawel-czerwinski-0xCCPIbl3M-unsplash-1536x1024.jpg 1536w\" sizes=\"auto, (max-width: 406px) 100vw, 406px\" \/><\/p>\n<p>&nbsp;<\/p>\n<p>[\/vc_column_text][vc_empty_space height=&#8220;34px&#8220;]\n<div class=\"wpcf7 no-js\" id=\"wpcf7-f5608-o1\" lang=\"en-US\" dir=\"ltr\" data-wpcf7-id=\"5608\">\n<div class=\"screen-reader-response\"><p role=\"status\" aria-live=\"polite\" aria-atomic=\"true\"><\/p> <ul><\/ul><\/div>\n<form action=\"\/de\/wp-json\/wp\/v2\/pages\/5587#wpcf7-f5608-o1\" method=\"post\" class=\"wpcf7-form init cf7_custom_style_2\" aria-label=\"Contact form\" novalidate=\"novalidate\" data-status=\"init\">\n<fieldset class=\"hidden-fields-container\"><input type=\"hidden\" name=\"_wpcf7\" value=\"5608\" \/><input type=\"hidden\" name=\"_wpcf7_version\" value=\"6.1.5\" \/><input type=\"hidden\" name=\"_wpcf7_locale\" value=\"en_US\" \/><input type=\"hidden\" name=\"_wpcf7_unit_tag\" value=\"wpcf7-f5608-o1\" \/><input type=\"hidden\" name=\"_wpcf7_container_post\" value=\"0\" \/><input type=\"hidden\" name=\"_wpcf7_posted_data_hash\" value=\"\" \/>\n<\/fieldset>\n<div class=\"mkdf-grid-row mkdf-grid-tiny-gutter\">\n\t<div class=\"mkdf-grid-col-6\">\n\t\t<p><span class=\"wpcf7-form-control-wrap\" data-name=\"your-name\"><input size=\"40\" maxlength=\"400\" class=\"wpcf7-form-control wpcf7-text wpcf7-validates-as-required\" aria-required=\"true\" aria-invalid=\"false\" placeholder=\"Ihr Name\" value=\"\" type=\"text\" name=\"your-name\" \/><\/span>\n\t\t<\/p>\n\t<\/div>\n\t<div class=\"mkdf-grid-col-6\">\n\t\t<p><span class=\"wpcf7-form-control-wrap\" data-name=\"your-phone\"><input size=\"40\" maxlength=\"400\" class=\"wpcf7-form-control wpcf7-text wpcf7-validates-as-required\" aria-required=\"true\" aria-invalid=\"false\" placeholder=\"Ihre Telefonnummer\" value=\"\" type=\"text\" name=\"your-phone\" \/><\/span>\n\t\t<\/p>\n\t<\/div>\n\t<div class=\"mkdf-grid-col-12\">\n\t\t<p><span class=\"wpcf7-form-control-wrap\" data-name=\"your-email\"><input size=\"40\" maxlength=\"400\" class=\"wpcf7-form-control wpcf7-email wpcf7-validates-as-required wpcf7-text wpcf7-validates-as-email\" aria-required=\"true\" aria-invalid=\"false\" placeholder=\"Ihre E-Mail Adresse\" value=\"\" type=\"email\" name=\"your-email\" \/><\/span>\n\t\t<\/p>\n\t<\/div>\n<\/div>\n<p><span class=\"wpcf7-form-control-wrap\" data-name=\"your-message\"><textarea cols=\"40\" rows=\"10\" maxlength=\"2000\" class=\"wpcf7-form-control wpcf7-textarea\" aria-invalid=\"false\" placeholder=\"Ihre Nachricht...\" name=\"your-message\"><\/textarea><\/span>\n<\/p>\n<p><input class=\"wpcf7-form-control wpcf7-submit has-spinner\" type=\"submit\" value=\"Senden\" \/>\n<\/p><div class=\"wpcf7-response-output\" aria-hidden=\"true\"><\/div>\n<\/form>\n<\/div>\n[vc_empty_space height=&#8220;50px&#8220;][\/vc_column][\/vc_row][vc_row css=&#8220;.vc_custom_1620719113241{padding-top: 0px !important;padding-bottom: 0px !important;}&#8220;][vc_column][vc_text_separator title=&#8220;&#8220; i_icon_fontawesome=&#8220;fas fa-gavel&#8220; i_color=&#8220;chino&#8220; i_size=&#8220;sm&#8220; color=&#8220;chino&#8220; border_width=&#8220;3&#8243; add_icon=&#8220;true&#8220;][\/vc_column][\/vc_row][vc_row row_content_width=&#8220;grid&#8220; css=&#8220;.vc_custom_1620719201461{padding-top: 20px !important;padding-bottom: 30px !important;}&#8220;][vc_column width=&#8220;1\/3&#8243; offset=&#8220;vc_col-xs-12&#8243; css=&#8220;.vc_custom_1620564571622{margin-top: 15px !important;margin-bottom: 15px !important;}&#8220;][vc_icon icon_fontawesome=&#8220;fas fa-globe&#8220; color=&#8220;custom&#8220; size=&#8220;lg&#8220; align=&#8220;center&#8220; custom_color=&#8220;#e5936b&#8220; el_class=&#8220;icon-margin&#8220;][vc_column_text el_class=&#8220;contact-info-links&#8220;]<\/p>\n<p style=\"text-align: center;\"><a href=\"https:\/\/goo.gl\/maps\/wjk8xVrTPkx8KUkB8\">Paunova 30\/7<br \/>\n11042 Beograd<\/a><\/p>\n<p>[\/vc_column_text][\/vc_column][vc_column width=&#8220;1\/3&#8243; offset=&#8220;vc_col-xs-12&#8243; css=&#8220;.vc_custom_1620564579509{margin-top: 15px !important;margin-bottom: 15px !important;}&#8220;][vc_icon icon_fontawesome=&#8220;fas fa-envelope&#8220; color=&#8220;custom&#8220; size=&#8220;lg&#8220; align=&#8220;center&#8220; custom_color=&#8220;#e5936b&#8220; el_class=&#8220;icon-margin&#8220;][vc_column_text el_class=&#8220;contact-info-links&#8220;]<\/p>\n<p style=\"text-align: center;\"><a href=\"mailto:office@mlaw.rs\">office@mlaw.rs<\/a><\/p>\n<p>[\/vc_column_text][\/vc_column][vc_column width=&#8220;1\/3&#8243; offset=&#8220;vc_col-xs-12&#8243; css=&#8220;.vc_custom_1620564593962{margin-top: 15px !important;margin-bottom: 15px !important;}&#8220;][vc_icon icon_fontawesome=&#8220;fas fa-phone-alt&#8220; color=&#8220;custom&#8220; size=&#8220;lg&#8220; align=&#8220;center&#8220; custom_color=&#8220;#e5936b&#8220; el_class=&#8220;icon-margin&#8220;][vc_column_text el_class=&#8220;contact-info-links&#8220;]<\/p>\n<p style=\"text-align: center;\"><a href=\"tel:+381 62 334 504\">+381 62 334 504<\/a><\/p>\n<p>[\/vc_column_text][\/vc_column][\/vc_row][vc_row][vc_column][vc_empty_space height=&#8220;22px&#8220;][\/vc_column][\/vc_row]<\/p>\n","protected":false},"excerpt":{"rendered":"<p>[vc_row css=&#8220;.vc_custom_1616674226517{background-color: #155153 !important;}&#8220;][vc_column css=&#8220;.vc_custom_1616674269168{margin-top: 0px !important;margin-bottom: 0px !important;border-top-width: 0px !important;border-bottom-width: 0px !important;padding-top: 0px !important;padding-bottom: 0px !important;}&#8220;][vc_row_inner row_content_width=&#8220;grid&#8220; css=&#8220;.vc_custom_1616674393664{padding-top: 10px !important;padding-bottom: 10px !important;}&#8220;][vc_column_inner][vc_custom_heading source=&#8220;post_title&#8220; font_container=&#8220;tag:h1|text_align:center|color:%23ffffff&#8220; use_theme_fonts=&#8220;yes&#8220; css=&#8220;.vc_custom_1616674453770{border-top-width: 0px !important;border-bottom-width: 0px !important;padding-top: 0px !important;padding-bottom: 0px !important;}&#8220;][\/vc_column_inner][\/vc_row_inner][\/vc_column][\/vc_row][vc_row][vc_column][vc_empty_space height=&#8220;13px&#8220;][\/vc_column][\/vc_row][vc_row row_content_width=&#8220;grid&#8220;][vc_column offset=&#8220;vc_col-lg-6 vc_col-md-6 vc_col-xs-12&#8243;][\/vc_column][vc_column offset=&#8220;vc_col-lg-6 vc_col-md-6 vc_col-xs-12&#8243;][vc_column_text] Kontaktieren Sie Uns! [\/vc_column_text][vc_column_text]Kontakt Anwaltskanzlei Momcilovic Sie [&hellip;]<\/p>\n","protected":false},"author":1,"featured_media":0,"parent":0,"menu_order":0,"comment_status":"closed","ping_status":"closed","template":"full-width.php","meta":{"inline_featured_image":false,"footnotes":""},"class_list":["post-5587","page","type-page","status-publish","hentry"],"acf":[],"yoast_head":"<!-- This site is optimized with the Yoast SEO plugin v27.5 - https:\/\/yoast.com\/product\/yoast-seo-wordpress\/ -->\n<title>Kontakt Anwaltskanzlei Momcilovic Stankovic - Anwaltskanzlei Momcilovic<\/title>\n<meta name=\"description\" content=\"Kontakt; E-Mail: office@mlaw.rs; Tel.: +381 62 334 504; Post: Paunova 30\/7, 11010 Belgrad\" \/>\n<meta name=\"robots\" content=\"index, follow, max-snippet:-1, max-image-preview:large, max-video-preview:-1\" \/>\n<link rel=\"canonical\" href=\"https:\/\/mlaw.rs\/de\/kontakt-anwaltskanzlei-momcilovic\/\" \/>\n<meta property=\"og:locale\" content=\"de_DE\" \/>\n<meta property=\"og:type\" content=\"article\" \/>\n<meta property=\"og:title\" content=\"Kontakt Anwaltskanzlei Momcilovic Stankovic - Anwaltskanzlei Momcilovic\" \/>\n<meta property=\"og:description\" content=\"Kontakt; E-Mail: office@mlaw.rs; Tel.: +381 62 334 504; Post: Paunova 30\/7, 11010 Belgrad\" \/>\n<meta property=\"og:url\" content=\"https:\/\/mlaw.rs\/de\/kontakt-anwaltskanzlei-momcilovic\/\" \/>\n<meta property=\"og:site_name\" content=\"Advokatska kancelarija Mom\u010dilovi\u0107 Stankovi\u0107\" \/>\n<meta property=\"article:publisher\" content=\"https:\/\/www.facebook.com\/MomcilovicStankovic\" \/>\n<meta property=\"article:modified_time\" content=\"2025-06-19T04:52:28+00:00\" \/>\n<meta property=\"og:image\" content=\"https:\/\/mlaw.rs\/wp-content\/uploads\/2022\/05\/pawel-czerwinski-0xCCPIbl3M-unsplash-scaled.jpg\" \/>\n\t<meta property=\"og:image:width\" content=\"2560\" \/>\n\t<meta property=\"og:image:height\" content=\"1707\" \/>\n\t<meta property=\"og:image:type\" content=\"image\/jpeg\" \/>\n<meta name=\"twitter:card\" content=\"summary_large_image\" \/>\n<meta name=\"twitter:label1\" content=\"Gesch\u00e4tzte Lesezeit\" \/>\n\t<meta name=\"twitter:data1\" content=\"2\u00a0Minuten\" \/>\n<script type=\"application\/ld+json\" class=\"yoast-schema-graph\">{\"@context\":\"https:\\\/\\\/schema.org\",\"@graph\":[{\"@type\":\"WebPage\",\"@id\":\"https:\\\/\\\/mlaw.rs\\\/de\\\/kontakt-anwaltskanzlei-momcilovic\\\/\",\"url\":\"https:\\\/\\\/mlaw.rs\\\/de\\\/kontakt-anwaltskanzlei-momcilovic\\\/\",\"name\":\"Kontakt Anwaltskanzlei Momcilovic Stankovic - Anwaltskanzlei Momcilovic\",\"isPartOf\":{\"@id\":\"https:\\\/\\\/mlaw.rs\\\/#website\"},\"primaryImageOfPage\":{\"@id\":\"https:\\\/\\\/mlaw.rs\\\/de\\\/kontakt-anwaltskanzlei-momcilovic\\\/#primaryimage\"},\"image\":{\"@id\":\"https:\\\/\\\/mlaw.rs\\\/de\\\/kontakt-anwaltskanzlei-momcilovic\\\/#primaryimage\"},\"thumbnailUrl\":\"https:\\\/\\\/mlaw.rs\\\/\\\/wp-content\\\/uploads\\\/2022\\\/05\\\/pawel-czerwinski-0xCCPIbl3M-unsplash-300x200.jpg\",\"datePublished\":\"2021-03-19T21:17:07+00:00\",\"dateModified\":\"2025-06-19T04:52:28+00:00\",\"description\":\"Kontakt; E-Mail: office@mlaw.rs; Tel.: +381 62 334 504; Post: Paunova 30\\\/7, 11010 Belgrad\",\"breadcrumb\":{\"@id\":\"https:\\\/\\\/mlaw.rs\\\/de\\\/kontakt-anwaltskanzlei-momcilovic\\\/#breadcrumb\"},\"inLanguage\":\"de\",\"potentialAction\":[{\"@type\":\"ReadAction\",\"target\":[\"https:\\\/\\\/mlaw.rs\\\/de\\\/kontakt-anwaltskanzlei-momcilovic\\\/\"]}]},{\"@type\":\"ImageObject\",\"inLanguage\":\"de\",\"@id\":\"https:\\\/\\\/mlaw.rs\\\/de\\\/kontakt-anwaltskanzlei-momcilovic\\\/#primaryimage\",\"url\":\"https:\\\/\\\/mlaw.rs\\\/\\\/wp-content\\\/uploads\\\/2022\\\/05\\\/pawel-czerwinski-0xCCPIbl3M-unsplash-300x200.jpg\",\"contentUrl\":\"https:\\\/\\\/mlaw.rs\\\/\\\/wp-content\\\/uploads\\\/2022\\\/05\\\/pawel-czerwinski-0xCCPIbl3M-unsplash-300x200.jpg\"},{\"@type\":\"BreadcrumbList\",\"@id\":\"https:\\\/\\\/mlaw.rs\\\/de\\\/kontakt-anwaltskanzlei-momcilovic\\\/#breadcrumb\",\"itemListElement\":[{\"@type\":\"ListItem\",\"position\":1,\"name\":\"\u041f\u043e\u0447\u0435\u0442\u043d\u0430\",\"item\":\"https:\\\/\\\/mlaw.rs\\\/de\\\/\"},{\"@type\":\"ListItem\",\"position\":2,\"name\":\"Kontakt Anwaltskanzlei Momcilovic Stankovic\"}]},{\"@type\":\"WebSite\",\"@id\":\"https:\\\/\\\/mlaw.rs\\\/#website\",\"url\":\"https:\\\/\\\/mlaw.rs\\\/\",\"name\":\"Advokatska kancelarija Mom\u010dilovi\u0107 Stankovi\u0107\",\"description\":\"Advokatska kancelarija Mom\u010dilovi\u0107 Stankovi\u0107\",\"publisher\":{\"@id\":\"https:\\\/\\\/mlaw.rs\\\/#organization\"},\"potentialAction\":[{\"@type\":\"SearchAction\",\"target\":{\"@type\":\"EntryPoint\",\"urlTemplate\":\"https:\\\/\\\/mlaw.rs\\\/?s={search_term_string}\"},\"query-input\":{\"@type\":\"PropertyValueSpecification\",\"valueRequired\":true,\"valueName\":\"search_term_string\"}}],\"inLanguage\":\"de\"},{\"@type\":\"Organization\",\"@id\":\"https:\\\/\\\/mlaw.rs\\\/#organization\",\"name\":\"Advokatska kancelarija Mom\u010dilovi\u0107 Stankovi\u0107\",\"url\":\"https:\\\/\\\/mlaw.rs\\\/\",\"logo\":{\"@type\":\"ImageObject\",\"inLanguage\":\"de\",\"@id\":\"https:\\\/\\\/mlaw.rs\\\/#\\\/schema\\\/logo\\\/image\\\/\",\"url\":\"https:\\\/\\\/mlaw.rs\\\/wp-content\\\/uploads\\\/2024\\\/01\\\/cropped-Screenshot-2024-01-06-at-12.41.19.png\",\"contentUrl\":\"https:\\\/\\\/mlaw.rs\\\/wp-content\\\/uploads\\\/2024\\\/01\\\/cropped-Screenshot-2024-01-06-at-12.41.19.png\",\"width\":512,\"height\":512,\"caption\":\"Advokatska kancelarija Mom\u010dilovi\u0107 Stankovi\u0107\"},\"image\":{\"@id\":\"https:\\\/\\\/mlaw.rs\\\/#\\\/schema\\\/logo\\\/image\\\/\"},\"sameAs\":[\"https:\\\/\\\/www.facebook.com\\\/MomcilovicStankovic\",\"https:\\\/\\\/www.linkedin.com\\\/company\\\/advokatska-kancelarija-mom\u010dilovi\u0107\"]}]}<\/script>\n<!-- \/ Yoast SEO plugin. -->","yoast_head_json":{"title":"Kontakt Anwaltskanzlei Momcilovic Stankovic - Anwaltskanzlei Momcilovic","description":"Kontakt; E-Mail: office@mlaw.rs; Tel.: +381 62 334 504; Post: Paunova 30\/7, 11010 Belgrad","robots":{"index":"index","follow":"follow","max-snippet":"max-snippet:-1","max-image-preview":"max-image-preview:large","max-video-preview":"max-video-preview:-1"},"canonical":"https:\/\/mlaw.rs\/de\/kontakt-anwaltskanzlei-momcilovic\/","og_locale":"de_DE","og_type":"article","og_title":"Kontakt Anwaltskanzlei Momcilovic Stankovic - Anwaltskanzlei Momcilovic","og_description":"Kontakt; E-Mail: office@mlaw.rs; Tel.: +381 62 334 504; Post: Paunova 30\/7, 11010 Belgrad","og_url":"https:\/\/mlaw.rs\/de\/kontakt-anwaltskanzlei-momcilovic\/","og_site_name":"Advokatska kancelarija Mom\u010dilovi\u0107 Stankovi\u0107","article_publisher":"https:\/\/www.facebook.com\/MomcilovicStankovic","article_modified_time":"2025-06-19T04:52:28+00:00","og_image":[{"width":2560,"height":1707,"url":"https:\/\/mlaw.rs\/wp-content\/uploads\/2022\/05\/pawel-czerwinski-0xCCPIbl3M-unsplash-scaled.jpg","type":"image\/jpeg"}],"twitter_card":"summary_large_image","twitter_misc":{"Gesch\u00e4tzte Lesezeit":"2\u00a0Minuten"},"schema":{"@context":"https:\/\/schema.org","@graph":[{"@type":"WebPage","@id":"https:\/\/mlaw.rs\/de\/kontakt-anwaltskanzlei-momcilovic\/","url":"https:\/\/mlaw.rs\/de\/kontakt-anwaltskanzlei-momcilovic\/","name":"Kontakt Anwaltskanzlei Momcilovic Stankovic - Anwaltskanzlei Momcilovic","isPartOf":{"@id":"https:\/\/mlaw.rs\/#website"},"primaryImageOfPage":{"@id":"https:\/\/mlaw.rs\/de\/kontakt-anwaltskanzlei-momcilovic\/#primaryimage"},"image":{"@id":"https:\/\/mlaw.rs\/de\/kontakt-anwaltskanzlei-momcilovic\/#primaryimage"},"thumbnailUrl":"https:\/\/mlaw.rs\/\/wp-content\/uploads\/2022\/05\/pawel-czerwinski-0xCCPIbl3M-unsplash-300x200.jpg","datePublished":"2021-03-19T21:17:07+00:00","dateModified":"2025-06-19T04:52:28+00:00","description":"Kontakt; E-Mail: office@mlaw.rs; Tel.: +381 62 334 504; Post: Paunova 30\/7, 11010 Belgrad","breadcrumb":{"@id":"https:\/\/mlaw.rs\/de\/kontakt-anwaltskanzlei-momcilovic\/#breadcrumb"},"inLanguage":"de","potentialAction":[{"@type":"ReadAction","target":["https:\/\/mlaw.rs\/de\/kontakt-anwaltskanzlei-momcilovic\/"]}]},{"@type":"ImageObject","inLanguage":"de","@id":"https:\/\/mlaw.rs\/de\/kontakt-anwaltskanzlei-momcilovic\/#primaryimage","url":"https:\/\/mlaw.rs\/\/wp-content\/uploads\/2022\/05\/pawel-czerwinski-0xCCPIbl3M-unsplash-300x200.jpg","contentUrl":"https:\/\/mlaw.rs\/\/wp-content\/uploads\/2022\/05\/pawel-czerwinski-0xCCPIbl3M-unsplash-300x200.jpg"},{"@type":"BreadcrumbList","@id":"https:\/\/mlaw.rs\/de\/kontakt-anwaltskanzlei-momcilovic\/#breadcrumb","itemListElement":[{"@type":"ListItem","position":1,"name":"\u041f\u043e\u0447\u0435\u0442\u043d\u0430","item":"https:\/\/mlaw.rs\/de\/"},{"@type":"ListItem","position":2,"name":"Kontakt Anwaltskanzlei Momcilovic Stankovic"}]},{"@type":"WebSite","@id":"https:\/\/mlaw.rs\/#website","url":"https:\/\/mlaw.rs\/","name":"Advokatska kancelarija Mom\u010dilovi\u0107 Stankovi\u0107","description":"Advokatska kancelarija Mom\u010dilovi\u0107 Stankovi\u0107","publisher":{"@id":"https:\/\/mlaw.rs\/#organization"},"potentialAction":[{"@type":"SearchAction","target":{"@type":"EntryPoint","urlTemplate":"https:\/\/mlaw.rs\/?s={search_term_string}"},"query-input":{"@type":"PropertyValueSpecification","valueRequired":true,"valueName":"search_term_string"}}],"inLanguage":"de"},{"@type":"Organization","@id":"https:\/\/mlaw.rs\/#organization","name":"Advokatska kancelarija Mom\u010dilovi\u0107 Stankovi\u0107","url":"https:\/\/mlaw.rs\/","logo":{"@type":"ImageObject","inLanguage":"de","@id":"https:\/\/mlaw.rs\/#\/schema\/logo\/image\/","url":"https:\/\/mlaw.rs\/wp-content\/uploads\/2024\/01\/cropped-Screenshot-2024-01-06-at-12.41.19.png","contentUrl":"https:\/\/mlaw.rs\/wp-content\/uploads\/2024\/01\/cropped-Screenshot-2024-01-06-at-12.41.19.png","width":512,"height":512,"caption":"Advokatska kancelarija Mom\u010dilovi\u0107 Stankovi\u0107"},"image":{"@id":"https:\/\/mlaw.rs\/#\/schema\/logo\/image\/"},"sameAs":["https:\/\/www.facebook.com\/MomcilovicStankovic","https:\/\/www.linkedin.com\/company\/advokatska-kancelarija-mom\u010dilovi\u0107"]}]}},"_links":{"self":[{"href":"https:\/\/mlaw.rs\/de\/wp-json\/wp\/v2\/pages\/5587","targetHints":{"allow":["GET"]}}],"collection":[{"href":"https:\/\/mlaw.rs\/de\/wp-json\/wp\/v2\/pages"}],"about":[{"href":"https:\/\/mlaw.rs\/de\/wp-json\/wp\/v2\/types\/page"}],"author":[{"embeddable":true,"href":"https:\/\/mlaw.rs\/de\/wp-json\/wp\/v2\/users\/1"}],"replies":[{"embeddable":true,"href":"https:\/\/mlaw.rs\/de\/wp-json\/wp\/v2\/comments?post=5587"}],"version-history":[{"count":11,"href":"https:\/\/mlaw.rs\/de\/wp-json\/wp\/v2\/pages\/5587\/revisions"}],"predecessor-version":[{"id":9889,"href":"https:\/\/mlaw.rs\/de\/wp-json\/wp\/v2\/pages\/5587\/revisions\/9889"}],"wp:attachment":[{"href":"https:\/\/mlaw.rs\/de\/wp-json\/wp\/v2\/media?parent=5587"}],"curies":[{"name":"wp","href":"https:\/\/api.w.org\/{rel}","templated":true}]}}