{"id":5956,"date":"2021-07-22T09:19:16","date_gmt":"2021-07-22T09:19:16","guid":{"rendered":"http:\/\/localhost:8888\/mlaw\/\/?page_id=5956"},"modified":"2021-08-20T06:45:01","modified_gmt":"2021-08-20T06:45:01","slug":"uslovi-koriscenja","status":"publish","type":"page","link":"https:\/\/mlaw.rs\/en\/uslovi-koriscenja\/","title":{"rendered":"Terms of Use"},"content":{"rendered":"<p>[vc_row css=&#8221;.vc_custom_1616675169397{padding-top: 0px !important;padding-bottom: 0px !important;background-color: #155153 !important;}&#8221;][vc_column css=&#8221;.vc_custom_1616747666944{margin-top: 0px !important;margin-bottom: 0px !important;border-top-width: 0px !important;border-bottom-width: 0px !important;padding-top: 10px !important;padding-bottom: 10px !important;}&#8221;][vc_row_inner row_content_width=&#8221;grid&#8221; css=&#8221;.vc_custom_1616747683885{padding-top: 0px !important;padding-bottom: 0px !important;}&#8221;][vc_column_inner][vc_custom_heading source=&#8221;post_title&#8221; font_container=&#8221;tag:h1|text_align:center|color:%23ffffff&#8221; use_theme_fonts=&#8221;yes&#8221;][\/vc_column_inner][\/vc_row_inner][\/vc_column][\/vc_row][vc_row][vc_column][vc_empty_space height=&#8221;20px&#8221; el_id=&#8221;gd-emp-sp&#8221;][\/vc_column][\/vc_row][vc_row row_content_width=&#8221;grid&#8221;][vc_column][vc_column_text]<strong>Effective as of 01.06.2021.<\/strong><\/p>\n<p>Welcome to <a href=\"http:\/\/www.mlaw.rs\">www.mlaw.rs<\/a><\/p>\n<p>This Website is in the ownership of Law Office Momcilovic, Belgrade.<\/p>\n<p>The purpose of our Website is to give information about Law Office Momcilovic and its attorneys as legal services providers. Nothing in the content of our Website is created with the aim to solicit clients or advertise services and should not be construed as such. Law Office Momcilovic welcome queries and, upon email request, may exercise its discretion to supply a list of clients and projects we have been involved in.<\/p>\n<p>These Terms of Use along with our Privacy Policy constitute Agreement that applies to you.<\/p>\n<p>By accessing or using the Website located at www.mlaw.rs you are legally bound by this Agreement.<\/p>\n<p>If you find anything in this text that you do not agree with, please stop using this Website immediately.<\/p>\n<h2>1. Amendments<\/h2>\n<p>We may update these Terms of Use and Privacy Policy at any time. Any changes shall enter into force upon being published on our Website. You are cautioned to review these Terms of Use and our Privacy Policy posted on our Website periodically since the current version is legally binding on you.<\/p>\n<p>Your continued access or use of our Website after any such changes are posted will constitute your acceptance of these changes.<\/p>\n<h2>2. Links to Third-Party Sites<\/h2>\n<p>Certain parts of our Website may contain links to Third-Party Websites. Each of these Websites may have their own Terms of Use and their own Privacy Policy, which may differ significantly from the one applicable to our Website. We have no control over such Websites and shall not carry any responsibility neither for the availability of those Websites nor for the Terms of Use and Privacy Policy that applies to their visitors and users.<\/p>\n<p>Should we enable access to data from another service provider through linking, we do not carry responsibility for such information.<\/p>\n<p>Placing links to Third-Party Websites on our Website does not in any way imply that we recommend or approve services or products offered through such Websites.<\/p>\n<h2>3. Intellectual Property Rights<\/h2>\n<p>Unless otherwise indicated in these Terms of Use or Privacy Policy, all of the materials located at www.mlaw.rs (including but not limited to blog and news posts) are protected by Intellectual Property Rights of us.<\/p>\n<p>Any unauthorized use of any of the materials at our Website and\/or any part of it without the permission of the owner of Intellectual Property Rights shall be deemed an infringement of Intellectual Property Rights. We shall take all legal remedies to protect its Intellectual Property Rights immediately upon the knowledge of any unauthorized use.<\/p>\n<p>Any copying of the material on our Website or downloading materials in part or in whole is permitted only by written consent from us.<\/p>\n<p>We also reserve all Intellectual Property Rights not expressly granted in these Terms of Use and Privacy Policy.<\/p>\n<p>However, materials on our Website can be shared on social media via our Website provided that the source is visible, as well as visitors to the Website may download the content for the sole purpose of accessing the information contained on our Website.<\/p>\n<h2>4. Using our name and logo<\/h2>\n<p>You may not use our name, logos or trade names except in accordance with these Terms of Use and our Privacy Policy.<\/p>\n<h2>5. Variations<\/h2>\n<p>We reserve the right to update our Website from time to time. We may change the content, discontinue or withdraw any part of our Website. As a consequence, there may be times when our Website is unavailable for use.<\/p>\n<h2>6. Events Beyond Our Control<\/h2>\n<p>We shall have no liability to you for any breach of these Terms of Use caused by any event or circumstance beyond our reasonable control.<\/p>\n<h2>7. Limitation of Liability<\/h2>\n<p>The information on our Website, such as materials, including but not limited to blog and news posts are provided free of charge for information purposes only.<\/p>\n<p>Although the information provided on our Website is supplied in good faith and with efforts to ensure the accuracy, they are not intended to constitute legal or any other professional advice.<\/p>\n<p>We are not responsible and shall not be liable for any loss or damage arising under or in connection with the use of any information, material and\/or opinion held on our Website, including but not limited to:<\/p>\n<p>\u2022 any loss or damage, not caused by any breach on our part,<br \/>\n\u2022 business losses,<br \/>\n\u2022 loss of profits; loss of data; loss in production; loss of commercial or business opportunity; saving or discount,<br \/>\n\u2022 indirect, consequential or special losses or damages, including any losses or damages that were foreseeable when these Terms of Use were formed,<br \/>\n\u2022 any loss or damage caused to your computer programs, platform or data arising in connection with your use of our Website.<\/p>\n<h2>8. Severability<\/h2>\n<p>If any provision of this Agreement is found to be invalid by any court having competent jurisdiction, the invalidity of such provision shall not affect the validity of the remaining provisions of this Agreement, which shall remain in full force and effect.<\/p>\n<h2>9. Dispute Resolution<\/h2>\n<p>Any dispute arising out of this Agreement shall be settled by the competent court in Belgrade, Serbia.<\/p>\n<h2>11. Entire Agreement<\/h2>\n<p>This Agreement (as amended from time to time) constitutes the entire Agreement between you and us relating to the subject matter hereof and supersedes all prior Agreements and understandings between you and us with respect to that subject matter.<\/p>\n<h2>12. Contact Us<\/h2>\n<p>Requests for information on specific legal matters should be addressed to one of our attorneys listed in the section \u201cOUR TEAM\u201c. Any liability whatsoever arising as a result or in connection with the use of the information or the links contained on our Website is excluded.<\/p>\n<p>If you have any questions about our Website, please contact us at office@mlaw.rs[\/vc_column_text][\/vc_column][\/vc_row][vc_row][vc_column][vc_empty_space height=&#8221;70px&#8221;][\/vc_column][\/vc_row]<\/p>\n","protected":false},"excerpt":{"rendered":"<p>[vc_row css=&#8221;.vc_custom_1616675169397{padding-top: 0px !important;padding-bottom: 0px !important;background-color: #155153 !important;}&#8221;][vc_column css=&#8221;.vc_custom_1616747666944{margin-top: 0px !important;margin-bottom: 0px !important;border-top-width: 0px !important;border-bottom-width: 0px !important;padding-top: 10px !important;padding-bottom: 10px !important;}&#8221;][vc_row_inner row_content_width=&#8221;grid&#8221; css=&#8221;.vc_custom_1616747683885{padding-top: 0px !important;padding-bottom: 0px !important;}&#8221;][vc_column_inner][vc_custom_heading source=&#8221;post_title&#8221; font_container=&#8221;tag:h1|text_align:center|color:%23ffffff&#8221; use_theme_fonts=&#8221;yes&#8221;][\/vc_column_inner][\/vc_row_inner][\/vc_column][\/vc_row][vc_row][vc_column][vc_empty_space height=&#8221;20px&#8221; el_id=&#8221;gd-emp-sp&#8221;][\/vc_column][\/vc_row][vc_row row_content_width=&#8221;grid&#8221;][vc_column][vc_column_text]Effective as of 01.06.2021. Welcome to www.mlaw.rs This Website is in the ownership of Law Office Momcilovic, Belgrade. [&hellip;]<\/p>\n","protected":false},"author":1,"featured_media":0,"parent":0,"menu_order":0,"comment_status":"closed","ping_status":"closed","template":"full-width.php","meta":{"inline_featured_image":false,"footnotes":""},"class_list":["post-5956","page","type-page","status-publish","hentry"],"acf":[],"yoast_head":"<!-- This site is optimized with the Yoast SEO plugin v27.4 - https:\/\/yoast.com\/product\/yoast-seo-wordpress\/ -->\n<title>Terms of Use - Advokatska kancelarija Mom\u010dilovi\u0107 Stankovi\u0107<\/title>\n<meta name=\"description\" content=\"Welcome to www.mlaw.rs. This Website is in the ownership of Law Office Momcilovic- M.Law, Belgrade. The purpose of our Website is to give information about Law Office Momcilovic- M.Law and its attorneys as legal services providers.\" \/>\n<meta name=\"robots\" content=\"index, follow, max-snippet:-1, max-image-preview:large, max-video-preview:-1\" \/>\n<link rel=\"canonical\" href=\"https:\/\/mlaw.rs\/uslovi-koriscenja\/\" \/>\n<meta property=\"og:locale\" content=\"en_US\" \/>\n<meta property=\"og:type\" content=\"article\" \/>\n<meta property=\"og:title\" content=\"Terms of Use - Advokatska kancelarija Mom\u010dilovi\u0107 Stankovi\u0107\" \/>\n<meta property=\"og:description\" content=\"Welcome to www.mlaw.rs. This Website is in the ownership of Law Office Momcilovic- M.Law, Belgrade. The purpose of our Website is to give information about Law Office Momcilovic- M.Law and its attorneys as legal services providers.\" \/>\n<meta property=\"og:url\" content=\"https:\/\/mlaw.rs\/uslovi-koriscenja\/\" \/>\n<meta property=\"og:site_name\" content=\"Advokatska kancelarija Mom\u010dilovi\u0107 Stankovi\u0107\" \/>\n<meta property=\"article:publisher\" content=\"https:\/\/www.facebook.com\/MomcilovicStankovic\" \/>\n<meta property=\"article:modified_time\" content=\"2021-08-20T06:45:01+00:00\" \/>\n<meta property=\"og:image\" content=\"https:\/\/mlaw.rs\/wp-content\/uploads\/2021\/05\/preloader-min.png\" \/>\n\t<meta property=\"og:image:width\" content=\"430\" \/>\n\t<meta property=\"og:image:height\" content=\"156\" \/>\n\t<meta property=\"og:image:type\" content=\"image\/png\" \/>\n<meta name=\"twitter:card\" content=\"summary_large_image\" \/>\n<meta name=\"twitter:label1\" content=\"Est. reading time\" \/>\n\t<meta name=\"twitter:data1\" content=\"5 minutes\" \/>\n<script type=\"application\/ld+json\" class=\"yoast-schema-graph\">{\"@context\":\"https:\\\/\\\/schema.org\",\"@graph\":[{\"@type\":\"WebPage\",\"@id\":\"https:\\\/\\\/mlaw.rs\\\/uslovi-koriscenja\\\/\",\"url\":\"https:\\\/\\\/mlaw.rs\\\/uslovi-koriscenja\\\/\",\"name\":\"Terms of Use - Advokatska kancelarija Mom\u010dilovi\u0107 Stankovi\u0107\",\"isPartOf\":{\"@id\":\"https:\\\/\\\/mlaw.rs\\\/#website\"},\"datePublished\":\"2021-07-22T09:19:16+00:00\",\"dateModified\":\"2021-08-20T06:45:01+00:00\",\"description\":\"Welcome to www.mlaw.rs. This Website is in the ownership of Law Office Momcilovic- M.Law, Belgrade. The purpose of our Website is to give information about Law Office Momcilovic- M.Law and its attorneys as legal services providers.\",\"breadcrumb\":{\"@id\":\"https:\\\/\\\/mlaw.rs\\\/uslovi-koriscenja\\\/#breadcrumb\"},\"inLanguage\":\"en-US\",\"potentialAction\":[{\"@type\":\"ReadAction\",\"target\":[\"https:\\\/\\\/mlaw.rs\\\/uslovi-koriscenja\\\/\"]}]},{\"@type\":\"BreadcrumbList\",\"@id\":\"https:\\\/\\\/mlaw.rs\\\/uslovi-koriscenja\\\/#breadcrumb\",\"itemListElement\":[{\"@type\":\"ListItem\",\"position\":1,\"name\":\"\u041f\u043e\u0447\u0435\u0442\u043d\u0430\",\"item\":\"https:\\\/\\\/mlaw.rs\\\/en\\\/\"},{\"@type\":\"ListItem\",\"position\":2,\"name\":\"Terms of Use\"}]},{\"@type\":\"WebSite\",\"@id\":\"https:\\\/\\\/mlaw.rs\\\/#website\",\"url\":\"https:\\\/\\\/mlaw.rs\\\/\",\"name\":\"Advokatska kancelarija Mom\u010dilovi\u0107 Stankovi\u0107\",\"description\":\"Advokatska kancelarija Mom\u010dilovi\u0107 Stankovi\u0107\",\"publisher\":{\"@id\":\"https:\\\/\\\/mlaw.rs\\\/#organization\"},\"potentialAction\":[{\"@type\":\"SearchAction\",\"target\":{\"@type\":\"EntryPoint\",\"urlTemplate\":\"https:\\\/\\\/mlaw.rs\\\/?s={search_term_string}\"},\"query-input\":{\"@type\":\"PropertyValueSpecification\",\"valueRequired\":true,\"valueName\":\"search_term_string\"}}],\"inLanguage\":\"en-US\"},{\"@type\":\"Organization\",\"@id\":\"https:\\\/\\\/mlaw.rs\\\/#organization\",\"name\":\"Advokatska kancelarija Mom\u010dilovi\u0107 Stankovi\u0107\",\"url\":\"https:\\\/\\\/mlaw.rs\\\/\",\"logo\":{\"@type\":\"ImageObject\",\"inLanguage\":\"en-US\",\"@id\":\"https:\\\/\\\/mlaw.rs\\\/#\\\/schema\\\/logo\\\/image\\\/\",\"url\":\"https:\\\/\\\/mlaw.rs\\\/wp-content\\\/uploads\\\/2024\\\/01\\\/cropped-Screenshot-2024-01-06-at-12.41.19.png\",\"contentUrl\":\"https:\\\/\\\/mlaw.rs\\\/wp-content\\\/uploads\\\/2024\\\/01\\\/cropped-Screenshot-2024-01-06-at-12.41.19.png\",\"width\":512,\"height\":512,\"caption\":\"Advokatska kancelarija Mom\u010dilovi\u0107 Stankovi\u0107\"},\"image\":{\"@id\":\"https:\\\/\\\/mlaw.rs\\\/#\\\/schema\\\/logo\\\/image\\\/\"},\"sameAs\":[\"https:\\\/\\\/www.facebook.com\\\/MomcilovicStankovic\",\"https:\\\/\\\/www.linkedin.com\\\/company\\\/advokatska-kancelarija-mom\u010dilovi\u0107\"]}]}<\/script>\n<!-- \/ Yoast SEO plugin. -->","yoast_head_json":{"title":"Terms of Use - Advokatska kancelarija Mom\u010dilovi\u0107 Stankovi\u0107","description":"Welcome to www.mlaw.rs. This Website is in the ownership of Law Office Momcilovic- M.Law, Belgrade. The purpose of our Website is to give information about Law Office Momcilovic- M.Law and its attorneys as legal services providers.","robots":{"index":"index","follow":"follow","max-snippet":"max-snippet:-1","max-image-preview":"max-image-preview:large","max-video-preview":"max-video-preview:-1"},"canonical":"https:\/\/mlaw.rs\/uslovi-koriscenja\/","og_locale":"en_US","og_type":"article","og_title":"Terms of Use - Advokatska kancelarija Mom\u010dilovi\u0107 Stankovi\u0107","og_description":"Welcome to www.mlaw.rs. This Website is in the ownership of Law Office Momcilovic- M.Law, Belgrade. The purpose of our Website is to give information about Law Office Momcilovic- M.Law and its attorneys as legal services providers.","og_url":"https:\/\/mlaw.rs\/uslovi-koriscenja\/","og_site_name":"Advokatska kancelarija Mom\u010dilovi\u0107 Stankovi\u0107","article_publisher":"https:\/\/www.facebook.com\/MomcilovicStankovic","article_modified_time":"2021-08-20T06:45:01+00:00","og_image":[{"width":430,"height":156,"url":"https:\/\/mlaw.rs\/wp-content\/uploads\/2021\/05\/preloader-min.png","type":"image\/png"}],"twitter_card":"summary_large_image","twitter_misc":{"Est. reading time":"5 minutes"},"schema":{"@context":"https:\/\/schema.org","@graph":[{"@type":"WebPage","@id":"https:\/\/mlaw.rs\/uslovi-koriscenja\/","url":"https:\/\/mlaw.rs\/uslovi-koriscenja\/","name":"Terms of Use - Advokatska kancelarija Mom\u010dilovi\u0107 Stankovi\u0107","isPartOf":{"@id":"https:\/\/mlaw.rs\/#website"},"datePublished":"2021-07-22T09:19:16+00:00","dateModified":"2021-08-20T06:45:01+00:00","description":"Welcome to www.mlaw.rs. This Website is in the ownership of Law Office Momcilovic- M.Law, Belgrade. The purpose of our Website is to give information about Law Office Momcilovic- M.Law and its attorneys as legal services providers.","breadcrumb":{"@id":"https:\/\/mlaw.rs\/uslovi-koriscenja\/#breadcrumb"},"inLanguage":"en-US","potentialAction":[{"@type":"ReadAction","target":["https:\/\/mlaw.rs\/uslovi-koriscenja\/"]}]},{"@type":"BreadcrumbList","@id":"https:\/\/mlaw.rs\/uslovi-koriscenja\/#breadcrumb","itemListElement":[{"@type":"ListItem","position":1,"name":"\u041f\u043e\u0447\u0435\u0442\u043d\u0430","item":"https:\/\/mlaw.rs\/en\/"},{"@type":"ListItem","position":2,"name":"Terms of Use"}]},{"@type":"WebSite","@id":"https:\/\/mlaw.rs\/#website","url":"https:\/\/mlaw.rs\/","name":"Advokatska kancelarija Mom\u010dilovi\u0107 Stankovi\u0107","description":"Advokatska kancelarija Mom\u010dilovi\u0107 Stankovi\u0107","publisher":{"@id":"https:\/\/mlaw.rs\/#organization"},"potentialAction":[{"@type":"SearchAction","target":{"@type":"EntryPoint","urlTemplate":"https:\/\/mlaw.rs\/?s={search_term_string}"},"query-input":{"@type":"PropertyValueSpecification","valueRequired":true,"valueName":"search_term_string"}}],"inLanguage":"en-US"},{"@type":"Organization","@id":"https:\/\/mlaw.rs\/#organization","name":"Advokatska kancelarija Mom\u010dilovi\u0107 Stankovi\u0107","url":"https:\/\/mlaw.rs\/","logo":{"@type":"ImageObject","inLanguage":"en-US","@id":"https:\/\/mlaw.rs\/#\/schema\/logo\/image\/","url":"https:\/\/mlaw.rs\/wp-content\/uploads\/2024\/01\/cropped-Screenshot-2024-01-06-at-12.41.19.png","contentUrl":"https:\/\/mlaw.rs\/wp-content\/uploads\/2024\/01\/cropped-Screenshot-2024-01-06-at-12.41.19.png","width":512,"height":512,"caption":"Advokatska kancelarija Mom\u010dilovi\u0107 Stankovi\u0107"},"image":{"@id":"https:\/\/mlaw.rs\/#\/schema\/logo\/image\/"},"sameAs":["https:\/\/www.facebook.com\/MomcilovicStankovic","https:\/\/www.linkedin.com\/company\/advokatska-kancelarija-mom\u010dilovi\u0107"]}]}},"_links":{"self":[{"href":"https:\/\/mlaw.rs\/en\/wp-json\/wp\/v2\/pages\/5956","targetHints":{"allow":["GET"]}}],"collection":[{"href":"https:\/\/mlaw.rs\/en\/wp-json\/wp\/v2\/pages"}],"about":[{"href":"https:\/\/mlaw.rs\/en\/wp-json\/wp\/v2\/types\/page"}],"author":[{"embeddable":true,"href":"https:\/\/mlaw.rs\/en\/wp-json\/wp\/v2\/users\/1"}],"replies":[{"embeddable":true,"href":"https:\/\/mlaw.rs\/en\/wp-json\/wp\/v2\/comments?post=5956"}],"version-history":[{"count":2,"href":"https:\/\/mlaw.rs\/en\/wp-json\/wp\/v2\/pages\/5956\/revisions"}],"predecessor-version":[{"id":5958,"href":"https:\/\/mlaw.rs\/en\/wp-json\/wp\/v2\/pages\/5956\/revisions\/5958"}],"wp:attachment":[{"href":"https:\/\/mlaw.rs\/en\/wp-json\/wp\/v2\/media?parent=5956"}],"curies":[{"name":"wp","href":"https:\/\/api.w.org\/{rel}","templated":true}]}}