{"id":7561,"date":"2021-03-22T15:41:50","date_gmt":"2021-03-22T15:41:50","guid":{"rendered":"http:\/\/localhost:8888\/mlaw\/practice-areas\/pravo-i-industrija\/"},"modified":"2023-06-23T14:46:10","modified_gmt":"2023-06-23T14:46:10","slug":"industries","status":"publish","type":"page","link":"https:\/\/mlaw.rs\/en\/practice-areas\/industries\/","title":{"rendered":"Industries"},"content":{"rendered":"<p>[vc_row css=&#8221;.vc_custom_1616764250297{padding-top: 0px !important;padding-bottom: 0px !important;background-color: #155153 !important;}&#8221;][vc_column css=&#8221;.vc_custom_1616764236367{padding-top: 0px !important;padding-bottom: 0px !important;}&#8221;][vc_row_inner row_content_width=&#8221;grid&#8221;][vc_column_inner css=&#8221;.vc_custom_1616764259836{padding-top: 10px !important;padding-bottom: 10px !important;}&#8221;][vc_custom_heading source=&#8221;post_title&#8221; font_container=&#8221;tag:h1|text_align:center|color:%23ffffff&#8221; use_theme_fonts=&#8221;yes&#8221;][\/vc_column_inner][\/vc_row_inner][\/vc_column][\/vc_row][vc_row css=&#8221;.vc_custom_1620718669963{margin-bottom: 0px !important;padding-top: 0px !important;padding-bottom: 0px !important;background-color: #f6f6f6 !important;}&#8221;][vc_column css=&#8221;.vc_custom_1620720541615{padding-top: 50px !important;padding-bottom: 48px !important;}&#8221;][vc_row_inner row_content_width=&#8221;grid&#8221; css=&#8221;.vc_custom_1620559403308{padding-top: 20px !important;}&#8221; el_class=&#8221;law-items-style&#8221;][vc_column_inner width=&#8221;1\/2&#8243; offset=&#8221;vc_col-lg-3 vc_col-md-6 vc_col-xs-12&#8243;]<div class=\"mkdf-iwt clearfix size-law-type mkdf-iwt-icon-top mkdf-iwt-icon-medium\">\n\t<div class=\"mkdf-iwt-icon\">\n\t\t\t\t\t<a itemprop=\"url\" href=\"https:\/\/mlaw.rs\/en\/transport-law-and-forwarding-law\/\" target=\"_self\">\n\t\t\t\t\t\t\t\t\t<img loading=\"lazy\" decoding=\"async\" width=\"512\" height=\"512\" src=\"https:\/\/mlaw.rs\/wp-content\/uploads\/2021\/05\/logistics.svg\" class=\"attachment-full size-full\" alt=\"\" \/>\t\t\t\t\t\t\t\t<\/a>\n\t\t\t<\/div>\n\t<div class=\"mkdf-iwt-content\" >\n\t\t\t\t\t<h4 class=\"mkdf-iwt-title\" >\n\t\t\t\t\t\t\t\t\t<a itemprop=\"url\" href=\"https:\/\/mlaw.rs\/en\/transport-law-and-forwarding-law\/\" target=\"_self\">\n\t\t\t\t\t\t\t\t<span class=\"mkdf-iwt-title-text\">Transport law and Forwarding law<\/span>\n\t\t\t\t\t\t\t\t\t<\/a>\n\t\t\t\t\t\t\t<\/h4>\n\t\t\t\t\t\t\t<p class=\"mkdf-iwt-text\" >Contracts, Rights and Obligations, National and European regulations<\/p>\n\t\t\t<\/div>\n<\/div>[\/vc_column_inner][vc_column_inner width=&#8221;1\/2&#8243; offset=&#8221;vc_col-lg-3 vc_col-md-6 vc_col-xs-12&#8243;]<div class=\"mkdf-iwt clearfix size-law-type mkdf-iwt-icon-top mkdf-iwt-icon-medium\">\n\t<div class=\"mkdf-iwt-icon\">\n\t\t\t\t\t<a itemprop=\"url\" href=\"https:\/\/mlaw.rs\/en\/practice-areas\/industries\/pharmacy-and-health\/\" target=\"_self\">\n\t\t\t\t\t\t\t\t\t<img loading=\"lazy\" decoding=\"async\" width=\"512\" height=\"512\" src=\"https:\/\/mlaw.rs\/wp-content\/uploads\/2021\/05\/pharmacy.svg\" class=\"attachment-full size-full\" alt=\"\" \/>\t\t\t\t\t\t\t\t<\/a>\n\t\t\t<\/div>\n\t<div class=\"mkdf-iwt-content\" >\n\t\t\t\t\t<h4 class=\"mkdf-iwt-title\" >\n\t\t\t\t\t\t\t\t\t<a itemprop=\"url\" href=\"https:\/\/mlaw.rs\/en\/practice-areas\/industries\/pharmacy-and-health\/\" target=\"_self\">\n\t\t\t\t\t\t\t\t<span class=\"mkdf-iwt-title-text\">Pharmacy and health<\/span>\n\t\t\t\t\t\t\t\t\t<\/a>\n\t\t\t\t\t\t\t<\/h4>\n\t\t\t\t\t\t\t<p class=\"mkdf-iwt-text\" >Representation before the Agency for Drugs and Medical Devices, positive regulations<\/p>\n\t\t\t<\/div>\n<\/div>[\/vc_column_inner][vc_column_inner width=&#8221;1\/2&#8243; offset=&#8221;vc_col-lg-3 vc_col-md-6 vc_col-xs-12&#8243;]<div class=\"mkdf-iwt clearfix size-law-type mkdf-iwt-icon-top mkdf-iwt-icon-medium\">\n\t<div class=\"mkdf-iwt-icon\">\n\t\t\t\t\t<a itemprop=\"url\" href=\"https:\/\/mlaw.rs\/en\/practice-areas\/practice-areas\/food-industry\/\" target=\"_self\">\n\t\t\t\t\t\t\t\t\t<img loading=\"lazy\" decoding=\"async\" width=\"512\" height=\"512\" src=\"https:\/\/mlaw.rs\/wp-content\/uploads\/2021\/05\/juicer.svg\" class=\"attachment-full size-full\" alt=\"\" \/>\t\t\t\t\t\t\t\t<\/a>\n\t\t\t<\/div>\n\t<div class=\"mkdf-iwt-content\" >\n\t\t\t\t\t<h4 class=\"mkdf-iwt-title\" >\n\t\t\t\t\t\t\t\t\t<a itemprop=\"url\" href=\"https:\/\/mlaw.rs\/en\/practice-areas\/practice-areas\/food-industry\/\" target=\"_self\">\n\t\t\t\t\t\t\t\t<span class=\"mkdf-iwt-title-text\">Food industry<\/span>\n\t\t\t\t\t\t\t\t\t<\/a>\n\t\t\t\t\t\t\t<\/h4>\n\t\t\t\t\t\t\t<p class=\"mkdf-iwt-text\" >Food law, Wine law, legislation on organic production<\/p>\n\t\t\t<\/div>\n<\/div>[\/vc_column_inner][vc_column_inner width=&#8221;1\/2&#8243; offset=&#8221;vc_col-lg-3 vc_col-md-6 vc_col-xs-12&#8243;]<div class=\"mkdf-iwt clearfix size-law-type mkdf-iwt-icon-top mkdf-iwt-icon-medium\">\n\t<div class=\"mkdf-iwt-icon\">\n\t\t\t\t\t<a itemprop=\"url\" href=\"https:\/\/mlaw.rs\/en\/practice-areas\/practice-areas\/it-digital-business\/\" target=\"_self\">\n\t\t\t\t\t\t\t\t\t<img loading=\"lazy\" decoding=\"async\" width=\"512\" height=\"512\" src=\"https:\/\/mlaw.rs\/wp-content\/uploads\/2021\/05\/computer.svg\" class=\"attachment-full size-full\" alt=\"\" \/>\t\t\t\t\t\t\t\t<\/a>\n\t\t\t<\/div>\n\t<div class=\"mkdf-iwt-content\" >\n\t\t\t\t\t<h4 class=\"mkdf-iwt-title\" >\n\t\t\t\t\t\t\t\t\t<a itemprop=\"url\" href=\"https:\/\/mlaw.rs\/en\/practice-areas\/practice-areas\/it-digital-business\/\" target=\"_self\">\n\t\t\t\t\t\t\t\t<span class=\"mkdf-iwt-title-text\">IT &amp; Digital Business<\/span>\n\t\t\t\t\t\t\t\t\t<\/a>\n\t\t\t\t\t\t\t<\/h4>\n\t\t\t\t\t\t\t<p class=\"mkdf-iwt-text\" >Outsourcing, Cloud, Software Implementation, Software Licenses, IT Law and IT Security<\/p>\n\t\t\t<\/div>\n<\/div>[\/vc_column_inner][\/vc_row_inner][\/vc_column][\/vc_row]<\/p>\n","protected":false},"excerpt":{"rendered":"<p>[vc_row css=&#8221;.vc_custom_1616764250297{padding-top: 0px !important;padding-bottom: 0px !important;background-color: #155153 !important;}&#8221;][vc_column css=&#8221;.vc_custom_1616764236367{padding-top: 0px !important;padding-bottom: 0px !important;}&#8221;][vc_row_inner row_content_width=&#8221;grid&#8221;][vc_column_inner css=&#8221;.vc_custom_1616764259836{padding-top: 10px !important;padding-bottom: 10px !important;}&#8221;][vc_custom_heading source=&#8221;post_title&#8221; font_container=&#8221;tag:h1|text_align:center|color:%23ffffff&#8221; use_theme_fonts=&#8221;yes&#8221;][\/vc_column_inner][\/vc_row_inner][\/vc_column][\/vc_row][vc_row css=&#8221;.vc_custom_1620718669963{margin-bottom: 0px !important;padding-top: 0px !important;padding-bottom: 0px !important;background-color: #f6f6f6 !important;}&#8221;][vc_column css=&#8221;.vc_custom_1620720541615{padding-top: 50px !important;padding-bottom: 48px !important;}&#8221;][vc_row_inner row_content_width=&#8221;grid&#8221; css=&#8221;.vc_custom_1620559403308{padding-top: 20px !important;}&#8221; el_class=&#8221;law-items-style&#8221;][vc_column_inner width=&#8221;1\/2&#8243; offset=&#8221;vc_col-lg-3 vc_col-md-6 vc_col-xs-12&#8243;][\/vc_column_inner][vc_column_inner width=&#8221;1\/2&#8243; offset=&#8221;vc_col-lg-3 vc_col-md-6 vc_col-xs-12&#8243;][\/vc_column_inner][vc_column_inner width=&#8221;1\/2&#8243; [&hellip;]<\/p>\n","protected":false},"author":1,"featured_media":0,"parent":7481,"menu_order":0,"comment_status":"closed","ping_status":"closed","template":"full-width.php","meta":{"inline_featured_image":false,"footnotes":""},"class_list":["post-7561","page","type-page","status-publish","hentry"],"acf":[],"yoast_head":"<!-- This site is optimized with the Yoast SEO plugin v27.5 - https:\/\/yoast.com\/product\/yoast-seo-wordpress\/ -->\n<title>Industries - Advokatska kancelarija Mom\u010dilovi\u0107 Stankovi\u0107<\/title>\n<meta name=\"description\" content=\"Posebnu pa\u017enju smo posvetili pravu farmaceutske i prehrambene industrije, pravu vina, IT &amp; Digital Business, kao i za transportu i logistici\" \/>\n<meta name=\"robots\" content=\"index, follow, max-snippet:-1, max-image-preview:large, max-video-preview:-1\" \/>\n<link rel=\"canonical\" href=\"https:\/\/mlaw.rs\/kompetencije\/pravo-i-industrija\/\" \/>\n<meta property=\"og:locale\" content=\"en_US\" \/>\n<meta property=\"og:type\" content=\"article\" \/>\n<meta property=\"og:title\" content=\"Industries - Advokatska kancelarija Mom\u010dilovi\u0107 Stankovi\u0107\" \/>\n<meta property=\"og:description\" content=\"Posebnu pa\u017enju smo posvetili pravu farmaceutske i prehrambene industrije, pravu vina, IT &amp; Digital Business, kao i za transportu i logistici\" \/>\n<meta property=\"og:url\" content=\"https:\/\/mlaw.rs\/kompetencije\/pravo-i-industrija\/\" \/>\n<meta property=\"og:site_name\" content=\"Advokatska kancelarija Mom\u010dilovi\u0107 Stankovi\u0107\" \/>\n<meta property=\"article:publisher\" content=\"https:\/\/www.facebook.com\/MomcilovicStankovic\" \/>\n<meta property=\"article:modified_time\" content=\"2023-06-23T14:46:10+00:00\" \/>\n<meta property=\"og:image\" content=\"https:\/\/mlaw.rs\/wp-content\/uploads\/2021\/05\/preloader-min.png\" \/>\n\t<meta property=\"og:image:width\" content=\"430\" \/>\n\t<meta property=\"og:image:height\" content=\"156\" \/>\n\t<meta property=\"og:image:type\" content=\"image\/png\" \/>\n<meta name=\"twitter:card\" content=\"summary_large_image\" \/>\n<meta name=\"twitter:label1\" content=\"Est. reading time\" \/>\n\t<meta name=\"twitter:data1\" content=\"1 minute\" \/>\n<script type=\"application\/ld+json\" class=\"yoast-schema-graph\">{\"@context\":\"https:\\\/\\\/schema.org\",\"@graph\":[{\"@type\":\"WebPage\",\"@id\":\"https:\\\/\\\/mlaw.rs\\\/kompetencije\\\/pravo-i-industrija\\\/\",\"url\":\"https:\\\/\\\/mlaw.rs\\\/kompetencije\\\/pravo-i-industrija\\\/\",\"name\":\"Industries - Advokatska kancelarija Mom\u010dilovi\u0107 Stankovi\u0107\",\"isPartOf\":{\"@id\":\"https:\\\/\\\/mlaw.rs\\\/#website\"},\"datePublished\":\"2021-03-22T15:41:50+00:00\",\"dateModified\":\"2023-06-23T14:46:10+00:00\",\"description\":\"Posebnu pa\u017enju smo posvetili pravu farmaceutske i prehrambene industrije, pravu vina, IT & Digital Business, kao i za transportu i logistici\",\"breadcrumb\":{\"@id\":\"https:\\\/\\\/mlaw.rs\\\/kompetencije\\\/pravo-i-industrija\\\/#breadcrumb\"},\"inLanguage\":\"en-US\",\"potentialAction\":[{\"@type\":\"ReadAction\",\"target\":[\"https:\\\/\\\/mlaw.rs\\\/kompetencije\\\/pravo-i-industrija\\\/\"]}]},{\"@type\":\"BreadcrumbList\",\"@id\":\"https:\\\/\\\/mlaw.rs\\\/kompetencije\\\/pravo-i-industrija\\\/#breadcrumb\",\"itemListElement\":[{\"@type\":\"ListItem\",\"position\":1,\"name\":\"\u041f\u043e\u0447\u0435\u0442\u043d\u0430\",\"item\":\"https:\\\/\\\/mlaw.rs\\\/en\\\/\"},{\"@type\":\"ListItem\",\"position\":2,\"name\":\"Practice Areas\",\"item\":\"https:\\\/\\\/mlaw.rs\\\/en\\\/practice-areas\\\/\"},{\"@type\":\"ListItem\",\"position\":3,\"name\":\"Industries\"}]},{\"@type\":\"WebSite\",\"@id\":\"https:\\\/\\\/mlaw.rs\\\/#website\",\"url\":\"https:\\\/\\\/mlaw.rs\\\/\",\"name\":\"Advokatska kancelarija Mom\u010dilovi\u0107 Stankovi\u0107\",\"description\":\"Advokatska kancelarija Mom\u010dilovi\u0107 Stankovi\u0107\",\"publisher\":{\"@id\":\"https:\\\/\\\/mlaw.rs\\\/#organization\"},\"potentialAction\":[{\"@type\":\"SearchAction\",\"target\":{\"@type\":\"EntryPoint\",\"urlTemplate\":\"https:\\\/\\\/mlaw.rs\\\/?s={search_term_string}\"},\"query-input\":{\"@type\":\"PropertyValueSpecification\",\"valueRequired\":true,\"valueName\":\"search_term_string\"}}],\"inLanguage\":\"en-US\"},{\"@type\":\"Organization\",\"@id\":\"https:\\\/\\\/mlaw.rs\\\/#organization\",\"name\":\"Advokatska kancelarija Mom\u010dilovi\u0107 Stankovi\u0107\",\"url\":\"https:\\\/\\\/mlaw.rs\\\/\",\"logo\":{\"@type\":\"ImageObject\",\"inLanguage\":\"en-US\",\"@id\":\"https:\\\/\\\/mlaw.rs\\\/#\\\/schema\\\/logo\\\/image\\\/\",\"url\":\"https:\\\/\\\/mlaw.rs\\\/wp-content\\\/uploads\\\/2024\\\/01\\\/cropped-Screenshot-2024-01-06-at-12.41.19.png\",\"contentUrl\":\"https:\\\/\\\/mlaw.rs\\\/wp-content\\\/uploads\\\/2024\\\/01\\\/cropped-Screenshot-2024-01-06-at-12.41.19.png\",\"width\":512,\"height\":512,\"caption\":\"Advokatska kancelarija Mom\u010dilovi\u0107 Stankovi\u0107\"},\"image\":{\"@id\":\"https:\\\/\\\/mlaw.rs\\\/#\\\/schema\\\/logo\\\/image\\\/\"},\"sameAs\":[\"https:\\\/\\\/www.facebook.com\\\/MomcilovicStankovic\",\"https:\\\/\\\/www.linkedin.com\\\/company\\\/advokatska-kancelarija-mom\u010dilovi\u0107\"]}]}<\/script>\n<!-- \/ Yoast SEO plugin. -->","yoast_head_json":{"title":"Industries - Advokatska kancelarija Mom\u010dilovi\u0107 Stankovi\u0107","description":"Posebnu pa\u017enju smo posvetili pravu farmaceutske i prehrambene industrije, pravu vina, IT & Digital Business, kao i za transportu i logistici","robots":{"index":"index","follow":"follow","max-snippet":"max-snippet:-1","max-image-preview":"max-image-preview:large","max-video-preview":"max-video-preview:-1"},"canonical":"https:\/\/mlaw.rs\/kompetencije\/pravo-i-industrija\/","og_locale":"en_US","og_type":"article","og_title":"Industries - Advokatska kancelarija Mom\u010dilovi\u0107 Stankovi\u0107","og_description":"Posebnu pa\u017enju smo posvetili pravu farmaceutske i prehrambene industrije, pravu vina, IT & Digital Business, kao i za transportu i logistici","og_url":"https:\/\/mlaw.rs\/kompetencije\/pravo-i-industrija\/","og_site_name":"Advokatska kancelarija Mom\u010dilovi\u0107 Stankovi\u0107","article_publisher":"https:\/\/www.facebook.com\/MomcilovicStankovic","article_modified_time":"2023-06-23T14:46:10+00:00","og_image":[{"width":430,"height":156,"url":"https:\/\/mlaw.rs\/wp-content\/uploads\/2021\/05\/preloader-min.png","type":"image\/png"}],"twitter_card":"summary_large_image","twitter_misc":{"Est. reading time":"1 minute"},"schema":{"@context":"https:\/\/schema.org","@graph":[{"@type":"WebPage","@id":"https:\/\/mlaw.rs\/kompetencije\/pravo-i-industrija\/","url":"https:\/\/mlaw.rs\/kompetencije\/pravo-i-industrija\/","name":"Industries - Advokatska kancelarija Mom\u010dilovi\u0107 Stankovi\u0107","isPartOf":{"@id":"https:\/\/mlaw.rs\/#website"},"datePublished":"2021-03-22T15:41:50+00:00","dateModified":"2023-06-23T14:46:10+00:00","description":"Posebnu pa\u017enju smo posvetili pravu farmaceutske i prehrambene industrije, pravu vina, IT & Digital Business, kao i za transportu i logistici","breadcrumb":{"@id":"https:\/\/mlaw.rs\/kompetencije\/pravo-i-industrija\/#breadcrumb"},"inLanguage":"en-US","potentialAction":[{"@type":"ReadAction","target":["https:\/\/mlaw.rs\/kompetencije\/pravo-i-industrija\/"]}]},{"@type":"BreadcrumbList","@id":"https:\/\/mlaw.rs\/kompetencije\/pravo-i-industrija\/#breadcrumb","itemListElement":[{"@type":"ListItem","position":1,"name":"\u041f\u043e\u0447\u0435\u0442\u043d\u0430","item":"https:\/\/mlaw.rs\/en\/"},{"@type":"ListItem","position":2,"name":"Practice Areas","item":"https:\/\/mlaw.rs\/en\/practice-areas\/"},{"@type":"ListItem","position":3,"name":"Industries"}]},{"@type":"WebSite","@id":"https:\/\/mlaw.rs\/#website","url":"https:\/\/mlaw.rs\/","name":"Advokatska kancelarija Mom\u010dilovi\u0107 Stankovi\u0107","description":"Advokatska kancelarija Mom\u010dilovi\u0107 Stankovi\u0107","publisher":{"@id":"https:\/\/mlaw.rs\/#organization"},"potentialAction":[{"@type":"SearchAction","target":{"@type":"EntryPoint","urlTemplate":"https:\/\/mlaw.rs\/?s={search_term_string}"},"query-input":{"@type":"PropertyValueSpecification","valueRequired":true,"valueName":"search_term_string"}}],"inLanguage":"en-US"},{"@type":"Organization","@id":"https:\/\/mlaw.rs\/#organization","name":"Advokatska kancelarija Mom\u010dilovi\u0107 Stankovi\u0107","url":"https:\/\/mlaw.rs\/","logo":{"@type":"ImageObject","inLanguage":"en-US","@id":"https:\/\/mlaw.rs\/#\/schema\/logo\/image\/","url":"https:\/\/mlaw.rs\/wp-content\/uploads\/2024\/01\/cropped-Screenshot-2024-01-06-at-12.41.19.png","contentUrl":"https:\/\/mlaw.rs\/wp-content\/uploads\/2024\/01\/cropped-Screenshot-2024-01-06-at-12.41.19.png","width":512,"height":512,"caption":"Advokatska kancelarija Mom\u010dilovi\u0107 Stankovi\u0107"},"image":{"@id":"https:\/\/mlaw.rs\/#\/schema\/logo\/image\/"},"sameAs":["https:\/\/www.facebook.com\/MomcilovicStankovic","https:\/\/www.linkedin.com\/company\/advokatska-kancelarija-mom\u010dilovi\u0107"]}]}},"_links":{"self":[{"href":"https:\/\/mlaw.rs\/en\/wp-json\/wp\/v2\/pages\/7561","targetHints":{"allow":["GET"]}}],"collection":[{"href":"https:\/\/mlaw.rs\/en\/wp-json\/wp\/v2\/pages"}],"about":[{"href":"https:\/\/mlaw.rs\/en\/wp-json\/wp\/v2\/types\/page"}],"author":[{"embeddable":true,"href":"https:\/\/mlaw.rs\/en\/wp-json\/wp\/v2\/users\/1"}],"replies":[{"embeddable":true,"href":"https:\/\/mlaw.rs\/en\/wp-json\/wp\/v2\/comments?post=7561"}],"version-history":[{"count":5,"href":"https:\/\/mlaw.rs\/en\/wp-json\/wp\/v2\/pages\/7561\/revisions"}],"predecessor-version":[{"id":7670,"href":"https:\/\/mlaw.rs\/en\/wp-json\/wp\/v2\/pages\/7561\/revisions\/7670"}],"up":[{"embeddable":true,"href":"https:\/\/mlaw.rs\/en\/wp-json\/wp\/v2\/pages\/7481"}],"wp:attachment":[{"href":"https:\/\/mlaw.rs\/en\/wp-json\/wp\/v2\/media?parent=7561"}],"curies":[{"name":"wp","href":"https:\/\/api.w.org\/{rel}","templated":true}]}}