{"id":7570,"date":"2021-03-22T15:42:03","date_gmt":"2021-03-22T15:42:03","guid":{"rendered":"http:\/\/localhost:8888\/mlaw\/practice-areas\/medjunarodne-saradnja\/"},"modified":"2023-06-23T14:47:29","modified_gmt":"2023-06-23T14:47:29","slug":"international-cooperation","status":"publish","type":"page","link":"https:\/\/mlaw.rs\/en\/practice-areas\/international-cooperation\/","title":{"rendered":"International cooperation"},"content":{"rendered":"<p>[vc_row css=&#8221;.vc_custom_1616765061249{background-color: #155153 !important;}&#8221;][vc_column css=&#8221;.vc_custom_1616765128543{padding-top: 0px !important;padding-bottom: 0px !important;}&#8221;][vc_row_inner row_content_width=&#8221;grid&#8221; css=&#8221;.vc_custom_1616765118862{padding-top: 0px !important;padding-bottom: 0px !important;}&#8221;][vc_column_inner css=&#8221;.vc_custom_1616765110015{padding-top: 10px !important;padding-bottom: 10px !important;}&#8221;][vc_custom_heading source=&#8221;post_title&#8221; font_container=&#8221;tag:h1|text_align:center|color:%23ffffff&#8221; use_theme_fonts=&#8221;yes&#8221;][\/vc_column_inner][\/vc_row_inner][\/vc_column][\/vc_row][vc_row css=&#8221;.vc_custom_1620718614363{margin-bottom: 0px !important;padding-top: 0px !important;padding-bottom: 0px !important;background-color: #f6f6f6 !important;}&#8221;][vc_column css=&#8221;.vc_custom_1620720444699{padding-top: 55px !important;padding-bottom: 48px !important;}&#8221;][vc_row_inner row_content_width=&#8221;grid&#8221;][vc_column_inner][vc_column_text]<\/p>\n<p style=\"text-align: center;\">We are a member of international legal associations and work every day with law firms outside the borders of our country, and thus we exclusively represent the interests of our clients in disputes with a foreign element.<\/p>\n<p style=\"text-align: center;\">We have established permanent legal cooperation with law firms from Germany, Austria, Switzerland, Croatia, and numerous other countries. In this way, we offer our clients comprehensive legal services.<\/p>\n<p>[\/vc_column_text][\/vc_column_inner][\/vc_row_inner][vc_row_inner row_content_width=&#8221;grid&#8221; css=&#8221;.vc_custom_1620718562581{padding-top: 20px !important;padding-bottom: 20px !important;}&#8221; el_class=&#8221;law-items-style&#8221;][vc_column_inner width=&#8221;1\/2&#8243; offset=&#8221;vc_col-lg-6 vc_col-md-6 vc_col-xs-12&#8243;]<div class=\"mkdf-iwt clearfix size-law-type icon-wt-center mkdf-iwt-icon-top mkdf-iwt-icon-medium\">\n\t<div class=\"mkdf-iwt-icon\">\n\t\t\t\t\t<a itemprop=\"url\" href=\"https:\/\/mlaw.rs\/en\/german-desk\/\" target=\"_self\">\n\t\t\t\t\t\t\t\t\t<img loading=\"lazy\" decoding=\"async\" width=\"512\" height=\"512\" src=\"https:\/\/mlaw.rs\/wp-content\/uploads\/2021\/05\/desk.svg\" class=\"attachment-full size-full\" alt=\"\" \/>\t\t\t\t\t\t\t\t<\/a>\n\t\t\t<\/div>\n\t<div class=\"mkdf-iwt-content\" >\n\t\t\t\t\t<h4 class=\"mkdf-iwt-title\" >\n\t\t\t\t\t\t\t\t\t<a itemprop=\"url\" href=\"https:\/\/mlaw.rs\/en\/german-desk\/\" target=\"_self\">\n\t\t\t\t\t\t\t\t<span class=\"mkdf-iwt-title-text\">German Desk<\/span>\n\t\t\t\t\t\t\t\t\t<\/a>\n\t\t\t\t\t\t\t<\/h4>\n\t\t\t\t\t\t\t<p class=\"mkdf-iwt-text\" >Specially formed a team of lawyers for clients from German-speaking countries<\/p>\n\t\t\t<\/div>\n<\/div>[\/vc_column_inner][vc_column_inner width=&#8221;1\/2&#8243; offset=&#8221;vc_col-lg-6 vc_col-md-6 vc_col-xs-12&#8243;]<div class=\"mkdf-iwt clearfix size-law-type icon-wt-center mkdf-iwt-icon-top mkdf-iwt-icon-medium\">\n\t<div class=\"mkdf-iwt-icon\">\n\t\t\t\t\t\t\t\t\t<img loading=\"lazy\" decoding=\"async\" width=\"512\" height=\"512\" src=\"https:\/\/mlaw.rs\/wp-content\/uploads\/2021\/05\/news.svg\" class=\"attachment-full size-full\" alt=\"\" \/>\t\t\t\t\t\t<\/div>\n\t<div class=\"mkdf-iwt-content\" >\n\t\t\t\t\t<h4 class=\"mkdf-iwt-title\" >\n\t\t\t\t\t\t\t\t<span class=\"mkdf-iwt-title-text\">Me\u0111unarodne aktuelnosti<\/span>\n\t\t\t\t\t\t\t<\/h4>\n\t\t\t\t\t\t\t<p class=\"mkdf-iwt-text\" >Doga\u0111aji, u\u010de\u0161\u0107a, \u010dlanstva i vesti<\/p>\n\t\t\t<\/div>\n<\/div>[\/vc_column_inner][\/vc_row_inner][\/vc_column][\/vc_row]<\/p>\n","protected":false},"excerpt":{"rendered":"<p>[vc_row css=&#8221;.vc_custom_1616765061249{background-color: #155153 !important;}&#8221;][vc_column css=&#8221;.vc_custom_1616765128543{padding-top: 0px !important;padding-bottom: 0px !important;}&#8221;][vc_row_inner row_content_width=&#8221;grid&#8221; css=&#8221;.vc_custom_1616765118862{padding-top: 0px !important;padding-bottom: 0px !important;}&#8221;][vc_column_inner css=&#8221;.vc_custom_1616765110015{padding-top: 10px !important;padding-bottom: 10px !important;}&#8221;][vc_custom_heading source=&#8221;post_title&#8221; font_container=&#8221;tag:h1|text_align:center|color:%23ffffff&#8221; use_theme_fonts=&#8221;yes&#8221;][\/vc_column_inner][\/vc_row_inner][\/vc_column][\/vc_row][vc_row css=&#8221;.vc_custom_1620718614363{margin-bottom: 0px !important;padding-top: 0px !important;padding-bottom: 0px !important;background-color: #f6f6f6 !important;}&#8221;][vc_column css=&#8221;.vc_custom_1620720444699{padding-top: 55px !important;padding-bottom: 48px !important;}&#8221;][vc_row_inner row_content_width=&#8221;grid&#8221;][vc_column_inner][vc_column_text] We are a member of international legal associations and work every day [&hellip;]<\/p>\n","protected":false},"author":1,"featured_media":0,"parent":7481,"menu_order":0,"comment_status":"closed","ping_status":"closed","template":"full-width.php","meta":{"inline_featured_image":false,"footnotes":""},"class_list":["post-7570","page","type-page","status-publish","hentry"],"acf":[],"yoast_head":"<!-- This site is optimized with the Yoast SEO plugin v27.4 - https:\/\/yoast.com\/product\/yoast-seo-wordpress\/ -->\n<title>International cooperation - Advokatska kancelarija Mom\u010dilovi\u0107 Stankovi\u0107<\/title>\n<meta name=\"description\" content=\"Uspostavili smo stalnu advokatsku saradnju sa advokatskim kancelarijama iz Nema\u010dke, Austrije, \u0160vajcarske, Hrvatske i iz mnogih drugih zemalja. Na taj na\u010din pru\u017eamo klijentima sveobuhvatnu pravnu uslugu i na me\u0111unarodnom nivou.\" \/>\n<meta name=\"robots\" content=\"index, follow, max-snippet:-1, max-image-preview:large, max-video-preview:-1\" \/>\n<link rel=\"canonical\" href=\"https:\/\/mlaw.rs\/kompetencije\/medjunarodne-saradnja\/\" \/>\n<meta property=\"og:locale\" content=\"en_US\" \/>\n<meta property=\"og:type\" content=\"article\" \/>\n<meta property=\"og:title\" content=\"International cooperation - Advokatska kancelarija Mom\u010dilovi\u0107 Stankovi\u0107\" \/>\n<meta property=\"og:description\" content=\"Uspostavili smo stalnu advokatsku saradnju sa advokatskim kancelarijama iz Nema\u010dke, Austrije, \u0160vajcarske, Hrvatske i iz mnogih drugih zemalja. Na taj na\u010din pru\u017eamo klijentima sveobuhvatnu pravnu uslugu i na me\u0111unarodnom nivou.\" \/>\n<meta property=\"og:url\" content=\"https:\/\/mlaw.rs\/kompetencije\/medjunarodne-saradnja\/\" \/>\n<meta property=\"og:site_name\" content=\"Advokatska kancelarija Mom\u010dilovi\u0107 Stankovi\u0107\" \/>\n<meta property=\"article:publisher\" content=\"https:\/\/www.facebook.com\/MomcilovicStankovic\" \/>\n<meta property=\"article:modified_time\" content=\"2023-06-23T14:47:29+00:00\" \/>\n<meta property=\"og:image\" content=\"https:\/\/mlaw.rs\/wp-content\/uploads\/2021\/05\/preloader-min.png\" \/>\n\t<meta property=\"og:image:width\" content=\"430\" \/>\n\t<meta property=\"og:image:height\" content=\"156\" \/>\n\t<meta property=\"og:image:type\" content=\"image\/png\" \/>\n<meta name=\"twitter:card\" content=\"summary_large_image\" \/>\n<meta name=\"twitter:label1\" content=\"Est. reading time\" \/>\n\t<meta name=\"twitter:data1\" content=\"2 minutes\" \/>\n<script type=\"application\/ld+json\" class=\"yoast-schema-graph\">{\"@context\":\"https:\\\/\\\/schema.org\",\"@graph\":[{\"@type\":\"WebPage\",\"@id\":\"https:\\\/\\\/mlaw.rs\\\/kompetencije\\\/medjunarodne-saradnja\\\/\",\"url\":\"https:\\\/\\\/mlaw.rs\\\/kompetencije\\\/medjunarodne-saradnja\\\/\",\"name\":\"International cooperation - Advokatska kancelarija Mom\u010dilovi\u0107 Stankovi\u0107\",\"isPartOf\":{\"@id\":\"https:\\\/\\\/mlaw.rs\\\/#website\"},\"datePublished\":\"2021-03-22T15:42:03+00:00\",\"dateModified\":\"2023-06-23T14:47:29+00:00\",\"description\":\"Uspostavili smo stalnu advokatsku saradnju sa advokatskim kancelarijama iz Nema\u010dke, Austrije, \u0160vajcarske, Hrvatske i iz mnogih drugih zemalja. Na taj na\u010din pru\u017eamo klijentima sveobuhvatnu pravnu uslugu i na me\u0111unarodnom nivou.\",\"breadcrumb\":{\"@id\":\"https:\\\/\\\/mlaw.rs\\\/kompetencije\\\/medjunarodne-saradnja\\\/#breadcrumb\"},\"inLanguage\":\"en-US\",\"potentialAction\":[{\"@type\":\"ReadAction\",\"target\":[\"https:\\\/\\\/mlaw.rs\\\/kompetencije\\\/medjunarodne-saradnja\\\/\"]}]},{\"@type\":\"BreadcrumbList\",\"@id\":\"https:\\\/\\\/mlaw.rs\\\/kompetencije\\\/medjunarodne-saradnja\\\/#breadcrumb\",\"itemListElement\":[{\"@type\":\"ListItem\",\"position\":1,\"name\":\"\u041f\u043e\u0447\u0435\u0442\u043d\u0430\",\"item\":\"https:\\\/\\\/mlaw.rs\\\/en\\\/\"},{\"@type\":\"ListItem\",\"position\":2,\"name\":\"Practice Areas\",\"item\":\"https:\\\/\\\/mlaw.rs\\\/en\\\/practice-areas\\\/\"},{\"@type\":\"ListItem\",\"position\":3,\"name\":\"International cooperation\"}]},{\"@type\":\"WebSite\",\"@id\":\"https:\\\/\\\/mlaw.rs\\\/#website\",\"url\":\"https:\\\/\\\/mlaw.rs\\\/\",\"name\":\"Advokatska kancelarija Mom\u010dilovi\u0107 Stankovi\u0107\",\"description\":\"Advokatska kancelarija Mom\u010dilovi\u0107 Stankovi\u0107\",\"publisher\":{\"@id\":\"https:\\\/\\\/mlaw.rs\\\/#organization\"},\"potentialAction\":[{\"@type\":\"SearchAction\",\"target\":{\"@type\":\"EntryPoint\",\"urlTemplate\":\"https:\\\/\\\/mlaw.rs\\\/?s={search_term_string}\"},\"query-input\":{\"@type\":\"PropertyValueSpecification\",\"valueRequired\":true,\"valueName\":\"search_term_string\"}}],\"inLanguage\":\"en-US\"},{\"@type\":\"Organization\",\"@id\":\"https:\\\/\\\/mlaw.rs\\\/#organization\",\"name\":\"Advokatska kancelarija Mom\u010dilovi\u0107 Stankovi\u0107\",\"url\":\"https:\\\/\\\/mlaw.rs\\\/\",\"logo\":{\"@type\":\"ImageObject\",\"inLanguage\":\"en-US\",\"@id\":\"https:\\\/\\\/mlaw.rs\\\/#\\\/schema\\\/logo\\\/image\\\/\",\"url\":\"https:\\\/\\\/mlaw.rs\\\/wp-content\\\/uploads\\\/2024\\\/01\\\/cropped-Screenshot-2024-01-06-at-12.41.19.png\",\"contentUrl\":\"https:\\\/\\\/mlaw.rs\\\/wp-content\\\/uploads\\\/2024\\\/01\\\/cropped-Screenshot-2024-01-06-at-12.41.19.png\",\"width\":512,\"height\":512,\"caption\":\"Advokatska kancelarija Mom\u010dilovi\u0107 Stankovi\u0107\"},\"image\":{\"@id\":\"https:\\\/\\\/mlaw.rs\\\/#\\\/schema\\\/logo\\\/image\\\/\"},\"sameAs\":[\"https:\\\/\\\/www.facebook.com\\\/MomcilovicStankovic\",\"https:\\\/\\\/www.linkedin.com\\\/company\\\/advokatska-kancelarija-mom\u010dilovi\u0107\"]}]}<\/script>\n<!-- \/ Yoast SEO plugin. -->","yoast_head_json":{"title":"International cooperation - Advokatska kancelarija Mom\u010dilovi\u0107 Stankovi\u0107","description":"Uspostavili smo stalnu advokatsku saradnju sa advokatskim kancelarijama iz Nema\u010dke, Austrije, \u0160vajcarske, Hrvatske i iz mnogih drugih zemalja. Na taj na\u010din pru\u017eamo klijentima sveobuhvatnu pravnu uslugu i na me\u0111unarodnom nivou.","robots":{"index":"index","follow":"follow","max-snippet":"max-snippet:-1","max-image-preview":"max-image-preview:large","max-video-preview":"max-video-preview:-1"},"canonical":"https:\/\/mlaw.rs\/kompetencije\/medjunarodne-saradnja\/","og_locale":"en_US","og_type":"article","og_title":"International cooperation - Advokatska kancelarija Mom\u010dilovi\u0107 Stankovi\u0107","og_description":"Uspostavili smo stalnu advokatsku saradnju sa advokatskim kancelarijama iz Nema\u010dke, Austrije, \u0160vajcarske, Hrvatske i iz mnogih drugih zemalja. Na taj na\u010din pru\u017eamo klijentima sveobuhvatnu pravnu uslugu i na me\u0111unarodnom nivou.","og_url":"https:\/\/mlaw.rs\/kompetencije\/medjunarodne-saradnja\/","og_site_name":"Advokatska kancelarija Mom\u010dilovi\u0107 Stankovi\u0107","article_publisher":"https:\/\/www.facebook.com\/MomcilovicStankovic","article_modified_time":"2023-06-23T14:47:29+00:00","og_image":[{"width":430,"height":156,"url":"https:\/\/mlaw.rs\/wp-content\/uploads\/2021\/05\/preloader-min.png","type":"image\/png"}],"twitter_card":"summary_large_image","twitter_misc":{"Est. reading time":"2 minutes"},"schema":{"@context":"https:\/\/schema.org","@graph":[{"@type":"WebPage","@id":"https:\/\/mlaw.rs\/kompetencije\/medjunarodne-saradnja\/","url":"https:\/\/mlaw.rs\/kompetencije\/medjunarodne-saradnja\/","name":"International cooperation - Advokatska kancelarija Mom\u010dilovi\u0107 Stankovi\u0107","isPartOf":{"@id":"https:\/\/mlaw.rs\/#website"},"datePublished":"2021-03-22T15:42:03+00:00","dateModified":"2023-06-23T14:47:29+00:00","description":"Uspostavili smo stalnu advokatsku saradnju sa advokatskim kancelarijama iz Nema\u010dke, Austrije, \u0160vajcarske, Hrvatske i iz mnogih drugih zemalja. Na taj na\u010din pru\u017eamo klijentima sveobuhvatnu pravnu uslugu i na me\u0111unarodnom nivou.","breadcrumb":{"@id":"https:\/\/mlaw.rs\/kompetencije\/medjunarodne-saradnja\/#breadcrumb"},"inLanguage":"en-US","potentialAction":[{"@type":"ReadAction","target":["https:\/\/mlaw.rs\/kompetencije\/medjunarodne-saradnja\/"]}]},{"@type":"BreadcrumbList","@id":"https:\/\/mlaw.rs\/kompetencije\/medjunarodne-saradnja\/#breadcrumb","itemListElement":[{"@type":"ListItem","position":1,"name":"\u041f\u043e\u0447\u0435\u0442\u043d\u0430","item":"https:\/\/mlaw.rs\/en\/"},{"@type":"ListItem","position":2,"name":"Practice Areas","item":"https:\/\/mlaw.rs\/en\/practice-areas\/"},{"@type":"ListItem","position":3,"name":"International cooperation"}]},{"@type":"WebSite","@id":"https:\/\/mlaw.rs\/#website","url":"https:\/\/mlaw.rs\/","name":"Advokatska kancelarija Mom\u010dilovi\u0107 Stankovi\u0107","description":"Advokatska kancelarija Mom\u010dilovi\u0107 Stankovi\u0107","publisher":{"@id":"https:\/\/mlaw.rs\/#organization"},"potentialAction":[{"@type":"SearchAction","target":{"@type":"EntryPoint","urlTemplate":"https:\/\/mlaw.rs\/?s={search_term_string}"},"query-input":{"@type":"PropertyValueSpecification","valueRequired":true,"valueName":"search_term_string"}}],"inLanguage":"en-US"},{"@type":"Organization","@id":"https:\/\/mlaw.rs\/#organization","name":"Advokatska kancelarija Mom\u010dilovi\u0107 Stankovi\u0107","url":"https:\/\/mlaw.rs\/","logo":{"@type":"ImageObject","inLanguage":"en-US","@id":"https:\/\/mlaw.rs\/#\/schema\/logo\/image\/","url":"https:\/\/mlaw.rs\/wp-content\/uploads\/2024\/01\/cropped-Screenshot-2024-01-06-at-12.41.19.png","contentUrl":"https:\/\/mlaw.rs\/wp-content\/uploads\/2024\/01\/cropped-Screenshot-2024-01-06-at-12.41.19.png","width":512,"height":512,"caption":"Advokatska kancelarija Mom\u010dilovi\u0107 Stankovi\u0107"},"image":{"@id":"https:\/\/mlaw.rs\/#\/schema\/logo\/image\/"},"sameAs":["https:\/\/www.facebook.com\/MomcilovicStankovic","https:\/\/www.linkedin.com\/company\/advokatska-kancelarija-mom\u010dilovi\u0107"]}]}},"_links":{"self":[{"href":"https:\/\/mlaw.rs\/en\/wp-json\/wp\/v2\/pages\/7570","targetHints":{"allow":["GET"]}}],"collection":[{"href":"https:\/\/mlaw.rs\/en\/wp-json\/wp\/v2\/pages"}],"about":[{"href":"https:\/\/mlaw.rs\/en\/wp-json\/wp\/v2\/types\/page"}],"author":[{"embeddable":true,"href":"https:\/\/mlaw.rs\/en\/wp-json\/wp\/v2\/users\/1"}],"replies":[{"embeddable":true,"href":"https:\/\/mlaw.rs\/en\/wp-json\/wp\/v2\/comments?post=7570"}],"version-history":[{"count":2,"href":"https:\/\/mlaw.rs\/en\/wp-json\/wp\/v2\/pages\/7570\/revisions"}],"predecessor-version":[{"id":7672,"href":"https:\/\/mlaw.rs\/en\/wp-json\/wp\/v2\/pages\/7570\/revisions\/7672"}],"up":[{"embeddable":true,"href":"https:\/\/mlaw.rs\/en\/wp-json\/wp\/v2\/pages\/7481"}],"wp:attachment":[{"href":"https:\/\/mlaw.rs\/en\/wp-json\/wp\/v2\/media?parent=7570"}],"curies":[{"name":"wp","href":"https:\/\/api.w.org\/{rel}","templated":true}]}}