{"id":7573,"date":"2021-08-22T17:46:36","date_gmt":"2021-08-22T17:46:36","guid":{"rendered":"http:\/\/localhost:8888\/mlaw\/practice-areas\/practice-areas\/start-up\/"},"modified":"2023-06-23T13:02:23","modified_gmt":"2023-06-23T13:02:23","slug":"start-up","status":"publish","type":"page","link":"https:\/\/mlaw.rs\/en\/practice-areas\/practice-areas\/start-up\/","title":{"rendered":"Start up"},"content":{"rendered":"<p>&nbsp;<\/p>\n<h3><img loading=\"lazy\" decoding=\"async\" class=\"size-medium wp-image-6116 alignleft\" src=\"https:\/\/mlaw.rs\/\/wp-content\/uploads\/2021\/08\/start-up-1-300x200.jpg\" alt=\"\" width=\"300\" height=\"200\" srcset=\"https:\/\/mlaw.rs\/wp-content\/uploads\/2021\/08\/start-up-1-300x200.jpg 300w, https:\/\/mlaw.rs\/wp-content\/uploads\/2021\/08\/start-up-1-1024x683.jpg 1024w, https:\/\/mlaw.rs\/wp-content\/uploads\/2021\/08\/start-up-1-768x512.jpg 768w, https:\/\/mlaw.rs\/wp-content\/uploads\/2021\/08\/start-up-1-1536x1024.jpg 1536w\" sizes=\"auto, (max-width: 300px) 100vw, 300px\" \/>Startup<\/h3>\n<p>&nbsp;<\/p>\n<ul>\n<li><strong> Establishment of start-up companies:<\/strong> Our team provides legal support and guidance for entrepreneurs and start-ups during the process of company formation, including incorporation, registration, and drafting of company documents.\n<\/li>\n<li><strong>Corporate legal issues:<\/strong>We advise companies on a range of legal matters, including compliance, governance, risk management, and litigation.<\/li>\n<li><strong>Agreement between founders:<\/strong>We help founders negotiate and draft agreements that define ownership and control of the company, including shareholder agreements, operating agreements, and partnership agreements.<\/li>\n<li><strong> Intellectual property protection issues:<\/strong> We assist clients in protecting their intellectual property, including trademarks, copyrights, patents, and trade secrets.<\/li>\n<li><strong>Commercial contract:<\/strong> Our team drafts and reviews various types of commercial contracts, including sales agreements, supply agreements, distribution agreements, and licensing agreements.<\/li>\n<li><strong>Capital acquisition:<\/strong> We advise clients on various methods of raising capital, including equity financing, debt financing, and crowdfunding. <\/li>\n<li><strong>Company exit issues:<\/strong> We provide legal support and guidance during the process of company dissolution, mergers and acquisitions, and other types of company exits.)<\/li>\n<\/ul>\n","protected":false},"excerpt":{"rendered":"<p>&nbsp; Startup &nbsp; Establishment of start-up companies: Our team provides legal support and guidance for entrepreneurs and start-ups during the process of company formation, including incorporation, registration, and drafting of company documents. Corporate legal issues:We advise companies on a range of legal matters, including compliance, governance, risk management, and litigation. [&hellip;]<\/p>\n","protected":false},"author":1,"featured_media":6113,"parent":7550,"menu_order":0,"comment_status":"closed","ping_status":"closed","template":"","meta":{"inline_featured_image":false,"footnotes":""},"class_list":["post-7573","page","type-page","status-publish","has-post-thumbnail","hentry"],"acf":[],"yoast_head":"<!-- This site is optimized with the Yoast SEO plugin v27.4 - https:\/\/yoast.com\/product\/yoast-seo-wordpress\/ -->\n<title>Start up - Advokatska kancelarija Mom\u010dilovi\u0107 Stankovi\u0107<\/title>\n<meta name=\"description\" content=\"Advokatska kancelarija Mom\u010dilovi\u0107 svojim klijentima pru\u017ea sveobuhvatne pravne savete o svim preduzetni\u010dkim pitanjima i prati start up kompanije kroz \u010detiri faze: od osnivanja i razvoja kompanije do uspe\u0161nog finansiranja, preko prepreka korporativnog upravljanja i strukturiranja do mogu\u0107e prodaje ili spajanje sa drugim kompanijama.\" \/>\n<meta name=\"robots\" content=\"index, follow, max-snippet:-1, max-image-preview:large, max-video-preview:-1\" \/>\n<link rel=\"canonical\" href=\"https:\/\/mlaw.rs\/en\/practice-areas\/practice-areas\/start-up\/\" \/>\n<meta property=\"og:locale\" content=\"en_US\" \/>\n<meta property=\"og:type\" content=\"article\" \/>\n<meta property=\"og:title\" content=\"Start up - Advokatska kancelarija Mom\u010dilovi\u0107 Stankovi\u0107\" \/>\n<meta property=\"og:description\" content=\"Advokatska kancelarija Mom\u010dilovi\u0107 svojim klijentima pru\u017ea sveobuhvatne pravne savete o svim preduzetni\u010dkim pitanjima i prati start up kompanije kroz \u010detiri faze: od osnivanja i razvoja kompanije do uspe\u0161nog finansiranja, preko prepreka korporativnog upravljanja i strukturiranja do mogu\u0107e prodaje ili spajanje sa drugim kompanijama.\" \/>\n<meta property=\"og:url\" content=\"https:\/\/mlaw.rs\/en\/practice-areas\/practice-areas\/start-up\/\" \/>\n<meta property=\"og:site_name\" content=\"Advokatska kancelarija Mom\u010dilovi\u0107 Stankovi\u0107\" \/>\n<meta property=\"article:publisher\" content=\"https:\/\/www.facebook.com\/MomcilovicStankovic\" \/>\n<meta property=\"article:modified_time\" content=\"2023-06-23T13:02:23+00:00\" \/>\n<meta property=\"og:image\" content=\"https:\/\/mlaw.rs\/wp-content\/uploads\/2021\/08\/start-up-scaled.jpg\" \/>\n\t<meta property=\"og:image:width\" content=\"2560\" \/>\n\t<meta property=\"og:image:height\" content=\"1707\" \/>\n\t<meta property=\"og:image:type\" content=\"image\/jpeg\" \/>\n<meta name=\"twitter:card\" content=\"summary_large_image\" \/>\n<meta name=\"twitter:label1\" content=\"Est. reading time\" \/>\n\t<meta name=\"twitter:data1\" content=\"2 minutes\" \/>\n<script type=\"application\/ld+json\" class=\"yoast-schema-graph\">{\"@context\":\"https:\\\/\\\/schema.org\",\"@graph\":[{\"@type\":\"WebPage\",\"@id\":\"https:\\\/\\\/mlaw.rs\\\/en\\\/practice-areas\\\/practice-areas\\\/start-up\\\/\",\"url\":\"https:\\\/\\\/mlaw.rs\\\/en\\\/practice-areas\\\/practice-areas\\\/start-up\\\/\",\"name\":\"Start up - Advokatska kancelarija Mom\u010dilovi\u0107 Stankovi\u0107\",\"isPartOf\":{\"@id\":\"https:\\\/\\\/mlaw.rs\\\/#website\"},\"primaryImageOfPage\":{\"@id\":\"https:\\\/\\\/mlaw.rs\\\/en\\\/practice-areas\\\/practice-areas\\\/start-up\\\/#primaryimage\"},\"image\":{\"@id\":\"https:\\\/\\\/mlaw.rs\\\/en\\\/practice-areas\\\/practice-areas\\\/start-up\\\/#primaryimage\"},\"thumbnailUrl\":\"https:\\\/\\\/mlaw.rs\\\/wp-content\\\/uploads\\\/2021\\\/08\\\/start-up-scaled.jpg\",\"datePublished\":\"2021-08-22T17:46:36+00:00\",\"dateModified\":\"2023-06-23T13:02:23+00:00\",\"description\":\"Advokatska kancelarija Mom\u010dilovi\u0107 svojim klijentima pru\u017ea sveobuhvatne pravne savete o svim preduzetni\u010dkim pitanjima i prati start up kompanije kroz \u010detiri faze: od osnivanja i razvoja kompanije do uspe\u0161nog finansiranja, preko prepreka korporativnog upravljanja i strukturiranja do mogu\u0107e prodaje ili spajanje sa drugim kompanijama.\",\"breadcrumb\":{\"@id\":\"https:\\\/\\\/mlaw.rs\\\/en\\\/practice-areas\\\/practice-areas\\\/start-up\\\/#breadcrumb\"},\"inLanguage\":\"en-US\",\"potentialAction\":[{\"@type\":\"ReadAction\",\"target\":[\"https:\\\/\\\/mlaw.rs\\\/en\\\/practice-areas\\\/practice-areas\\\/start-up\\\/\"]}]},{\"@type\":\"ImageObject\",\"inLanguage\":\"en-US\",\"@id\":\"https:\\\/\\\/mlaw.rs\\\/en\\\/practice-areas\\\/practice-areas\\\/start-up\\\/#primaryimage\",\"url\":\"https:\\\/\\\/mlaw.rs\\\/wp-content\\\/uploads\\\/2021\\\/08\\\/start-up-scaled.jpg\",\"contentUrl\":\"https:\\\/\\\/mlaw.rs\\\/wp-content\\\/uploads\\\/2021\\\/08\\\/start-up-scaled.jpg\",\"width\":2560,\"height\":1707},{\"@type\":\"BreadcrumbList\",\"@id\":\"https:\\\/\\\/mlaw.rs\\\/en\\\/practice-areas\\\/practice-areas\\\/start-up\\\/#breadcrumb\",\"itemListElement\":[{\"@type\":\"ListItem\",\"position\":1,\"name\":\"\u041f\u043e\u0447\u0435\u0442\u043d\u0430\",\"item\":\"https:\\\/\\\/mlaw.rs\\\/en\\\/\"},{\"@type\":\"ListItem\",\"position\":2,\"name\":\"Practice Areas\",\"item\":\"https:\\\/\\\/mlaw.rs\\\/en\\\/practice-areas\\\/\"},{\"@type\":\"ListItem\",\"position\":3,\"name\":\"Practice Areas\",\"item\":\"https:\\\/\\\/mlaw.rs\\\/en\\\/practice-areas\\\/practice-areas\\\/\"},{\"@type\":\"ListItem\",\"position\":4,\"name\":\"Start up\"}]},{\"@type\":\"WebSite\",\"@id\":\"https:\\\/\\\/mlaw.rs\\\/#website\",\"url\":\"https:\\\/\\\/mlaw.rs\\\/\",\"name\":\"Advokatska kancelarija Mom\u010dilovi\u0107 Stankovi\u0107\",\"description\":\"Advokatska kancelarija Mom\u010dilovi\u0107 Stankovi\u0107\",\"publisher\":{\"@id\":\"https:\\\/\\\/mlaw.rs\\\/#organization\"},\"potentialAction\":[{\"@type\":\"SearchAction\",\"target\":{\"@type\":\"EntryPoint\",\"urlTemplate\":\"https:\\\/\\\/mlaw.rs\\\/?s={search_term_string}\"},\"query-input\":{\"@type\":\"PropertyValueSpecification\",\"valueRequired\":true,\"valueName\":\"search_term_string\"}}],\"inLanguage\":\"en-US\"},{\"@type\":\"Organization\",\"@id\":\"https:\\\/\\\/mlaw.rs\\\/#organization\",\"name\":\"Advokatska kancelarija Mom\u010dilovi\u0107 Stankovi\u0107\",\"url\":\"https:\\\/\\\/mlaw.rs\\\/\",\"logo\":{\"@type\":\"ImageObject\",\"inLanguage\":\"en-US\",\"@id\":\"https:\\\/\\\/mlaw.rs\\\/#\\\/schema\\\/logo\\\/image\\\/\",\"url\":\"https:\\\/\\\/mlaw.rs\\\/wp-content\\\/uploads\\\/2024\\\/01\\\/cropped-Screenshot-2024-01-06-at-12.41.19.png\",\"contentUrl\":\"https:\\\/\\\/mlaw.rs\\\/wp-content\\\/uploads\\\/2024\\\/01\\\/cropped-Screenshot-2024-01-06-at-12.41.19.png\",\"width\":512,\"height\":512,\"caption\":\"Advokatska kancelarija Mom\u010dilovi\u0107 Stankovi\u0107\"},\"image\":{\"@id\":\"https:\\\/\\\/mlaw.rs\\\/#\\\/schema\\\/logo\\\/image\\\/\"},\"sameAs\":[\"https:\\\/\\\/www.facebook.com\\\/MomcilovicStankovic\",\"https:\\\/\\\/www.linkedin.com\\\/company\\\/advokatska-kancelarija-mom\u010dilovi\u0107\"]}]}<\/script>\n<!-- \/ Yoast SEO plugin. -->","yoast_head_json":{"title":"Start up - Advokatska kancelarija Mom\u010dilovi\u0107 Stankovi\u0107","description":"Advokatska kancelarija Mom\u010dilovi\u0107 svojim klijentima pru\u017ea sveobuhvatne pravne savete o svim preduzetni\u010dkim pitanjima i prati start up kompanije kroz \u010detiri faze: od osnivanja i razvoja kompanije do uspe\u0161nog finansiranja, preko prepreka korporativnog upravljanja i strukturiranja do mogu\u0107e prodaje ili spajanje sa drugim kompanijama.","robots":{"index":"index","follow":"follow","max-snippet":"max-snippet:-1","max-image-preview":"max-image-preview:large","max-video-preview":"max-video-preview:-1"},"canonical":"https:\/\/mlaw.rs\/en\/practice-areas\/practice-areas\/start-up\/","og_locale":"en_US","og_type":"article","og_title":"Start up - Advokatska kancelarija Mom\u010dilovi\u0107 Stankovi\u0107","og_description":"Advokatska kancelarija Mom\u010dilovi\u0107 svojim klijentima pru\u017ea sveobuhvatne pravne savete o svim preduzetni\u010dkim pitanjima i prati start up kompanije kroz \u010detiri faze: od osnivanja i razvoja kompanije do uspe\u0161nog finansiranja, preko prepreka korporativnog upravljanja i strukturiranja do mogu\u0107e prodaje ili spajanje sa drugim kompanijama.","og_url":"https:\/\/mlaw.rs\/en\/practice-areas\/practice-areas\/start-up\/","og_site_name":"Advokatska kancelarija Mom\u010dilovi\u0107 Stankovi\u0107","article_publisher":"https:\/\/www.facebook.com\/MomcilovicStankovic","article_modified_time":"2023-06-23T13:02:23+00:00","og_image":[{"width":2560,"height":1707,"url":"https:\/\/mlaw.rs\/wp-content\/uploads\/2021\/08\/start-up-scaled.jpg","type":"image\/jpeg"}],"twitter_card":"summary_large_image","twitter_misc":{"Est. reading time":"2 minutes"},"schema":{"@context":"https:\/\/schema.org","@graph":[{"@type":"WebPage","@id":"https:\/\/mlaw.rs\/en\/practice-areas\/practice-areas\/start-up\/","url":"https:\/\/mlaw.rs\/en\/practice-areas\/practice-areas\/start-up\/","name":"Start up - Advokatska kancelarija Mom\u010dilovi\u0107 Stankovi\u0107","isPartOf":{"@id":"https:\/\/mlaw.rs\/#website"},"primaryImageOfPage":{"@id":"https:\/\/mlaw.rs\/en\/practice-areas\/practice-areas\/start-up\/#primaryimage"},"image":{"@id":"https:\/\/mlaw.rs\/en\/practice-areas\/practice-areas\/start-up\/#primaryimage"},"thumbnailUrl":"https:\/\/mlaw.rs\/wp-content\/uploads\/2021\/08\/start-up-scaled.jpg","datePublished":"2021-08-22T17:46:36+00:00","dateModified":"2023-06-23T13:02:23+00:00","description":"Advokatska kancelarija Mom\u010dilovi\u0107 svojim klijentima pru\u017ea sveobuhvatne pravne savete o svim preduzetni\u010dkim pitanjima i prati start up kompanije kroz \u010detiri faze: od osnivanja i razvoja kompanije do uspe\u0161nog finansiranja, preko prepreka korporativnog upravljanja i strukturiranja do mogu\u0107e prodaje ili spajanje sa drugim kompanijama.","breadcrumb":{"@id":"https:\/\/mlaw.rs\/en\/practice-areas\/practice-areas\/start-up\/#breadcrumb"},"inLanguage":"en-US","potentialAction":[{"@type":"ReadAction","target":["https:\/\/mlaw.rs\/en\/practice-areas\/practice-areas\/start-up\/"]}]},{"@type":"ImageObject","inLanguage":"en-US","@id":"https:\/\/mlaw.rs\/en\/practice-areas\/practice-areas\/start-up\/#primaryimage","url":"https:\/\/mlaw.rs\/wp-content\/uploads\/2021\/08\/start-up-scaled.jpg","contentUrl":"https:\/\/mlaw.rs\/wp-content\/uploads\/2021\/08\/start-up-scaled.jpg","width":2560,"height":1707},{"@type":"BreadcrumbList","@id":"https:\/\/mlaw.rs\/en\/practice-areas\/practice-areas\/start-up\/#breadcrumb","itemListElement":[{"@type":"ListItem","position":1,"name":"\u041f\u043e\u0447\u0435\u0442\u043d\u0430","item":"https:\/\/mlaw.rs\/en\/"},{"@type":"ListItem","position":2,"name":"Practice Areas","item":"https:\/\/mlaw.rs\/en\/practice-areas\/"},{"@type":"ListItem","position":3,"name":"Practice Areas","item":"https:\/\/mlaw.rs\/en\/practice-areas\/practice-areas\/"},{"@type":"ListItem","position":4,"name":"Start up"}]},{"@type":"WebSite","@id":"https:\/\/mlaw.rs\/#website","url":"https:\/\/mlaw.rs\/","name":"Advokatska kancelarija Mom\u010dilovi\u0107 Stankovi\u0107","description":"Advokatska kancelarija Mom\u010dilovi\u0107 Stankovi\u0107","publisher":{"@id":"https:\/\/mlaw.rs\/#organization"},"potentialAction":[{"@type":"SearchAction","target":{"@type":"EntryPoint","urlTemplate":"https:\/\/mlaw.rs\/?s={search_term_string}"},"query-input":{"@type":"PropertyValueSpecification","valueRequired":true,"valueName":"search_term_string"}}],"inLanguage":"en-US"},{"@type":"Organization","@id":"https:\/\/mlaw.rs\/#organization","name":"Advokatska kancelarija Mom\u010dilovi\u0107 Stankovi\u0107","url":"https:\/\/mlaw.rs\/","logo":{"@type":"ImageObject","inLanguage":"en-US","@id":"https:\/\/mlaw.rs\/#\/schema\/logo\/image\/","url":"https:\/\/mlaw.rs\/wp-content\/uploads\/2024\/01\/cropped-Screenshot-2024-01-06-at-12.41.19.png","contentUrl":"https:\/\/mlaw.rs\/wp-content\/uploads\/2024\/01\/cropped-Screenshot-2024-01-06-at-12.41.19.png","width":512,"height":512,"caption":"Advokatska kancelarija Mom\u010dilovi\u0107 Stankovi\u0107"},"image":{"@id":"https:\/\/mlaw.rs\/#\/schema\/logo\/image\/"},"sameAs":["https:\/\/www.facebook.com\/MomcilovicStankovic","https:\/\/www.linkedin.com\/company\/advokatska-kancelarija-mom\u010dilovi\u0107"]}]}},"_links":{"self":[{"href":"https:\/\/mlaw.rs\/en\/wp-json\/wp\/v2\/pages\/7573","targetHints":{"allow":["GET"]}}],"collection":[{"href":"https:\/\/mlaw.rs\/en\/wp-json\/wp\/v2\/pages"}],"about":[{"href":"https:\/\/mlaw.rs\/en\/wp-json\/wp\/v2\/types\/page"}],"author":[{"embeddable":true,"href":"https:\/\/mlaw.rs\/en\/wp-json\/wp\/v2\/users\/1"}],"replies":[{"embeddable":true,"href":"https:\/\/mlaw.rs\/en\/wp-json\/wp\/v2\/comments?post=7573"}],"version-history":[{"count":2,"href":"https:\/\/mlaw.rs\/en\/wp-json\/wp\/v2\/pages\/7573\/revisions"}],"predecessor-version":[{"id":7575,"href":"https:\/\/mlaw.rs\/en\/wp-json\/wp\/v2\/pages\/7573\/revisions\/7575"}],"up":[{"embeddable":true,"href":"https:\/\/mlaw.rs\/en\/wp-json\/wp\/v2\/pages\/7550"}],"wp:featuredmedia":[{"embeddable":true,"href":"https:\/\/mlaw.rs\/en\/wp-json\/wp\/v2\/media\/6113"}],"wp:attachment":[{"href":"https:\/\/mlaw.rs\/en\/wp-json\/wp\/v2\/media?parent=7573"}],"curies":[{"name":"wp","href":"https:\/\/api.w.org\/{rel}","templated":true}]}}