{"id":7594,"date":"2022-05-08T10:45:40","date_gmt":"2022-05-08T10:45:40","guid":{"rendered":"http:\/\/localhost:8888\/mlaw\/drzavna-pomoc\/"},"modified":"2023-06-23T13:17:04","modified_gmt":"2023-06-23T13:17:04","slug":"state-aid","status":"publish","type":"page","link":"https:\/\/mlaw.rs\/en\/state-aid\/","title":{"rendered":"State aid"},"content":{"rendered":"<p><span style=\"color: #ffffff;\"> State aid<\/span><\/p>\n<p><img loading=\"lazy\" decoding=\"async\" class=\"alignleft wp-image-6555 size-medium\" src=\"https:\/\/mlaw.rs\/\/wp-content\/uploads\/2022\/05\/lycs-architecture-aKij95Mmus8-unsplash-300x200.jpg\" alt=\"Dr\u017eavna pomo\u0107\" width=\"300\" height=\"200\" srcset=\"https:\/\/mlaw.rs\/wp-content\/uploads\/2022\/05\/lycs-architecture-aKij95Mmus8-unsplash-300x200.jpg 300w, https:\/\/mlaw.rs\/wp-content\/uploads\/2022\/05\/lycs-architecture-aKij95Mmus8-unsplash-1024x683.jpg 1024w, https:\/\/mlaw.rs\/wp-content\/uploads\/2022\/05\/lycs-architecture-aKij95Mmus8-unsplash-768x512.jpg 768w, https:\/\/mlaw.rs\/wp-content\/uploads\/2022\/05\/lycs-architecture-aKij95Mmus8-unsplash-1536x1024.jpg 1536w\" sizes=\"auto, (max-width: 300px) 100vw, 300px\" \/><\/p>\n<h3> State aid <\/h3>\n<p>&nbsp;<\/p>\n<ul>\n<li><strong>Advice for providers of state aid: <\/strong>Our attorneys can provide guidance to public and private companies on how to comply with state aid rules and regulations, including those set forth by national and international regulatory bodies, to ensure compliance and avoid potential penalties.<\/li>\n<li><strong>Advice for private companies:<\/strong> We can assist private companies with navigating competition law issues, including merger control, antitrust investigations, and compliance.<\/li>\n<li><strong>Assistance with cases before the competition authorities and the courts: <\/strong>Our team has experience representing clients before competition authorities and courts in a range of jurisdictions, and can provide skilled representation in all stages of a competition law matter.)<\/li>\n<\/ul>\n","protected":false},"excerpt":{"rendered":"<p>State aid State aid &nbsp; Advice for providers of state aid: Our attorneys can provide guidance to public and private companies on how to comply with state aid rules and regulations, including those set forth by national and international regulatory bodies, to ensure compliance and avoid potential penalties. Advice for [&hellip;]<\/p>\n","protected":false},"author":1,"featured_media":0,"parent":0,"menu_order":0,"comment_status":"closed","ping_status":"closed","template":"","meta":{"inline_featured_image":false,"footnotes":""},"class_list":["post-7594","page","type-page","status-publish","hentry"],"acf":[],"yoast_head":"<!-- This site is optimized with the Yoast SEO plugin v27.5 - https:\/\/yoast.com\/product\/yoast-seo-wordpress\/ -->\n<title>State aid - Advokatska kancelarija Mom\u010dilovi\u0107 Stankovi\u0107<\/title>\n<meta name=\"description\" content=\"Dr\u017eavna pomo\u0107 i pravo za\u0161itite konkurencije su oblasti na koje je na\u0161 tim stavio poseban fokus i u kojima svakodnevno pru\u017ea pravne savete\" \/>\n<meta name=\"robots\" content=\"index, follow, max-snippet:-1, max-image-preview:large, max-video-preview:-1\" \/>\n<link rel=\"canonical\" href=\"https:\/\/mlaw.rs\/en\/state-aid\/\" \/>\n<meta property=\"og:locale\" content=\"en_US\" \/>\n<meta property=\"og:type\" content=\"article\" \/>\n<meta property=\"og:title\" content=\"State aid - Advokatska kancelarija Mom\u010dilovi\u0107 Stankovi\u0107\" \/>\n<meta property=\"og:description\" content=\"Dr\u017eavna pomo\u0107 i pravo za\u0161itite konkurencije su oblasti na koje je na\u0161 tim stavio poseban fokus i u kojima svakodnevno pru\u017ea pravne savete\" \/>\n<meta property=\"og:url\" content=\"https:\/\/mlaw.rs\/en\/state-aid\/\" \/>\n<meta property=\"og:site_name\" content=\"Advokatska kancelarija Mom\u010dilovi\u0107 Stankovi\u0107\" \/>\n<meta property=\"article:publisher\" content=\"https:\/\/www.facebook.com\/MomcilovicStankovic\" \/>\n<meta property=\"article:modified_time\" content=\"2023-06-23T13:17:04+00:00\" \/>\n<meta property=\"og:image\" content=\"https:\/\/mlaw.rs\/\/wp-content\/uploads\/2022\/05\/lycs-architecture-aKij95Mmus8-unsplash-300x200.jpg\" \/>\n<meta name=\"twitter:card\" content=\"summary_large_image\" \/>\n<meta name=\"twitter:label1\" content=\"Est. reading time\" \/>\n\t<meta name=\"twitter:data1\" content=\"1 minute\" \/>\n<script type=\"application\/ld+json\" class=\"yoast-schema-graph\">{\"@context\":\"https:\\\/\\\/schema.org\",\"@graph\":[{\"@type\":\"WebPage\",\"@id\":\"https:\\\/\\\/mlaw.rs\\\/en\\\/state-aid\\\/\",\"url\":\"https:\\\/\\\/mlaw.rs\\\/en\\\/state-aid\\\/\",\"name\":\"State aid - Advokatska kancelarija Mom\u010dilovi\u0107 Stankovi\u0107\",\"isPartOf\":{\"@id\":\"https:\\\/\\\/mlaw.rs\\\/#website\"},\"primaryImageOfPage\":{\"@id\":\"https:\\\/\\\/mlaw.rs\\\/en\\\/state-aid\\\/#primaryimage\"},\"image\":{\"@id\":\"https:\\\/\\\/mlaw.rs\\\/en\\\/state-aid\\\/#primaryimage\"},\"thumbnailUrl\":\"https:\\\/\\\/mlaw.rs\\\/\\\/wp-content\\\/uploads\\\/2022\\\/05\\\/lycs-architecture-aKij95Mmus8-unsplash-300x200.jpg\",\"datePublished\":\"2022-05-08T10:45:40+00:00\",\"dateModified\":\"2023-06-23T13:17:04+00:00\",\"description\":\"Dr\u017eavna pomo\u0107 i pravo za\u0161itite konkurencije su oblasti na koje je na\u0161 tim stavio poseban fokus i u kojima svakodnevno pru\u017ea pravne savete\",\"breadcrumb\":{\"@id\":\"https:\\\/\\\/mlaw.rs\\\/en\\\/state-aid\\\/#breadcrumb\"},\"inLanguage\":\"en-US\",\"potentialAction\":[{\"@type\":\"ReadAction\",\"target\":[\"https:\\\/\\\/mlaw.rs\\\/en\\\/state-aid\\\/\"]}]},{\"@type\":\"ImageObject\",\"inLanguage\":\"en-US\",\"@id\":\"https:\\\/\\\/mlaw.rs\\\/en\\\/state-aid\\\/#primaryimage\",\"url\":\"https:\\\/\\\/mlaw.rs\\\/\\\/wp-content\\\/uploads\\\/2022\\\/05\\\/lycs-architecture-aKij95Mmus8-unsplash-300x200.jpg\",\"contentUrl\":\"https:\\\/\\\/mlaw.rs\\\/\\\/wp-content\\\/uploads\\\/2022\\\/05\\\/lycs-architecture-aKij95Mmus8-unsplash-300x200.jpg\"},{\"@type\":\"BreadcrumbList\",\"@id\":\"https:\\\/\\\/mlaw.rs\\\/en\\\/state-aid\\\/#breadcrumb\",\"itemListElement\":[{\"@type\":\"ListItem\",\"position\":1,\"name\":\"\u041f\u043e\u0447\u0435\u0442\u043d\u0430\",\"item\":\"https:\\\/\\\/mlaw.rs\\\/en\\\/\"},{\"@type\":\"ListItem\",\"position\":2,\"name\":\"State aid\"}]},{\"@type\":\"WebSite\",\"@id\":\"https:\\\/\\\/mlaw.rs\\\/#website\",\"url\":\"https:\\\/\\\/mlaw.rs\\\/\",\"name\":\"Advokatska kancelarija Mom\u010dilovi\u0107 Stankovi\u0107\",\"description\":\"Advokatska kancelarija Mom\u010dilovi\u0107 Stankovi\u0107\",\"publisher\":{\"@id\":\"https:\\\/\\\/mlaw.rs\\\/#organization\"},\"potentialAction\":[{\"@type\":\"SearchAction\",\"target\":{\"@type\":\"EntryPoint\",\"urlTemplate\":\"https:\\\/\\\/mlaw.rs\\\/?s={search_term_string}\"},\"query-input\":{\"@type\":\"PropertyValueSpecification\",\"valueRequired\":true,\"valueName\":\"search_term_string\"}}],\"inLanguage\":\"en-US\"},{\"@type\":\"Organization\",\"@id\":\"https:\\\/\\\/mlaw.rs\\\/#organization\",\"name\":\"Advokatska kancelarija Mom\u010dilovi\u0107 Stankovi\u0107\",\"url\":\"https:\\\/\\\/mlaw.rs\\\/\",\"logo\":{\"@type\":\"ImageObject\",\"inLanguage\":\"en-US\",\"@id\":\"https:\\\/\\\/mlaw.rs\\\/#\\\/schema\\\/logo\\\/image\\\/\",\"url\":\"https:\\\/\\\/mlaw.rs\\\/wp-content\\\/uploads\\\/2024\\\/01\\\/cropped-Screenshot-2024-01-06-at-12.41.19.png\",\"contentUrl\":\"https:\\\/\\\/mlaw.rs\\\/wp-content\\\/uploads\\\/2024\\\/01\\\/cropped-Screenshot-2024-01-06-at-12.41.19.png\",\"width\":512,\"height\":512,\"caption\":\"Advokatska kancelarija Mom\u010dilovi\u0107 Stankovi\u0107\"},\"image\":{\"@id\":\"https:\\\/\\\/mlaw.rs\\\/#\\\/schema\\\/logo\\\/image\\\/\"},\"sameAs\":[\"https:\\\/\\\/www.facebook.com\\\/MomcilovicStankovic\",\"https:\\\/\\\/www.linkedin.com\\\/company\\\/advokatska-kancelarija-mom\u010dilovi\u0107\"]}]}<\/script>\n<!-- \/ Yoast SEO plugin. -->","yoast_head_json":{"title":"State aid - Advokatska kancelarija Mom\u010dilovi\u0107 Stankovi\u0107","description":"Dr\u017eavna pomo\u0107 i pravo za\u0161itite konkurencije su oblasti na koje je na\u0161 tim stavio poseban fokus i u kojima svakodnevno pru\u017ea pravne savete","robots":{"index":"index","follow":"follow","max-snippet":"max-snippet:-1","max-image-preview":"max-image-preview:large","max-video-preview":"max-video-preview:-1"},"canonical":"https:\/\/mlaw.rs\/en\/state-aid\/","og_locale":"en_US","og_type":"article","og_title":"State aid - Advokatska kancelarija Mom\u010dilovi\u0107 Stankovi\u0107","og_description":"Dr\u017eavna pomo\u0107 i pravo za\u0161itite konkurencije su oblasti na koje je na\u0161 tim stavio poseban fokus i u kojima svakodnevno pru\u017ea pravne savete","og_url":"https:\/\/mlaw.rs\/en\/state-aid\/","og_site_name":"Advokatska kancelarija Mom\u010dilovi\u0107 Stankovi\u0107","article_publisher":"https:\/\/www.facebook.com\/MomcilovicStankovic","article_modified_time":"2023-06-23T13:17:04+00:00","og_image":[{"url":"https:\/\/mlaw.rs\/\/wp-content\/uploads\/2022\/05\/lycs-architecture-aKij95Mmus8-unsplash-300x200.jpg","type":"","width":"","height":""}],"twitter_card":"summary_large_image","twitter_misc":{"Est. reading time":"1 minute"},"schema":{"@context":"https:\/\/schema.org","@graph":[{"@type":"WebPage","@id":"https:\/\/mlaw.rs\/en\/state-aid\/","url":"https:\/\/mlaw.rs\/en\/state-aid\/","name":"State aid - Advokatska kancelarija Mom\u010dilovi\u0107 Stankovi\u0107","isPartOf":{"@id":"https:\/\/mlaw.rs\/#website"},"primaryImageOfPage":{"@id":"https:\/\/mlaw.rs\/en\/state-aid\/#primaryimage"},"image":{"@id":"https:\/\/mlaw.rs\/en\/state-aid\/#primaryimage"},"thumbnailUrl":"https:\/\/mlaw.rs\/\/wp-content\/uploads\/2022\/05\/lycs-architecture-aKij95Mmus8-unsplash-300x200.jpg","datePublished":"2022-05-08T10:45:40+00:00","dateModified":"2023-06-23T13:17:04+00:00","description":"Dr\u017eavna pomo\u0107 i pravo za\u0161itite konkurencije su oblasti na koje je na\u0161 tim stavio poseban fokus i u kojima svakodnevno pru\u017ea pravne savete","breadcrumb":{"@id":"https:\/\/mlaw.rs\/en\/state-aid\/#breadcrumb"},"inLanguage":"en-US","potentialAction":[{"@type":"ReadAction","target":["https:\/\/mlaw.rs\/en\/state-aid\/"]}]},{"@type":"ImageObject","inLanguage":"en-US","@id":"https:\/\/mlaw.rs\/en\/state-aid\/#primaryimage","url":"https:\/\/mlaw.rs\/\/wp-content\/uploads\/2022\/05\/lycs-architecture-aKij95Mmus8-unsplash-300x200.jpg","contentUrl":"https:\/\/mlaw.rs\/\/wp-content\/uploads\/2022\/05\/lycs-architecture-aKij95Mmus8-unsplash-300x200.jpg"},{"@type":"BreadcrumbList","@id":"https:\/\/mlaw.rs\/en\/state-aid\/#breadcrumb","itemListElement":[{"@type":"ListItem","position":1,"name":"\u041f\u043e\u0447\u0435\u0442\u043d\u0430","item":"https:\/\/mlaw.rs\/en\/"},{"@type":"ListItem","position":2,"name":"State aid"}]},{"@type":"WebSite","@id":"https:\/\/mlaw.rs\/#website","url":"https:\/\/mlaw.rs\/","name":"Advokatska kancelarija Mom\u010dilovi\u0107 Stankovi\u0107","description":"Advokatska kancelarija Mom\u010dilovi\u0107 Stankovi\u0107","publisher":{"@id":"https:\/\/mlaw.rs\/#organization"},"potentialAction":[{"@type":"SearchAction","target":{"@type":"EntryPoint","urlTemplate":"https:\/\/mlaw.rs\/?s={search_term_string}"},"query-input":{"@type":"PropertyValueSpecification","valueRequired":true,"valueName":"search_term_string"}}],"inLanguage":"en-US"},{"@type":"Organization","@id":"https:\/\/mlaw.rs\/#organization","name":"Advokatska kancelarija Mom\u010dilovi\u0107 Stankovi\u0107","url":"https:\/\/mlaw.rs\/","logo":{"@type":"ImageObject","inLanguage":"en-US","@id":"https:\/\/mlaw.rs\/#\/schema\/logo\/image\/","url":"https:\/\/mlaw.rs\/wp-content\/uploads\/2024\/01\/cropped-Screenshot-2024-01-06-at-12.41.19.png","contentUrl":"https:\/\/mlaw.rs\/wp-content\/uploads\/2024\/01\/cropped-Screenshot-2024-01-06-at-12.41.19.png","width":512,"height":512,"caption":"Advokatska kancelarija Mom\u010dilovi\u0107 Stankovi\u0107"},"image":{"@id":"https:\/\/mlaw.rs\/#\/schema\/logo\/image\/"},"sameAs":["https:\/\/www.facebook.com\/MomcilovicStankovic","https:\/\/www.linkedin.com\/company\/advokatska-kancelarija-mom\u010dilovi\u0107"]}]}},"_links":{"self":[{"href":"https:\/\/mlaw.rs\/en\/wp-json\/wp\/v2\/pages\/7594","targetHints":{"allow":["GET"]}}],"collection":[{"href":"https:\/\/mlaw.rs\/en\/wp-json\/wp\/v2\/pages"}],"about":[{"href":"https:\/\/mlaw.rs\/en\/wp-json\/wp\/v2\/types\/page"}],"author":[{"embeddable":true,"href":"https:\/\/mlaw.rs\/en\/wp-json\/wp\/v2\/users\/1"}],"replies":[{"embeddable":true,"href":"https:\/\/mlaw.rs\/en\/wp-json\/wp\/v2\/comments?post=7594"}],"version-history":[{"count":1,"href":"https:\/\/mlaw.rs\/en\/wp-json\/wp\/v2\/pages\/7594\/revisions"}],"predecessor-version":[{"id":7595,"href":"https:\/\/mlaw.rs\/en\/wp-json\/wp\/v2\/pages\/7594\/revisions\/7595"}],"wp:attachment":[{"href":"https:\/\/mlaw.rs\/en\/wp-json\/wp\/v2\/media?parent=7594"}],"curies":[{"name":"wp","href":"https:\/\/api.w.org\/{rel}","templated":true}]}}