{"id":7597,"date":"2022-05-08T11:09:46","date_gmt":"2022-05-08T11:09:46","guid":{"rendered":"http:\/\/localhost:8888\/mlaw\/zastita-potrosaca\/"},"modified":"2023-06-23T13:19:01","modified_gmt":"2023-06-23T13:19:01","slug":"consumer-protection","status":"publish","type":"page","link":"https:\/\/mlaw.rs\/en\/consumer-protection\/","title":{"rendered":"Consumer protection"},"content":{"rendered":"<p><span style=\"color: #ffffff;\"> Consumer protection<\/span><\/p>\n<h3 style=\"font-weight: 400;\"><img loading=\"lazy\" decoding=\"async\" class=\"alignleft size-medium wp-image-6567\" src=\"https:\/\/mlaw.rs\/\/wp-content\/uploads\/2022\/05\/phu-dinh-qS6BLSaa63A-unsplash-300x300.jpg\" alt=\"Consumer protection\" width=\"300\" height=\"300\" srcset=\"https:\/\/mlaw.rs\/wp-content\/uploads\/2022\/05\/phu-dinh-qS6BLSaa63A-unsplash-300x300.jpg 300w, https:\/\/mlaw.rs\/wp-content\/uploads\/2022\/05\/phu-dinh-qS6BLSaa63A-unsplash-1024x1024.jpg 1024w, https:\/\/mlaw.rs\/wp-content\/uploads\/2022\/05\/phu-dinh-qS6BLSaa63A-unsplash-150x150.jpg 150w, https:\/\/mlaw.rs\/wp-content\/uploads\/2022\/05\/phu-dinh-qS6BLSaa63A-unsplash-768x768.jpg 768w, https:\/\/mlaw.rs\/wp-content\/uploads\/2022\/05\/phu-dinh-qS6BLSaa63A-unsplash-1536x1536.jpg 1536w, https:\/\/mlaw.rs\/wp-content\/uploads\/2022\/05\/phu-dinh-qS6BLSaa63A-unsplash-20x20.jpg 20w, https:\/\/mlaw.rs\/wp-content\/uploads\/2022\/05\/phu-dinh-qS6BLSaa63A-unsplash-650x650.jpg 650w, https:\/\/mlaw.rs\/wp-content\/uploads\/2022\/05\/phu-dinh-qS6BLSaa63A-unsplash-1300x1300.jpg 1300w\" sizes=\"auto, (max-width: 300px) 100vw, 300px\" \/><\/h3>\n<h3 style=\"font-weight: 400;\"> Consumer protection<\/h3>\n<ul>\n<li>Consumer protection in case of unfair business practices, such as misleading advertising or sales tactics<\/li>\n<li>Assistance with issues related to delivery of wrong or defective products or services, including seeking refunds or exchanges<\/li>\n<li>Guidance on warranty terms and conditions, including how to handle situations where a seller fails to comply with these terms<\/li>\n<li>Representation in cases involving seller&#8217;s misdemeanor liability, including pursuing legal action to protect consumers&#8217; rights)<\/li>\n<\/ul>\n","protected":false},"excerpt":{"rendered":"<p>Consumer protection Consumer protection Consumer protection in case of unfair business practices, such as misleading advertising or sales tactics Assistance with issues related to delivery of wrong or defective products or services, including seeking refunds or exchanges Guidance on warranty terms and conditions, including how to handle situations where a [&hellip;]<\/p>\n","protected":false},"author":1,"featured_media":0,"parent":0,"menu_order":0,"comment_status":"closed","ping_status":"closed","template":"","meta":{"inline_featured_image":false,"footnotes":""},"class_list":["post-7597","page","type-page","status-publish","hentry"],"acf":[],"yoast_head":"<!-- This site is optimized with the Yoast SEO plugin v27.5 - https:\/\/yoast.com\/product\/yoast-seo-wordpress\/ -->\n<title>Consumer protection - Advokatska kancelarija Mom\u010dilovi\u0107 Stankovi\u0107<\/title>\n<meta name=\"description\" content=\"Za\u0161tita potro\u0161a\u010da i nelojalna poslovna praksa. Naknada \u0161tete. Ispunjenje ugovora. Tu\u017eba i potra\u017eivanja. Pravni savet.\" \/>\n<meta name=\"robots\" content=\"index, follow, max-snippet:-1, max-image-preview:large, max-video-preview:-1\" \/>\n<link rel=\"canonical\" href=\"https:\/\/mlaw.rs\/en\/consumer-protection\/\" \/>\n<meta property=\"og:locale\" content=\"en_US\" \/>\n<meta property=\"og:type\" content=\"article\" \/>\n<meta property=\"og:title\" content=\"Consumer protection - Advokatska kancelarija Mom\u010dilovi\u0107 Stankovi\u0107\" \/>\n<meta property=\"og:description\" content=\"Za\u0161tita potro\u0161a\u010da i nelojalna poslovna praksa. Naknada \u0161tete. Ispunjenje ugovora. Tu\u017eba i potra\u017eivanja. Pravni savet.\" \/>\n<meta property=\"og:url\" content=\"https:\/\/mlaw.rs\/en\/consumer-protection\/\" \/>\n<meta property=\"og:site_name\" content=\"Advokatska kancelarija Mom\u010dilovi\u0107 Stankovi\u0107\" \/>\n<meta property=\"article:publisher\" content=\"https:\/\/www.facebook.com\/MomcilovicStankovic\" \/>\n<meta property=\"article:modified_time\" content=\"2023-06-23T13:19:01+00:00\" \/>\n<meta property=\"og:image\" content=\"https:\/\/mlaw.rs\/\/wp-content\/uploads\/2022\/05\/phu-dinh-qS6BLSaa63A-unsplash-300x300.jpg\" \/>\n<meta name=\"twitter:card\" content=\"summary_large_image\" \/>\n<meta name=\"twitter:label1\" content=\"Est. reading time\" \/>\n\t<meta name=\"twitter:data1\" content=\"2 minutes\" \/>\n<script type=\"application\/ld+json\" class=\"yoast-schema-graph\">{\"@context\":\"https:\\\/\\\/schema.org\",\"@graph\":[{\"@type\":\"WebPage\",\"@id\":\"https:\\\/\\\/mlaw.rs\\\/en\\\/consumer-protection\\\/\",\"url\":\"https:\\\/\\\/mlaw.rs\\\/en\\\/consumer-protection\\\/\",\"name\":\"Consumer protection - Advokatska kancelarija Mom\u010dilovi\u0107 Stankovi\u0107\",\"isPartOf\":{\"@id\":\"https:\\\/\\\/mlaw.rs\\\/#website\"},\"primaryImageOfPage\":{\"@id\":\"https:\\\/\\\/mlaw.rs\\\/en\\\/consumer-protection\\\/#primaryimage\"},\"image\":{\"@id\":\"https:\\\/\\\/mlaw.rs\\\/en\\\/consumer-protection\\\/#primaryimage\"},\"thumbnailUrl\":\"https:\\\/\\\/mlaw.rs\\\/\\\/wp-content\\\/uploads\\\/2022\\\/05\\\/phu-dinh-qS6BLSaa63A-unsplash-300x300.jpg\",\"datePublished\":\"2022-05-08T11:09:46+00:00\",\"dateModified\":\"2023-06-23T13:19:01+00:00\",\"description\":\"Za\u0161tita potro\u0161a\u010da i nelojalna poslovna praksa. Naknada \u0161tete. Ispunjenje ugovora. Tu\u017eba i potra\u017eivanja. Pravni savet.\",\"breadcrumb\":{\"@id\":\"https:\\\/\\\/mlaw.rs\\\/en\\\/consumer-protection\\\/#breadcrumb\"},\"inLanguage\":\"en-US\",\"potentialAction\":[{\"@type\":\"ReadAction\",\"target\":[\"https:\\\/\\\/mlaw.rs\\\/en\\\/consumer-protection\\\/\"]}]},{\"@type\":\"ImageObject\",\"inLanguage\":\"en-US\",\"@id\":\"https:\\\/\\\/mlaw.rs\\\/en\\\/consumer-protection\\\/#primaryimage\",\"url\":\"https:\\\/\\\/mlaw.rs\\\/\\\/wp-content\\\/uploads\\\/2022\\\/05\\\/phu-dinh-qS6BLSaa63A-unsplash-300x300.jpg\",\"contentUrl\":\"https:\\\/\\\/mlaw.rs\\\/\\\/wp-content\\\/uploads\\\/2022\\\/05\\\/phu-dinh-qS6BLSaa63A-unsplash-300x300.jpg\"},{\"@type\":\"BreadcrumbList\",\"@id\":\"https:\\\/\\\/mlaw.rs\\\/en\\\/consumer-protection\\\/#breadcrumb\",\"itemListElement\":[{\"@type\":\"ListItem\",\"position\":1,\"name\":\"\u041f\u043e\u0447\u0435\u0442\u043d\u0430\",\"item\":\"https:\\\/\\\/mlaw.rs\\\/en\\\/\"},{\"@type\":\"ListItem\",\"position\":2,\"name\":\"Consumer protection\"}]},{\"@type\":\"WebSite\",\"@id\":\"https:\\\/\\\/mlaw.rs\\\/#website\",\"url\":\"https:\\\/\\\/mlaw.rs\\\/\",\"name\":\"Advokatska kancelarija Mom\u010dilovi\u0107 Stankovi\u0107\",\"description\":\"Advokatska kancelarija Mom\u010dilovi\u0107 Stankovi\u0107\",\"publisher\":{\"@id\":\"https:\\\/\\\/mlaw.rs\\\/#organization\"},\"potentialAction\":[{\"@type\":\"SearchAction\",\"target\":{\"@type\":\"EntryPoint\",\"urlTemplate\":\"https:\\\/\\\/mlaw.rs\\\/?s={search_term_string}\"},\"query-input\":{\"@type\":\"PropertyValueSpecification\",\"valueRequired\":true,\"valueName\":\"search_term_string\"}}],\"inLanguage\":\"en-US\"},{\"@type\":\"Organization\",\"@id\":\"https:\\\/\\\/mlaw.rs\\\/#organization\",\"name\":\"Advokatska kancelarija Mom\u010dilovi\u0107 Stankovi\u0107\",\"url\":\"https:\\\/\\\/mlaw.rs\\\/\",\"logo\":{\"@type\":\"ImageObject\",\"inLanguage\":\"en-US\",\"@id\":\"https:\\\/\\\/mlaw.rs\\\/#\\\/schema\\\/logo\\\/image\\\/\",\"url\":\"https:\\\/\\\/mlaw.rs\\\/wp-content\\\/uploads\\\/2024\\\/01\\\/cropped-Screenshot-2024-01-06-at-12.41.19.png\",\"contentUrl\":\"https:\\\/\\\/mlaw.rs\\\/wp-content\\\/uploads\\\/2024\\\/01\\\/cropped-Screenshot-2024-01-06-at-12.41.19.png\",\"width\":512,\"height\":512,\"caption\":\"Advokatska kancelarija Mom\u010dilovi\u0107 Stankovi\u0107\"},\"image\":{\"@id\":\"https:\\\/\\\/mlaw.rs\\\/#\\\/schema\\\/logo\\\/image\\\/\"},\"sameAs\":[\"https:\\\/\\\/www.facebook.com\\\/MomcilovicStankovic\",\"https:\\\/\\\/www.linkedin.com\\\/company\\\/advokatska-kancelarija-mom\u010dilovi\u0107\"]}]}<\/script>\n<!-- \/ Yoast SEO plugin. -->","yoast_head_json":{"title":"Consumer protection - Advokatska kancelarija Mom\u010dilovi\u0107 Stankovi\u0107","description":"Za\u0161tita potro\u0161a\u010da i nelojalna poslovna praksa. Naknada \u0161tete. Ispunjenje ugovora. Tu\u017eba i potra\u017eivanja. Pravni savet.","robots":{"index":"index","follow":"follow","max-snippet":"max-snippet:-1","max-image-preview":"max-image-preview:large","max-video-preview":"max-video-preview:-1"},"canonical":"https:\/\/mlaw.rs\/en\/consumer-protection\/","og_locale":"en_US","og_type":"article","og_title":"Consumer protection - Advokatska kancelarija Mom\u010dilovi\u0107 Stankovi\u0107","og_description":"Za\u0161tita potro\u0161a\u010da i nelojalna poslovna praksa. Naknada \u0161tete. Ispunjenje ugovora. Tu\u017eba i potra\u017eivanja. Pravni savet.","og_url":"https:\/\/mlaw.rs\/en\/consumer-protection\/","og_site_name":"Advokatska kancelarija Mom\u010dilovi\u0107 Stankovi\u0107","article_publisher":"https:\/\/www.facebook.com\/MomcilovicStankovic","article_modified_time":"2023-06-23T13:19:01+00:00","og_image":[{"url":"https:\/\/mlaw.rs\/\/wp-content\/uploads\/2022\/05\/phu-dinh-qS6BLSaa63A-unsplash-300x300.jpg","type":"","width":"","height":""}],"twitter_card":"summary_large_image","twitter_misc":{"Est. reading time":"2 minutes"},"schema":{"@context":"https:\/\/schema.org","@graph":[{"@type":"WebPage","@id":"https:\/\/mlaw.rs\/en\/consumer-protection\/","url":"https:\/\/mlaw.rs\/en\/consumer-protection\/","name":"Consumer protection - Advokatska kancelarija Mom\u010dilovi\u0107 Stankovi\u0107","isPartOf":{"@id":"https:\/\/mlaw.rs\/#website"},"primaryImageOfPage":{"@id":"https:\/\/mlaw.rs\/en\/consumer-protection\/#primaryimage"},"image":{"@id":"https:\/\/mlaw.rs\/en\/consumer-protection\/#primaryimage"},"thumbnailUrl":"https:\/\/mlaw.rs\/\/wp-content\/uploads\/2022\/05\/phu-dinh-qS6BLSaa63A-unsplash-300x300.jpg","datePublished":"2022-05-08T11:09:46+00:00","dateModified":"2023-06-23T13:19:01+00:00","description":"Za\u0161tita potro\u0161a\u010da i nelojalna poslovna praksa. Naknada \u0161tete. Ispunjenje ugovora. Tu\u017eba i potra\u017eivanja. Pravni savet.","breadcrumb":{"@id":"https:\/\/mlaw.rs\/en\/consumer-protection\/#breadcrumb"},"inLanguage":"en-US","potentialAction":[{"@type":"ReadAction","target":["https:\/\/mlaw.rs\/en\/consumer-protection\/"]}]},{"@type":"ImageObject","inLanguage":"en-US","@id":"https:\/\/mlaw.rs\/en\/consumer-protection\/#primaryimage","url":"https:\/\/mlaw.rs\/\/wp-content\/uploads\/2022\/05\/phu-dinh-qS6BLSaa63A-unsplash-300x300.jpg","contentUrl":"https:\/\/mlaw.rs\/\/wp-content\/uploads\/2022\/05\/phu-dinh-qS6BLSaa63A-unsplash-300x300.jpg"},{"@type":"BreadcrumbList","@id":"https:\/\/mlaw.rs\/en\/consumer-protection\/#breadcrumb","itemListElement":[{"@type":"ListItem","position":1,"name":"\u041f\u043e\u0447\u0435\u0442\u043d\u0430","item":"https:\/\/mlaw.rs\/en\/"},{"@type":"ListItem","position":2,"name":"Consumer protection"}]},{"@type":"WebSite","@id":"https:\/\/mlaw.rs\/#website","url":"https:\/\/mlaw.rs\/","name":"Advokatska kancelarija Mom\u010dilovi\u0107 Stankovi\u0107","description":"Advokatska kancelarija Mom\u010dilovi\u0107 Stankovi\u0107","publisher":{"@id":"https:\/\/mlaw.rs\/#organization"},"potentialAction":[{"@type":"SearchAction","target":{"@type":"EntryPoint","urlTemplate":"https:\/\/mlaw.rs\/?s={search_term_string}"},"query-input":{"@type":"PropertyValueSpecification","valueRequired":true,"valueName":"search_term_string"}}],"inLanguage":"en-US"},{"@type":"Organization","@id":"https:\/\/mlaw.rs\/#organization","name":"Advokatska kancelarija Mom\u010dilovi\u0107 Stankovi\u0107","url":"https:\/\/mlaw.rs\/","logo":{"@type":"ImageObject","inLanguage":"en-US","@id":"https:\/\/mlaw.rs\/#\/schema\/logo\/image\/","url":"https:\/\/mlaw.rs\/wp-content\/uploads\/2024\/01\/cropped-Screenshot-2024-01-06-at-12.41.19.png","contentUrl":"https:\/\/mlaw.rs\/wp-content\/uploads\/2024\/01\/cropped-Screenshot-2024-01-06-at-12.41.19.png","width":512,"height":512,"caption":"Advokatska kancelarija Mom\u010dilovi\u0107 Stankovi\u0107"},"image":{"@id":"https:\/\/mlaw.rs\/#\/schema\/logo\/image\/"},"sameAs":["https:\/\/www.facebook.com\/MomcilovicStankovic","https:\/\/www.linkedin.com\/company\/advokatska-kancelarija-mom\u010dilovi\u0107"]}]}},"_links":{"self":[{"href":"https:\/\/mlaw.rs\/en\/wp-json\/wp\/v2\/pages\/7597","targetHints":{"allow":["GET"]}}],"collection":[{"href":"https:\/\/mlaw.rs\/en\/wp-json\/wp\/v2\/pages"}],"about":[{"href":"https:\/\/mlaw.rs\/en\/wp-json\/wp\/v2\/types\/page"}],"author":[{"embeddable":true,"href":"https:\/\/mlaw.rs\/en\/wp-json\/wp\/v2\/users\/1"}],"replies":[{"embeddable":true,"href":"https:\/\/mlaw.rs\/en\/wp-json\/wp\/v2\/comments?post=7597"}],"version-history":[{"count":2,"href":"https:\/\/mlaw.rs\/en\/wp-json\/wp\/v2\/pages\/7597\/revisions"}],"predecessor-version":[{"id":7599,"href":"https:\/\/mlaw.rs\/en\/wp-json\/wp\/v2\/pages\/7597\/revisions\/7599"}],"wp:attachment":[{"href":"https:\/\/mlaw.rs\/en\/wp-json\/wp\/v2\/media?parent=7597"}],"curies":[{"name":"wp","href":"https:\/\/api.w.org\/{rel}","templated":true}]}}