{"id":7604,"date":"2022-05-08T11:53:25","date_gmt":"2022-05-08T11:53:25","guid":{"rendered":"http:\/\/localhost:8888\/mlaw\/naknada-stete\/"},"modified":"2023-06-23T13:23:18","modified_gmt":"2023-06-23T13:23:18","slug":"compensation","status":"publish","type":"page","link":"https:\/\/mlaw.rs\/en\/compensation\/","title":{"rendered":"Compensation"},"content":{"rendered":"<p style=\"font-weight: 400;\"><span style=\"color: #ffffff;\"> Compensation<\/span><\/p>\n<h3 style=\"font-weight: 400;\"><img loading=\"lazy\" decoding=\"async\" class=\"alignleft size-medium wp-image-6587\" src=\"https:\/\/mlaw.rs\/\/wp-content\/uploads\/2022\/05\/tim-gouw-bwki71ap-y8-unsplash-300x200.jpg\" alt=\"naknada \u0161tete\" width=\"300\" height=\"200\" srcset=\"https:\/\/mlaw.rs\/wp-content\/uploads\/2022\/05\/tim-gouw-bwki71ap-y8-unsplash-300x200.jpg 300w, https:\/\/mlaw.rs\/wp-content\/uploads\/2022\/05\/tim-gouw-bwki71ap-y8-unsplash-1024x684.jpg 1024w, https:\/\/mlaw.rs\/wp-content\/uploads\/2022\/05\/tim-gouw-bwki71ap-y8-unsplash-768x513.jpg 768w, https:\/\/mlaw.rs\/wp-content\/uploads\/2022\/05\/tim-gouw-bwki71ap-y8-unsplash-1536x1026.jpg 1536w, https:\/\/mlaw.rs\/wp-content\/uploads\/2022\/05\/tim-gouw-bwki71ap-y8-unsplash.jpg 1910w\" sizes=\"auto, (max-width: 300px) 100vw, 300px\" \/><\/h3>\n<h3 style=\"font-weight: 400;\"> Compensation<\/h3>\n<ul>\n<li> Our experienced team can assist you in seeking compensation for injuries sustained due to accidents, medical malpractice, or other causes.<\/li>\n<li>We handle a wide range of compensation claims, including those related to workplace accidents, traffic accidents, and occupational diseases.<\/li>\n<li>Our attorneys work tirelessly to ensure that our clients receive fair compensation for their losses, including medical expenses, lost income, and pain and suffering\n<\/li>\n<li>We understand that dealing with a personal injury can be overwhelming, and we strive to provide our clients with compassionate and personalized legal representation throughout the entire process.)<\/li>\n<\/ul>\n","protected":false},"excerpt":{"rendered":"<p>Compensation Compensation Our experienced team can assist you in seeking compensation for injuries sustained due to accidents, medical malpractice, or other causes. We handle a wide range of compensation claims, including those related to workplace accidents, traffic accidents, and occupational diseases. Our attorneys work tirelessly to ensure that our clients [&hellip;]<\/p>\n","protected":false},"author":1,"featured_media":0,"parent":0,"menu_order":0,"comment_status":"closed","ping_status":"closed","template":"","meta":{"inline_featured_image":false,"footnotes":""},"class_list":["post-7604","page","type-page","status-publish","hentry"],"acf":[],"yoast_head":"<!-- This site is optimized with the Yoast SEO plugin v27.5 - https:\/\/yoast.com\/product\/yoast-seo-wordpress\/ -->\n<title>Compensation - Advokatska kancelarija Mom\u010dilovi\u0107 Stankovi\u0107<\/title>\n<meta name=\"description\" content=\"Naknada \u0161tete materijalne i nematerijalne, naplata od osiguranja, pregovori, medijacija, sudski postupci\" \/>\n<meta name=\"robots\" content=\"index, follow, max-snippet:-1, max-image-preview:large, max-video-preview:-1\" \/>\n<link rel=\"canonical\" href=\"https:\/\/mlaw.rs\/en\/compensation\/\" \/>\n<meta property=\"og:locale\" content=\"en_US\" \/>\n<meta property=\"og:type\" content=\"article\" \/>\n<meta property=\"og:title\" content=\"Compensation - Advokatska kancelarija Mom\u010dilovi\u0107 Stankovi\u0107\" \/>\n<meta property=\"og:description\" content=\"Naknada \u0161tete materijalne i nematerijalne, naplata od osiguranja, pregovori, medijacija, sudski postupci\" \/>\n<meta property=\"og:url\" content=\"https:\/\/mlaw.rs\/en\/compensation\/\" \/>\n<meta property=\"og:site_name\" content=\"Advokatska kancelarija Mom\u010dilovi\u0107 Stankovi\u0107\" \/>\n<meta property=\"article:publisher\" content=\"https:\/\/www.facebook.com\/MomcilovicStankovic\" \/>\n<meta property=\"article:modified_time\" content=\"2023-06-23T13:23:18+00:00\" \/>\n<meta property=\"og:image\" content=\"https:\/\/mlaw.rs\/\/wp-content\/uploads\/2022\/05\/tim-gouw-bwki71ap-y8-unsplash-300x200.jpg\" \/>\n<meta name=\"twitter:card\" content=\"summary_large_image\" \/>\n<meta name=\"twitter:label1\" content=\"Est. reading time\" \/>\n\t<meta name=\"twitter:data1\" content=\"1 minute\" \/>\n<script type=\"application\/ld+json\" class=\"yoast-schema-graph\">{\"@context\":\"https:\\\/\\\/schema.org\",\"@graph\":[{\"@type\":\"WebPage\",\"@id\":\"https:\\\/\\\/mlaw.rs\\\/en\\\/compensation\\\/\",\"url\":\"https:\\\/\\\/mlaw.rs\\\/en\\\/compensation\\\/\",\"name\":\"Compensation - Advokatska kancelarija Mom\u010dilovi\u0107 Stankovi\u0107\",\"isPartOf\":{\"@id\":\"https:\\\/\\\/mlaw.rs\\\/#website\"},\"primaryImageOfPage\":{\"@id\":\"https:\\\/\\\/mlaw.rs\\\/en\\\/compensation\\\/#primaryimage\"},\"image\":{\"@id\":\"https:\\\/\\\/mlaw.rs\\\/en\\\/compensation\\\/#primaryimage\"},\"thumbnailUrl\":\"https:\\\/\\\/mlaw.rs\\\/\\\/wp-content\\\/uploads\\\/2022\\\/05\\\/tim-gouw-bwki71ap-y8-unsplash-300x200.jpg\",\"datePublished\":\"2022-05-08T11:53:25+00:00\",\"dateModified\":\"2023-06-23T13:23:18+00:00\",\"description\":\"Naknada \u0161tete materijalne i nematerijalne, naplata od osiguranja, pregovori, medijacija, sudski postupci\",\"breadcrumb\":{\"@id\":\"https:\\\/\\\/mlaw.rs\\\/en\\\/compensation\\\/#breadcrumb\"},\"inLanguage\":\"en-US\",\"potentialAction\":[{\"@type\":\"ReadAction\",\"target\":[\"https:\\\/\\\/mlaw.rs\\\/en\\\/compensation\\\/\"]}]},{\"@type\":\"ImageObject\",\"inLanguage\":\"en-US\",\"@id\":\"https:\\\/\\\/mlaw.rs\\\/en\\\/compensation\\\/#primaryimage\",\"url\":\"https:\\\/\\\/mlaw.rs\\\/\\\/wp-content\\\/uploads\\\/2022\\\/05\\\/tim-gouw-bwki71ap-y8-unsplash-300x200.jpg\",\"contentUrl\":\"https:\\\/\\\/mlaw.rs\\\/\\\/wp-content\\\/uploads\\\/2022\\\/05\\\/tim-gouw-bwki71ap-y8-unsplash-300x200.jpg\"},{\"@type\":\"BreadcrumbList\",\"@id\":\"https:\\\/\\\/mlaw.rs\\\/en\\\/compensation\\\/#breadcrumb\",\"itemListElement\":[{\"@type\":\"ListItem\",\"position\":1,\"name\":\"\u041f\u043e\u0447\u0435\u0442\u043d\u0430\",\"item\":\"https:\\\/\\\/mlaw.rs\\\/en\\\/\"},{\"@type\":\"ListItem\",\"position\":2,\"name\":\"Compensation\"}]},{\"@type\":\"WebSite\",\"@id\":\"https:\\\/\\\/mlaw.rs\\\/#website\",\"url\":\"https:\\\/\\\/mlaw.rs\\\/\",\"name\":\"Advokatska kancelarija Mom\u010dilovi\u0107 Stankovi\u0107\",\"description\":\"Advokatska kancelarija Mom\u010dilovi\u0107 Stankovi\u0107\",\"publisher\":{\"@id\":\"https:\\\/\\\/mlaw.rs\\\/#organization\"},\"potentialAction\":[{\"@type\":\"SearchAction\",\"target\":{\"@type\":\"EntryPoint\",\"urlTemplate\":\"https:\\\/\\\/mlaw.rs\\\/?s={search_term_string}\"},\"query-input\":{\"@type\":\"PropertyValueSpecification\",\"valueRequired\":true,\"valueName\":\"search_term_string\"}}],\"inLanguage\":\"en-US\"},{\"@type\":\"Organization\",\"@id\":\"https:\\\/\\\/mlaw.rs\\\/#organization\",\"name\":\"Advokatska kancelarija Mom\u010dilovi\u0107 Stankovi\u0107\",\"url\":\"https:\\\/\\\/mlaw.rs\\\/\",\"logo\":{\"@type\":\"ImageObject\",\"inLanguage\":\"en-US\",\"@id\":\"https:\\\/\\\/mlaw.rs\\\/#\\\/schema\\\/logo\\\/image\\\/\",\"url\":\"https:\\\/\\\/mlaw.rs\\\/wp-content\\\/uploads\\\/2024\\\/01\\\/cropped-Screenshot-2024-01-06-at-12.41.19.png\",\"contentUrl\":\"https:\\\/\\\/mlaw.rs\\\/wp-content\\\/uploads\\\/2024\\\/01\\\/cropped-Screenshot-2024-01-06-at-12.41.19.png\",\"width\":512,\"height\":512,\"caption\":\"Advokatska kancelarija Mom\u010dilovi\u0107 Stankovi\u0107\"},\"image\":{\"@id\":\"https:\\\/\\\/mlaw.rs\\\/#\\\/schema\\\/logo\\\/image\\\/\"},\"sameAs\":[\"https:\\\/\\\/www.facebook.com\\\/MomcilovicStankovic\",\"https:\\\/\\\/www.linkedin.com\\\/company\\\/advokatska-kancelarija-mom\u010dilovi\u0107\"]}]}<\/script>\n<!-- \/ Yoast SEO plugin. -->","yoast_head_json":{"title":"Compensation - Advokatska kancelarija Mom\u010dilovi\u0107 Stankovi\u0107","description":"Naknada \u0161tete materijalne i nematerijalne, naplata od osiguranja, pregovori, medijacija, sudski postupci","robots":{"index":"index","follow":"follow","max-snippet":"max-snippet:-1","max-image-preview":"max-image-preview:large","max-video-preview":"max-video-preview:-1"},"canonical":"https:\/\/mlaw.rs\/en\/compensation\/","og_locale":"en_US","og_type":"article","og_title":"Compensation - Advokatska kancelarija Mom\u010dilovi\u0107 Stankovi\u0107","og_description":"Naknada \u0161tete materijalne i nematerijalne, naplata od osiguranja, pregovori, medijacija, sudski postupci","og_url":"https:\/\/mlaw.rs\/en\/compensation\/","og_site_name":"Advokatska kancelarija Mom\u010dilovi\u0107 Stankovi\u0107","article_publisher":"https:\/\/www.facebook.com\/MomcilovicStankovic","article_modified_time":"2023-06-23T13:23:18+00:00","og_image":[{"url":"https:\/\/mlaw.rs\/\/wp-content\/uploads\/2022\/05\/tim-gouw-bwki71ap-y8-unsplash-300x200.jpg","type":"","width":"","height":""}],"twitter_card":"summary_large_image","twitter_misc":{"Est. reading time":"1 minute"},"schema":{"@context":"https:\/\/schema.org","@graph":[{"@type":"WebPage","@id":"https:\/\/mlaw.rs\/en\/compensation\/","url":"https:\/\/mlaw.rs\/en\/compensation\/","name":"Compensation - Advokatska kancelarija Mom\u010dilovi\u0107 Stankovi\u0107","isPartOf":{"@id":"https:\/\/mlaw.rs\/#website"},"primaryImageOfPage":{"@id":"https:\/\/mlaw.rs\/en\/compensation\/#primaryimage"},"image":{"@id":"https:\/\/mlaw.rs\/en\/compensation\/#primaryimage"},"thumbnailUrl":"https:\/\/mlaw.rs\/\/wp-content\/uploads\/2022\/05\/tim-gouw-bwki71ap-y8-unsplash-300x200.jpg","datePublished":"2022-05-08T11:53:25+00:00","dateModified":"2023-06-23T13:23:18+00:00","description":"Naknada \u0161tete materijalne i nematerijalne, naplata od osiguranja, pregovori, medijacija, sudski postupci","breadcrumb":{"@id":"https:\/\/mlaw.rs\/en\/compensation\/#breadcrumb"},"inLanguage":"en-US","potentialAction":[{"@type":"ReadAction","target":["https:\/\/mlaw.rs\/en\/compensation\/"]}]},{"@type":"ImageObject","inLanguage":"en-US","@id":"https:\/\/mlaw.rs\/en\/compensation\/#primaryimage","url":"https:\/\/mlaw.rs\/\/wp-content\/uploads\/2022\/05\/tim-gouw-bwki71ap-y8-unsplash-300x200.jpg","contentUrl":"https:\/\/mlaw.rs\/\/wp-content\/uploads\/2022\/05\/tim-gouw-bwki71ap-y8-unsplash-300x200.jpg"},{"@type":"BreadcrumbList","@id":"https:\/\/mlaw.rs\/en\/compensation\/#breadcrumb","itemListElement":[{"@type":"ListItem","position":1,"name":"\u041f\u043e\u0447\u0435\u0442\u043d\u0430","item":"https:\/\/mlaw.rs\/en\/"},{"@type":"ListItem","position":2,"name":"Compensation"}]},{"@type":"WebSite","@id":"https:\/\/mlaw.rs\/#website","url":"https:\/\/mlaw.rs\/","name":"Advokatska kancelarija Mom\u010dilovi\u0107 Stankovi\u0107","description":"Advokatska kancelarija Mom\u010dilovi\u0107 Stankovi\u0107","publisher":{"@id":"https:\/\/mlaw.rs\/#organization"},"potentialAction":[{"@type":"SearchAction","target":{"@type":"EntryPoint","urlTemplate":"https:\/\/mlaw.rs\/?s={search_term_string}"},"query-input":{"@type":"PropertyValueSpecification","valueRequired":true,"valueName":"search_term_string"}}],"inLanguage":"en-US"},{"@type":"Organization","@id":"https:\/\/mlaw.rs\/#organization","name":"Advokatska kancelarija Mom\u010dilovi\u0107 Stankovi\u0107","url":"https:\/\/mlaw.rs\/","logo":{"@type":"ImageObject","inLanguage":"en-US","@id":"https:\/\/mlaw.rs\/#\/schema\/logo\/image\/","url":"https:\/\/mlaw.rs\/wp-content\/uploads\/2024\/01\/cropped-Screenshot-2024-01-06-at-12.41.19.png","contentUrl":"https:\/\/mlaw.rs\/wp-content\/uploads\/2024\/01\/cropped-Screenshot-2024-01-06-at-12.41.19.png","width":512,"height":512,"caption":"Advokatska kancelarija Mom\u010dilovi\u0107 Stankovi\u0107"},"image":{"@id":"https:\/\/mlaw.rs\/#\/schema\/logo\/image\/"},"sameAs":["https:\/\/www.facebook.com\/MomcilovicStankovic","https:\/\/www.linkedin.com\/company\/advokatska-kancelarija-mom\u010dilovi\u0107"]}]}},"_links":{"self":[{"href":"https:\/\/mlaw.rs\/en\/wp-json\/wp\/v2\/pages\/7604","targetHints":{"allow":["GET"]}}],"collection":[{"href":"https:\/\/mlaw.rs\/en\/wp-json\/wp\/v2\/pages"}],"about":[{"href":"https:\/\/mlaw.rs\/en\/wp-json\/wp\/v2\/types\/page"}],"author":[{"embeddable":true,"href":"https:\/\/mlaw.rs\/en\/wp-json\/wp\/v2\/users\/1"}],"replies":[{"embeddable":true,"href":"https:\/\/mlaw.rs\/en\/wp-json\/wp\/v2\/comments?post=7604"}],"version-history":[{"count":1,"href":"https:\/\/mlaw.rs\/en\/wp-json\/wp\/v2\/pages\/7604\/revisions"}],"predecessor-version":[{"id":7605,"href":"https:\/\/mlaw.rs\/en\/wp-json\/wp\/v2\/pages\/7604\/revisions\/7605"}],"wp:attachment":[{"href":"https:\/\/mlaw.rs\/en\/wp-json\/wp\/v2\/media?parent=7604"}],"curies":[{"name":"wp","href":"https:\/\/api.w.org\/{rel}","templated":true}]}}