{"id":7611,"date":"2021-03-19T23:43:14","date_gmt":"2021-03-19T23:43:14","guid":{"rendered":"http:\/\/localhost:8888\/mlaw\/practice-areas\/practice-areas\/arbitraza\/"},"modified":"2023-06-23T13:27:31","modified_gmt":"2023-06-23T13:27:31","slug":"arbitration","status":"publish","type":"page","link":"https:\/\/mlaw.rs\/en\/practice-areas\/practice-areas\/arbitration\/","title":{"rendered":"Arbitration"},"content":{"rendered":"<p>[vc_row css=&#8221;.vc_custom_1617964681716{padding-top: 0px !important;padding-bottom: 0px !important;}&#8221;][vc_column width=&#8221;2\/3&#8243;][vc_single_image image=&#8221;6100&#8243; img_size=&#8221;full&#8221;][vc_column_text css=&#8221;.vc_custom_1687526799817{padding-top: 20px !important;}&#8221;]<\/p>\n<h3>Arbitration<\/h3>\n<ul>\n<li>Our experienced attorneys provide guidance on the advantages of arbitration and assist clients in selecting the most appropriate arbitration institution and procedural rules.<\/li>\n<li>We represent clients in arbitration proceedings before various domestic and international arbitral tribunals and offer legal advice throughout the entire arbitration process.<\/li>\n<li>Our team of experts also provides assistance with the enforcement of arbitral awards before national courts and competent authorities.)<\/li>\n<\/ul>\n<p>[\/vc_column_text][\/vc_column][vc_column width=&#8221;1\/3&#8243; css=&#8221;.vc_custom_1617965214920{margin-top: 0px !important;margin-bottom: 0px !important;border-top-width: 0px !important;border-bottom-width: 0px !important;padding-top: 20px !important;padding-right: 20px !important;padding-bottom: 20px !important;padding-left: 20px !important;background-color: #f6f6f6 !important;}&#8221;][vc_wp_custommenu nav_menu=&#8221;131&#8243; el_class=&#8221;template-sidebar-menu&#8221;][\/vc_column][\/vc_row]<\/p>\n","protected":false},"excerpt":{"rendered":"<p>[vc_row css=&#8221;.vc_custom_1617964681716{padding-top: 0px !important;padding-bottom: 0px !important;}&#8221;][vc_column width=&#8221;2\/3&#8243;][vc_single_image image=&#8221;6100&#8243; img_size=&#8221;full&#8221;][vc_column_text css=&#8221;.vc_custom_1687526799817{padding-top: 20px !important;}&#8221;] Arbitration Our experienced attorneys provide guidance on the advantages of arbitration and assist clients in selecting the most appropriate arbitration institution and procedural rules. We represent clients in arbitration proceedings before various domestic and international arbitral tribunals and [&hellip;]<\/p>\n","protected":false},"author":1,"featured_media":0,"parent":7550,"menu_order":0,"comment_status":"closed","ping_status":"closed","template":"","meta":{"inline_featured_image":false,"footnotes":""},"class_list":["post-7611","page","type-page","status-publish","hentry"],"acf":[],"yoast_head":"<!-- This site is optimized with the Yoast SEO plugin v27.5 - https:\/\/yoast.com\/product\/yoast-seo-wordpress\/ -->\n<title>Arbitration - Advokatska kancelarija Mom\u010dilovi\u0107 Stankovi\u0107<\/title>\n<meta name=\"description\" content=\"Kad se bave slo\u017eenim pitanjima, velike kompanije \u010desto tra\u017ee na\u010din da potencijalne sporove re\u0161e arbitra\u017eni sudovi i da na taj na\u010din zaobi\u0111u redovne sudove, \u010diji postupci znaju pored mnogih manjkavosti tako\u0111e i da traju neprocenjivo dugo. Advokati iz advokatske kancelarije Mom\u010dilovi\u0107 godinama rade na nacionalnom i me\u0111unarodnom nivou u oblasti arbitra\u017ee i rado \u0107e vas posavetovati o temama kao \u0161to su:\" \/>\n<meta name=\"robots\" content=\"index, follow, max-snippet:-1, max-image-preview:large, max-video-preview:-1\" \/>\n<link rel=\"canonical\" href=\"https:\/\/mlaw.rs\/kompetencije\/oblasti-prava\/arbitraza\/\" \/>\n<meta property=\"og:locale\" content=\"en_US\" \/>\n<meta property=\"og:type\" content=\"article\" \/>\n<meta property=\"og:title\" content=\"Advokatska kancelarija Mom\u010dilovi\u0107- Arbitra\u017ea\" \/>\n<meta property=\"og:description\" content=\"Kad se bave slo\u017eenim pitanjima, velike kompanije \u010desto tra\u017ee na\u010din da potencijalne sporove re\u0161e arbitra\u017eni sudovi i da na taj na\u010din zaobi\u0111u redovne sudove, \u010diji postupci znaju pored mnogih manjkavosti tako\u0111e i da traju neprocenjivo dugo. U svrhu vo\u0111enja efikasnog arbitra\u017enog postupka, stranke ve\u0161to odlu\u010duju da imenuju arbitre sa pravnim iskustvom na osnovu zakonskih i institucionalnih proceduralnih pravila (kao \u0161to su ICC, LCIA, DIS, \u0160vajcarska pravila, Be\u010dka pravila, UNCITRAL itd.).\" \/>\n<meta property=\"og:url\" content=\"https:\/\/mlaw.rs\/kompetencije\/oblasti-prava\/arbitraza\/\" \/>\n<meta property=\"og:site_name\" content=\"Advokatska kancelarija Mom\u010dilovi\u0107 Stankovi\u0107\" \/>\n<meta property=\"article:publisher\" content=\"https:\/\/www.facebook.com\/MomcilovicStankovic\" \/>\n<meta property=\"article:modified_time\" content=\"2023-06-23T13:27:31+00:00\" \/>\n<meta property=\"og:image\" content=\"https:\/\/mlaw.rs\/wp-content\/uploads\/2021\/08\/M.Law-Logo.jpg\" \/>\n\t<meta property=\"og:image:width\" content=\"828\" \/>\n\t<meta property=\"og:image:height\" content=\"845\" \/>\n\t<meta property=\"og:image:type\" content=\"image\/jpeg\" \/>\n<meta name=\"twitter:card\" content=\"summary_large_image\" \/>\n<meta name=\"twitter:label1\" content=\"Est. reading time\" \/>\n\t<meta name=\"twitter:data1\" content=\"2 minutes\" \/>\n<script type=\"application\/ld+json\" class=\"yoast-schema-graph\">{\"@context\":\"https:\\\/\\\/schema.org\",\"@graph\":[{\"@type\":[\"WebPage\",\"CollectionPage\"],\"@id\":\"https:\\\/\\\/mlaw.rs\\\/kompetencije\\\/oblasti-prava\\\/arbitraza\\\/\",\"url\":\"https:\\\/\\\/mlaw.rs\\\/kompetencije\\\/oblasti-prava\\\/arbitraza\\\/\",\"name\":\"Arbitration - Advokatska kancelarija Mom\u010dilovi\u0107 Stankovi\u0107\",\"isPartOf\":{\"@id\":\"https:\\\/\\\/mlaw.rs\\\/#website\"},\"datePublished\":\"2021-03-19T23:43:14+00:00\",\"dateModified\":\"2023-06-23T13:27:31+00:00\",\"description\":\"Kad se bave slo\u017eenim pitanjima, velike kompanije \u010desto tra\u017ee na\u010din da potencijalne sporove re\u0161e arbitra\u017eni sudovi i da na taj na\u010din zaobi\u0111u redovne sudove, \u010diji postupci znaju pored mnogih manjkavosti tako\u0111e i da traju neprocenjivo dugo. Advokati iz advokatske kancelarije Mom\u010dilovi\u0107 godinama rade na nacionalnom i me\u0111unarodnom nivou u oblasti arbitra\u017ee i rado \u0107e vas posavetovati o temama kao \u0161to su:\",\"breadcrumb\":{\"@id\":\"https:\\\/\\\/mlaw.rs\\\/kompetencije\\\/oblasti-prava\\\/arbitraza\\\/#breadcrumb\"},\"inLanguage\":\"en-US\"},{\"@type\":\"BreadcrumbList\",\"@id\":\"https:\\\/\\\/mlaw.rs\\\/kompetencije\\\/oblasti-prava\\\/arbitraza\\\/#breadcrumb\",\"itemListElement\":[{\"@type\":\"ListItem\",\"position\":1,\"name\":\"\u041f\u043e\u0447\u0435\u0442\u043d\u0430\",\"item\":\"https:\\\/\\\/mlaw.rs\\\/en\\\/\"},{\"@type\":\"ListItem\",\"position\":2,\"name\":\"Practice Areas\",\"item\":\"https:\\\/\\\/mlaw.rs\\\/en\\\/practice-areas\\\/\"},{\"@type\":\"ListItem\",\"position\":3,\"name\":\"Practice Areas\",\"item\":\"https:\\\/\\\/mlaw.rs\\\/en\\\/practice-areas\\\/practice-areas\\\/\"},{\"@type\":\"ListItem\",\"position\":4,\"name\":\"Arbitration\"}]},{\"@type\":\"WebSite\",\"@id\":\"https:\\\/\\\/mlaw.rs\\\/#website\",\"url\":\"https:\\\/\\\/mlaw.rs\\\/\",\"name\":\"Advokatska kancelarija Mom\u010dilovi\u0107 Stankovi\u0107\",\"description\":\"Advokatska kancelarija Mom\u010dilovi\u0107 Stankovi\u0107\",\"publisher\":{\"@id\":\"https:\\\/\\\/mlaw.rs\\\/#organization\"},\"potentialAction\":[{\"@type\":\"SearchAction\",\"target\":{\"@type\":\"EntryPoint\",\"urlTemplate\":\"https:\\\/\\\/mlaw.rs\\\/?s={search_term_string}\"},\"query-input\":{\"@type\":\"PropertyValueSpecification\",\"valueRequired\":true,\"valueName\":\"search_term_string\"}}],\"inLanguage\":\"en-US\"},{\"@type\":\"Organization\",\"@id\":\"https:\\\/\\\/mlaw.rs\\\/#organization\",\"name\":\"Advokatska kancelarija Mom\u010dilovi\u0107 Stankovi\u0107\",\"url\":\"https:\\\/\\\/mlaw.rs\\\/\",\"logo\":{\"@type\":\"ImageObject\",\"inLanguage\":\"en-US\",\"@id\":\"https:\\\/\\\/mlaw.rs\\\/#\\\/schema\\\/logo\\\/image\\\/\",\"url\":\"https:\\\/\\\/mlaw.rs\\\/wp-content\\\/uploads\\\/2024\\\/01\\\/cropped-Screenshot-2024-01-06-at-12.41.19.png\",\"contentUrl\":\"https:\\\/\\\/mlaw.rs\\\/wp-content\\\/uploads\\\/2024\\\/01\\\/cropped-Screenshot-2024-01-06-at-12.41.19.png\",\"width\":512,\"height\":512,\"caption\":\"Advokatska kancelarija Mom\u010dilovi\u0107 Stankovi\u0107\"},\"image\":{\"@id\":\"https:\\\/\\\/mlaw.rs\\\/#\\\/schema\\\/logo\\\/image\\\/\"},\"sameAs\":[\"https:\\\/\\\/www.facebook.com\\\/MomcilovicStankovic\",\"https:\\\/\\\/www.linkedin.com\\\/company\\\/advokatska-kancelarija-mom\u010dilovi\u0107\"]}]}<\/script>\n<!-- \/ Yoast SEO plugin. -->","yoast_head_json":{"title":"Arbitration - Advokatska kancelarija Mom\u010dilovi\u0107 Stankovi\u0107","description":"Kad se bave slo\u017eenim pitanjima, velike kompanije \u010desto tra\u017ee na\u010din da potencijalne sporove re\u0161e arbitra\u017eni sudovi i da na taj na\u010din zaobi\u0111u redovne sudove, \u010diji postupci znaju pored mnogih manjkavosti tako\u0111e i da traju neprocenjivo dugo. Advokati iz advokatske kancelarije Mom\u010dilovi\u0107 godinama rade na nacionalnom i me\u0111unarodnom nivou u oblasti arbitra\u017ee i rado \u0107e vas posavetovati o temama kao \u0161to su:","robots":{"index":"index","follow":"follow","max-snippet":"max-snippet:-1","max-image-preview":"max-image-preview:large","max-video-preview":"max-video-preview:-1"},"canonical":"https:\/\/mlaw.rs\/kompetencije\/oblasti-prava\/arbitraza\/","og_locale":"en_US","og_type":"article","og_title":"Advokatska kancelarija Mom\u010dilovi\u0107- Arbitra\u017ea","og_description":"Kad se bave slo\u017eenim pitanjima, velike kompanije \u010desto tra\u017ee na\u010din da potencijalne sporove re\u0161e arbitra\u017eni sudovi i da na taj na\u010din zaobi\u0111u redovne sudove, \u010diji postupci znaju pored mnogih manjkavosti tako\u0111e i da traju neprocenjivo dugo. U svrhu vo\u0111enja efikasnog arbitra\u017enog postupka, stranke ve\u0161to odlu\u010duju da imenuju arbitre sa pravnim iskustvom na osnovu zakonskih i institucionalnih proceduralnih pravila (kao \u0161to su ICC, LCIA, DIS, \u0160vajcarska pravila, Be\u010dka pravila, UNCITRAL itd.).","og_url":"https:\/\/mlaw.rs\/kompetencije\/oblasti-prava\/arbitraza\/","og_site_name":"Advokatska kancelarija Mom\u010dilovi\u0107 Stankovi\u0107","article_publisher":"https:\/\/www.facebook.com\/MomcilovicStankovic","article_modified_time":"2023-06-23T13:27:31+00:00","og_image":[{"width":828,"height":845,"url":"https:\/\/mlaw.rs\/wp-content\/uploads\/2021\/08\/M.Law-Logo.jpg","type":"image\/jpeg"}],"twitter_card":"summary_large_image","twitter_misc":{"Est. reading time":"2 minutes"},"schema":{"@context":"https:\/\/schema.org","@graph":[{"@type":["WebPage","CollectionPage"],"@id":"https:\/\/mlaw.rs\/kompetencije\/oblasti-prava\/arbitraza\/","url":"https:\/\/mlaw.rs\/kompetencije\/oblasti-prava\/arbitraza\/","name":"Arbitration - Advokatska kancelarija Mom\u010dilovi\u0107 Stankovi\u0107","isPartOf":{"@id":"https:\/\/mlaw.rs\/#website"},"datePublished":"2021-03-19T23:43:14+00:00","dateModified":"2023-06-23T13:27:31+00:00","description":"Kad se bave slo\u017eenim pitanjima, velike kompanije \u010desto tra\u017ee na\u010din da potencijalne sporove re\u0161e arbitra\u017eni sudovi i da na taj na\u010din zaobi\u0111u redovne sudove, \u010diji postupci znaju pored mnogih manjkavosti tako\u0111e i da traju neprocenjivo dugo. Advokati iz advokatske kancelarije Mom\u010dilovi\u0107 godinama rade na nacionalnom i me\u0111unarodnom nivou u oblasti arbitra\u017ee i rado \u0107e vas posavetovati o temama kao \u0161to su:","breadcrumb":{"@id":"https:\/\/mlaw.rs\/kompetencije\/oblasti-prava\/arbitraza\/#breadcrumb"},"inLanguage":"en-US"},{"@type":"BreadcrumbList","@id":"https:\/\/mlaw.rs\/kompetencije\/oblasti-prava\/arbitraza\/#breadcrumb","itemListElement":[{"@type":"ListItem","position":1,"name":"\u041f\u043e\u0447\u0435\u0442\u043d\u0430","item":"https:\/\/mlaw.rs\/en\/"},{"@type":"ListItem","position":2,"name":"Practice Areas","item":"https:\/\/mlaw.rs\/en\/practice-areas\/"},{"@type":"ListItem","position":3,"name":"Practice Areas","item":"https:\/\/mlaw.rs\/en\/practice-areas\/practice-areas\/"},{"@type":"ListItem","position":4,"name":"Arbitration"}]},{"@type":"WebSite","@id":"https:\/\/mlaw.rs\/#website","url":"https:\/\/mlaw.rs\/","name":"Advokatska kancelarija Mom\u010dilovi\u0107 Stankovi\u0107","description":"Advokatska kancelarija Mom\u010dilovi\u0107 Stankovi\u0107","publisher":{"@id":"https:\/\/mlaw.rs\/#organization"},"potentialAction":[{"@type":"SearchAction","target":{"@type":"EntryPoint","urlTemplate":"https:\/\/mlaw.rs\/?s={search_term_string}"},"query-input":{"@type":"PropertyValueSpecification","valueRequired":true,"valueName":"search_term_string"}}],"inLanguage":"en-US"},{"@type":"Organization","@id":"https:\/\/mlaw.rs\/#organization","name":"Advokatska kancelarija Mom\u010dilovi\u0107 Stankovi\u0107","url":"https:\/\/mlaw.rs\/","logo":{"@type":"ImageObject","inLanguage":"en-US","@id":"https:\/\/mlaw.rs\/#\/schema\/logo\/image\/","url":"https:\/\/mlaw.rs\/wp-content\/uploads\/2024\/01\/cropped-Screenshot-2024-01-06-at-12.41.19.png","contentUrl":"https:\/\/mlaw.rs\/wp-content\/uploads\/2024\/01\/cropped-Screenshot-2024-01-06-at-12.41.19.png","width":512,"height":512,"caption":"Advokatska kancelarija Mom\u010dilovi\u0107 Stankovi\u0107"},"image":{"@id":"https:\/\/mlaw.rs\/#\/schema\/logo\/image\/"},"sameAs":["https:\/\/www.facebook.com\/MomcilovicStankovic","https:\/\/www.linkedin.com\/company\/advokatska-kancelarija-mom\u010dilovi\u0107"]}]}},"_links":{"self":[{"href":"https:\/\/mlaw.rs\/en\/wp-json\/wp\/v2\/pages\/7611","targetHints":{"allow":["GET"]}}],"collection":[{"href":"https:\/\/mlaw.rs\/en\/wp-json\/wp\/v2\/pages"}],"about":[{"href":"https:\/\/mlaw.rs\/en\/wp-json\/wp\/v2\/types\/page"}],"author":[{"embeddable":true,"href":"https:\/\/mlaw.rs\/en\/wp-json\/wp\/v2\/users\/1"}],"replies":[{"embeddable":true,"href":"https:\/\/mlaw.rs\/en\/wp-json\/wp\/v2\/comments?post=7611"}],"version-history":[{"count":2,"href":"https:\/\/mlaw.rs\/en\/wp-json\/wp\/v2\/pages\/7611\/revisions"}],"predecessor-version":[{"id":7613,"href":"https:\/\/mlaw.rs\/en\/wp-json\/wp\/v2\/pages\/7611\/revisions\/7613"}],"up":[{"embeddable":true,"href":"https:\/\/mlaw.rs\/en\/wp-json\/wp\/v2\/pages\/7550"}],"wp:attachment":[{"href":"https:\/\/mlaw.rs\/en\/wp-json\/wp\/v2\/media?parent=7611"}],"curies":[{"name":"wp","href":"https:\/\/api.w.org\/{rel}","templated":true}]}}