{"id":7637,"date":"2022-05-08T14:20:40","date_gmt":"2022-05-08T14:20:40","guid":{"rendered":"http:\/\/localhost:8888\/mlaw\/practice-areas\/practice-areas\/upravno-pravo\/"},"modified":"2023-06-23T14:07:20","modified_gmt":"2023-06-23T14:07:20","slug":"administrative-law","status":"publish","type":"page","link":"https:\/\/mlaw.rs\/en\/practice-areas\/practice-areas\/administrative-law\/","title":{"rendered":"Administrative law"},"content":{"rendered":"<p style=\"font-weight: 400;\"><span style=\"color: #ffffff;\"> Administrative law <\/span><\/p>\n<h3 style=\"font-weight: 400;\"><img loading=\"lazy\" decoding=\"async\" class=\"alignleft size-medium wp-image-6667\" src=\"https:\/\/mlaw.rs\/\/wp-content\/uploads\/2022\/05\/jj-ying-WmnsGyaFnCQ-unsplash-300x200.jpg\" alt=\"Upravno pravo\" width=\"300\" height=\"200\" srcset=\"https:\/\/mlaw.rs\/wp-content\/uploads\/2022\/05\/jj-ying-WmnsGyaFnCQ-unsplash-300x200.jpg 300w, https:\/\/mlaw.rs\/wp-content\/uploads\/2022\/05\/jj-ying-WmnsGyaFnCQ-unsplash-1024x683.jpg 1024w, https:\/\/mlaw.rs\/wp-content\/uploads\/2022\/05\/jj-ying-WmnsGyaFnCQ-unsplash-768x512.jpg 768w, https:\/\/mlaw.rs\/wp-content\/uploads\/2022\/05\/jj-ying-WmnsGyaFnCQ-unsplash-1536x1024.jpg 1536w\" sizes=\"auto, (max-width: 300px) 100vw, 300px\" \/> Administrative law <\/h3>\n<ul>\n<li>Our law firm provides legal assistance to individuals and companies in administrative proceedings before the various Serbian administrative bodies, including the Commercial register, Patent and trademark office, Customs, and other regulatory agencies.<\/li>\n<li>We assist clients with a wide range of administrative law matters, including licensing, permitting, regulatory compliance, and enforcement proceedings.<\/li>\n<li>Our team of experienced lawyers can help clients navigate the complexities of administrative law in Serbia and provide effective representation in disputes with regulatory authorities.<\/li>\n<li>We are dedicated to providing our clients with practical solutions and sound legal advice to help them achieve their business objectives and protect their interests in the face of government regulation and enforcement.)<\/li>\n<\/ul>\n","protected":false},"excerpt":{"rendered":"<p>Administrative law Administrative law Our law firm provides legal assistance to individuals and companies in administrative proceedings before the various Serbian administrative bodies, including the Commercial register, Patent and trademark office, Customs, and other regulatory agencies. We assist clients with a wide range of administrative law matters, including licensing, permitting, [&hellip;]<\/p>\n","protected":false},"author":1,"featured_media":0,"parent":7550,"menu_order":0,"comment_status":"closed","ping_status":"closed","template":"","meta":{"inline_featured_image":false,"footnotes":""},"class_list":["post-7637","page","type-page","status-publish","hentry"],"acf":[],"yoast_head":"<!-- This site is optimized with the Yoast SEO plugin v27.4 - https:\/\/yoast.com\/product\/yoast-seo-wordpress\/ -->\n<title>Administrative law - Advokatska kancelarija Mom\u010dilovi\u0107 Stankovi\u0107<\/title>\n<meta name=\"description\" content=\"Upravno pravo: pokretanje i zastupanje u svim vrstama upravnih postupaka i sporova i pravno savetovanje\" \/>\n<meta name=\"robots\" content=\"index, follow, max-snippet:-1, max-image-preview:large, max-video-preview:-1\" \/>\n<link rel=\"canonical\" href=\"https:\/\/mlaw.rs\/en\/practice-areas\/practice-areas\/administrative-law\/\" \/>\n<meta property=\"og:locale\" content=\"en_US\" \/>\n<meta property=\"og:type\" content=\"article\" \/>\n<meta property=\"og:title\" content=\"Administrative law - Advokatska kancelarija Mom\u010dilovi\u0107 Stankovi\u0107\" \/>\n<meta property=\"og:description\" content=\"Upravno pravo: pokretanje i zastupanje u svim vrstama upravnih postupaka i sporova i pravno savetovanje\" \/>\n<meta property=\"og:url\" content=\"https:\/\/mlaw.rs\/en\/practice-areas\/practice-areas\/administrative-law\/\" \/>\n<meta property=\"og:site_name\" content=\"Advokatska kancelarija Mom\u010dilovi\u0107 Stankovi\u0107\" \/>\n<meta property=\"article:publisher\" content=\"https:\/\/www.facebook.com\/MomcilovicStankovic\" \/>\n<meta property=\"article:modified_time\" content=\"2023-06-23T14:07:20+00:00\" \/>\n<meta property=\"og:image\" content=\"https:\/\/mlaw.rs\/\/wp-content\/uploads\/2022\/05\/jj-ying-WmnsGyaFnCQ-unsplash-300x200.jpg\" \/>\n<meta name=\"twitter:card\" content=\"summary_large_image\" \/>\n<meta name=\"twitter:label1\" content=\"Est. reading time\" \/>\n\t<meta name=\"twitter:data1\" content=\"1 minute\" \/>\n<script type=\"application\/ld+json\" class=\"yoast-schema-graph\">{\"@context\":\"https:\\\/\\\/schema.org\",\"@graph\":[{\"@type\":\"WebPage\",\"@id\":\"https:\\\/\\\/mlaw.rs\\\/en\\\/practice-areas\\\/practice-areas\\\/administrative-law\\\/\",\"url\":\"https:\\\/\\\/mlaw.rs\\\/en\\\/practice-areas\\\/practice-areas\\\/administrative-law\\\/\",\"name\":\"Administrative law - Advokatska kancelarija Mom\u010dilovi\u0107 Stankovi\u0107\",\"isPartOf\":{\"@id\":\"https:\\\/\\\/mlaw.rs\\\/#website\"},\"primaryImageOfPage\":{\"@id\":\"https:\\\/\\\/mlaw.rs\\\/en\\\/practice-areas\\\/practice-areas\\\/administrative-law\\\/#primaryimage\"},\"image\":{\"@id\":\"https:\\\/\\\/mlaw.rs\\\/en\\\/practice-areas\\\/practice-areas\\\/administrative-law\\\/#primaryimage\"},\"thumbnailUrl\":\"https:\\\/\\\/mlaw.rs\\\/\\\/wp-content\\\/uploads\\\/2022\\\/05\\\/jj-ying-WmnsGyaFnCQ-unsplash-300x200.jpg\",\"datePublished\":\"2022-05-08T14:20:40+00:00\",\"dateModified\":\"2023-06-23T14:07:20+00:00\",\"description\":\"Upravno pravo: pokretanje i zastupanje u svim vrstama upravnih postupaka i sporova i pravno savetovanje\",\"breadcrumb\":{\"@id\":\"https:\\\/\\\/mlaw.rs\\\/en\\\/practice-areas\\\/practice-areas\\\/administrative-law\\\/#breadcrumb\"},\"inLanguage\":\"en-US\",\"potentialAction\":[{\"@type\":\"ReadAction\",\"target\":[\"https:\\\/\\\/mlaw.rs\\\/en\\\/practice-areas\\\/practice-areas\\\/administrative-law\\\/\"]}]},{\"@type\":\"ImageObject\",\"inLanguage\":\"en-US\",\"@id\":\"https:\\\/\\\/mlaw.rs\\\/en\\\/practice-areas\\\/practice-areas\\\/administrative-law\\\/#primaryimage\",\"url\":\"https:\\\/\\\/mlaw.rs\\\/\\\/wp-content\\\/uploads\\\/2022\\\/05\\\/jj-ying-WmnsGyaFnCQ-unsplash-300x200.jpg\",\"contentUrl\":\"https:\\\/\\\/mlaw.rs\\\/\\\/wp-content\\\/uploads\\\/2022\\\/05\\\/jj-ying-WmnsGyaFnCQ-unsplash-300x200.jpg\"},{\"@type\":\"BreadcrumbList\",\"@id\":\"https:\\\/\\\/mlaw.rs\\\/en\\\/practice-areas\\\/practice-areas\\\/administrative-law\\\/#breadcrumb\",\"itemListElement\":[{\"@type\":\"ListItem\",\"position\":1,\"name\":\"\u041f\u043e\u0447\u0435\u0442\u043d\u0430\",\"item\":\"https:\\\/\\\/mlaw.rs\\\/en\\\/\"},{\"@type\":\"ListItem\",\"position\":2,\"name\":\"Practice Areas\",\"item\":\"https:\\\/\\\/mlaw.rs\\\/en\\\/practice-areas\\\/\"},{\"@type\":\"ListItem\",\"position\":3,\"name\":\"Practice Areas\",\"item\":\"https:\\\/\\\/mlaw.rs\\\/en\\\/practice-areas\\\/practice-areas\\\/\"},{\"@type\":\"ListItem\",\"position\":4,\"name\":\"Administrative law\"}]},{\"@type\":\"WebSite\",\"@id\":\"https:\\\/\\\/mlaw.rs\\\/#website\",\"url\":\"https:\\\/\\\/mlaw.rs\\\/\",\"name\":\"Advokatska kancelarija Mom\u010dilovi\u0107 Stankovi\u0107\",\"description\":\"Advokatska kancelarija Mom\u010dilovi\u0107 Stankovi\u0107\",\"publisher\":{\"@id\":\"https:\\\/\\\/mlaw.rs\\\/#organization\"},\"potentialAction\":[{\"@type\":\"SearchAction\",\"target\":{\"@type\":\"EntryPoint\",\"urlTemplate\":\"https:\\\/\\\/mlaw.rs\\\/?s={search_term_string}\"},\"query-input\":{\"@type\":\"PropertyValueSpecification\",\"valueRequired\":true,\"valueName\":\"search_term_string\"}}],\"inLanguage\":\"en-US\"},{\"@type\":\"Organization\",\"@id\":\"https:\\\/\\\/mlaw.rs\\\/#organization\",\"name\":\"Advokatska kancelarija Mom\u010dilovi\u0107 Stankovi\u0107\",\"url\":\"https:\\\/\\\/mlaw.rs\\\/\",\"logo\":{\"@type\":\"ImageObject\",\"inLanguage\":\"en-US\",\"@id\":\"https:\\\/\\\/mlaw.rs\\\/#\\\/schema\\\/logo\\\/image\\\/\",\"url\":\"https:\\\/\\\/mlaw.rs\\\/wp-content\\\/uploads\\\/2024\\\/01\\\/cropped-Screenshot-2024-01-06-at-12.41.19.png\",\"contentUrl\":\"https:\\\/\\\/mlaw.rs\\\/wp-content\\\/uploads\\\/2024\\\/01\\\/cropped-Screenshot-2024-01-06-at-12.41.19.png\",\"width\":512,\"height\":512,\"caption\":\"Advokatska kancelarija Mom\u010dilovi\u0107 Stankovi\u0107\"},\"image\":{\"@id\":\"https:\\\/\\\/mlaw.rs\\\/#\\\/schema\\\/logo\\\/image\\\/\"},\"sameAs\":[\"https:\\\/\\\/www.facebook.com\\\/MomcilovicStankovic\",\"https:\\\/\\\/www.linkedin.com\\\/company\\\/advokatska-kancelarija-mom\u010dilovi\u0107\"]}]}<\/script>\n<!-- \/ Yoast SEO plugin. -->","yoast_head_json":{"title":"Administrative law - Advokatska kancelarija Mom\u010dilovi\u0107 Stankovi\u0107","description":"Upravno pravo: pokretanje i zastupanje u svim vrstama upravnih postupaka i sporova i pravno savetovanje","robots":{"index":"index","follow":"follow","max-snippet":"max-snippet:-1","max-image-preview":"max-image-preview:large","max-video-preview":"max-video-preview:-1"},"canonical":"https:\/\/mlaw.rs\/en\/practice-areas\/practice-areas\/administrative-law\/","og_locale":"en_US","og_type":"article","og_title":"Administrative law - Advokatska kancelarija Mom\u010dilovi\u0107 Stankovi\u0107","og_description":"Upravno pravo: pokretanje i zastupanje u svim vrstama upravnih postupaka i sporova i pravno savetovanje","og_url":"https:\/\/mlaw.rs\/en\/practice-areas\/practice-areas\/administrative-law\/","og_site_name":"Advokatska kancelarija Mom\u010dilovi\u0107 Stankovi\u0107","article_publisher":"https:\/\/www.facebook.com\/MomcilovicStankovic","article_modified_time":"2023-06-23T14:07:20+00:00","og_image":[{"url":"https:\/\/mlaw.rs\/\/wp-content\/uploads\/2022\/05\/jj-ying-WmnsGyaFnCQ-unsplash-300x200.jpg","type":"","width":"","height":""}],"twitter_card":"summary_large_image","twitter_misc":{"Est. reading time":"1 minute"},"schema":{"@context":"https:\/\/schema.org","@graph":[{"@type":"WebPage","@id":"https:\/\/mlaw.rs\/en\/practice-areas\/practice-areas\/administrative-law\/","url":"https:\/\/mlaw.rs\/en\/practice-areas\/practice-areas\/administrative-law\/","name":"Administrative law - Advokatska kancelarija Mom\u010dilovi\u0107 Stankovi\u0107","isPartOf":{"@id":"https:\/\/mlaw.rs\/#website"},"primaryImageOfPage":{"@id":"https:\/\/mlaw.rs\/en\/practice-areas\/practice-areas\/administrative-law\/#primaryimage"},"image":{"@id":"https:\/\/mlaw.rs\/en\/practice-areas\/practice-areas\/administrative-law\/#primaryimage"},"thumbnailUrl":"https:\/\/mlaw.rs\/\/wp-content\/uploads\/2022\/05\/jj-ying-WmnsGyaFnCQ-unsplash-300x200.jpg","datePublished":"2022-05-08T14:20:40+00:00","dateModified":"2023-06-23T14:07:20+00:00","description":"Upravno pravo: pokretanje i zastupanje u svim vrstama upravnih postupaka i sporova i pravno savetovanje","breadcrumb":{"@id":"https:\/\/mlaw.rs\/en\/practice-areas\/practice-areas\/administrative-law\/#breadcrumb"},"inLanguage":"en-US","potentialAction":[{"@type":"ReadAction","target":["https:\/\/mlaw.rs\/en\/practice-areas\/practice-areas\/administrative-law\/"]}]},{"@type":"ImageObject","inLanguage":"en-US","@id":"https:\/\/mlaw.rs\/en\/practice-areas\/practice-areas\/administrative-law\/#primaryimage","url":"https:\/\/mlaw.rs\/\/wp-content\/uploads\/2022\/05\/jj-ying-WmnsGyaFnCQ-unsplash-300x200.jpg","contentUrl":"https:\/\/mlaw.rs\/\/wp-content\/uploads\/2022\/05\/jj-ying-WmnsGyaFnCQ-unsplash-300x200.jpg"},{"@type":"BreadcrumbList","@id":"https:\/\/mlaw.rs\/en\/practice-areas\/practice-areas\/administrative-law\/#breadcrumb","itemListElement":[{"@type":"ListItem","position":1,"name":"\u041f\u043e\u0447\u0435\u0442\u043d\u0430","item":"https:\/\/mlaw.rs\/en\/"},{"@type":"ListItem","position":2,"name":"Practice Areas","item":"https:\/\/mlaw.rs\/en\/practice-areas\/"},{"@type":"ListItem","position":3,"name":"Practice Areas","item":"https:\/\/mlaw.rs\/en\/practice-areas\/practice-areas\/"},{"@type":"ListItem","position":4,"name":"Administrative law"}]},{"@type":"WebSite","@id":"https:\/\/mlaw.rs\/#website","url":"https:\/\/mlaw.rs\/","name":"Advokatska kancelarija Mom\u010dilovi\u0107 Stankovi\u0107","description":"Advokatska kancelarija Mom\u010dilovi\u0107 Stankovi\u0107","publisher":{"@id":"https:\/\/mlaw.rs\/#organization"},"potentialAction":[{"@type":"SearchAction","target":{"@type":"EntryPoint","urlTemplate":"https:\/\/mlaw.rs\/?s={search_term_string}"},"query-input":{"@type":"PropertyValueSpecification","valueRequired":true,"valueName":"search_term_string"}}],"inLanguage":"en-US"},{"@type":"Organization","@id":"https:\/\/mlaw.rs\/#organization","name":"Advokatska kancelarija Mom\u010dilovi\u0107 Stankovi\u0107","url":"https:\/\/mlaw.rs\/","logo":{"@type":"ImageObject","inLanguage":"en-US","@id":"https:\/\/mlaw.rs\/#\/schema\/logo\/image\/","url":"https:\/\/mlaw.rs\/wp-content\/uploads\/2024\/01\/cropped-Screenshot-2024-01-06-at-12.41.19.png","contentUrl":"https:\/\/mlaw.rs\/wp-content\/uploads\/2024\/01\/cropped-Screenshot-2024-01-06-at-12.41.19.png","width":512,"height":512,"caption":"Advokatska kancelarija Mom\u010dilovi\u0107 Stankovi\u0107"},"image":{"@id":"https:\/\/mlaw.rs\/#\/schema\/logo\/image\/"},"sameAs":["https:\/\/www.facebook.com\/MomcilovicStankovic","https:\/\/www.linkedin.com\/company\/advokatska-kancelarija-mom\u010dilovi\u0107"]}]}},"_links":{"self":[{"href":"https:\/\/mlaw.rs\/en\/wp-json\/wp\/v2\/pages\/7637","targetHints":{"allow":["GET"]}}],"collection":[{"href":"https:\/\/mlaw.rs\/en\/wp-json\/wp\/v2\/pages"}],"about":[{"href":"https:\/\/mlaw.rs\/en\/wp-json\/wp\/v2\/types\/page"}],"author":[{"embeddable":true,"href":"https:\/\/mlaw.rs\/en\/wp-json\/wp\/v2\/users\/1"}],"replies":[{"embeddable":true,"href":"https:\/\/mlaw.rs\/en\/wp-json\/wp\/v2\/comments?post=7637"}],"version-history":[{"count":1,"href":"https:\/\/mlaw.rs\/en\/wp-json\/wp\/v2\/pages\/7637\/revisions"}],"predecessor-version":[{"id":7638,"href":"https:\/\/mlaw.rs\/en\/wp-json\/wp\/v2\/pages\/7637\/revisions\/7638"}],"up":[{"embeddable":true,"href":"https:\/\/mlaw.rs\/en\/wp-json\/wp\/v2\/pages\/7550"}],"wp:attachment":[{"href":"https:\/\/mlaw.rs\/en\/wp-json\/wp\/v2\/media?parent=7637"}],"curies":[{"name":"wp","href":"https:\/\/api.w.org\/{rel}","templated":true}]}}