{"id":7645,"date":"2022-06-25T10:19:22","date_gmt":"2022-06-25T10:19:22","guid":{"rendered":"http:\/\/localhost:8888\/mlaw\/practice-areas\/industries\/farmaceutsko-pravo-i-medicinsko-pravo\/"},"modified":"2023-06-23T14:13:33","modified_gmt":"2023-06-23T14:13:33","slug":"pharmacy-and-health","status":"publish","type":"page","link":"https:\/\/mlaw.rs\/en\/practice-areas\/industries\/pharmacy-and-health\/","title":{"rendered":"Farmaceutsko pravo i medicinsko pravo"},"content":{"rendered":"<p style=\"text-align: center;\"><span style=\"color: #ffffff;\"> Pharmacy and health <\/span><\/p>\n<h2 style=\"text-align: center;\">Pharmacy and health<\/h2>\n<ul>\n<img loading=\"lazy\" decoding=\"async\" class=\"alignleft wp-image-6784\" src=\"https:\/\/mlaw.rs\/\/wp-content\/uploads\/2022\/06\/towfiqu-barbhuiya-kmj5UgQ4-ss-unsplash-300x200.jpg\" alt=\"\" width=\"464\" height=\"309\" srcset=\"https:\/\/mlaw.rs\/wp-content\/uploads\/2022\/06\/towfiqu-barbhuiya-kmj5UgQ4-ss-unsplash-300x200.jpg 300w, https:\/\/mlaw.rs\/wp-content\/uploads\/2022\/06\/towfiqu-barbhuiya-kmj5UgQ4-ss-unsplash-1024x683.jpg 1024w, https:\/\/mlaw.rs\/wp-content\/uploads\/2022\/06\/towfiqu-barbhuiya-kmj5UgQ4-ss-unsplash-768x512.jpg 768w, https:\/\/mlaw.rs\/wp-content\/uploads\/2022\/06\/towfiqu-barbhuiya-kmj5UgQ4-ss-unsplash-1536x1024.jpg 1536w\" sizes=\"auto, (max-width: 464px) 100vw, 464px\" \/><\/p>\n<li>Legal support for pharmaceutical companies, including licensing, manufacturing, and distribution of drugs and medical devices.<\/li>\n<li>Guidance on compliance with health regulations and laws, such as advertising and labeling requirements, clinical trials, and data privacy.<\/li>\n<li>Advice on intellectual property matters, including patenting of drugs and medical devices, and protection of trademarks and trade secrets.<\/li>\n<li>Representation in disputes and litigation related to product liability, medical malpractice, and other health-related legal issues.<\/li>\n<li>Assistance with regulatory compliance and investigations, including those conducted by government agencies such as Agency for Drugs and Medical Devices<\/li>\n<\/ul>\n","protected":false},"excerpt":{"rendered":"<p>Pharmacy and health Pharmacy and health Legal support for pharmaceutical companies, including licensing, manufacturing, and distribution of drugs and medical devices. Guidance on compliance with health regulations and laws, such as advertising and labeling requirements, clinical trials, and data privacy. Advice on intellectual property matters, including patenting of drugs and [&hellip;]<\/p>\n","protected":false},"author":1,"featured_media":0,"parent":7561,"menu_order":0,"comment_status":"closed","ping_status":"closed","template":"","meta":{"inline_featured_image":false,"footnotes":""},"class_list":["post-7645","page","type-page","status-publish","hentry"],"acf":[],"yoast_head":"<!-- This site is optimized with the Yoast SEO plugin v27.5 - https:\/\/yoast.com\/product\/yoast-seo-wordpress\/ -->\n<title>Farmaceutsko pravo i medicinsko pravo - Advokatska kancelarija Mom\u010dilovi\u0107 Stankovi\u0107<\/title>\n<meta name=\"description\" content=\"Advokat za farmaceutsko pravo i medicinsko pravo: uslovi i dozvole za rad, savetovanje, zastupanje, radnopravna dokumentacija, ugovori i dr.\" \/>\n<meta name=\"robots\" content=\"index, follow, max-snippet:-1, max-image-preview:large, max-video-preview:-1\" \/>\n<link rel=\"canonical\" href=\"https:\/\/mlaw.rs\/kompetencije\/pravo-i-industrija\/farmaceutsko-pravo-i-medicinsko-pravo\/\" \/>\n<meta property=\"og:locale\" content=\"en_US\" \/>\n<meta property=\"og:type\" content=\"article\" \/>\n<meta property=\"og:title\" content=\"Farmaceutsko pravo i medicinsko pravo - Advokatska kancelarija Mom\u010dilovi\u0107 Stankovi\u0107\" \/>\n<meta property=\"og:description\" content=\"Advokat za farmaceutsko pravo i medicinsko pravo: uslovi i dozvole za rad, savetovanje, zastupanje, radnopravna dokumentacija, ugovori i dr.\" \/>\n<meta property=\"og:url\" content=\"https:\/\/mlaw.rs\/kompetencije\/pravo-i-industrija\/farmaceutsko-pravo-i-medicinsko-pravo\/\" \/>\n<meta property=\"og:site_name\" content=\"Advokatska kancelarija Mom\u010dilovi\u0107 Stankovi\u0107\" \/>\n<meta property=\"article:publisher\" content=\"https:\/\/www.facebook.com\/MomcilovicStankovic\" \/>\n<meta property=\"article:modified_time\" content=\"2023-06-23T14:13:33+00:00\" \/>\n<meta property=\"og:image\" content=\"https:\/\/mlaw.rs\/\/wp-content\/uploads\/2022\/06\/towfiqu-barbhuiya-kmj5UgQ4-ss-unsplash-300x200.jpg\" \/>\n<meta name=\"twitter:card\" content=\"summary_large_image\" \/>\n<meta name=\"twitter:label1\" content=\"Est. reading time\" \/>\n\t<meta name=\"twitter:data1\" content=\"2 minutes\" \/>\n<script type=\"application\/ld+json\" class=\"yoast-schema-graph\">{\"@context\":\"https:\\\/\\\/schema.org\",\"@graph\":[{\"@type\":\"WebPage\",\"@id\":\"https:\\\/\\\/mlaw.rs\\\/kompetencije\\\/pravo-i-industrija\\\/farmaceutsko-pravo-i-medicinsko-pravo\\\/\",\"url\":\"https:\\\/\\\/mlaw.rs\\\/kompetencije\\\/pravo-i-industrija\\\/farmaceutsko-pravo-i-medicinsko-pravo\\\/\",\"name\":\"Farmaceutsko pravo i medicinsko pravo - Advokatska kancelarija Mom\u010dilovi\u0107 Stankovi\u0107\",\"isPartOf\":{\"@id\":\"https:\\\/\\\/mlaw.rs\\\/#website\"},\"primaryImageOfPage\":{\"@id\":\"https:\\\/\\\/mlaw.rs\\\/kompetencije\\\/pravo-i-industrija\\\/farmaceutsko-pravo-i-medicinsko-pravo\\\/#primaryimage\"},\"image\":{\"@id\":\"https:\\\/\\\/mlaw.rs\\\/kompetencije\\\/pravo-i-industrija\\\/farmaceutsko-pravo-i-medicinsko-pravo\\\/#primaryimage\"},\"thumbnailUrl\":\"https:\\\/\\\/mlaw.rs\\\/\\\/wp-content\\\/uploads\\\/2022\\\/06\\\/towfiqu-barbhuiya-kmj5UgQ4-ss-unsplash-300x200.jpg\",\"datePublished\":\"2022-06-25T10:19:22+00:00\",\"dateModified\":\"2023-06-23T14:13:33+00:00\",\"description\":\"Advokat za farmaceutsko pravo i medicinsko pravo: uslovi i dozvole za rad, savetovanje, zastupanje, radnopravna dokumentacija, ugovori i dr.\",\"breadcrumb\":{\"@id\":\"https:\\\/\\\/mlaw.rs\\\/kompetencije\\\/pravo-i-industrija\\\/farmaceutsko-pravo-i-medicinsko-pravo\\\/#breadcrumb\"},\"inLanguage\":\"en-US\",\"potentialAction\":[{\"@type\":\"ReadAction\",\"target\":[\"https:\\\/\\\/mlaw.rs\\\/kompetencije\\\/pravo-i-industrija\\\/farmaceutsko-pravo-i-medicinsko-pravo\\\/\"]}]},{\"@type\":\"ImageObject\",\"inLanguage\":\"en-US\",\"@id\":\"https:\\\/\\\/mlaw.rs\\\/kompetencije\\\/pravo-i-industrija\\\/farmaceutsko-pravo-i-medicinsko-pravo\\\/#primaryimage\",\"url\":\"https:\\\/\\\/mlaw.rs\\\/\\\/wp-content\\\/uploads\\\/2022\\\/06\\\/towfiqu-barbhuiya-kmj5UgQ4-ss-unsplash-300x200.jpg\",\"contentUrl\":\"https:\\\/\\\/mlaw.rs\\\/\\\/wp-content\\\/uploads\\\/2022\\\/06\\\/towfiqu-barbhuiya-kmj5UgQ4-ss-unsplash-300x200.jpg\"},{\"@type\":\"BreadcrumbList\",\"@id\":\"https:\\\/\\\/mlaw.rs\\\/kompetencije\\\/pravo-i-industrija\\\/farmaceutsko-pravo-i-medicinsko-pravo\\\/#breadcrumb\",\"itemListElement\":[{\"@type\":\"ListItem\",\"position\":1,\"name\":\"\u041f\u043e\u0447\u0435\u0442\u043d\u0430\",\"item\":\"https:\\\/\\\/mlaw.rs\\\/en\\\/\"},{\"@type\":\"ListItem\",\"position\":2,\"name\":\"Practice Areas\",\"item\":\"https:\\\/\\\/mlaw.rs\\\/en\\\/practice-areas\\\/\"},{\"@type\":\"ListItem\",\"position\":3,\"name\":\"Industries\",\"item\":\"https:\\\/\\\/mlaw.rs\\\/kompetencije\\\/pravo-i-industrija\\\/\"},{\"@type\":\"ListItem\",\"position\":4,\"name\":\"Farmaceutsko pravo i medicinsko pravo\"}]},{\"@type\":\"WebSite\",\"@id\":\"https:\\\/\\\/mlaw.rs\\\/#website\",\"url\":\"https:\\\/\\\/mlaw.rs\\\/\",\"name\":\"Advokatska kancelarija Mom\u010dilovi\u0107 Stankovi\u0107\",\"description\":\"Advokatska kancelarija Mom\u010dilovi\u0107 Stankovi\u0107\",\"publisher\":{\"@id\":\"https:\\\/\\\/mlaw.rs\\\/#organization\"},\"potentialAction\":[{\"@type\":\"SearchAction\",\"target\":{\"@type\":\"EntryPoint\",\"urlTemplate\":\"https:\\\/\\\/mlaw.rs\\\/?s={search_term_string}\"},\"query-input\":{\"@type\":\"PropertyValueSpecification\",\"valueRequired\":true,\"valueName\":\"search_term_string\"}}],\"inLanguage\":\"en-US\"},{\"@type\":\"Organization\",\"@id\":\"https:\\\/\\\/mlaw.rs\\\/#organization\",\"name\":\"Advokatska kancelarija Mom\u010dilovi\u0107 Stankovi\u0107\",\"url\":\"https:\\\/\\\/mlaw.rs\\\/\",\"logo\":{\"@type\":\"ImageObject\",\"inLanguage\":\"en-US\",\"@id\":\"https:\\\/\\\/mlaw.rs\\\/#\\\/schema\\\/logo\\\/image\\\/\",\"url\":\"https:\\\/\\\/mlaw.rs\\\/wp-content\\\/uploads\\\/2024\\\/01\\\/cropped-Screenshot-2024-01-06-at-12.41.19.png\",\"contentUrl\":\"https:\\\/\\\/mlaw.rs\\\/wp-content\\\/uploads\\\/2024\\\/01\\\/cropped-Screenshot-2024-01-06-at-12.41.19.png\",\"width\":512,\"height\":512,\"caption\":\"Advokatska kancelarija Mom\u010dilovi\u0107 Stankovi\u0107\"},\"image\":{\"@id\":\"https:\\\/\\\/mlaw.rs\\\/#\\\/schema\\\/logo\\\/image\\\/\"},\"sameAs\":[\"https:\\\/\\\/www.facebook.com\\\/MomcilovicStankovic\",\"https:\\\/\\\/www.linkedin.com\\\/company\\\/advokatska-kancelarija-mom\u010dilovi\u0107\"]}]}<\/script>\n<!-- \/ Yoast SEO plugin. -->","yoast_head_json":{"title":"Farmaceutsko pravo i medicinsko pravo - Advokatska kancelarija Mom\u010dilovi\u0107 Stankovi\u0107","description":"Advokat za farmaceutsko pravo i medicinsko pravo: uslovi i dozvole za rad, savetovanje, zastupanje, radnopravna dokumentacija, ugovori i dr.","robots":{"index":"index","follow":"follow","max-snippet":"max-snippet:-1","max-image-preview":"max-image-preview:large","max-video-preview":"max-video-preview:-1"},"canonical":"https:\/\/mlaw.rs\/kompetencije\/pravo-i-industrija\/farmaceutsko-pravo-i-medicinsko-pravo\/","og_locale":"en_US","og_type":"article","og_title":"Farmaceutsko pravo i medicinsko pravo - Advokatska kancelarija Mom\u010dilovi\u0107 Stankovi\u0107","og_description":"Advokat za farmaceutsko pravo i medicinsko pravo: uslovi i dozvole za rad, savetovanje, zastupanje, radnopravna dokumentacija, ugovori i dr.","og_url":"https:\/\/mlaw.rs\/kompetencije\/pravo-i-industrija\/farmaceutsko-pravo-i-medicinsko-pravo\/","og_site_name":"Advokatska kancelarija Mom\u010dilovi\u0107 Stankovi\u0107","article_publisher":"https:\/\/www.facebook.com\/MomcilovicStankovic","article_modified_time":"2023-06-23T14:13:33+00:00","og_image":[{"url":"https:\/\/mlaw.rs\/\/wp-content\/uploads\/2022\/06\/towfiqu-barbhuiya-kmj5UgQ4-ss-unsplash-300x200.jpg","type":"","width":"","height":""}],"twitter_card":"summary_large_image","twitter_misc":{"Est. reading time":"2 minutes"},"schema":{"@context":"https:\/\/schema.org","@graph":[{"@type":"WebPage","@id":"https:\/\/mlaw.rs\/kompetencije\/pravo-i-industrija\/farmaceutsko-pravo-i-medicinsko-pravo\/","url":"https:\/\/mlaw.rs\/kompetencije\/pravo-i-industrija\/farmaceutsko-pravo-i-medicinsko-pravo\/","name":"Farmaceutsko pravo i medicinsko pravo - Advokatska kancelarija Mom\u010dilovi\u0107 Stankovi\u0107","isPartOf":{"@id":"https:\/\/mlaw.rs\/#website"},"primaryImageOfPage":{"@id":"https:\/\/mlaw.rs\/kompetencije\/pravo-i-industrija\/farmaceutsko-pravo-i-medicinsko-pravo\/#primaryimage"},"image":{"@id":"https:\/\/mlaw.rs\/kompetencije\/pravo-i-industrija\/farmaceutsko-pravo-i-medicinsko-pravo\/#primaryimage"},"thumbnailUrl":"https:\/\/mlaw.rs\/\/wp-content\/uploads\/2022\/06\/towfiqu-barbhuiya-kmj5UgQ4-ss-unsplash-300x200.jpg","datePublished":"2022-06-25T10:19:22+00:00","dateModified":"2023-06-23T14:13:33+00:00","description":"Advokat za farmaceutsko pravo i medicinsko pravo: uslovi i dozvole za rad, savetovanje, zastupanje, radnopravna dokumentacija, ugovori i dr.","breadcrumb":{"@id":"https:\/\/mlaw.rs\/kompetencije\/pravo-i-industrija\/farmaceutsko-pravo-i-medicinsko-pravo\/#breadcrumb"},"inLanguage":"en-US","potentialAction":[{"@type":"ReadAction","target":["https:\/\/mlaw.rs\/kompetencije\/pravo-i-industrija\/farmaceutsko-pravo-i-medicinsko-pravo\/"]}]},{"@type":"ImageObject","inLanguage":"en-US","@id":"https:\/\/mlaw.rs\/kompetencije\/pravo-i-industrija\/farmaceutsko-pravo-i-medicinsko-pravo\/#primaryimage","url":"https:\/\/mlaw.rs\/\/wp-content\/uploads\/2022\/06\/towfiqu-barbhuiya-kmj5UgQ4-ss-unsplash-300x200.jpg","contentUrl":"https:\/\/mlaw.rs\/\/wp-content\/uploads\/2022\/06\/towfiqu-barbhuiya-kmj5UgQ4-ss-unsplash-300x200.jpg"},{"@type":"BreadcrumbList","@id":"https:\/\/mlaw.rs\/kompetencije\/pravo-i-industrija\/farmaceutsko-pravo-i-medicinsko-pravo\/#breadcrumb","itemListElement":[{"@type":"ListItem","position":1,"name":"\u041f\u043e\u0447\u0435\u0442\u043d\u0430","item":"https:\/\/mlaw.rs\/en\/"},{"@type":"ListItem","position":2,"name":"Practice Areas","item":"https:\/\/mlaw.rs\/en\/practice-areas\/"},{"@type":"ListItem","position":3,"name":"Industries","item":"https:\/\/mlaw.rs\/kompetencije\/pravo-i-industrija\/"},{"@type":"ListItem","position":4,"name":"Farmaceutsko pravo i medicinsko pravo"}]},{"@type":"WebSite","@id":"https:\/\/mlaw.rs\/#website","url":"https:\/\/mlaw.rs\/","name":"Advokatska kancelarija Mom\u010dilovi\u0107 Stankovi\u0107","description":"Advokatska kancelarija Mom\u010dilovi\u0107 Stankovi\u0107","publisher":{"@id":"https:\/\/mlaw.rs\/#organization"},"potentialAction":[{"@type":"SearchAction","target":{"@type":"EntryPoint","urlTemplate":"https:\/\/mlaw.rs\/?s={search_term_string}"},"query-input":{"@type":"PropertyValueSpecification","valueRequired":true,"valueName":"search_term_string"}}],"inLanguage":"en-US"},{"@type":"Organization","@id":"https:\/\/mlaw.rs\/#organization","name":"Advokatska kancelarija Mom\u010dilovi\u0107 Stankovi\u0107","url":"https:\/\/mlaw.rs\/","logo":{"@type":"ImageObject","inLanguage":"en-US","@id":"https:\/\/mlaw.rs\/#\/schema\/logo\/image\/","url":"https:\/\/mlaw.rs\/wp-content\/uploads\/2024\/01\/cropped-Screenshot-2024-01-06-at-12.41.19.png","contentUrl":"https:\/\/mlaw.rs\/wp-content\/uploads\/2024\/01\/cropped-Screenshot-2024-01-06-at-12.41.19.png","width":512,"height":512,"caption":"Advokatska kancelarija Mom\u010dilovi\u0107 Stankovi\u0107"},"image":{"@id":"https:\/\/mlaw.rs\/#\/schema\/logo\/image\/"},"sameAs":["https:\/\/www.facebook.com\/MomcilovicStankovic","https:\/\/www.linkedin.com\/company\/advokatska-kancelarija-mom\u010dilovi\u0107"]}]}},"_links":{"self":[{"href":"https:\/\/mlaw.rs\/en\/wp-json\/wp\/v2\/pages\/7645","targetHints":{"allow":["GET"]}}],"collection":[{"href":"https:\/\/mlaw.rs\/en\/wp-json\/wp\/v2\/pages"}],"about":[{"href":"https:\/\/mlaw.rs\/en\/wp-json\/wp\/v2\/types\/page"}],"author":[{"embeddable":true,"href":"https:\/\/mlaw.rs\/en\/wp-json\/wp\/v2\/users\/1"}],"replies":[{"embeddable":true,"href":"https:\/\/mlaw.rs\/en\/wp-json\/wp\/v2\/comments?post=7645"}],"version-history":[{"count":5,"href":"https:\/\/mlaw.rs\/en\/wp-json\/wp\/v2\/pages\/7645\/revisions"}],"predecessor-version":[{"id":7650,"href":"https:\/\/mlaw.rs\/en\/wp-json\/wp\/v2\/pages\/7645\/revisions\/7650"}],"up":[{"embeddable":true,"href":"https:\/\/mlaw.rs\/en\/wp-json\/wp\/v2\/pages\/7561"}],"wp:attachment":[{"href":"https:\/\/mlaw.rs\/en\/wp-json\/wp\/v2\/media?parent=7645"}],"curies":[{"name":"wp","href":"https:\/\/api.w.org\/{rel}","templated":true}]}}