{"id":7651,"date":"2023-06-23T14:17:32","date_gmt":"2023-06-23T14:17:32","guid":{"rendered":"http:\/\/localhost:8888\/mlaw\/?page_id=7651"},"modified":"2023-06-23T14:18:40","modified_gmt":"2023-06-23T14:18:40","slug":"food-industry","status":"publish","type":"page","link":"https:\/\/mlaw.rs\/en\/practice-areas\/practice-areas\/food-industry\/","title":{"rendered":"Food industry"},"content":{"rendered":"<p style=\"text-align: center;\"><span style=\"color: #ffffff;\">Food industry<\/span><\/p>\n<h2 style=\"text-align: center;\">Food industry<\/h2>\n<ul>\n<li>Advice on food and wine regulation compliance, including food labeling, safety and quality standards, marketing claims, and certification requirements for organic food and wine products.<\/li>\n<li>Assistance with legal aspects of food and wine production, distribution, and sales, including food and wine import and export regulations, intellectual property protection, and consumer protection laws.<\/li>\n<li>Guidance on legal issues related to organic farming and production, such as obtaining organic certifications, compliance with organic standards, and labeling and advertising of organic products.<\/li>\n<li>Representation before regulatory authorities and courts in disputes related to food and wine law, including challenges to regulatory decisions and enforcement actions.<\/li>\n<li>Advice on legal aspects of clinical trials, drug registration, marketing authorization, and pharmacovigilance for pharmaceutical and biotech companies operating in Serbia.)<\/li>\n<\/ul>\n","protected":false},"excerpt":{"rendered":"<p>Food industry Food industry Advice on food and wine regulation compliance, including food labeling, safety and quality standards, marketing claims, and certification requirements for organic food and wine products. Assistance with legal aspects of food and wine production, distribution, and sales, including food and wine import and export regulations, intellectual [&hellip;]<\/p>\n","protected":false},"author":1,"featured_media":0,"parent":7550,"menu_order":0,"comment_status":"closed","ping_status":"closed","template":"","meta":{"inline_featured_image":false,"footnotes":""},"class_list":["post-7651","page","type-page","status-publish","hentry"],"acf":[],"yoast_head":"<!-- This site is optimized with the Yoast SEO plugin v27.5 - https:\/\/yoast.com\/product\/yoast-seo-wordpress\/ -->\n<title>Food industry - Advokatska kancelarija Mom\u010dilovi\u0107 Stankovi\u0107<\/title>\n<meta name=\"robots\" content=\"index, follow, max-snippet:-1, max-image-preview:large, max-video-preview:-1\" \/>\n<link rel=\"canonical\" href=\"https:\/\/mlaw.rs\/en\/practice-areas\/practice-areas\/food-industry\/\" \/>\n<meta property=\"og:locale\" content=\"en_US\" \/>\n<meta property=\"og:type\" content=\"article\" \/>\n<meta property=\"og:title\" content=\"Food industry - Advokatska kancelarija Mom\u010dilovi\u0107 Stankovi\u0107\" \/>\n<meta property=\"og:description\" content=\"Food industry Food industry Advice on food and wine regulation compliance, including food labeling, safety and quality standards, marketing claims, and certification requirements for organic food and wine products. Assistance with legal aspects of food and wine production, distribution, and sales, including food and wine import and export regulations, intellectual [&hellip;]\" \/>\n<meta property=\"og:url\" content=\"https:\/\/mlaw.rs\/en\/practice-areas\/practice-areas\/food-industry\/\" \/>\n<meta property=\"og:site_name\" content=\"Advokatska kancelarija Mom\u010dilovi\u0107 Stankovi\u0107\" \/>\n<meta property=\"article:publisher\" content=\"https:\/\/www.facebook.com\/MomcilovicStankovic\" \/>\n<meta property=\"article:modified_time\" content=\"2023-06-23T14:18:40+00:00\" \/>\n<meta property=\"og:image\" content=\"https:\/\/mlaw.rs\/wp-content\/uploads\/2021\/05\/preloader-min.png\" \/>\n\t<meta property=\"og:image:width\" content=\"430\" \/>\n\t<meta property=\"og:image:height\" content=\"156\" \/>\n\t<meta property=\"og:image:type\" content=\"image\/png\" \/>\n<meta name=\"twitter:card\" content=\"summary_large_image\" \/>\n<meta name=\"twitter:label1\" content=\"Est. reading time\" \/>\n\t<meta name=\"twitter:data1\" content=\"1 minute\" \/>\n<script type=\"application\/ld+json\" class=\"yoast-schema-graph\">{\"@context\":\"https:\\\/\\\/schema.org\",\"@graph\":[{\"@type\":\"WebPage\",\"@id\":\"https:\\\/\\\/mlaw.rs\\\/en\\\/practice-areas\\\/practice-areas\\\/food-industry\\\/\",\"url\":\"https:\\\/\\\/mlaw.rs\\\/en\\\/practice-areas\\\/practice-areas\\\/food-industry\\\/\",\"name\":\"Food industry - Advokatska kancelarija Mom\u010dilovi\u0107 Stankovi\u0107\",\"isPartOf\":{\"@id\":\"https:\\\/\\\/mlaw.rs\\\/#website\"},\"datePublished\":\"2023-06-23T14:17:32+00:00\",\"dateModified\":\"2023-06-23T14:18:40+00:00\",\"breadcrumb\":{\"@id\":\"https:\\\/\\\/mlaw.rs\\\/en\\\/practice-areas\\\/practice-areas\\\/food-industry\\\/#breadcrumb\"},\"inLanguage\":\"en-US\",\"potentialAction\":[{\"@type\":\"ReadAction\",\"target\":[\"https:\\\/\\\/mlaw.rs\\\/en\\\/practice-areas\\\/practice-areas\\\/food-industry\\\/\"]}]},{\"@type\":\"BreadcrumbList\",\"@id\":\"https:\\\/\\\/mlaw.rs\\\/en\\\/practice-areas\\\/practice-areas\\\/food-industry\\\/#breadcrumb\",\"itemListElement\":[{\"@type\":\"ListItem\",\"position\":1,\"name\":\"\u041f\u043e\u0447\u0435\u0442\u043d\u0430\",\"item\":\"https:\\\/\\\/mlaw.rs\\\/en\\\/\"},{\"@type\":\"ListItem\",\"position\":2,\"name\":\"Practice Areas\",\"item\":\"https:\\\/\\\/mlaw.rs\\\/en\\\/practice-areas\\\/\"},{\"@type\":\"ListItem\",\"position\":3,\"name\":\"Practice Areas\",\"item\":\"https:\\\/\\\/mlaw.rs\\\/en\\\/practice-areas\\\/practice-areas\\\/\"},{\"@type\":\"ListItem\",\"position\":4,\"name\":\"Food industry\"}]},{\"@type\":\"WebSite\",\"@id\":\"https:\\\/\\\/mlaw.rs\\\/#website\",\"url\":\"https:\\\/\\\/mlaw.rs\\\/\",\"name\":\"Advokatska kancelarija Mom\u010dilovi\u0107 Stankovi\u0107\",\"description\":\"Advokatska kancelarija Mom\u010dilovi\u0107 Stankovi\u0107\",\"publisher\":{\"@id\":\"https:\\\/\\\/mlaw.rs\\\/#organization\"},\"potentialAction\":[{\"@type\":\"SearchAction\",\"target\":{\"@type\":\"EntryPoint\",\"urlTemplate\":\"https:\\\/\\\/mlaw.rs\\\/?s={search_term_string}\"},\"query-input\":{\"@type\":\"PropertyValueSpecification\",\"valueRequired\":true,\"valueName\":\"search_term_string\"}}],\"inLanguage\":\"en-US\"},{\"@type\":\"Organization\",\"@id\":\"https:\\\/\\\/mlaw.rs\\\/#organization\",\"name\":\"Advokatska kancelarija Mom\u010dilovi\u0107 Stankovi\u0107\",\"url\":\"https:\\\/\\\/mlaw.rs\\\/\",\"logo\":{\"@type\":\"ImageObject\",\"inLanguage\":\"en-US\",\"@id\":\"https:\\\/\\\/mlaw.rs\\\/#\\\/schema\\\/logo\\\/image\\\/\",\"url\":\"https:\\\/\\\/mlaw.rs\\\/wp-content\\\/uploads\\\/2024\\\/01\\\/cropped-Screenshot-2024-01-06-at-12.41.19.png\",\"contentUrl\":\"https:\\\/\\\/mlaw.rs\\\/wp-content\\\/uploads\\\/2024\\\/01\\\/cropped-Screenshot-2024-01-06-at-12.41.19.png\",\"width\":512,\"height\":512,\"caption\":\"Advokatska kancelarija Mom\u010dilovi\u0107 Stankovi\u0107\"},\"image\":{\"@id\":\"https:\\\/\\\/mlaw.rs\\\/#\\\/schema\\\/logo\\\/image\\\/\"},\"sameAs\":[\"https:\\\/\\\/www.facebook.com\\\/MomcilovicStankovic\",\"https:\\\/\\\/www.linkedin.com\\\/company\\\/advokatska-kancelarija-mom\u010dilovi\u0107\"]}]}<\/script>\n<!-- \/ Yoast SEO plugin. -->","yoast_head_json":{"title":"Food industry - Advokatska kancelarija Mom\u010dilovi\u0107 Stankovi\u0107","robots":{"index":"index","follow":"follow","max-snippet":"max-snippet:-1","max-image-preview":"max-image-preview:large","max-video-preview":"max-video-preview:-1"},"canonical":"https:\/\/mlaw.rs\/en\/practice-areas\/practice-areas\/food-industry\/","og_locale":"en_US","og_type":"article","og_title":"Food industry - Advokatska kancelarija Mom\u010dilovi\u0107 Stankovi\u0107","og_description":"Food industry Food industry Advice on food and wine regulation compliance, including food labeling, safety and quality standards, marketing claims, and certification requirements for organic food and wine products. Assistance with legal aspects of food and wine production, distribution, and sales, including food and wine import and export regulations, intellectual [&hellip;]","og_url":"https:\/\/mlaw.rs\/en\/practice-areas\/practice-areas\/food-industry\/","og_site_name":"Advokatska kancelarija Mom\u010dilovi\u0107 Stankovi\u0107","article_publisher":"https:\/\/www.facebook.com\/MomcilovicStankovic","article_modified_time":"2023-06-23T14:18:40+00:00","og_image":[{"width":430,"height":156,"url":"https:\/\/mlaw.rs\/wp-content\/uploads\/2021\/05\/preloader-min.png","type":"image\/png"}],"twitter_card":"summary_large_image","twitter_misc":{"Est. reading time":"1 minute"},"schema":{"@context":"https:\/\/schema.org","@graph":[{"@type":"WebPage","@id":"https:\/\/mlaw.rs\/en\/practice-areas\/practice-areas\/food-industry\/","url":"https:\/\/mlaw.rs\/en\/practice-areas\/practice-areas\/food-industry\/","name":"Food industry - Advokatska kancelarija Mom\u010dilovi\u0107 Stankovi\u0107","isPartOf":{"@id":"https:\/\/mlaw.rs\/#website"},"datePublished":"2023-06-23T14:17:32+00:00","dateModified":"2023-06-23T14:18:40+00:00","breadcrumb":{"@id":"https:\/\/mlaw.rs\/en\/practice-areas\/practice-areas\/food-industry\/#breadcrumb"},"inLanguage":"en-US","potentialAction":[{"@type":"ReadAction","target":["https:\/\/mlaw.rs\/en\/practice-areas\/practice-areas\/food-industry\/"]}]},{"@type":"BreadcrumbList","@id":"https:\/\/mlaw.rs\/en\/practice-areas\/practice-areas\/food-industry\/#breadcrumb","itemListElement":[{"@type":"ListItem","position":1,"name":"\u041f\u043e\u0447\u0435\u0442\u043d\u0430","item":"https:\/\/mlaw.rs\/en\/"},{"@type":"ListItem","position":2,"name":"Practice Areas","item":"https:\/\/mlaw.rs\/en\/practice-areas\/"},{"@type":"ListItem","position":3,"name":"Practice Areas","item":"https:\/\/mlaw.rs\/en\/practice-areas\/practice-areas\/"},{"@type":"ListItem","position":4,"name":"Food industry"}]},{"@type":"WebSite","@id":"https:\/\/mlaw.rs\/#website","url":"https:\/\/mlaw.rs\/","name":"Advokatska kancelarija Mom\u010dilovi\u0107 Stankovi\u0107","description":"Advokatska kancelarija Mom\u010dilovi\u0107 Stankovi\u0107","publisher":{"@id":"https:\/\/mlaw.rs\/#organization"},"potentialAction":[{"@type":"SearchAction","target":{"@type":"EntryPoint","urlTemplate":"https:\/\/mlaw.rs\/?s={search_term_string}"},"query-input":{"@type":"PropertyValueSpecification","valueRequired":true,"valueName":"search_term_string"}}],"inLanguage":"en-US"},{"@type":"Organization","@id":"https:\/\/mlaw.rs\/#organization","name":"Advokatska kancelarija Mom\u010dilovi\u0107 Stankovi\u0107","url":"https:\/\/mlaw.rs\/","logo":{"@type":"ImageObject","inLanguage":"en-US","@id":"https:\/\/mlaw.rs\/#\/schema\/logo\/image\/","url":"https:\/\/mlaw.rs\/wp-content\/uploads\/2024\/01\/cropped-Screenshot-2024-01-06-at-12.41.19.png","contentUrl":"https:\/\/mlaw.rs\/wp-content\/uploads\/2024\/01\/cropped-Screenshot-2024-01-06-at-12.41.19.png","width":512,"height":512,"caption":"Advokatska kancelarija Mom\u010dilovi\u0107 Stankovi\u0107"},"image":{"@id":"https:\/\/mlaw.rs\/#\/schema\/logo\/image\/"},"sameAs":["https:\/\/www.facebook.com\/MomcilovicStankovic","https:\/\/www.linkedin.com\/company\/advokatska-kancelarija-mom\u010dilovi\u0107"]}]}},"_links":{"self":[{"href":"https:\/\/mlaw.rs\/en\/wp-json\/wp\/v2\/pages\/7651","targetHints":{"allow":["GET"]}}],"collection":[{"href":"https:\/\/mlaw.rs\/en\/wp-json\/wp\/v2\/pages"}],"about":[{"href":"https:\/\/mlaw.rs\/en\/wp-json\/wp\/v2\/types\/page"}],"author":[{"embeddable":true,"href":"https:\/\/mlaw.rs\/en\/wp-json\/wp\/v2\/users\/1"}],"replies":[{"embeddable":true,"href":"https:\/\/mlaw.rs\/en\/wp-json\/wp\/v2\/comments?post=7651"}],"version-history":[{"count":2,"href":"https:\/\/mlaw.rs\/en\/wp-json\/wp\/v2\/pages\/7651\/revisions"}],"predecessor-version":[{"id":7653,"href":"https:\/\/mlaw.rs\/en\/wp-json\/wp\/v2\/pages\/7651\/revisions\/7653"}],"up":[{"embeddable":true,"href":"https:\/\/mlaw.rs\/en\/wp-json\/wp\/v2\/pages\/7550"}],"wp:attachment":[{"href":"https:\/\/mlaw.rs\/en\/wp-json\/wp\/v2\/media?parent=7651"}],"curies":[{"name":"wp","href":"https:\/\/api.w.org\/{rel}","templated":true}]}}