{"id":8684,"date":"2022-05-08T11:34:48","date_gmt":"2022-05-08T11:34:48","guid":{"rendered":"http:\/\/localhost:8888\/mlaw\/kompetencii\/oblasti-prava\/pravo-zastite-licnih-podataka\/"},"modified":"2023-06-26T11:00:21","modified_gmt":"2023-06-26T11:00:21","slug":"pravo-na-za%d1%89itu-personal%d1%8cn%d1%8bh-dann%d1%8bh","status":"publish","type":"page","link":"https:\/\/mlaw.rs\/ru\/kompetencii\/oblasti-prava\/pravo-na-za%d1%89itu-personal%d1%8cn%d1%8bh-dann%d1%8bh\/","title":{"rendered":"\u041f\u0440\u0430\u0432\u043e \u043d\u0430 \u0437\u0430\u0449\u0438\u0442\u0443 \u043f\u0435\u0440\u0441\u043e\u043d\u0430\u043b\u044c\u043d\u044b\u0445 \u0434\u0430\u043d\u043d\u044b\u0445"},"content":{"rendered":"<p style=\"font-weight: 400;\"><span style=\"color: #ffffff;\">\u041f\u0440\u0430\u0432\u043e \u043d\u0430 \u0437\u0430\u0449\u0438\u0442\u0443 \u043f\u0435\u0440\u0441\u043e\u043d\u0430\u043b\u044c\u043d\u044b\u0445 \u0434\u0430\u043d\u043d\u044b\u0445<\/span><\/p>\n<p style=\"font-weight: 400;\"><img loading=\"lazy\" decoding=\"async\" class=\"alignleft size-medium wp-image-6578\" src=\"https:\/\/mlaw.rs\/\/wp-content\/uploads\/2022\/05\/Screenshot-2022-05-08-at-13.30.56-300x161.png\" alt=\"Za\u0161tita podataka o li\u010dnosti \" width=\"300\" height=\"161\" srcset=\"https:\/\/mlaw.rs\/wp-content\/uploads\/2022\/05\/Screenshot-2022-05-08-at-13.30.56-300x161.png 300w, https:\/\/mlaw.rs\/wp-content\/uploads\/2022\/05\/Screenshot-2022-05-08-at-13.30.56-1024x551.png 1024w, https:\/\/mlaw.rs\/wp-content\/uploads\/2022\/05\/Screenshot-2022-05-08-at-13.30.56-768x413.png 768w, https:\/\/mlaw.rs\/wp-content\/uploads\/2022\/05\/Screenshot-2022-05-08-at-13.30.56.png 1228w\" sizes=\"auto, (max-width: 300px) 100vw, 300px\" \/><\/p>\n<h3 style=\"font-weight: 400;\">\u041f\u0440\u0430\u0432\u043e \u043d\u0430 \u0437\u0430\u0449\u0438\u0442\u0443 \u043f\u0435\u0440\u0441\u043e\u043d\u0430\u043b\u044c\u043d\u044b\u0445 \u0434\u0430\u043d\u043d\u044b\u0445<\/h3>\n<p style=\"font-weight: 400;\">\u041f\u043e\u0436\u0430\u043b\u0443\u0439, \u043e\u0434\u043d\u043e\u0439 \u0438\u0437 \u0441\u0430\u043c\u044b\u0445 \u043d\u043e\u0432\u044b\u0445 \u0438 \u0431\u044b\u0441\u0442\u0440\u043e \u0440\u0430\u0437\u0432\u0438\u0432\u0430\u044e\u0449\u0438\u0445\u0441\u044f \u043e\u0431\u043b\u0430\u0441\u0442\u0435\u0439 \u043f\u0440\u0430\u0432\u0430 \u044f\u0432\u043b\u044f\u0435\u0442\u0441\u044f \u043f\u0440\u0430\u0432\u043e \u043d\u0430 \u0437\u0430\u0449\u0438\u0442\u0443 \u043f\u0435\u0440\u0441\u043e\u043d\u0430\u043b\u044c\u043d\u044b\u0445 \u0434\u0430\u043d\u043d\u044b\u0445. \u0412 \u0441\u043e\u043e\u0442\u0432\u0435\u0442\u0441\u0442\u0432\u0438\u0438 \u0441 \u0441\u0430\u043c\u044b\u043c\u0438 \u0441\u043e\u0432\u0440\u0435\u043c\u0435\u043d\u043d\u044b\u043c\u0438 \u0442\u0435\u043d\u0434\u0435\u043d\u0446\u0438\u044f\u043c\u0438, \u044e\u0440\u0438\u0441\u0442\u044b \u0410\u0434\u0432\u043e\u043a\u0430\u0442\u0441\u043a\u043e\u0433\u043e \u0431\u044e\u0440\u043e \u041c\u043e\u043c\u0447\u0438\u043b\u043e\u0432\u0438\u0447 \u043f\u043e\u0441\u0442\u043e\u044f\u043d\u043d\u043e \u0441\u043e\u0432\u0435\u0440\u0448\u0435\u043d\u0441\u0442\u0432\u0443\u044e\u0442 \u0441\u0432\u043e\u0438 \u043d\u0430\u0432\u044b\u043a\u0438 \u0432 \u044d\u0442\u043e\u0439 \u043e\u0431\u043b\u0430\u0441\u0442\u0438, \u0447\u0442\u043e\u0431\u044b \u043f\u0440\u0435\u0434\u043e\u0441\u0442\u0430\u0432\u043b\u044f\u0442\u044c \u0441\u0432\u043e\u0438\u043c \u043a\u043b\u0438\u0435\u043d\u0442\u0430\u043c \u043f\u043e\u043b\u043d\u0443\u044e \u0438 \u043a\u043e\u043c\u043f\u0435\u0442\u0435\u043d\u0442\u043d\u0443\u044e \u044e\u0440\u0438\u0434\u0438\u0447\u0435\u0441\u043a\u0443\u044e \u043f\u043e\u043c\u043e\u0449\u044c \u0432 \u0441\u043e\u043e\u0442\u0432\u0435\u0442\u0441\u0442\u0432\u0438\u0438 \u0441 \u0441\u0430\u043c\u044b\u043c\u0438 \u0441\u043e\u0432\u0440\u0435\u043c\u0435\u043d\u043d\u044b\u043c\u0438 \u043f\u043e\u0442\u0440\u0435\u0431\u043d\u043e\u0441\u0442\u044f\u043c\u0438 \u043a\u043b\u0438\u0435\u043d\u0442\u043e\u0432.<\/p>\n<p style=\"font-weight: 400;\">\n<p>&nbsp;<\/p>\n<p style=\"font-weight: 400;\">\u0415\u0436\u0435\u0434\u043d\u0435\u0432\u043d\u043e \u043c\u044b \u043a\u043e\u043d\u0441\u0443\u043b\u044c\u0442\u0438\u0440\u0443\u0435\u043c \u043a\u043b\u0438\u0435\u043d\u0442\u043e\u0432 \u043f\u043e \u0432\u043e\u043f\u0440\u043e\u0441\u0430\u043c::<\/p>\n<p style=\"font-weight: 400;\">\n<ul>\n<li>\u041a\u0442\u043e \u044f\u0432\u043b\u044f\u0435\u0442\u0441\u044f \u043b\u0438\u0446\u043e\u043c, \u0443\u043f\u043e\u043b\u043d\u043e\u043c\u043e\u0447\u0435\u043d\u043d\u044b\u043c \u043d\u0430 \u043e\u0431\u0435\u0441\u043f\u0435\u0447\u0435\u043d\u0438\u0435 \u0437\u0430\u0449\u0438\u0442\u044b \u043f\u0435\u0440\u0441\u043e\u043d\u0430\u043b\u044c\u043d\u044b\u0445 \u0434\u0430\u043d\u043d\u044b\u0445, \u0438 \u043a\u0430\u043a\u0438\u0435 \u043a\u043e\u043c\u043f\u0430\u043d\u0438\u0438 \u043f\u043e \u0437\u0430\u043a\u043e\u043d\u0443 \u043e\u0431\u044f\u0437\u0430\u043d\u044b \u043d\u0430\u0437\u043d\u0430\u0447\u0430\u0442\u044c \u044d\u0442\u043e \u043b\u0438\u0446\u043e<\/li>\n<li>\u041a\u043e\u0433\u0434\u0430 \u043d\u0435\u043e\u0431\u0445\u043e\u0434\u0438\u043c\u043e \u043d\u0430\u0437\u043d\u0430\u0447\u0438\u0442\u044c \u0441\u043e\u0442\u0440\u0443\u0434\u043d\u0438\u043a\u0430 \u043f\u043e \u0437\u0430\u0449\u0438\u0442\u0435 \u043f\u0435\u0440\u0441\u043e\u043d\u0430\u043b\u044c\u043d\u044b\u0445 \u0434\u0430\u043d\u043d\u044b\u0445 \u0432 \u0421\u0435\u0440\u0431\u0438\u0438<\/li>\n<li>\u041f\u0440\u0438\u0432\u0435\u0434\u0435\u043d\u0438\u0435 \u0431\u0438\u0437\u043d\u0435\u0441\u0430 \u0432 \u0441\u043e\u043e\u0442\u0432\u0435\u0442\u0441\u0442\u0432\u0438\u0435 \u0441 <a href=\"https:\/\/www.paragraf.rs\/propisi\/zakon_o_zastiti_podataka_o_licnosti.html\" target=\"_blank\" rel=\"noopener\">ZZPL<\/a> \u0438 <a href=\"https:\/\/gdpr-info.eu\" target=\"_blank\" rel=\"noopener\">GDPR<\/a>,<\/li>\n<li>\u041f\u0440\u043e\u0432\u0435\u0434\u0435\u043d\u0438\u0435 \u0442\u0440\u0435\u043d\u0438\u043d\u0433\u043e\u0432 \u0434\u043b\u044f \u0441\u043e\u0442\u0440\u0443\u0434\u043d\u0438\u043a\u043e\u0432 \u043f\u043e \u0434\u0430\u043d\u043d\u043e\u0439 \u0442\u0435\u043c\u0435<\/li>\n<li>\u041f\u0440\u0438\u043c\u0435\u043d\u0435\u043d\u0438\u0435 ZZPL \u0438 GDPR<\/li>\n<li>\u0418\u043d\u044b\u0435 \u0432\u043e\u043f\u0440\u043e\u0441\u044b, \u0441\u0432\u044f\u0437\u0430\u043d\u043d\u044b\u0435 \u0441 \u0434\u0435\u0439\u0441\u0442\u0432\u0443\u044e\u0449\u0438\u043c\u0438 \u043f\u0440\u0430\u0432\u0438\u043b\u0430\u043c\u0438, \u043a\u0430\u0441\u0430\u044e\u0449\u0438\u043c\u0438\u0441\u044f \u0437\u0430\u0449\u0438\u0442\u044b \u043f\u0435\u0440\u0441\u043e\u043d\u0430\u043b\u044c\u043d\u044b\u0445 \u0434\u0430\u043d\u043d\u044b\u0445<\/li>\n<\/ul>\n<p style=\"font-weight: 400;\">\n<p>&nbsp;<br \/>\n\u0414\u043b\u044f \u043f\u043e\u043b\u0443\u0447\u0435\u043d\u0438\u044f \u043a\u043e\u043d\u0441\u0443\u043b\u044c\u0442\u0430\u0446\u0438\u0439 \u0438 \u044e\u0440\u0438\u0434\u0438\u0447\u0435\u0441\u043a\u0438\u0445 \u0443\u0441\u043b\u0443\u0433 \u043e\u0431\u0440\u0430\u0449\u0430\u0439\u0442\u0435\u0441\u044c \u043a \u044e\u0440\u0438\u0441\u0442\u0430\u043c \u0410\u0434\u0432\u043e\u043a\u0430\u0442\u0441\u043a\u043e\u0433\u043e \u0431\u044e\u0440\u043e \u041c\u043e\u043c\u0447\u0438\u043b\u043e\u0432\u0438\u0447 \u0447\u0435\u0440\u0435\u0437 <a href=\"#\">\u0444\u043e\u0440\u043c\u0443 \u0434\u043b\u044f \u043e\u0431\u0440\u0430\u0449\u0435\u043d\u0438\u0439<\/a><br \/>\n \u0438\u043b\u0438 \u043f\u043e \u044d\u043b\u0435\u043a\u0442\u0440\u043e\u043d\u043d\u043e\u0439 \u043f\u043e\u0447\u0442\u0435: <a href=\"mailto:office@mlaw.rs\">office@mlaw.rs<\/a><\/p>\n<p style=\"font-weight: 400;\">\n<p style=\"font-weight: 400;\">\n<p style=\"font-weight: 400;\">\n","protected":false},"excerpt":{"rendered":"<p>\u041f\u0440\u0430\u0432\u043e \u043d\u0430 \u0437\u0430\u0449\u0438\u0442\u0443 \u043f\u0435\u0440\u0441\u043e\u043d\u0430\u043b\u044c\u043d\u044b\u0445 \u0434\u0430\u043d\u043d\u044b\u0445 \u041f\u0440\u0430\u0432\u043e \u043d\u0430 \u0437\u0430\u0449\u0438\u0442\u0443 \u043f\u0435\u0440\u0441\u043e\u043d\u0430\u043b\u044c\u043d\u044b\u0445 \u0434\u0430\u043d\u043d\u044b\u0445 \u041f\u043e\u0436\u0430\u043b\u0443\u0439, \u043e\u0434\u043d\u043e\u0439 \u0438\u0437 \u0441\u0430\u043c\u044b\u0445 \u043d\u043e\u0432\u044b\u0445 \u0438 \u0431\u044b\u0441\u0442\u0440\u043e \u0440\u0430\u0437\u0432\u0438\u0432\u0430\u044e\u0449\u0438\u0445\u0441\u044f \u043e\u0431\u043b\u0430\u0441\u0442\u0435\u0439 \u043f\u0440\u0430\u0432\u0430 \u044f\u0432\u043b\u044f\u0435\u0442\u0441\u044f \u043f\u0440\u0430\u0432\u043e \u043d\u0430 \u0437\u0430\u0449\u0438\u0442\u0443 \u043f\u0435\u0440\u0441\u043e\u043d\u0430\u043b\u044c\u043d\u044b\u0445 \u0434\u0430\u043d\u043d\u044b\u0445. \u0412 \u0441\u043e\u043e\u0442\u0432\u0435\u0442\u0441\u0442\u0432\u0438\u0438 \u0441 \u0441\u0430\u043c\u044b\u043c\u0438 \u0441\u043e\u0432\u0440\u0435\u043c\u0435\u043d\u043d\u044b\u043c\u0438 \u0442\u0435\u043d\u0434\u0435\u043d\u0446\u0438\u044f\u043c\u0438, \u044e\u0440\u0438\u0441\u0442\u044b \u0410\u0434\u0432\u043e\u043a\u0430\u0442\u0441\u043a\u043e\u0433\u043e \u0431\u044e\u0440\u043e \u041c\u043e\u043c\u0447\u0438\u043b\u043e\u0432\u0438\u0447 \u043f\u043e\u0441\u0442\u043e\u044f\u043d\u043d\u043e \u0441\u043e\u0432\u0435\u0440\u0448\u0435\u043d\u0441\u0442\u0432\u0443\u044e\u0442 \u0441\u0432\u043e\u0438 \u043d\u0430\u0432\u044b\u043a\u0438 \u0432 \u044d\u0442\u043e\u0439 \u043e\u0431\u043b\u0430\u0441\u0442\u0438, \u0447\u0442\u043e\u0431\u044b \u043f\u0440\u0435\u0434\u043e\u0441\u0442\u0430\u0432\u043b\u044f\u0442\u044c \u0441\u0432\u043e\u0438\u043c \u043a\u043b\u0438\u0435\u043d\u0442\u0430\u043c \u043f\u043e\u043b\u043d\u0443\u044e \u0438 \u043a\u043e\u043c\u043f\u0435\u0442\u0435\u043d\u0442\u043d\u0443\u044e [&hellip;]<\/p>\n","protected":false},"author":1,"featured_media":0,"parent":8642,"menu_order":0,"comment_status":"closed","ping_status":"closed","template":"","meta":{"inline_featured_image":false,"footnotes":""},"class_list":["post-8684","page","type-page","status-publish","hentry"],"acf":[],"yoast_head":"<!-- This site is optimized with the Yoast SEO plugin v27.5 - https:\/\/yoast.com\/product\/yoast-seo-wordpress\/ -->\n<title>\u041f\u0440\u0430\u0432\u043e \u043d\u0430 \u0437\u0430\u0449\u0438\u0442\u0443 \u043f\u0435\u0440\u0441\u043e\u043d\u0430\u043b\u044c\u043d\u044b\u0445 \u0434\u0430\u043d\u043d\u044b\u0445 - Advokatska kancelarija Mom\u010dilovi\u0107 Stankovi\u0107<\/title>\n<meta name=\"description\" content=\"Pravo za\u0161tite li\u010dnih podataka uklju\u010dujuje ZZPL i GDPR uskla\u0111ivanje, ZZPL\/GDPR trening, GDPR obuka, savetovanje i izradu akata\" \/>\n<meta name=\"robots\" content=\"index, follow, max-snippet:-1, max-image-preview:large, max-video-preview:-1\" \/>\n<link rel=\"canonical\" href=\"https:\/\/mlaw.rs\/kompetencije\/oblasti-prava\/pravo-zastite-licnih-podataka\/\" \/>\n<meta property=\"og:locale\" content=\"ru_RU\" \/>\n<meta property=\"og:type\" content=\"article\" \/>\n<meta property=\"og:title\" content=\"\u041f\u0440\u0430\u0432\u043e \u043d\u0430 \u0437\u0430\u0449\u0438\u0442\u0443 \u043f\u0435\u0440\u0441\u043e\u043d\u0430\u043b\u044c\u043d\u044b\u0445 \u0434\u0430\u043d\u043d\u044b\u0445 - Advokatska kancelarija Mom\u010dilovi\u0107 Stankovi\u0107\" \/>\n<meta property=\"og:description\" content=\"Pravo za\u0161tite li\u010dnih podataka uklju\u010dujuje ZZPL i GDPR uskla\u0111ivanje, ZZPL\/GDPR trening, GDPR obuka, savetovanje i izradu akata\" \/>\n<meta property=\"og:url\" content=\"https:\/\/mlaw.rs\/kompetencije\/oblasti-prava\/pravo-zastite-licnih-podataka\/\" \/>\n<meta property=\"og:site_name\" content=\"Advokatska kancelarija Mom\u010dilovi\u0107 Stankovi\u0107\" \/>\n<meta property=\"article:publisher\" content=\"https:\/\/www.facebook.com\/MomcilovicStankovic\" \/>\n<meta property=\"article:modified_time\" content=\"2023-06-26T11:00:21+00:00\" \/>\n<meta property=\"og:image\" content=\"https:\/\/mlaw.rs\/\/wp-content\/uploads\/2022\/05\/Screenshot-2022-05-08-at-13.30.56-300x161.png\" \/>\n<meta name=\"twitter:card\" content=\"summary_large_image\" \/>\n<meta name=\"twitter:label1\" content=\"\u041f\u0440\u0438\u043c\u0435\u0440\u043d\u043e\u0435 \u0432\u0440\u0435\u043c\u044f \u0434\u043b\u044f \u0447\u0442\u0435\u043d\u0438\u044f\" \/>\n\t<meta name=\"twitter:data1\" content=\"2 \u043c\u0438\u043d\u0443\u0442\u044b\" \/>\n<script type=\"application\/ld+json\" class=\"yoast-schema-graph\">{\"@context\":\"https:\\\/\\\/schema.org\",\"@graph\":[{\"@type\":\"WebPage\",\"@id\":\"https:\\\/\\\/mlaw.rs\\\/kompetencije\\\/oblasti-prava\\\/pravo-zastite-licnih-podataka\\\/\",\"url\":\"https:\\\/\\\/mlaw.rs\\\/kompetencije\\\/oblasti-prava\\\/pravo-zastite-licnih-podataka\\\/\",\"name\":\"\u041f\u0440\u0430\u0432\u043e \u043d\u0430 \u0437\u0430\u0449\u0438\u0442\u0443 \u043f\u0435\u0440\u0441\u043e\u043d\u0430\u043b\u044c\u043d\u044b\u0445 \u0434\u0430\u043d\u043d\u044b\u0445 - Advokatska kancelarija Mom\u010dilovi\u0107 Stankovi\u0107\",\"isPartOf\":{\"@id\":\"https:\\\/\\\/mlaw.rs\\\/#website\"},\"primaryImageOfPage\":{\"@id\":\"https:\\\/\\\/mlaw.rs\\\/kompetencije\\\/oblasti-prava\\\/pravo-zastite-licnih-podataka\\\/#primaryimage\"},\"image\":{\"@id\":\"https:\\\/\\\/mlaw.rs\\\/kompetencije\\\/oblasti-prava\\\/pravo-zastite-licnih-podataka\\\/#primaryimage\"},\"thumbnailUrl\":\"https:\\\/\\\/mlaw.rs\\\/\\\/wp-content\\\/uploads\\\/2022\\\/05\\\/Screenshot-2022-05-08-at-13.30.56-300x161.png\",\"datePublished\":\"2022-05-08T11:34:48+00:00\",\"dateModified\":\"2023-06-26T11:00:21+00:00\",\"description\":\"Pravo za\u0161tite li\u010dnih podataka uklju\u010dujuje ZZPL i GDPR uskla\u0111ivanje, ZZPL\\\/GDPR trening, GDPR obuka, savetovanje i izradu akata\",\"breadcrumb\":{\"@id\":\"https:\\\/\\\/mlaw.rs\\\/kompetencije\\\/oblasti-prava\\\/pravo-zastite-licnih-podataka\\\/#breadcrumb\"},\"inLanguage\":\"ru-RU\",\"potentialAction\":[{\"@type\":\"ReadAction\",\"target\":[\"https:\\\/\\\/mlaw.rs\\\/kompetencije\\\/oblasti-prava\\\/pravo-zastite-licnih-podataka\\\/\"]}]},{\"@type\":\"ImageObject\",\"inLanguage\":\"ru-RU\",\"@id\":\"https:\\\/\\\/mlaw.rs\\\/kompetencije\\\/oblasti-prava\\\/pravo-zastite-licnih-podataka\\\/#primaryimage\",\"url\":\"https:\\\/\\\/mlaw.rs\\\/\\\/wp-content\\\/uploads\\\/2022\\\/05\\\/Screenshot-2022-05-08-at-13.30.56-300x161.png\",\"contentUrl\":\"https:\\\/\\\/mlaw.rs\\\/\\\/wp-content\\\/uploads\\\/2022\\\/05\\\/Screenshot-2022-05-08-at-13.30.56-300x161.png\"},{\"@type\":\"BreadcrumbList\",\"@id\":\"https:\\\/\\\/mlaw.rs\\\/kompetencije\\\/oblasti-prava\\\/pravo-zastite-licnih-podataka\\\/#breadcrumb\",\"itemListElement\":[{\"@type\":\"ListItem\",\"position\":1,\"name\":\"\u041f\u043e\u0447\u0435\u0442\u043d\u0430\",\"item\":\"https:\\\/\\\/mlaw.rs\\\/ru\\\/\"},{\"@type\":\"ListItem\",\"position\":2,\"name\":\"\u041a\u043e\u043c\u043f\u0435\u0442\u0435\u043d\u0446\u0438\u0438\",\"item\":\"https:\\\/\\\/mlaw.rs\\\/kompetencije\\\/\"},{\"@type\":\"ListItem\",\"position\":3,\"name\":\"\u041e\u0431\u043b\u0430\u0441\u0442\u0438 \u043f\u0440\u0430\u0432\u0430\",\"item\":\"https:\\\/\\\/mlaw.rs\\\/kompetencije\\\/oblasti-prava\\\/\"},{\"@type\":\"ListItem\",\"position\":4,\"name\":\"\u041f\u0440\u0430\u0432\u043e \u043d\u0430 \u0437\u0430\u0449\u0438\u0442\u0443 \u043f\u0435\u0440\u0441\u043e\u043d\u0430\u043b\u044c\u043d\u044b\u0445 \u0434\u0430\u043d\u043d\u044b\u0445\"}]},{\"@type\":\"WebSite\",\"@id\":\"https:\\\/\\\/mlaw.rs\\\/#website\",\"url\":\"https:\\\/\\\/mlaw.rs\\\/\",\"name\":\"Advokatska kancelarija Mom\u010dilovi\u0107 Stankovi\u0107\",\"description\":\"Advokatska kancelarija Mom\u010dilovi\u0107 Stankovi\u0107\",\"publisher\":{\"@id\":\"https:\\\/\\\/mlaw.rs\\\/#organization\"},\"potentialAction\":[{\"@type\":\"SearchAction\",\"target\":{\"@type\":\"EntryPoint\",\"urlTemplate\":\"https:\\\/\\\/mlaw.rs\\\/?s={search_term_string}\"},\"query-input\":{\"@type\":\"PropertyValueSpecification\",\"valueRequired\":true,\"valueName\":\"search_term_string\"}}],\"inLanguage\":\"ru-RU\"},{\"@type\":\"Organization\",\"@id\":\"https:\\\/\\\/mlaw.rs\\\/#organization\",\"name\":\"Advokatska kancelarija Mom\u010dilovi\u0107 Stankovi\u0107\",\"url\":\"https:\\\/\\\/mlaw.rs\\\/\",\"logo\":{\"@type\":\"ImageObject\",\"inLanguage\":\"ru-RU\",\"@id\":\"https:\\\/\\\/mlaw.rs\\\/#\\\/schema\\\/logo\\\/image\\\/\",\"url\":\"https:\\\/\\\/mlaw.rs\\\/wp-content\\\/uploads\\\/2024\\\/01\\\/cropped-Screenshot-2024-01-06-at-12.41.19.png\",\"contentUrl\":\"https:\\\/\\\/mlaw.rs\\\/wp-content\\\/uploads\\\/2024\\\/01\\\/cropped-Screenshot-2024-01-06-at-12.41.19.png\",\"width\":512,\"height\":512,\"caption\":\"Advokatska kancelarija Mom\u010dilovi\u0107 Stankovi\u0107\"},\"image\":{\"@id\":\"https:\\\/\\\/mlaw.rs\\\/#\\\/schema\\\/logo\\\/image\\\/\"},\"sameAs\":[\"https:\\\/\\\/www.facebook.com\\\/MomcilovicStankovic\",\"https:\\\/\\\/www.linkedin.com\\\/company\\\/advokatska-kancelarija-mom\u010dilovi\u0107\"]}]}<\/script>\n<!-- \/ Yoast SEO plugin. -->","yoast_head_json":{"title":"\u041f\u0440\u0430\u0432\u043e \u043d\u0430 \u0437\u0430\u0449\u0438\u0442\u0443 \u043f\u0435\u0440\u0441\u043e\u043d\u0430\u043b\u044c\u043d\u044b\u0445 \u0434\u0430\u043d\u043d\u044b\u0445 - Advokatska kancelarija Mom\u010dilovi\u0107 Stankovi\u0107","description":"Pravo za\u0161tite li\u010dnih podataka uklju\u010dujuje ZZPL i GDPR uskla\u0111ivanje, ZZPL\/GDPR trening, GDPR obuka, savetovanje i izradu akata","robots":{"index":"index","follow":"follow","max-snippet":"max-snippet:-1","max-image-preview":"max-image-preview:large","max-video-preview":"max-video-preview:-1"},"canonical":"https:\/\/mlaw.rs\/kompetencije\/oblasti-prava\/pravo-zastite-licnih-podataka\/","og_locale":"ru_RU","og_type":"article","og_title":"\u041f\u0440\u0430\u0432\u043e \u043d\u0430 \u0437\u0430\u0449\u0438\u0442\u0443 \u043f\u0435\u0440\u0441\u043e\u043d\u0430\u043b\u044c\u043d\u044b\u0445 \u0434\u0430\u043d\u043d\u044b\u0445 - Advokatska kancelarija Mom\u010dilovi\u0107 Stankovi\u0107","og_description":"Pravo za\u0161tite li\u010dnih podataka uklju\u010dujuje ZZPL i GDPR uskla\u0111ivanje, ZZPL\/GDPR trening, GDPR obuka, savetovanje i izradu akata","og_url":"https:\/\/mlaw.rs\/kompetencije\/oblasti-prava\/pravo-zastite-licnih-podataka\/","og_site_name":"Advokatska kancelarija Mom\u010dilovi\u0107 Stankovi\u0107","article_publisher":"https:\/\/www.facebook.com\/MomcilovicStankovic","article_modified_time":"2023-06-26T11:00:21+00:00","og_image":[{"url":"https:\/\/mlaw.rs\/\/wp-content\/uploads\/2022\/05\/Screenshot-2022-05-08-at-13.30.56-300x161.png","type":"","width":"","height":""}],"twitter_card":"summary_large_image","twitter_misc":{"\u041f\u0440\u0438\u043c\u0435\u0440\u043d\u043e\u0435 \u0432\u0440\u0435\u043c\u044f \u0434\u043b\u044f \u0447\u0442\u0435\u043d\u0438\u044f":"2 \u043c\u0438\u043d\u0443\u0442\u044b"},"schema":{"@context":"https:\/\/schema.org","@graph":[{"@type":"WebPage","@id":"https:\/\/mlaw.rs\/kompetencije\/oblasti-prava\/pravo-zastite-licnih-podataka\/","url":"https:\/\/mlaw.rs\/kompetencije\/oblasti-prava\/pravo-zastite-licnih-podataka\/","name":"\u041f\u0440\u0430\u0432\u043e \u043d\u0430 \u0437\u0430\u0449\u0438\u0442\u0443 \u043f\u0435\u0440\u0441\u043e\u043d\u0430\u043b\u044c\u043d\u044b\u0445 \u0434\u0430\u043d\u043d\u044b\u0445 - Advokatska kancelarija Mom\u010dilovi\u0107 Stankovi\u0107","isPartOf":{"@id":"https:\/\/mlaw.rs\/#website"},"primaryImageOfPage":{"@id":"https:\/\/mlaw.rs\/kompetencije\/oblasti-prava\/pravo-zastite-licnih-podataka\/#primaryimage"},"image":{"@id":"https:\/\/mlaw.rs\/kompetencije\/oblasti-prava\/pravo-zastite-licnih-podataka\/#primaryimage"},"thumbnailUrl":"https:\/\/mlaw.rs\/\/wp-content\/uploads\/2022\/05\/Screenshot-2022-05-08-at-13.30.56-300x161.png","datePublished":"2022-05-08T11:34:48+00:00","dateModified":"2023-06-26T11:00:21+00:00","description":"Pravo za\u0161tite li\u010dnih podataka uklju\u010dujuje ZZPL i GDPR uskla\u0111ivanje, ZZPL\/GDPR trening, GDPR obuka, savetovanje i izradu akata","breadcrumb":{"@id":"https:\/\/mlaw.rs\/kompetencije\/oblasti-prava\/pravo-zastite-licnih-podataka\/#breadcrumb"},"inLanguage":"ru-RU","potentialAction":[{"@type":"ReadAction","target":["https:\/\/mlaw.rs\/kompetencije\/oblasti-prava\/pravo-zastite-licnih-podataka\/"]}]},{"@type":"ImageObject","inLanguage":"ru-RU","@id":"https:\/\/mlaw.rs\/kompetencije\/oblasti-prava\/pravo-zastite-licnih-podataka\/#primaryimage","url":"https:\/\/mlaw.rs\/\/wp-content\/uploads\/2022\/05\/Screenshot-2022-05-08-at-13.30.56-300x161.png","contentUrl":"https:\/\/mlaw.rs\/\/wp-content\/uploads\/2022\/05\/Screenshot-2022-05-08-at-13.30.56-300x161.png"},{"@type":"BreadcrumbList","@id":"https:\/\/mlaw.rs\/kompetencije\/oblasti-prava\/pravo-zastite-licnih-podataka\/#breadcrumb","itemListElement":[{"@type":"ListItem","position":1,"name":"\u041f\u043e\u0447\u0435\u0442\u043d\u0430","item":"https:\/\/mlaw.rs\/ru\/"},{"@type":"ListItem","position":2,"name":"\u041a\u043e\u043c\u043f\u0435\u0442\u0435\u043d\u0446\u0438\u0438","item":"https:\/\/mlaw.rs\/kompetencije\/"},{"@type":"ListItem","position":3,"name":"\u041e\u0431\u043b\u0430\u0441\u0442\u0438 \u043f\u0440\u0430\u0432\u0430","item":"https:\/\/mlaw.rs\/kompetencije\/oblasti-prava\/"},{"@type":"ListItem","position":4,"name":"\u041f\u0440\u0430\u0432\u043e \u043d\u0430 \u0437\u0430\u0449\u0438\u0442\u0443 \u043f\u0435\u0440\u0441\u043e\u043d\u0430\u043b\u044c\u043d\u044b\u0445 \u0434\u0430\u043d\u043d\u044b\u0445"}]},{"@type":"WebSite","@id":"https:\/\/mlaw.rs\/#website","url":"https:\/\/mlaw.rs\/","name":"Advokatska kancelarija Mom\u010dilovi\u0107 Stankovi\u0107","description":"Advokatska kancelarija Mom\u010dilovi\u0107 Stankovi\u0107","publisher":{"@id":"https:\/\/mlaw.rs\/#organization"},"potentialAction":[{"@type":"SearchAction","target":{"@type":"EntryPoint","urlTemplate":"https:\/\/mlaw.rs\/?s={search_term_string}"},"query-input":{"@type":"PropertyValueSpecification","valueRequired":true,"valueName":"search_term_string"}}],"inLanguage":"ru-RU"},{"@type":"Organization","@id":"https:\/\/mlaw.rs\/#organization","name":"Advokatska kancelarija Mom\u010dilovi\u0107 Stankovi\u0107","url":"https:\/\/mlaw.rs\/","logo":{"@type":"ImageObject","inLanguage":"ru-RU","@id":"https:\/\/mlaw.rs\/#\/schema\/logo\/image\/","url":"https:\/\/mlaw.rs\/wp-content\/uploads\/2024\/01\/cropped-Screenshot-2024-01-06-at-12.41.19.png","contentUrl":"https:\/\/mlaw.rs\/wp-content\/uploads\/2024\/01\/cropped-Screenshot-2024-01-06-at-12.41.19.png","width":512,"height":512,"caption":"Advokatska kancelarija Mom\u010dilovi\u0107 Stankovi\u0107"},"image":{"@id":"https:\/\/mlaw.rs\/#\/schema\/logo\/image\/"},"sameAs":["https:\/\/www.facebook.com\/MomcilovicStankovic","https:\/\/www.linkedin.com\/company\/advokatska-kancelarija-mom\u010dilovi\u0107"]}]}},"_links":{"self":[{"href":"https:\/\/mlaw.rs\/ru\/wp-json\/wp\/v2\/pages\/8684","targetHints":{"allow":["GET"]}}],"collection":[{"href":"https:\/\/mlaw.rs\/ru\/wp-json\/wp\/v2\/pages"}],"about":[{"href":"https:\/\/mlaw.rs\/ru\/wp-json\/wp\/v2\/types\/page"}],"author":[{"embeddable":true,"href":"https:\/\/mlaw.rs\/ru\/wp-json\/wp\/v2\/users\/1"}],"replies":[{"embeddable":true,"href":"https:\/\/mlaw.rs\/ru\/wp-json\/wp\/v2\/comments?post=8684"}],"version-history":[{"count":3,"href":"https:\/\/mlaw.rs\/ru\/wp-json\/wp\/v2\/pages\/8684\/revisions"}],"predecessor-version":[{"id":8687,"href":"https:\/\/mlaw.rs\/ru\/wp-json\/wp\/v2\/pages\/8684\/revisions\/8687"}],"up":[{"embeddable":true,"href":"https:\/\/mlaw.rs\/ru\/wp-json\/wp\/v2\/pages\/8642"}],"wp:attachment":[{"href":"https:\/\/mlaw.rs\/ru\/wp-json\/wp\/v2\/media?parent=8684"}],"curies":[{"name":"wp","href":"https:\/\/api.w.org\/{rel}","templated":true}]}}