{"id":8697,"date":"2021-03-19T23:43:14","date_gmt":"2021-03-19T23:43:14","guid":{"rendered":"http:\/\/localhost:8888\/mlaw\/kompetencii\/oblasti-prava\/arbitraza\/"},"modified":"2023-06-26T11:16:19","modified_gmt":"2023-06-26T11:16:19","slug":"arbitraz","status":"publish","type":"page","link":"https:\/\/mlaw.rs\/ru\/kompetencii\/oblasti-prava\/arbitraz\/","title":{"rendered":"\u0410\u0440\u0431\u0438\u0442\u0440\u0430\u0436"},"content":{"rendered":"<p>[vc_row css=&#187;.vc_custom_1617964681716{padding-top: 0px !important;padding-bottom: 0px !important;}&#187;][vc_column width=&#187;2\/3&#8243;][vc_single_image image=&#187;6100&#8243; img_size=&#187;full&#187;][vc_column_text css=&#187;.vc_custom_1687778174302{padding-top: 20px !important;}&#187;]<\/p>\n<h3>\u0410\u0440\u0431\u0438\u0442\u0440\u0430\u0436<\/h3>\n<p>\u041f\u0440\u0438 \u0440\u0435\u0448\u0435\u043d\u0438\u0438 \u0441\u043b\u043e\u0436\u043d\u044b\u0445 \u0432\u043e\u043f\u0440\u043e\u0441\u043e\u0432 \u043a\u0440\u0443\u043f\u043d\u044b\u0435 \u043a\u043e\u043c\u043f\u0430\u043d\u0438\u0438 \u0447\u0430\u0441\u0442\u043e \u0438\u0449\u0443\u0442 \u0441\u043f\u043e\u0441\u043e\u0431\u044b \u0440\u0435\u0448\u0435\u043d\u0438\u044f \u043f\u043e\u0442\u0435\u043d\u0446\u0438\u0430\u043b\u044c\u043d\u044b\u0445 \u0441\u043f\u043e\u0440\u043e\u0432 \u0432 \u0442\u0440\u0435\u0442\u0435\u0439\u0441\u043a\u0438\u0445 \u0441\u0443\u0434\u0430\u0445, \u043c\u0438\u043d\u0443\u044f \u043e\u0431\u044b\u0447\u043d\u044b\u0435 \u0433\u043e\u0441\u0443\u0434\u0430\u0440\u0441\u0442\u0432\u0435\u043d\u043d\u044b\u0435 \u0441\u0443\u0434\u044b, \u0440\u0430\u0441\u0441\u043c\u043e\u0442\u0440\u0435\u043d\u0438\u0435 \u0434\u0435\u043b \u0432 \u043a\u043e\u0442\u043e\u0440\u044b\u0445, \u043f\u043e\u043c\u0438\u043c\u043e \u043c\u043d\u043e\u0433\u0438\u0445 \u0434\u0440\u0443\u0433\u0438\u0445 \u043d\u0435\u0434\u043e\u0441\u0442\u0430\u0442\u043a\u043e\u0432, \u0437\u0430\u043d\u0438\u043c\u0430\u0435\u0442 \u0435\u0449\u0435 \u0438 \u043e\u0447\u0435\u043d\u044c \u043c\u043d\u043e\u0433\u043e \u0432\u0440\u0435\u043c\u0435\u043d\u0438. \u0414\u043b\u044f \u043f\u0440\u043e\u0432\u0435\u0434\u0435\u043d\u0438\u044f \u044d\u0444\u0444\u0435\u043a\u0442\u0438\u0432\u043d\u043e\u0433\u043e \u0430\u0440\u0431\u0438\u0442\u0440\u0430\u0436\u043d\u043e\u0433\u043e \u0440\u0430\u0437\u0431\u0438\u0440\u0430\u0442\u0435\u043b\u044c\u0441\u0442\u0432\u0430 \u0441\u0442\u043e\u0440\u043e\u043d\u044b \u0434\u043e\u0431\u0440\u043e\u0432\u043e\u043b\u044c\u043d\u043e \u043d\u0430\u0437\u043d\u0430\u0447\u0430\u044e\u0442 \u0430\u0440\u0431\u0438\u0442\u0440\u043e\u0432 \u0441 \u044e\u0440\u0438\u0434\u0438\u0447\u0435\u0441\u043a\u0438\u043c \u043e\u043f\u044b\u0442\u043e\u043c \u043d\u0430 \u043e\u0441\u043d\u043e\u0432\u0435 \u0437\u0430\u043a\u043e\u043d\u043e\u0434\u0430\u0442\u0435\u043b\u044c\u043d\u044b\u0445 \u0438 \u0438\u043d\u0441\u0442\u0438\u0442\u0443\u0446\u0438\u043e\u043d\u0430\u043b\u044c\u043d\u044b\u0445 \u043f\u0440\u043e\u0446\u0435\u0441\u0441\u0443\u0430\u043b\u044c\u043d\u044b\u0445 \u043f\u0440\u0430\u0432\u0438\u043b (\u0442\u0430\u043a\u0438\u0445 \u043a\u0430\u043a <a href=\"https:\/\/iccwbo.org\/dispute-resolution-services\/arbitration\/rules-of-arbitration\/\" target=\"_blank\" rel=\"noopener\">ICC<\/a>, <a href=\"https:\/\/www.lcia.org\/Dispute_Resolution_Services\/lcia-arbitration-rules-2020.aspx\" target=\"_blank\" rel=\"noopener\">LCIA<\/a>, <a href=\"https:\/\/www.disarb.org\/werkzeuge-und-tools\/dis-regeln\" target=\"_blank\" rel=\"noopener\">DIS<\/a>, <a href=\"https:\/\/www.swissarbitration.org\/centre\/arbitration\/arbitration-rules\/\" target=\"_blank\" rel=\"noopener\">Swiss Arbitration Centre<\/a>, <a href=\"https:\/\/www.viac.eu\/en\/arbitration-rules\" target=\"_blank\" rel=\"noopener\">VIAC<\/a>, <a href=\"https:\/\/uncitral.un.org\/en\/texts\/arbitration\/contractualtexts\/arbitration\" target=\"_blank\" rel=\"noopener\">UNCITRAL<\/a> \u0438 \u0434\u0440\u0443\u0433\u0438\u0435.).<\/p>\n<p>&nbsp;<\/p>\n<p>\u041e\u0441\u043e\u0431\u0435\u043d\u043d\u043e \u0432 \u0443\u0441\u043b\u043e\u0432\u0438\u044f\u0445 \u0433\u043b\u043e\u0431\u0430\u043b\u0438\u0437\u0430\u0446\u0438\u0438 \u0443\u0432\u0435\u043b\u0438\u0447\u0438\u0432\u0430\u0435\u0442\u0441\u044f \u043a\u043e\u043b\u0438\u0447\u0435\u0441\u0442\u0432\u043e \u043c\u0435\u0436\u0434\u0443\u043d\u0430\u0440\u043e\u0434\u043d\u044b\u0445 \u0441\u043f\u043e\u0440\u043e\u0432, \u043f\u043e \u043a\u043e\u0442\u043e\u0440\u044b\u043c \u0438\u0437-\u0437\u0430 \u044f\u0437\u044b\u043a\u043e\u0432\u043e\u0433\u043e \u0431\u0430\u0440\u044c\u0435\u0440\u0430 \u043e\u0431\u0440\u0430\u0449\u0435\u043d\u0438\u0435 \u0432 \u0441\u0443\u0434 \u0432 \u043e\u043f\u0440\u0435\u0434\u0435\u043b\u0435\u043d\u043d\u043e\u0439 \u0441\u0442\u0440\u0430\u043d\u0435 \u0441\u0432\u044f\u0437\u0430\u043d\u043e \u0441 \u0434\u043e\u043f\u043e\u043b\u043d\u0438\u0442\u0435\u043b\u044c\u043d\u044b\u043c\u0438 \u0440\u0430\u0441\u0445\u043e\u0434\u0430\u043c\u0438. \u0412\u043e \u0432\u043d\u0443\u0442\u0440\u0435\u043d\u043d\u0438\u0445 \u0438 \u043c\u0435\u0436\u0434\u0443\u043d\u0430\u0440\u043e\u0434\u043d\u044b\u0445 \u0441\u043f\u043e\u0440\u0430\u0445 \u0441\u043a\u043e\u0440\u043e\u0441\u0442\u044c, \u043f\u0440\u043e\u0446\u0435\u0441\u0441\u0443\u0430\u043b\u044c\u043d\u0430\u044f \u0433\u0438\u0431\u043a\u043e\u0441\u0442\u044c \u0438 \u0438\u0441\u043a\u043b\u044e\u0447\u0435\u043d\u0438\u0435 \u043f\u0443\u0431\u043b\u0438\u0447\u043d\u043e\u0441\u0442\u0438 \u0440\u0430\u0437\u0431\u0438\u0440\u0430\u0442\u0435\u043b\u044c\u0441\u0442\u0432\u0430 \u0433\u043e\u0432\u043e\u0440\u044f\u0442 \u0432 \u043f\u043e\u043b\u044c\u0437\u0443 \u0430\u0440\u0431\u0438\u0442\u0440\u0430\u0436\u043d\u043e\u0439 \u043f\u0440\u043e\u0446\u0435\u0434\u0443\u0440\u044b.<br \/>\n\u041f\u043e\u043c\u0438\u043c\u043e \u043c\u0435\u043d\u044c\u0448\u0438\u0445 \u043f\u043e\u0441\u043b\u0435\u0434\u0441\u0442\u0432\u0438\u0439 \u0434\u043b\u044f \u0434\u0435\u043b\u043e\u0432\u043e\u0439 \u0440\u0435\u043f\u0443\u0442\u0430\u0446\u0438\u0438, \u0435\u0449\u0435 \u043e\u0434\u043d\u0438\u043c \u043f\u0440\u0435\u0438\u043c\u0443\u0449\u0435\u0441\u0442\u0432\u043e\u043c \u044f\u0432\u043b\u044f\u0435\u0442\u0441\u044f \u0432\u043e\u0437\u043c\u043e\u0436\u043d\u043e\u0441\u0442\u044c \u043f\u0440\u0438\u0432\u0435\u0434\u0435\u043d\u0438\u044f \u0432 \u0438\u0441\u043f\u043e\u043b\u043d\u0435\u043d\u0438\u0435 \u0430\u0440\u0431\u0438\u0442\u0440\u0430\u0436\u043d\u043e\u0433\u043e \u0440\u0435\u0448\u0435\u043d\u0438\u044f, \u043f\u043e\u0441\u043a\u043e\u043b\u044c\u043a\u0443 \u0432\u043e \u043c\u043d\u043e\u0433\u0438\u0445 \u0441\u0442\u0440\u0430\u043d\u0430\u0445 \u0430\u0440\u0431\u0438\u0442\u0440\u0430\u0436\u043d\u044b\u0435 \u0440\u0435\u0448\u0435\u043d\u0438\u044f \u043f\u043e\u0434\u043b\u0435\u0436\u0430\u0442 \u0438\u0441\u043f\u043e\u043b\u043d\u0435\u043d\u0438\u044e \u043d\u0430 \u043e\u0441\u043d\u043e\u0432\u0435 \u043c\u0435\u0436\u0434\u0443\u043d\u0430\u0440\u043e\u0434\u043d\u044b\u0445 \u0434\u043e\u0433\u043e\u0432\u043e\u0440\u043e\u0432.<br \/>\n\u0410\u0434\u0432\u043e\u043a\u0430\u0442\u044b <a href=\"https:\/\/mlaw.rs\/ru\/\" target=\"_blank\" rel=\"noopener\">\u0410\u0434\u0432\u043e\u043a\u0430\u0442\u0441\u043a\u043e\u0433\u043e \u0431\u044e\u0440\u043e \u041c\u043e\u043c\u0447\u0438\u043b\u043e\u0432\u0438\u0447<\/a> \u043c\u043d\u043e\u0433\u043e \u043b\u0435\u0442 \u0440\u0430\u0431\u043e\u0442\u0430\u044e\u0442 \u043d\u0430 \u043d\u0430\u0446\u0438\u043e\u043d\u0430\u043b\u044c\u043d\u043e\u043c \u0438 \u043c\u0435\u0436\u0434\u0443\u043d\u0430\u0440\u043e\u0434\u043d\u043e\u043c \u0443\u0440\u043e\u0432\u043d\u0435 \u0432 \u0441\u0444\u0435\u0440\u0435 \u0430\u0440\u0431\u0438\u0442\u0440\u0430\u0436\u0430 \u0438 \u0431\u0443\u0434\u0443\u0442 \u0440\u0430\u0434\u044b \u043f\u0440\u043e\u043a\u043e\u043d\u0441\u0443\u043b\u044c\u0442\u0438\u0440\u043e\u0432\u0430\u0442\u044c \u0432\u0430\u0441 \u0438 \u043f\u043e\u043c\u043e\u0447\u044c \u043f\u043e \u0442\u0430\u043a\u0438\u043c \u0442\u0435\u043c\u0430\u043c, \u043a\u0430\u043a:<\/p>\n<p>&nbsp;<\/p>\n<ul>\n<li>\u041f\u0440\u0435\u0434\u0441\u0442\u0430\u0432\u0438\u0442\u0435\u043b\u044c\u0441\u0442\u0432\u043e \u0432 \u0430\u0440\u0431\u0438\u0442\u0440\u0430\u0436\u043d\u043e\u043c \u043f\u0440\u043e\u0446\u0435\u0441\u0441\u0435 \u0432 \u043a\u0430\u0447\u0435\u0441\u0442\u0432\u0435 \u0443\u043f\u043e\u043b\u043d\u043e\u043c\u043e\u0447\u0435\u043d\u043d\u043e\u0433\u043e \u043f\u0440\u0435\u0434\u0441\u0442\u0430\u0432\u0438\u0442\u0435\u043b\u044f \u0438\u043b\u0438 \u0443\u0447\u0430\u0441\u0442\u0438\u0435 \u0432 \u043a\u0430\u0447\u0435\u0441\u0442\u0432\u0435 \u0430\u0440\u0431\u0438\u0442\u0440\u0430<\/li>\n<li>\u041a\u043e\u043d\u0441\u0443\u043b\u044c\u0442\u0430\u0446\u0438\u0438 \u043f\u043e (\u043c\u0435\u0436\u0434\u0443\u043d\u0430\u0440\u043e\u0434\u043d\u044b\u043c) \u043f\u0440\u0430\u0432\u0438\u043b\u0430\u043c \u0430\u0440\u0431\u0438\u0442\u0440\u0430\u0436\u043d\u044b\u0445 \u043f\u0440\u043e\u0446\u0435\u0434\u0443\u0440<\/li>\n<li>\u0421\u043e\u0441\u0442\u0430\u0432\u043b\u0435\u043d\u0438\u0435 \u0430\u0440\u0431\u0438\u0442\u0440\u0430\u0436\u043d\u044b\u0445 \u0441\u043e\u0433\u043b\u0430\u0448\u0435\u043d\u0438\u0439 \u0438 \u0430\u0440\u0431\u0438\u0442\u0440\u0430\u0436\u043d\u044b\u0445 \u043e\u0433\u043e\u0432\u043e\u0440\u043e\u043a<\/li>\n<li>\u041a\u043e\u043d\u0441\u0443\u043b\u044c\u0442\u0430\u0446\u0438\u0438 \u043f\u043e \u043e\u043f\u0435\u0440\u0430\u0442\u0438\u0432\u043d\u043e\u043c\u0443 \u0440\u0430\u0437\u0440\u0435\u0448\u0435\u043d\u0438\u044e \u0441\u043f\u043e\u0440\u043e\u0432 \u0438 \u0434\u0440.<\/li>\n<\/ul>\n<p>\u0414\u043b\u044f \u043f\u043e\u043b\u0443\u0447\u0435\u043d\u0438\u044f \u043a\u043e\u043d\u0441\u0443\u043b\u044c\u0442\u0430\u0446\u0438\u0439 \u0438 \u044e\u0440\u0438\u0434\u0438\u0447\u0435\u0441\u043a\u0438\u0445 \u0443\u0441\u043b\u0443\u0433 \u043e\u0431\u0440\u0430\u0449\u0430\u0439\u0442\u0435\u0441\u044c \u043a \u044e\u0440\u0438\u0441\u0442\u0430\u043c \u0410\u0434\u0432\u043e\u043a\u0430\u0442\u0441\u043a\u043e\u0433\u043e \u0431\u044e\u0440\u043e \u041c\u043e\u043c\u0447\u0438\u043b\u043e\u0432\u0438\u0447 \u0447\u0435\u0440\u0435\u0437 <a href=\"#\">\u0444\u043e\u0440\u043c\u0443 \u0434\u043b\u044f \u043e\u0431\u0440\u0430\u0449\u0435\u043d\u0438\u0439<\/a><br \/>\n\u0438\u043b\u0438 \u043f\u043e \u044d\u043b\u0435\u043a\u0442\u0440\u043e\u043d\u043d\u043e\u0439 \u043f\u043e\u0447\u0442\u0435: <a href=\"mailto:office@mlaw.rs\">office@mlaw.rs<\/a>[\/vc_column_text][\/vc_column][vc_column width=&#187;1\/3&#8243; css=&#187;.vc_custom_1617965214920{margin-top: 0px !important;margin-bottom: 0px !important;border-top-width: 0px !important;border-bottom-width: 0px !important;padding-top: 20px !important;padding-right: 20px !important;padding-bottom: 20px !important;padding-left: 20px !important;background-color: #f6f6f6 !important;}&#187;][vc_wp_custommenu title=&#187;Oblasti prava&#187; nav_menu=&#187;131&#8243; el_class=&#187;template-sidebar-menu&#187;][\/vc_column][\/vc_row]<\/p>\n","protected":false},"excerpt":{"rendered":"<p>[vc_row css=&#187;.vc_custom_1617964681716{padding-top: 0px !important;padding-bottom: 0px !important;}&#187;][vc_column width=&#187;2\/3&#8243;][vc_single_image image=&#187;6100&#8243; img_size=&#187;full&#187;][vc_column_text css=&#187;.vc_custom_1687778174302{padding-top: 20px !important;}&#187;] \u0410\u0440\u0431\u0438\u0442\u0440\u0430\u0436 \u041f\u0440\u0438 \u0440\u0435\u0448\u0435\u043d\u0438\u0438 \u0441\u043b\u043e\u0436\u043d\u044b\u0445 \u0432\u043e\u043f\u0440\u043e\u0441\u043e\u0432 \u043a\u0440\u0443\u043f\u043d\u044b\u0435 \u043a\u043e\u043c\u043f\u0430\u043d\u0438\u0438 \u0447\u0430\u0441\u0442\u043e \u0438\u0449\u0443\u0442 \u0441\u043f\u043e\u0441\u043e\u0431\u044b \u0440\u0435\u0448\u0435\u043d\u0438\u044f \u043f\u043e\u0442\u0435\u043d\u0446\u0438\u0430\u043b\u044c\u043d\u044b\u0445 \u0441\u043f\u043e\u0440\u043e\u0432 \u0432 \u0442\u0440\u0435\u0442\u0435\u0439\u0441\u043a\u0438\u0445 \u0441\u0443\u0434\u0430\u0445, \u043c\u0438\u043d\u0443\u044f \u043e\u0431\u044b\u0447\u043d\u044b\u0435 \u0433\u043e\u0441\u0443\u0434\u0430\u0440\u0441\u0442\u0432\u0435\u043d\u043d\u044b\u0435 \u0441\u0443\u0434\u044b, \u0440\u0430\u0441\u0441\u043c\u043e\u0442\u0440\u0435\u043d\u0438\u0435 \u0434\u0435\u043b \u0432 \u043a\u043e\u0442\u043e\u0440\u044b\u0445, \u043f\u043e\u043c\u0438\u043c\u043e \u043c\u043d\u043e\u0433\u0438\u0445 \u0434\u0440\u0443\u0433\u0438\u0445 \u043d\u0435\u0434\u043e\u0441\u0442\u0430\u0442\u043a\u043e\u0432, \u0437\u0430\u043d\u0438\u043c\u0430\u0435\u0442 \u0435\u0449\u0435 \u0438 \u043e\u0447\u0435\u043d\u044c \u043c\u043d\u043e\u0433\u043e \u0432\u0440\u0435\u043c\u0435\u043d\u0438. \u0414\u043b\u044f \u043f\u0440\u043e\u0432\u0435\u0434\u0435\u043d\u0438\u044f \u044d\u0444\u0444\u0435\u043a\u0442\u0438\u0432\u043d\u043e\u0433\u043e \u0430\u0440\u0431\u0438\u0442\u0440\u0430\u0436\u043d\u043e\u0433\u043e [&hellip;]<\/p>\n","protected":false},"author":1,"featured_media":0,"parent":8642,"menu_order":0,"comment_status":"closed","ping_status":"closed","template":"","meta":{"inline_featured_image":false,"footnotes":""},"class_list":["post-8697","page","type-page","status-publish","hentry"],"acf":[],"yoast_head":"<!-- This site is optimized with the Yoast SEO plugin v27.4 - https:\/\/yoast.com\/product\/yoast-seo-wordpress\/ -->\n<title>\u0410\u0440\u0431\u0438\u0442\u0440\u0430\u0436 - Advokatska kancelarija Mom\u010dilovi\u0107 Stankovi\u0107<\/title>\n<meta name=\"description\" content=\"Kad se bave slo\u017eenim pitanjima, velike kompanije \u010desto tra\u017ee na\u010din da potencijalne sporove re\u0161e arbitra\u017eni sudovi i da na taj na\u010din zaobi\u0111u redovne sudove, \u010diji postupci znaju pored mnogih manjkavosti tako\u0111e i da traju neprocenjivo dugo. Advokati iz advokatske kancelarije Mom\u010dilovi\u0107 godinama rade na nacionalnom i me\u0111unarodnom nivou u oblasti arbitra\u017ee i rado \u0107e vas posavetovati o temama kao \u0161to su:\" \/>\n<meta name=\"robots\" content=\"index, follow, max-snippet:-1, max-image-preview:large, max-video-preview:-1\" \/>\n<link rel=\"canonical\" href=\"https:\/\/mlaw.rs\/kompetencije\/oblasti-prava\/arbitraza\/\" \/>\n<meta property=\"og:locale\" content=\"ru_RU\" \/>\n<meta property=\"og:type\" content=\"article\" \/>\n<meta property=\"og:title\" content=\"Advokatska kancelarija Mom\u010dilovi\u0107- Arbitra\u017ea\" \/>\n<meta property=\"og:description\" content=\"Kad se bave slo\u017eenim pitanjima, velike kompanije \u010desto tra\u017ee na\u010din da potencijalne sporove re\u0161e arbitra\u017eni sudovi i da na taj na\u010din zaobi\u0111u redovne sudove, \u010diji postupci znaju pored mnogih manjkavosti tako\u0111e i da traju neprocenjivo dugo. U svrhu vo\u0111enja efikasnog arbitra\u017enog postupka, stranke ve\u0161to odlu\u010duju da imenuju arbitre sa pravnim iskustvom na osnovu zakonskih i institucionalnih proceduralnih pravila (kao \u0161to su ICC, LCIA, DIS, \u0160vajcarska pravila, Be\u010dka pravila, UNCITRAL itd.).\" \/>\n<meta property=\"og:url\" content=\"https:\/\/mlaw.rs\/kompetencije\/oblasti-prava\/arbitraza\/\" \/>\n<meta property=\"og:site_name\" content=\"Advokatska kancelarija Mom\u010dilovi\u0107 Stankovi\u0107\" \/>\n<meta property=\"article:publisher\" content=\"https:\/\/www.facebook.com\/MomcilovicStankovic\" \/>\n<meta property=\"article:modified_time\" content=\"2023-06-26T11:16:19+00:00\" \/>\n<meta property=\"og:image\" content=\"https:\/\/mlaw.rs\/wp-content\/uploads\/2021\/08\/M.Law-Logo.jpg\" \/>\n\t<meta property=\"og:image:width\" content=\"828\" \/>\n\t<meta property=\"og:image:height\" content=\"845\" \/>\n\t<meta property=\"og:image:type\" content=\"image\/jpeg\" \/>\n<meta name=\"twitter:card\" content=\"summary_large_image\" \/>\n<meta name=\"twitter:label1\" content=\"\u041f\u0440\u0438\u043c\u0435\u0440\u043d\u043e\u0435 \u0432\u0440\u0435\u043c\u044f \u0434\u043b\u044f \u0447\u0442\u0435\u043d\u0438\u044f\" \/>\n\t<meta name=\"twitter:data1\" content=\"2 \u043c\u0438\u043d\u0443\u0442\u044b\" \/>\n<script type=\"application\/ld+json\" class=\"yoast-schema-graph\">{\"@context\":\"https:\\\/\\\/schema.org\",\"@graph\":[{\"@type\":[\"WebPage\",\"CollectionPage\"],\"@id\":\"https:\\\/\\\/mlaw.rs\\\/kompetencije\\\/oblasti-prava\\\/arbitraza\\\/\",\"url\":\"https:\\\/\\\/mlaw.rs\\\/kompetencije\\\/oblasti-prava\\\/arbitraza\\\/\",\"name\":\"\u0410\u0440\u0431\u0438\u0442\u0440\u0430\u0436 - Advokatska kancelarija Mom\u010dilovi\u0107 Stankovi\u0107\",\"isPartOf\":{\"@id\":\"https:\\\/\\\/mlaw.rs\\\/#website\"},\"datePublished\":\"2021-03-19T23:43:14+00:00\",\"dateModified\":\"2023-06-26T11:16:19+00:00\",\"description\":\"Kad se bave slo\u017eenim pitanjima, velike kompanije \u010desto tra\u017ee na\u010din da potencijalne sporove re\u0161e arbitra\u017eni sudovi i da na taj na\u010din zaobi\u0111u redovne sudove, \u010diji postupci znaju pored mnogih manjkavosti tako\u0111e i da traju neprocenjivo dugo. Advokati iz advokatske kancelarije Mom\u010dilovi\u0107 godinama rade na nacionalnom i me\u0111unarodnom nivou u oblasti arbitra\u017ee i rado \u0107e vas posavetovati o temama kao \u0161to su:\",\"breadcrumb\":{\"@id\":\"https:\\\/\\\/mlaw.rs\\\/kompetencije\\\/oblasti-prava\\\/arbitraza\\\/#breadcrumb\"},\"inLanguage\":\"ru-RU\"},{\"@type\":\"BreadcrumbList\",\"@id\":\"https:\\\/\\\/mlaw.rs\\\/kompetencije\\\/oblasti-prava\\\/arbitraza\\\/#breadcrumb\",\"itemListElement\":[{\"@type\":\"ListItem\",\"position\":1,\"name\":\"\u041f\u043e\u0447\u0435\u0442\u043d\u0430\",\"item\":\"https:\\\/\\\/mlaw.rs\\\/ru\\\/\"},{\"@type\":\"ListItem\",\"position\":2,\"name\":\"\u041a\u043e\u043c\u043f\u0435\u0442\u0435\u043d\u0446\u0438\u0438\",\"item\":\"https:\\\/\\\/mlaw.rs\\\/kompetencije\\\/\"},{\"@type\":\"ListItem\",\"position\":3,\"name\":\"\u041e\u0431\u043b\u0430\u0441\u0442\u0438 \u043f\u0440\u0430\u0432\u0430\",\"item\":\"https:\\\/\\\/mlaw.rs\\\/kompetencije\\\/oblasti-prava\\\/\"},{\"@type\":\"ListItem\",\"position\":4,\"name\":\"\u0410\u0440\u0431\u0438\u0442\u0440\u0430\u0436\"}]},{\"@type\":\"WebSite\",\"@id\":\"https:\\\/\\\/mlaw.rs\\\/#website\",\"url\":\"https:\\\/\\\/mlaw.rs\\\/\",\"name\":\"Advokatska kancelarija Mom\u010dilovi\u0107 Stankovi\u0107\",\"description\":\"Advokatska kancelarija Mom\u010dilovi\u0107 Stankovi\u0107\",\"publisher\":{\"@id\":\"https:\\\/\\\/mlaw.rs\\\/#organization\"},\"potentialAction\":[{\"@type\":\"SearchAction\",\"target\":{\"@type\":\"EntryPoint\",\"urlTemplate\":\"https:\\\/\\\/mlaw.rs\\\/?s={search_term_string}\"},\"query-input\":{\"@type\":\"PropertyValueSpecification\",\"valueRequired\":true,\"valueName\":\"search_term_string\"}}],\"inLanguage\":\"ru-RU\"},{\"@type\":\"Organization\",\"@id\":\"https:\\\/\\\/mlaw.rs\\\/#organization\",\"name\":\"Advokatska kancelarija Mom\u010dilovi\u0107 Stankovi\u0107\",\"url\":\"https:\\\/\\\/mlaw.rs\\\/\",\"logo\":{\"@type\":\"ImageObject\",\"inLanguage\":\"ru-RU\",\"@id\":\"https:\\\/\\\/mlaw.rs\\\/#\\\/schema\\\/logo\\\/image\\\/\",\"url\":\"https:\\\/\\\/mlaw.rs\\\/wp-content\\\/uploads\\\/2024\\\/01\\\/cropped-Screenshot-2024-01-06-at-12.41.19.png\",\"contentUrl\":\"https:\\\/\\\/mlaw.rs\\\/wp-content\\\/uploads\\\/2024\\\/01\\\/cropped-Screenshot-2024-01-06-at-12.41.19.png\",\"width\":512,\"height\":512,\"caption\":\"Advokatska kancelarija Mom\u010dilovi\u0107 Stankovi\u0107\"},\"image\":{\"@id\":\"https:\\\/\\\/mlaw.rs\\\/#\\\/schema\\\/logo\\\/image\\\/\"},\"sameAs\":[\"https:\\\/\\\/www.facebook.com\\\/MomcilovicStankovic\",\"https:\\\/\\\/www.linkedin.com\\\/company\\\/advokatska-kancelarija-mom\u010dilovi\u0107\"]}]}<\/script>\n<!-- \/ Yoast SEO plugin. -->","yoast_head_json":{"title":"\u0410\u0440\u0431\u0438\u0442\u0440\u0430\u0436 - Advokatska kancelarija Mom\u010dilovi\u0107 Stankovi\u0107","description":"Kad se bave slo\u017eenim pitanjima, velike kompanije \u010desto tra\u017ee na\u010din da potencijalne sporove re\u0161e arbitra\u017eni sudovi i da na taj na\u010din zaobi\u0111u redovne sudove, \u010diji postupci znaju pored mnogih manjkavosti tako\u0111e i da traju neprocenjivo dugo. Advokati iz advokatske kancelarije Mom\u010dilovi\u0107 godinama rade na nacionalnom i me\u0111unarodnom nivou u oblasti arbitra\u017ee i rado \u0107e vas posavetovati o temama kao \u0161to su:","robots":{"index":"index","follow":"follow","max-snippet":"max-snippet:-1","max-image-preview":"max-image-preview:large","max-video-preview":"max-video-preview:-1"},"canonical":"https:\/\/mlaw.rs\/kompetencije\/oblasti-prava\/arbitraza\/","og_locale":"ru_RU","og_type":"article","og_title":"Advokatska kancelarija Mom\u010dilovi\u0107- Arbitra\u017ea","og_description":"Kad se bave slo\u017eenim pitanjima, velike kompanije \u010desto tra\u017ee na\u010din da potencijalne sporove re\u0161e arbitra\u017eni sudovi i da na taj na\u010din zaobi\u0111u redovne sudove, \u010diji postupci znaju pored mnogih manjkavosti tako\u0111e i da traju neprocenjivo dugo. U svrhu vo\u0111enja efikasnog arbitra\u017enog postupka, stranke ve\u0161to odlu\u010duju da imenuju arbitre sa pravnim iskustvom na osnovu zakonskih i institucionalnih proceduralnih pravila (kao \u0161to su ICC, LCIA, DIS, \u0160vajcarska pravila, Be\u010dka pravila, UNCITRAL itd.).","og_url":"https:\/\/mlaw.rs\/kompetencije\/oblasti-prava\/arbitraza\/","og_site_name":"Advokatska kancelarija Mom\u010dilovi\u0107 Stankovi\u0107","article_publisher":"https:\/\/www.facebook.com\/MomcilovicStankovic","article_modified_time":"2023-06-26T11:16:19+00:00","og_image":[{"width":828,"height":845,"url":"https:\/\/mlaw.rs\/wp-content\/uploads\/2021\/08\/M.Law-Logo.jpg","type":"image\/jpeg"}],"twitter_card":"summary_large_image","twitter_misc":{"\u041f\u0440\u0438\u043c\u0435\u0440\u043d\u043e\u0435 \u0432\u0440\u0435\u043c\u044f \u0434\u043b\u044f \u0447\u0442\u0435\u043d\u0438\u044f":"2 \u043c\u0438\u043d\u0443\u0442\u044b"},"schema":{"@context":"https:\/\/schema.org","@graph":[{"@type":["WebPage","CollectionPage"],"@id":"https:\/\/mlaw.rs\/kompetencije\/oblasti-prava\/arbitraza\/","url":"https:\/\/mlaw.rs\/kompetencije\/oblasti-prava\/arbitraza\/","name":"\u0410\u0440\u0431\u0438\u0442\u0440\u0430\u0436 - Advokatska kancelarija Mom\u010dilovi\u0107 Stankovi\u0107","isPartOf":{"@id":"https:\/\/mlaw.rs\/#website"},"datePublished":"2021-03-19T23:43:14+00:00","dateModified":"2023-06-26T11:16:19+00:00","description":"Kad se bave slo\u017eenim pitanjima, velike kompanije \u010desto tra\u017ee na\u010din da potencijalne sporove re\u0161e arbitra\u017eni sudovi i da na taj na\u010din zaobi\u0111u redovne sudove, \u010diji postupci znaju pored mnogih manjkavosti tako\u0111e i da traju neprocenjivo dugo. Advokati iz advokatske kancelarije Mom\u010dilovi\u0107 godinama rade na nacionalnom i me\u0111unarodnom nivou u oblasti arbitra\u017ee i rado \u0107e vas posavetovati o temama kao \u0161to su:","breadcrumb":{"@id":"https:\/\/mlaw.rs\/kompetencije\/oblasti-prava\/arbitraza\/#breadcrumb"},"inLanguage":"ru-RU"},{"@type":"BreadcrumbList","@id":"https:\/\/mlaw.rs\/kompetencije\/oblasti-prava\/arbitraza\/#breadcrumb","itemListElement":[{"@type":"ListItem","position":1,"name":"\u041f\u043e\u0447\u0435\u0442\u043d\u0430","item":"https:\/\/mlaw.rs\/ru\/"},{"@type":"ListItem","position":2,"name":"\u041a\u043e\u043c\u043f\u0435\u0442\u0435\u043d\u0446\u0438\u0438","item":"https:\/\/mlaw.rs\/kompetencije\/"},{"@type":"ListItem","position":3,"name":"\u041e\u0431\u043b\u0430\u0441\u0442\u0438 \u043f\u0440\u0430\u0432\u0430","item":"https:\/\/mlaw.rs\/kompetencije\/oblasti-prava\/"},{"@type":"ListItem","position":4,"name":"\u0410\u0440\u0431\u0438\u0442\u0440\u0430\u0436"}]},{"@type":"WebSite","@id":"https:\/\/mlaw.rs\/#website","url":"https:\/\/mlaw.rs\/","name":"Advokatska kancelarija Mom\u010dilovi\u0107 Stankovi\u0107","description":"Advokatska kancelarija Mom\u010dilovi\u0107 Stankovi\u0107","publisher":{"@id":"https:\/\/mlaw.rs\/#organization"},"potentialAction":[{"@type":"SearchAction","target":{"@type":"EntryPoint","urlTemplate":"https:\/\/mlaw.rs\/?s={search_term_string}"},"query-input":{"@type":"PropertyValueSpecification","valueRequired":true,"valueName":"search_term_string"}}],"inLanguage":"ru-RU"},{"@type":"Organization","@id":"https:\/\/mlaw.rs\/#organization","name":"Advokatska kancelarija Mom\u010dilovi\u0107 Stankovi\u0107","url":"https:\/\/mlaw.rs\/","logo":{"@type":"ImageObject","inLanguage":"ru-RU","@id":"https:\/\/mlaw.rs\/#\/schema\/logo\/image\/","url":"https:\/\/mlaw.rs\/wp-content\/uploads\/2024\/01\/cropped-Screenshot-2024-01-06-at-12.41.19.png","contentUrl":"https:\/\/mlaw.rs\/wp-content\/uploads\/2024\/01\/cropped-Screenshot-2024-01-06-at-12.41.19.png","width":512,"height":512,"caption":"Advokatska kancelarija Mom\u010dilovi\u0107 Stankovi\u0107"},"image":{"@id":"https:\/\/mlaw.rs\/#\/schema\/logo\/image\/"},"sameAs":["https:\/\/www.facebook.com\/MomcilovicStankovic","https:\/\/www.linkedin.com\/company\/advokatska-kancelarija-mom\u010dilovi\u0107"]}]}},"_links":{"self":[{"href":"https:\/\/mlaw.rs\/ru\/wp-json\/wp\/v2\/pages\/8697","targetHints":{"allow":["GET"]}}],"collection":[{"href":"https:\/\/mlaw.rs\/ru\/wp-json\/wp\/v2\/pages"}],"about":[{"href":"https:\/\/mlaw.rs\/ru\/wp-json\/wp\/v2\/types\/page"}],"author":[{"embeddable":true,"href":"https:\/\/mlaw.rs\/ru\/wp-json\/wp\/v2\/users\/1"}],"replies":[{"embeddable":true,"href":"https:\/\/mlaw.rs\/ru\/wp-json\/wp\/v2\/comments?post=8697"}],"version-history":[{"count":1,"href":"https:\/\/mlaw.rs\/ru\/wp-json\/wp\/v2\/pages\/8697\/revisions"}],"predecessor-version":[{"id":8698,"href":"https:\/\/mlaw.rs\/ru\/wp-json\/wp\/v2\/pages\/8697\/revisions\/8698"}],"up":[{"embeddable":true,"href":"https:\/\/mlaw.rs\/ru\/wp-json\/wp\/v2\/pages\/8642"}],"wp:attachment":[{"href":"https:\/\/mlaw.rs\/ru\/wp-json\/wp\/v2\/media?parent=8697"}],"curies":[{"name":"wp","href":"https:\/\/api.w.org\/{rel}","templated":true}]}}