{"id":8733,"date":"2022-06-25T10:19:22","date_gmt":"2022-06-25T10:19:22","guid":{"rendered":"http:\/\/localhost:8888\/mlaw\/kompetencii\/otrasli-%d1%8dkonomiki\/farmaceutsko-pravo-i-medicinsko-pravo\/"},"modified":"2023-06-26T12:02:56","modified_gmt":"2023-06-26T12:02:56","slug":"medicina-i-zdravoohranenie","status":"publish","type":"page","link":"https:\/\/mlaw.rs\/ru\/kompetencii\/otrasli-%d1%8dkonomiki\/medicina-i-zdravoohranenie\/","title":{"rendered":"\u041c\u0435\u0434\u0438\u0446\u0438\u043d\u0430 \u0438 \u0437\u0434\u0440\u0430\u0432\u043e\u043e\u0445\u0440\u0430\u043d\u0435\u043d\u0438\u0435"},"content":{"rendered":"<p style=\"text-align: center;\"><span style=\"color: #ffffff;\">\u041c\u0435\u0434\u0438\u0446\u0438\u043d\u0430 \u0438 \u0437\u0434\u0440\u0430\u0432\u043e\u043e\u0445\u0440\u0430\u043d\u0435\u043d\u0438\u0435<\/span><\/p>\n<h2 style=\"text-align: center;\">\u041c\u0435\u0434\u0438\u0446\u0438\u043d\u0430 \u0438 \u0437\u0434\u0440\u0430\u0432\u043e\u043e\u0445\u0440\u0430\u043d\u0435\u043d\u0438\u0435<\/h2>\n<p style=\"font-weight: 400;\"><a href=\"https:\/\/mlaw.rs\/tim\/\" target=\"_blank\" rel=\"noopener\">\u041d\u0430\u0448\u0430 \u043a\u043e\u043c\u0430\u043d\u0434\u0430 <\/a>\u0443\u0434\u0435\u043b\u044f\u0435\u0442 \u0431\u043e\u043b\u044c\u0448\u043e\u0435 \u0432\u043d\u0438\u043c\u0430\u043d\u0438\u0435 \u0444\u0430\u0440\u043c\u0430\u0446\u0435\u0432\u0442\u0438\u0447\u0435\u0441\u043a\u043e\u0439 \u043e\u0442\u0440\u0430\u0441\u043b\u0438, \u043c\u0435\u0434\u0438\u0446\u0438\u043d\u0441\u043a\u043e\u043c\u0443 \u043f\u0440\u0430\u0432\u0443, \u0432\u043e\u043f\u0440\u043e\u0441\u0430\u043c \u0437\u0434\u0440\u0430\u0432\u043e\u043e\u0445\u0440\u0430\u043d\u0435\u043d\u0438\u044f \u0438 \u0437\u0430\u0449\u0438\u0442\u0435 \u043f\u0440\u0430\u0432 \u043f\u0430\u0446\u0438\u0435\u043d\u0442\u043e\u0432. \u0421\u0430\u043c\u044b\u0435 \u0432\u043e\u0441\u0442\u0440\u0435\u0431\u043e\u0432\u0430\u043d\u043d\u044b\u0435 \u0443\u0441\u043b\u0443\u0433\u0438 \u0432 \u044d\u0442\u043e\u0439 \u0441\u0444\u0435\u0440\u0435:<\/p>\n<ul>\n<li><img loading=\"lazy\" decoding=\"async\" class=\"alignleft wp-image-6784\" src=\"https:\/\/mlaw.rs\/\/wp-content\/uploads\/2022\/06\/towfiqu-barbhuiya-kmj5UgQ4-ss-unsplash-300x200.jpg\" alt=\"\" width=\"464\" height=\"309\" srcset=\"https:\/\/mlaw.rs\/wp-content\/uploads\/2022\/06\/towfiqu-barbhuiya-kmj5UgQ4-ss-unsplash-300x200.jpg 300w, https:\/\/mlaw.rs\/wp-content\/uploads\/2022\/06\/towfiqu-barbhuiya-kmj5UgQ4-ss-unsplash-1024x683.jpg 1024w, https:\/\/mlaw.rs\/wp-content\/uploads\/2022\/06\/towfiqu-barbhuiya-kmj5UgQ4-ss-unsplash-768x512.jpg 768w, https:\/\/mlaw.rs\/wp-content\/uploads\/2022\/06\/towfiqu-barbhuiya-kmj5UgQ4-ss-unsplash-1536x1024.jpg 1536w\" sizes=\"auto, (max-width: 464px) 100vw, 464px\" \/>\u041f\u0440\u0435\u0434\u0441\u0442\u0430\u0432\u0438\u0442\u0435\u043b\u044c\u0441\u0442\u0432\u043e \u043c\u0435\u0434\u0438\u0446\u0438\u043d\u0441\u043a\u0438\u0445 \u0443\u0447\u0440\u0435\u0436\u0434\u0435\u043d\u0438\u0439 \u0438 \u0430\u043f\u0442\u0435\u043a \u0432\u043e \u0432\u0441\u0435\u0445 \u0432\u0438\u0434\u0430\u0445 \u043f\u0440\u043e\u0446\u0435\u0434\u0443\u0440<\/li>\n<li>\u0421\u043e\u0437\u0434\u0430\u043d\u0438\u0435 \u043c\u0435\u0434\u0438\u0446\u0438\u043d\u0441\u043a\u0438\u0445 \u0443\u0447\u0440\u0435\u0436\u0434\u0435\u043d\u0438\u0439, \u043a\u043b\u0438\u043d\u0438\u043a, \u0447\u0430\u0441\u0442\u043d\u044b\u0445 \u043c\u0435\u0434\u0438\u0446\u0438\u043d\u0441\u043a\u0438\u0445 \u0443\u0447\u0440\u0435\u0436\u0434\u0435\u043d\u0438\u0439, \u0430 \u0442\u0430\u043a\u0436\u0435 \u043a\u043e\u0441\u043c\u0435\u0442\u0438\u0447\u0435\u0441\u043a\u0438\u0445 \u0438 \u043f\u043e\u0434\u043e\u0431\u043d\u044b\u0445 \u0443\u0447\u0440\u0435\u0436\u0434\u0435\u043d\u0438\u0439, \u0430 \u0442\u0430\u043a\u0436\u0435 \u043f\u043e\u043b\u0443\u0447\u0435\u043d\u0438\u0435 \u0440\u0430\u0437\u0440\u0435\u0448\u0435\u043d\u0438\u0439 \u043d\u0430 \u0440\u0430\u0431\u043e\u0442\u0443<\/li>\n<li>\u041a\u043e\u043d\u0441\u0443\u043b\u044c\u0442\u0438\u0440\u043e\u0432\u0430\u043d\u0438\u0435 \u0438 \u0441\u043e\u0441\u0442\u0430\u0432\u043b\u0435\u043d\u0438\u0435 \u0434\u043e\u0433\u043e\u0432\u043e\u0440\u043e\u0432, \u0441\u0432\u044f\u0437\u0430\u043d\u043d\u044b\u0445 \u0441 \u0437\u0430\u043a\u0443\u043f\u043a\u043e\u0439 \u0438\u0437\u0434\u0435\u043b\u0438\u0439 \u043c\u0435\u0434\u0438\u0446\u0438\u043d\u0441\u043a\u043e\u0433\u043e \u043d\u0430\u0437\u043d\u0430\u0447\u0435\u043d\u0438\u044f, \u043b\u0435\u043a\u0430\u0440\u0441\u0442\u0432\u0435\u043d\u043d\u044b\u0445 \u0441\u0440\u0435\u0434\u0441\u0442\u0432 \u0438 \u0430\u043f\u043f\u0430\u0440\u0430\u0442\u043e\u0432, \u043c\u0435\u0434\u0438\u0446\u0438\u043d\u0441\u043a\u043e\u0439 \u0442\u0435\u0445\u043d\u0438\u043a\u0438 \u0438 \u043e\u0431\u043e\u0440\u0443\u0434\u043e\u0432\u0430\u043d\u0438\u044f<\/li>\n<li>\u041a\u043e\u043d\u0441\u0443\u043b\u044c\u0442\u0430\u0446\u0438\u0438 \u0438 \u0441\u043e\u0441\u0442\u0430\u0432\u043b\u0435\u043d\u0438\u0435 \u0442\u0440\u0443\u0434\u043e\u0432\u043e\u0439 \u0434\u043e\u043a\u0443\u043c\u0435\u043d\u0442\u0430\u0446\u0438\u0438 &#8212; \u0434\u043b\u044f \u0443\u043f\u0440\u0430\u0432\u043b\u0435\u043d\u0438\u044f \u0432 \u043c\u0435\u0434\u0438\u0446\u0438\u043d\u0435 \u0438 \u0444\u0430\u0440\u043c\u0430\u0446\u0438\u0438<\/li>\n<li>\u041f\u0440\u0435\u0434\u0441\u0442\u0430\u0432\u0438\u0442\u0435\u043b\u044c\u0441\u0442\u0432\u043e \u0432 \u0434\u0435\u043b\u0430\u0445 \u043f\u043e \u0440\u0435\u0430\u043b\u0438\u0437\u0430\u0446\u0438\u0438 \u043f\u0440\u0430\u0432 \u043f\u043e \u0434\u043e\u0433\u043e\u0432\u043e\u0440\u0443 \u0441\u0442\u0440\u0430\u0445\u043e\u0432\u0430\u043d\u0438\u044f (\u043f\u0440\u0430\u0432\u043e \u043d\u0430 \u043c\u0435\u0434\u0438\u0446\u0438\u043d\u0441\u043a\u043e\u0435 \u0441\u0442\u0440\u0430\u0445\u043e\u0432\u0430\u043d\u0438\u0435, \u043f\u0440\u0430\u0432\u043e \u043d\u0430 \u0441\u0442\u0440\u0430\u0445\u043e\u0432\u0430\u043d\u0438\u0435 \u0436\u0438\u0437\u043d\u0438, \u043f\u0440\u0430\u0432\u043e \u043d\u0430 \u0441\u0442\u0440\u0430\u0445\u043e\u0432\u0430\u043d\u0438\u0435 \u043d\u0430 \u043b\u0435\u0447\u0435\u043d\u0438\u0435 \u0437\u0430 \u0433\u0440\u0430\u043d\u0438\u0446\u0435\u0439, \u043f\u0440\u0430\u0432\u043e \u043d\u0430 \u0441\u0442\u0440\u0430\u0445\u043e\u0432\u0430\u043d\u0438\u0435 \u043e\u0442 \u043d\u0435\u0441\u0447\u0430\u0441\u0442\u043d\u044b\u0445 \u0441\u043b\u0443\u0447\u0430\u0435\u0432 \u0438 \u0434\u0440.)<\/li>\n<li>\u041f\u0440\u0435\u0434\u0441\u0442\u0430\u0432\u0438\u0442\u0435\u043b\u044c\u0441\u0442\u0432\u043e \u0432 <a href=\"https:\/\/www.alims.gov.rs\" target=\"_blank\" rel=\"noopener\"> \u0410\u0433\u0435\u043d\u0442\u0441\u0442\u0432\u0435 \u043f\u043e \u043b\u0435\u043a\u0430\u0440\u0441\u0442\u0432\u0435\u043d\u043d\u044b\u043c \u043f\u0440\u0435\u043f\u0430\u0440\u0430\u0442\u0430\u043c \u0438 \u043c\u0435\u0434\u0438\u0446\u0438\u043d\u0441\u043a\u0438\u043c \u0438\u0437\u0434\u0435\u043b\u0438\u044f\u043c<\/a> \u0438 \u0432 <a href=\"https:\/\/www.zdravlje.gov.rs\/tekst\/335365\/medicinska-sredstva.php\" target=\"_blank\" rel=\"noopener\">\u041c\u0438\u043d\u0438\u0441\u0442\u0435\u0440\u0441\u0442\u0432\u0435 \u0437\u0434\u0440\u0430\u0432\u043e\u043e\u0445\u0440\u0430\u043d\u0435\u043d\u0438\u044f<\/a>;<\/li>\n<li>\u041a\u043e\u043d\u0441\u0443\u043b\u044c\u0442\u0430\u0446\u0438\u0438 \u0438 \u044e\u0440\u0438\u0434\u0438\u0447\u0435\u0441\u043a\u0438\u0439 \u0430\u043d\u0430\u043b\u0438\u0437 \u043d\u0430 \u0441\u043e\u043e\u0442\u0432\u0435\u0442\u0441\u0442\u0432\u0438\u0435 \u0431\u0438\u0437\u043d\u0435\u0441\u0430 \u0437\u0430\u043a\u043e\u043d\u043e\u0434\u0430\u0442\u0435\u043b\u044c\u0441\u0442\u0432\u0443<\/li>\n<\/ul>\n<p>\u0414\u043b\u044f \u043f\u043e\u043b\u0443\u0447\u0435\u043d\u0438\u044f \u043a\u043e\u043d\u0441\u0443\u043b\u044c\u0442\u0430\u0446\u0438\u0439 \u0438 \u044e\u0440\u0438\u0434\u0438\u0447\u0435\u0441\u043a\u0438\u0445 \u0443\u0441\u043b\u0443\u0433 \u043e\u0431\u0440\u0430\u0449\u0430\u0439\u0442\u0435\u0441\u044c \u043a \u044e\u0440\u0438\u0441\u0442\u0430\u043c \u0410\u0434\u0432\u043e\u043a\u0430\u0442\u0441\u043a\u043e\u0433\u043e \u0431\u044e\u0440\u043e \u041c\u043e\u043c\u0447\u0438\u043b\u043e\u0432\u0438\u0447 \u0447\u0435\u0440\u0435\u0437 <a href=\"#\">\u0444\u043e\u0440\u043c\u0443 \u0434\u043b\u044f \u043e\u0431\u0440\u0430\u0449\u0435\u043d\u0438\u0439<\/a><br \/>\n \u0438\u043b\u0438 \u043f\u043e \u044d\u043b\u0435\u043a\u0442\u0440\u043e\u043d\u043d\u043e\u0439 \u043f\u043e\u0447\u0442\u0435: <a href=\"mailto:office@mlaw.rs\">office@mlaw.rs<\/a>&nbsp;<\/p>\n","protected":false},"excerpt":{"rendered":"<p>\u041c\u0435\u0434\u0438\u0446\u0438\u043d\u0430 \u0438 \u0437\u0434\u0440\u0430\u0432\u043e\u043e\u0445\u0440\u0430\u043d\u0435\u043d\u0438\u0435 \u041c\u0435\u0434\u0438\u0446\u0438\u043d\u0430 \u0438 \u0437\u0434\u0440\u0430\u0432\u043e\u043e\u0445\u0440\u0430\u043d\u0435\u043d\u0438\u0435 \u041d\u0430\u0448\u0430 \u043a\u043e\u043c\u0430\u043d\u0434\u0430 \u0443\u0434\u0435\u043b\u044f\u0435\u0442 \u0431\u043e\u043b\u044c\u0448\u043e\u0435 \u0432\u043d\u0438\u043c\u0430\u043d\u0438\u0435 \u0444\u0430\u0440\u043c\u0430\u0446\u0435\u0432\u0442\u0438\u0447\u0435\u0441\u043a\u043e\u0439 \u043e\u0442\u0440\u0430\u0441\u043b\u0438, \u043c\u0435\u0434\u0438\u0446\u0438\u043d\u0441\u043a\u043e\u043c\u0443 \u043f\u0440\u0430\u0432\u0443, \u0432\u043e\u043f\u0440\u043e\u0441\u0430\u043c \u0437\u0434\u0440\u0430\u0432\u043e\u043e\u0445\u0440\u0430\u043d\u0435\u043d\u0438\u044f \u0438 \u0437\u0430\u0449\u0438\u0442\u0435 \u043f\u0440\u0430\u0432 \u043f\u0430\u0446\u0438\u0435\u043d\u0442\u043e\u0432. \u0421\u0430\u043c\u044b\u0435 \u0432\u043e\u0441\u0442\u0440\u0435\u0431\u043e\u0432\u0430\u043d\u043d\u044b\u0435 \u0443\u0441\u043b\u0443\u0433\u0438 \u0432 \u044d\u0442\u043e\u0439 \u0441\u0444\u0435\u0440\u0435: \u041f\u0440\u0435\u0434\u0441\u0442\u0430\u0432\u0438\u0442\u0435\u043b\u044c\u0441\u0442\u0432\u043e \u043c\u0435\u0434\u0438\u0446\u0438\u043d\u0441\u043a\u0438\u0445 \u0443\u0447\u0440\u0435\u0436\u0434\u0435\u043d\u0438\u0439 \u0438 \u0430\u043f\u0442\u0435\u043a \u0432\u043e \u0432\u0441\u0435\u0445 \u0432\u0438\u0434\u0430\u0445 \u043f\u0440\u043e\u0446\u0435\u0434\u0443\u0440 \u0421\u043e\u0437\u0434\u0430\u043d\u0438\u0435 \u043c\u0435\u0434\u0438\u0446\u0438\u043d\u0441\u043a\u0438\u0445 \u0443\u0447\u0440\u0435\u0436\u0434\u0435\u043d\u0438\u0439, \u043a\u043b\u0438\u043d\u0438\u043a, \u0447\u0430\u0441\u0442\u043d\u044b\u0445 \u043c\u0435\u0434\u0438\u0446\u0438\u043d\u0441\u043a\u0438\u0445 \u0443\u0447\u0440\u0435\u0436\u0434\u0435\u043d\u0438\u0439, \u0430 \u0442\u0430\u043a\u0436\u0435 \u043a\u043e\u0441\u043c\u0435\u0442\u0438\u0447\u0435\u0441\u043a\u0438\u0445 \u0438 \u043f\u043e\u0434\u043e\u0431\u043d\u044b\u0445 \u0443\u0447\u0440\u0435\u0436\u0434\u0435\u043d\u0438\u0439, \u0430 [&hellip;]<\/p>\n","protected":false},"author":1,"featured_media":0,"parent":8646,"menu_order":0,"comment_status":"closed","ping_status":"closed","template":"","meta":{"inline_featured_image":false,"footnotes":""},"class_list":["post-8733","page","type-page","status-publish","hentry"],"acf":[],"yoast_head":"<!-- This site is optimized with the Yoast SEO plugin v27.5 - https:\/\/yoast.com\/product\/yoast-seo-wordpress\/ -->\n<title>\u041c\u0435\u0434\u0438\u0446\u0438\u043d\u0430 \u0438 \u0437\u0434\u0440\u0430\u0432\u043e\u043e\u0445\u0440\u0430\u043d\u0435\u043d\u0438\u0435 - Advokatska kancelarija Mom\u010dilovi\u0107 Stankovi\u0107<\/title>\n<meta name=\"description\" content=\"Advokat za farmaceutsko pravo i medicinsko pravo: uslovi i dozvole za rad, savetovanje, zastupanje, radnopravna dokumentacija, ugovori i dr.\" \/>\n<meta name=\"robots\" content=\"index, follow, max-snippet:-1, max-image-preview:large, max-video-preview:-1\" \/>\n<link rel=\"canonical\" href=\"https:\/\/mlaw.rs\/kompetencije\/pravo-i-industrija\/farmaceutsko-pravo-i-medicinsko-pravo\/\" \/>\n<meta property=\"og:locale\" content=\"ru_RU\" \/>\n<meta property=\"og:type\" content=\"article\" \/>\n<meta property=\"og:title\" content=\"\u041c\u0435\u0434\u0438\u0446\u0438\u043d\u0430 \u0438 \u0437\u0434\u0440\u0430\u0432\u043e\u043e\u0445\u0440\u0430\u043d\u0435\u043d\u0438\u0435 - Advokatska kancelarija Mom\u010dilovi\u0107 Stankovi\u0107\" \/>\n<meta property=\"og:description\" content=\"Advokat za farmaceutsko pravo i medicinsko pravo: uslovi i dozvole za rad, savetovanje, zastupanje, radnopravna dokumentacija, ugovori i dr.\" \/>\n<meta property=\"og:url\" content=\"https:\/\/mlaw.rs\/kompetencije\/pravo-i-industrija\/farmaceutsko-pravo-i-medicinsko-pravo\/\" \/>\n<meta property=\"og:site_name\" content=\"Advokatska kancelarija Mom\u010dilovi\u0107 Stankovi\u0107\" \/>\n<meta property=\"article:publisher\" content=\"https:\/\/www.facebook.com\/MomcilovicStankovic\" \/>\n<meta property=\"article:modified_time\" content=\"2023-06-26T12:02:56+00:00\" \/>\n<meta property=\"og:image\" content=\"https:\/\/mlaw.rs\/\/wp-content\/uploads\/2022\/06\/towfiqu-barbhuiya-kmj5UgQ4-ss-unsplash-300x200.jpg\" \/>\n<meta name=\"twitter:card\" content=\"summary_large_image\" \/>\n<meta name=\"twitter:label1\" content=\"\u041f\u0440\u0438\u043c\u0435\u0440\u043d\u043e\u0435 \u0432\u0440\u0435\u043c\u044f \u0434\u043b\u044f \u0447\u0442\u0435\u043d\u0438\u044f\" \/>\n\t<meta name=\"twitter:data1\" content=\"2 \u043c\u0438\u043d\u0443\u0442\u044b\" \/>\n<script type=\"application\/ld+json\" class=\"yoast-schema-graph\">{\"@context\":\"https:\\\/\\\/schema.org\",\"@graph\":[{\"@type\":\"WebPage\",\"@id\":\"https:\\\/\\\/mlaw.rs\\\/kompetencije\\\/pravo-i-industrija\\\/farmaceutsko-pravo-i-medicinsko-pravo\\\/\",\"url\":\"https:\\\/\\\/mlaw.rs\\\/kompetencije\\\/pravo-i-industrija\\\/farmaceutsko-pravo-i-medicinsko-pravo\\\/\",\"name\":\"\u041c\u0435\u0434\u0438\u0446\u0438\u043d\u0430 \u0438 \u0437\u0434\u0440\u0430\u0432\u043e\u043e\u0445\u0440\u0430\u043d\u0435\u043d\u0438\u0435 - Advokatska kancelarija Mom\u010dilovi\u0107 Stankovi\u0107\",\"isPartOf\":{\"@id\":\"https:\\\/\\\/mlaw.rs\\\/#website\"},\"primaryImageOfPage\":{\"@id\":\"https:\\\/\\\/mlaw.rs\\\/kompetencije\\\/pravo-i-industrija\\\/farmaceutsko-pravo-i-medicinsko-pravo\\\/#primaryimage\"},\"image\":{\"@id\":\"https:\\\/\\\/mlaw.rs\\\/kompetencije\\\/pravo-i-industrija\\\/farmaceutsko-pravo-i-medicinsko-pravo\\\/#primaryimage\"},\"thumbnailUrl\":\"https:\\\/\\\/mlaw.rs\\\/\\\/wp-content\\\/uploads\\\/2022\\\/06\\\/towfiqu-barbhuiya-kmj5UgQ4-ss-unsplash-300x200.jpg\",\"datePublished\":\"2022-06-25T10:19:22+00:00\",\"dateModified\":\"2023-06-26T12:02:56+00:00\",\"description\":\"Advokat za farmaceutsko pravo i medicinsko pravo: uslovi i dozvole za rad, savetovanje, zastupanje, radnopravna dokumentacija, ugovori i dr.\",\"breadcrumb\":{\"@id\":\"https:\\\/\\\/mlaw.rs\\\/kompetencije\\\/pravo-i-industrija\\\/farmaceutsko-pravo-i-medicinsko-pravo\\\/#breadcrumb\"},\"inLanguage\":\"ru-RU\",\"potentialAction\":[{\"@type\":\"ReadAction\",\"target\":[\"https:\\\/\\\/mlaw.rs\\\/kompetencije\\\/pravo-i-industrija\\\/farmaceutsko-pravo-i-medicinsko-pravo\\\/\"]}]},{\"@type\":\"ImageObject\",\"inLanguage\":\"ru-RU\",\"@id\":\"https:\\\/\\\/mlaw.rs\\\/kompetencije\\\/pravo-i-industrija\\\/farmaceutsko-pravo-i-medicinsko-pravo\\\/#primaryimage\",\"url\":\"https:\\\/\\\/mlaw.rs\\\/\\\/wp-content\\\/uploads\\\/2022\\\/06\\\/towfiqu-barbhuiya-kmj5UgQ4-ss-unsplash-300x200.jpg\",\"contentUrl\":\"https:\\\/\\\/mlaw.rs\\\/\\\/wp-content\\\/uploads\\\/2022\\\/06\\\/towfiqu-barbhuiya-kmj5UgQ4-ss-unsplash-300x200.jpg\"},{\"@type\":\"BreadcrumbList\",\"@id\":\"https:\\\/\\\/mlaw.rs\\\/kompetencije\\\/pravo-i-industrija\\\/farmaceutsko-pravo-i-medicinsko-pravo\\\/#breadcrumb\",\"itemListElement\":[{\"@type\":\"ListItem\",\"position\":1,\"name\":\"\u041f\u043e\u0447\u0435\u0442\u043d\u0430\",\"item\":\"https:\\\/\\\/mlaw.rs\\\/ru\\\/\"},{\"@type\":\"ListItem\",\"position\":2,\"name\":\"\u041a\u043e\u043c\u043f\u0435\u0442\u0435\u043d\u0446\u0438\u0438\",\"item\":\"https:\\\/\\\/mlaw.rs\\\/kompetencije\\\/\"},{\"@type\":\"ListItem\",\"position\":3,\"name\":\"\u041e\u0442\u0440\u0430\u0441\u043b\u0438 \u044d\u043a\u043e\u043d\u043e\u043c\u0438\u043a\u0438\",\"item\":\"https:\\\/\\\/mlaw.rs\\\/kompetencije\\\/pravo-i-industrija\\\/\"},{\"@type\":\"ListItem\",\"position\":4,\"name\":\"\u041c\u0435\u0434\u0438\u0446\u0438\u043d\u0430 \u0438 \u0437\u0434\u0440\u0430\u0432\u043e\u043e\u0445\u0440\u0430\u043d\u0435\u043d\u0438\u0435\"}]},{\"@type\":\"WebSite\",\"@id\":\"https:\\\/\\\/mlaw.rs\\\/#website\",\"url\":\"https:\\\/\\\/mlaw.rs\\\/\",\"name\":\"Advokatska kancelarija Mom\u010dilovi\u0107 Stankovi\u0107\",\"description\":\"Advokatska kancelarija Mom\u010dilovi\u0107 Stankovi\u0107\",\"publisher\":{\"@id\":\"https:\\\/\\\/mlaw.rs\\\/#organization\"},\"potentialAction\":[{\"@type\":\"SearchAction\",\"target\":{\"@type\":\"EntryPoint\",\"urlTemplate\":\"https:\\\/\\\/mlaw.rs\\\/?s={search_term_string}\"},\"query-input\":{\"@type\":\"PropertyValueSpecification\",\"valueRequired\":true,\"valueName\":\"search_term_string\"}}],\"inLanguage\":\"ru-RU\"},{\"@type\":\"Organization\",\"@id\":\"https:\\\/\\\/mlaw.rs\\\/#organization\",\"name\":\"Advokatska kancelarija Mom\u010dilovi\u0107 Stankovi\u0107\",\"url\":\"https:\\\/\\\/mlaw.rs\\\/\",\"logo\":{\"@type\":\"ImageObject\",\"inLanguage\":\"ru-RU\",\"@id\":\"https:\\\/\\\/mlaw.rs\\\/#\\\/schema\\\/logo\\\/image\\\/\",\"url\":\"https:\\\/\\\/mlaw.rs\\\/wp-content\\\/uploads\\\/2024\\\/01\\\/cropped-Screenshot-2024-01-06-at-12.41.19.png\",\"contentUrl\":\"https:\\\/\\\/mlaw.rs\\\/wp-content\\\/uploads\\\/2024\\\/01\\\/cropped-Screenshot-2024-01-06-at-12.41.19.png\",\"width\":512,\"height\":512,\"caption\":\"Advokatska kancelarija Mom\u010dilovi\u0107 Stankovi\u0107\"},\"image\":{\"@id\":\"https:\\\/\\\/mlaw.rs\\\/#\\\/schema\\\/logo\\\/image\\\/\"},\"sameAs\":[\"https:\\\/\\\/www.facebook.com\\\/MomcilovicStankovic\",\"https:\\\/\\\/www.linkedin.com\\\/company\\\/advokatska-kancelarija-mom\u010dilovi\u0107\"]}]}<\/script>\n<!-- \/ Yoast SEO plugin. -->","yoast_head_json":{"title":"\u041c\u0435\u0434\u0438\u0446\u0438\u043d\u0430 \u0438 \u0437\u0434\u0440\u0430\u0432\u043e\u043e\u0445\u0440\u0430\u043d\u0435\u043d\u0438\u0435 - Advokatska kancelarija Mom\u010dilovi\u0107 Stankovi\u0107","description":"Advokat za farmaceutsko pravo i medicinsko pravo: uslovi i dozvole za rad, savetovanje, zastupanje, radnopravna dokumentacija, ugovori i dr.","robots":{"index":"index","follow":"follow","max-snippet":"max-snippet:-1","max-image-preview":"max-image-preview:large","max-video-preview":"max-video-preview:-1"},"canonical":"https:\/\/mlaw.rs\/kompetencije\/pravo-i-industrija\/farmaceutsko-pravo-i-medicinsko-pravo\/","og_locale":"ru_RU","og_type":"article","og_title":"\u041c\u0435\u0434\u0438\u0446\u0438\u043d\u0430 \u0438 \u0437\u0434\u0440\u0430\u0432\u043e\u043e\u0445\u0440\u0430\u043d\u0435\u043d\u0438\u0435 - Advokatska kancelarija Mom\u010dilovi\u0107 Stankovi\u0107","og_description":"Advokat za farmaceutsko pravo i medicinsko pravo: uslovi i dozvole za rad, savetovanje, zastupanje, radnopravna dokumentacija, ugovori i dr.","og_url":"https:\/\/mlaw.rs\/kompetencije\/pravo-i-industrija\/farmaceutsko-pravo-i-medicinsko-pravo\/","og_site_name":"Advokatska kancelarija Mom\u010dilovi\u0107 Stankovi\u0107","article_publisher":"https:\/\/www.facebook.com\/MomcilovicStankovic","article_modified_time":"2023-06-26T12:02:56+00:00","og_image":[{"url":"https:\/\/mlaw.rs\/\/wp-content\/uploads\/2022\/06\/towfiqu-barbhuiya-kmj5UgQ4-ss-unsplash-300x200.jpg","type":"","width":"","height":""}],"twitter_card":"summary_large_image","twitter_misc":{"\u041f\u0440\u0438\u043c\u0435\u0440\u043d\u043e\u0435 \u0432\u0440\u0435\u043c\u044f \u0434\u043b\u044f \u0447\u0442\u0435\u043d\u0438\u044f":"2 \u043c\u0438\u043d\u0443\u0442\u044b"},"schema":{"@context":"https:\/\/schema.org","@graph":[{"@type":"WebPage","@id":"https:\/\/mlaw.rs\/kompetencije\/pravo-i-industrija\/farmaceutsko-pravo-i-medicinsko-pravo\/","url":"https:\/\/mlaw.rs\/kompetencije\/pravo-i-industrija\/farmaceutsko-pravo-i-medicinsko-pravo\/","name":"\u041c\u0435\u0434\u0438\u0446\u0438\u043d\u0430 \u0438 \u0437\u0434\u0440\u0430\u0432\u043e\u043e\u0445\u0440\u0430\u043d\u0435\u043d\u0438\u0435 - Advokatska kancelarija Mom\u010dilovi\u0107 Stankovi\u0107","isPartOf":{"@id":"https:\/\/mlaw.rs\/#website"},"primaryImageOfPage":{"@id":"https:\/\/mlaw.rs\/kompetencije\/pravo-i-industrija\/farmaceutsko-pravo-i-medicinsko-pravo\/#primaryimage"},"image":{"@id":"https:\/\/mlaw.rs\/kompetencije\/pravo-i-industrija\/farmaceutsko-pravo-i-medicinsko-pravo\/#primaryimage"},"thumbnailUrl":"https:\/\/mlaw.rs\/\/wp-content\/uploads\/2022\/06\/towfiqu-barbhuiya-kmj5UgQ4-ss-unsplash-300x200.jpg","datePublished":"2022-06-25T10:19:22+00:00","dateModified":"2023-06-26T12:02:56+00:00","description":"Advokat za farmaceutsko pravo i medicinsko pravo: uslovi i dozvole za rad, savetovanje, zastupanje, radnopravna dokumentacija, ugovori i dr.","breadcrumb":{"@id":"https:\/\/mlaw.rs\/kompetencije\/pravo-i-industrija\/farmaceutsko-pravo-i-medicinsko-pravo\/#breadcrumb"},"inLanguage":"ru-RU","potentialAction":[{"@type":"ReadAction","target":["https:\/\/mlaw.rs\/kompetencije\/pravo-i-industrija\/farmaceutsko-pravo-i-medicinsko-pravo\/"]}]},{"@type":"ImageObject","inLanguage":"ru-RU","@id":"https:\/\/mlaw.rs\/kompetencije\/pravo-i-industrija\/farmaceutsko-pravo-i-medicinsko-pravo\/#primaryimage","url":"https:\/\/mlaw.rs\/\/wp-content\/uploads\/2022\/06\/towfiqu-barbhuiya-kmj5UgQ4-ss-unsplash-300x200.jpg","contentUrl":"https:\/\/mlaw.rs\/\/wp-content\/uploads\/2022\/06\/towfiqu-barbhuiya-kmj5UgQ4-ss-unsplash-300x200.jpg"},{"@type":"BreadcrumbList","@id":"https:\/\/mlaw.rs\/kompetencije\/pravo-i-industrija\/farmaceutsko-pravo-i-medicinsko-pravo\/#breadcrumb","itemListElement":[{"@type":"ListItem","position":1,"name":"\u041f\u043e\u0447\u0435\u0442\u043d\u0430","item":"https:\/\/mlaw.rs\/ru\/"},{"@type":"ListItem","position":2,"name":"\u041a\u043e\u043c\u043f\u0435\u0442\u0435\u043d\u0446\u0438\u0438","item":"https:\/\/mlaw.rs\/kompetencije\/"},{"@type":"ListItem","position":3,"name":"\u041e\u0442\u0440\u0430\u0441\u043b\u0438 \u044d\u043a\u043e\u043d\u043e\u043c\u0438\u043a\u0438","item":"https:\/\/mlaw.rs\/kompetencije\/pravo-i-industrija\/"},{"@type":"ListItem","position":4,"name":"\u041c\u0435\u0434\u0438\u0446\u0438\u043d\u0430 \u0438 \u0437\u0434\u0440\u0430\u0432\u043e\u043e\u0445\u0440\u0430\u043d\u0435\u043d\u0438\u0435"}]},{"@type":"WebSite","@id":"https:\/\/mlaw.rs\/#website","url":"https:\/\/mlaw.rs\/","name":"Advokatska kancelarija Mom\u010dilovi\u0107 Stankovi\u0107","description":"Advokatska kancelarija Mom\u010dilovi\u0107 Stankovi\u0107","publisher":{"@id":"https:\/\/mlaw.rs\/#organization"},"potentialAction":[{"@type":"SearchAction","target":{"@type":"EntryPoint","urlTemplate":"https:\/\/mlaw.rs\/?s={search_term_string}"},"query-input":{"@type":"PropertyValueSpecification","valueRequired":true,"valueName":"search_term_string"}}],"inLanguage":"ru-RU"},{"@type":"Organization","@id":"https:\/\/mlaw.rs\/#organization","name":"Advokatska kancelarija Mom\u010dilovi\u0107 Stankovi\u0107","url":"https:\/\/mlaw.rs\/","logo":{"@type":"ImageObject","inLanguage":"ru-RU","@id":"https:\/\/mlaw.rs\/#\/schema\/logo\/image\/","url":"https:\/\/mlaw.rs\/wp-content\/uploads\/2024\/01\/cropped-Screenshot-2024-01-06-at-12.41.19.png","contentUrl":"https:\/\/mlaw.rs\/wp-content\/uploads\/2024\/01\/cropped-Screenshot-2024-01-06-at-12.41.19.png","width":512,"height":512,"caption":"Advokatska kancelarija Mom\u010dilovi\u0107 Stankovi\u0107"},"image":{"@id":"https:\/\/mlaw.rs\/#\/schema\/logo\/image\/"},"sameAs":["https:\/\/www.facebook.com\/MomcilovicStankovic","https:\/\/www.linkedin.com\/company\/advokatska-kancelarija-mom\u010dilovi\u0107"]}]}},"_links":{"self":[{"href":"https:\/\/mlaw.rs\/ru\/wp-json\/wp\/v2\/pages\/8733","targetHints":{"allow":["GET"]}}],"collection":[{"href":"https:\/\/mlaw.rs\/ru\/wp-json\/wp\/v2\/pages"}],"about":[{"href":"https:\/\/mlaw.rs\/ru\/wp-json\/wp\/v2\/types\/page"}],"author":[{"embeddable":true,"href":"https:\/\/mlaw.rs\/ru\/wp-json\/wp\/v2\/users\/1"}],"replies":[{"embeddable":true,"href":"https:\/\/mlaw.rs\/ru\/wp-json\/wp\/v2\/comments?post=8733"}],"version-history":[{"count":2,"href":"https:\/\/mlaw.rs\/ru\/wp-json\/wp\/v2\/pages\/8733\/revisions"}],"predecessor-version":[{"id":8735,"href":"https:\/\/mlaw.rs\/ru\/wp-json\/wp\/v2\/pages\/8733\/revisions\/8735"}],"up":[{"embeddable":true,"href":"https:\/\/mlaw.rs\/ru\/wp-json\/wp\/v2\/pages\/8646"}],"wp:attachment":[{"href":"https:\/\/mlaw.rs\/ru\/wp-json\/wp\/v2\/media?parent=8733"}],"curies":[{"name":"wp","href":"https:\/\/api.w.org\/{rel}","templated":true}]}}