{"id":8737,"date":"2021-03-19T21:16:51","date_gmt":"2021-03-19T21:16:51","guid":{"rendered":"http:\/\/localhost:8888\/mlaw\/german-desk\/"},"modified":"2024-07-27T10:13:14","modified_gmt":"2024-07-27T10:13:14","slug":"german-desk","status":"publish","type":"page","link":"https:\/\/mlaw.rs\/ru\/german-desk\/","title":{"rendered":"German Desk"},"content":{"rendered":"<p>[vc_row css=&#187;.vc_custom_1616675169397{padding-top: 0px !important;padding-bottom: 0px !important;background-color: #155153 !important;}&#187;][vc_column css=&#187;.vc_custom_1616747666944{margin-top: 0px !important;margin-bottom: 0px !important;border-top-width: 0px !important;border-bottom-width: 0px !important;padding-top: 10px !important;padding-bottom: 10px !important;}&#187;][vc_row_inner row_content_width=&#187;grid&#187; css=&#187;.vc_custom_1616747683885{padding-top: 0px !important;padding-bottom: 0px !important;}&#187;][vc_column_inner][vc_custom_heading source=&#187;post_title&#187; font_container=&#187;tag:h1|text_align:center|color:%23ffffff&#187; use_theme_fonts=&#187;yes&#187;][\/vc_column_inner][\/vc_row_inner][\/vc_column][\/vc_row][vc_row][vc_column][vc_empty_space height=&#187;20px&#187; el_id=&#187;gd-emp-sp&#187;][\/vc_column][\/vc_row][vc_row row_content_width=&#187;grid&#187;][vc_column][vc_row_inner][vc_column_inner width=&#187;1\/2&#8243; offset=&#187;vc_col-lg-7 vc_col-md-6 vc_col-xs-12&#8243;][vc_column_text css_animation=&#187;none&#187;]<img loading=\"lazy\" decoding=\"async\" class=\"alignleft size-medium wp-image-7191\" src=\"https:\/\/mlaw.rs\/\/wp-content\/uploads\/2023\/01\/VM-ADV93-200x300.jpg\" alt=\"Advokatska kancelarija Mom\u010dilovi\u0107 German Desk\" width=\"200\" height=\"300\" srcset=\"https:\/\/mlaw.rs\/wp-content\/uploads\/2023\/01\/VM-ADV93-200x300.jpg 200w, https:\/\/mlaw.rs\/wp-content\/uploads\/2023\/01\/VM-ADV93-683x1024.jpg 683w, https:\/\/mlaw.rs\/wp-content\/uploads\/2023\/01\/VM-ADV93-768x1152.jpg 768w, https:\/\/mlaw.rs\/wp-content\/uploads\/2023\/01\/VM-ADV93-1024x1536.jpg 1024w, https:\/\/mlaw.rs\/wp-content\/uploads\/2023\/01\/VM-ADV93-1365x2048.jpg 1365w, https:\/\/mlaw.rs\/wp-content\/uploads\/2023\/01\/VM-ADV93-scaled.jpg 1707w\" sizes=\"auto, (max-width: 200px) 100vw, 200px\" \/>\u0412 \u0410\u0434\u0432\u043e\u043a\u0430\u0442\u0441\u043a\u043e\u043c \u0431\u044e\u0440\u043e \u041c\u043e\u043c\u0447\u0438\u043b\u043e\u0432\u0438\u0447 \u0441\u043e\u0437\u0434\u0430\u043d German Desk, \u0432 \u0441\u043e\u0441\u0442\u0430\u0432 \u043a\u043e\u0442\u043e\u0440\u043e\u0433\u043e \u0432\u0445\u043e\u0434\u044f\u0442 \u0441\u043e\u0442\u0440\u0443\u0434\u043d\u0438\u043a\u0438, \u043e\u0431\u043b\u0430\u0434\u0430\u044e\u0449\u0438\u0435 \u0441\u043f\u0435\u0446\u0438\u0430\u043b\u044c\u043d\u044b\u043c\u0438 \u0437\u043d\u0430\u043d\u0438\u044f\u043c\u0438 \u0438 \u043d\u0430\u0432\u044b\u043a\u0430\u043c\u0438 \u0434\u043b\u044f \u043f\u0440\u0435\u0434\u0441\u0442\u0430\u0432\u043b\u0435\u043d\u0438\u044f \u0438\u043d\u0442\u0435\u0440\u0435\u0441\u043e\u0432 \u043a\u043b\u0438\u0435\u043d\u0442\u043e\u0432 \u0438\u0437 \u043d\u0435\u043c\u0435\u0446\u043a\u043e\u044f\u0437\u044b\u0447\u043d\u043e\u0433\u043e \u0440\u0435\u0433\u0438\u043e\u043d\u0430. \u0417\u043d\u0430\u043d\u0438\u0435 \u044f\u0437\u044b\u043a\u0430 \u0438 \u043a\u0443\u043b\u044c\u0442\u0443\u0440\u044b \u044f\u0432\u043b\u044f\u044e\u0442\u0441\u044f \u043e\u0441\u043d\u043e\u0432\u043e\u0439 \u0434\u043b\u044f \u0443\u0441\u043f\u0435\u0448\u043d\u043e\u0433\u043e \u0432\u0435\u0434\u0435\u043d\u0438\u044f \u0431\u0438\u0437\u043d\u0435\u0441\u0430 \u043d\u0430 \u043c\u0435\u0436\u0434\u0443\u043d\u0430\u0440\u043e\u0434\u043d\u043e\u043c \u0443\u0440\u043e\u0432\u043d\u0435.<\/p>\n<p>&nbsp;<\/p>\n<p>\u0421 \u0446\u0435\u043b\u044c\u044e \u044d\u0444\u0444\u0435\u043a\u0442\u0438\u0432\u043d\u043e\u0439 \u0440\u0435\u0430\u043b\u0438\u0437\u0430\u0446\u0438\u0438 \u0438\u043d\u0442\u0435\u0440\u0435\u0441\u043e\u0432 \u043d\u0430\u0448\u0438\u0445 \u043a\u043b\u0438\u0435\u043d\u0442\u043e\u0432, \u043c\u044b \u0435\u0436\u0435\u0434\u043d\u0435\u0432\u043d\u043e \u0441\u043e\u0442\u0440\u0443\u0434\u043d\u0438\u0447\u0430\u0435\u043c \u0441 \u044e\u0440\u0438\u0434\u0438\u0447\u0435\u0441\u043a\u0438\u043c\u0438 \u0444\u0438\u0440\u043c\u0430\u043c\u0438 \u0413\u0435\u0440\u043c\u0430\u043d\u0438\u0438, \u0410\u0432\u0441\u0442\u0440\u0438\u0438 \u0438 \u0428\u0432\u0435\u0439\u0446\u0430\u0440\u0438\u0438. \u041c\u044b \u0432\u043a\u043b\u044e\u0447\u0435\u043d\u044b <a href=\"https:\/\/belgrad.diplo.de\/rs-de\/service\/-\/2249854\" target=\"_blank\" rel=\"noopener\">\u0432 \u0441\u043f\u0438\u0441\u043e\u043a \u0430\u0434\u0432\u043e\u043a\u0430\u0442\u043e\u0432<\/a>, \u043a\u043e\u0442\u043e\u0440\u044b\u0439 \u0432\u0435\u0434\u0435\u0442 \u043f\u043e\u0441\u043e\u043b\u044c\u0441\u0442\u0432\u043e \u0424\u0435\u0434\u0435\u0440\u0430\u0442\u0438\u0432\u043d\u043e\u0439 \u0420\u0435\u0441\u043f\u0443\u0431\u043b\u0438\u043a\u0438 \u0413\u0435\u0440\u043c\u0430\u043d\u0438\u044f \u0432 \u0421\u0435\u0440\u0431\u0438\u0438.<br \/>\n\u0427\u043b\u0435\u043d\u0441\u0442\u0432\u043e:<img loading=\"lazy\" decoding=\"async\" class=\" wp-image-7187 alignright\" src=\"https:\/\/mlaw.rs\/\/wp-content\/uploads\/2023\/01\/VM-ADV105-200x300.jpg\" alt=\"Advokatska kancelarija Mom\u010dilovi\u0107\" width=\"305\" height=\"458\" srcset=\"https:\/\/mlaw.rs\/wp-content\/uploads\/2023\/01\/VM-ADV105-200x300.jpg 200w, https:\/\/mlaw.rs\/wp-content\/uploads\/2023\/01\/VM-ADV105-683x1024.jpg 683w, https:\/\/mlaw.rs\/wp-content\/uploads\/2023\/01\/VM-ADV105-768x1152.jpg 768w, https:\/\/mlaw.rs\/wp-content\/uploads\/2023\/01\/VM-ADV105-1024x1536.jpg 1024w, https:\/\/mlaw.rs\/wp-content\/uploads\/2023\/01\/VM-ADV105-1365x2048.jpg 1365w, https:\/\/mlaw.rs\/wp-content\/uploads\/2023\/01\/VM-ADV105-scaled.jpg 1707w\" sizes=\"auto, (max-width: 305px) 100vw, 305px\" \/><\/p>\n<p><a href=\"https:\/\/serbien.ahk.de\/sr\/\"><img loading=\"lazy\" decoding=\"async\" class=\"alignleft wp-image-7017 size-medium\" src=\"https:\/\/mlaw.rs\/\/wp-content\/uploads\/2022\/12\/AHK-300x76.jpeg\" alt=\"\" width=\"300\" height=\"76\" srcset=\"https:\/\/mlaw.rs\/wp-content\/uploads\/2022\/12\/AHK-300x76.jpeg 300w, https:\/\/mlaw.rs\/wp-content\/uploads\/2022\/12\/AHK-1024x260.jpeg 1024w, https:\/\/mlaw.rs\/wp-content\/uploads\/2022\/12\/AHK-768x195.jpeg 768w, https:\/\/mlaw.rs\/wp-content\/uploads\/2022\/12\/AHK-1536x390.jpeg 1536w\" sizes=\"auto, (max-width: 300px) 100vw, 300px\" \/><\/a><a href=\"https:\/\/www.experten-branchenbuch.de\/rechtsanwalt\/valentina-momcilovic-llm-freiburg-beograd-belgrad\"><img loading=\"lazy\" decoding=\"async\" class=\"alignleft wp-image-7020 size-full\" src=\"https:\/\/mlaw.rs\/\/wp-content\/uploads\/2022\/12\/experten-branchenbuch.de_.png\" alt=\"\" width=\"200\" height=\"200\" srcset=\"https:\/\/mlaw.rs\/wp-content\/uploads\/2022\/12\/experten-branchenbuch.de_.png 200w, https:\/\/mlaw.rs\/wp-content\/uploads\/2022\/12\/experten-branchenbuch.de_-150x150.png 150w, https:\/\/mlaw.rs\/wp-content\/uploads\/2022\/12\/experten-branchenbuch.de_-20x20.png 20w\" sizes=\"auto, (max-width: 200px) 100vw, 200px\" \/><\/a>[\/vc_column_text][\/vc_column_inner][vc_column_inner width=&#187;1\/2&#8243; offset=&#187;vc_col-lg-offset-0 vc_col-lg-5 vc_col-md-6 vc_col-xs-12&#8243;][vc_raw_html]JTNDZGl2JTIwaWQlM0QlMjJhbndhbHRXaWRnZXQxMSUyMiUzRSUzQyUyRmRpdiUzRSUzQ3NjcmlwdCUyMGFzeW5jJTIwdHlwZSUzRCUyMnRleHQlMkZqYXZhc2NyaXB0JTIyJTIwc3JjJTNEJTIyaHR0cHMlM0ElMkYlMkZ3aWRnZXQuYW53YWx0LmRlJTJGbmV1ZXN0ZS1hbndhbHRzYmV3ZXJ0dW5nZW4lMkYxMSUyRmlkJTJGMjEyNTA5JTJGbWF4SXRlbXMlMkY0JTJGYmFzZUNvbG9yJTJGNGI2MjhiJTJGaGVhZGVyQ29sb3IlMkZmZmZmZmYlMkZ3aWR0aCUyRjQwMCUyRnJvdW5kZWQlMkYwJTJGbGlua3NOZXdXaW5kb3clMkYxJTJGZGlzYWJsZUJvcmRlciUyRjAlMkZnZXQuanMlM0Z2JTNEMiUyMiUzRSUzQyUyRnNjcmlwdCUzRQ==[\/vc_raw_html][\/vc_column_inner][\/vc_row_inner][\/vc_column][\/vc_row][vc_row][vc_column][vc_empty_space height=&#187;70px&#187;][\/vc_column][\/vc_row]<\/p>\n","protected":false},"excerpt":{"rendered":"<p>[vc_row css=&#187;.vc_custom_1616675169397{padding-top: 0px !important;padding-bottom: 0px !important;background-color: #155153 !important;}&#187;][vc_column css=&#187;.vc_custom_1616747666944{margin-top: 0px !important;margin-bottom: 0px !important;border-top-width: 0px !important;border-bottom-width: 0px !important;padding-top: 10px !important;padding-bottom: 10px !important;}&#187;][vc_row_inner row_content_width=&#187;grid&#187; css=&#187;.vc_custom_1616747683885{padding-top: 0px !important;padding-bottom: 0px !important;}&#187;][vc_column_inner][vc_custom_heading source=&#187;post_title&#187; font_container=&#187;tag:h1|text_align:center|color:%23ffffff&#187; use_theme_fonts=&#187;yes&#187;][\/vc_column_inner][\/vc_row_inner][\/vc_column][\/vc_row][vc_row][vc_column][vc_empty_space height=&#187;20px&#187; el_id=&#187;gd-emp-sp&#187;][\/vc_column][\/vc_row][vc_row row_content_width=&#187;grid&#187;][vc_column][vc_row_inner][vc_column_inner width=&#187;1\/2&#8243; offset=&#187;vc_col-lg-7 vc_col-md-6 vc_col-xs-12&#8243;][vc_column_text css_animation=&#187;none&#187;]\u0412 \u0410\u0434\u0432\u043e\u043a\u0430\u0442\u0441\u043a\u043e\u043c \u0431\u044e\u0440\u043e \u041c\u043e\u043c\u0447\u0438\u043b\u043e\u0432\u0438\u0447 \u0441\u043e\u0437\u0434\u0430\u043d German Desk, \u0432 \u0441\u043e\u0441\u0442\u0430\u0432 \u043a\u043e\u0442\u043e\u0440\u043e\u0433\u043e \u0432\u0445\u043e\u0434\u044f\u0442 \u0441\u043e\u0442\u0440\u0443\u0434\u043d\u0438\u043a\u0438, \u043e\u0431\u043b\u0430\u0434\u0430\u044e\u0449\u0438\u0435 [&hellip;]<\/p>\n","protected":false},"author":1,"featured_media":0,"parent":0,"menu_order":0,"comment_status":"closed","ping_status":"closed","template":"full-width.php","meta":{"inline_featured_image":false,"footnotes":""},"class_list":["post-8737","page","type-page","status-publish","hentry"],"acf":[],"yoast_head":"<!-- This site is optimized with the Yoast SEO plugin v27.4 - https:\/\/yoast.com\/product\/yoast-seo-wordpress\/ -->\n<title>German Desk - Advokatska kancelarija Mom\u010dilovi\u0107 Stankovi\u0107<\/title>\n<meta name=\"description\" content=\"German Desk na\u0161e kancelarije \u010dine advokati koji su stekli posebna znanja i ve\u0161tine u zastupanju klijenata sa nema\u010dkog govornog podru\u010dja.\" \/>\n<meta name=\"robots\" content=\"index, follow, max-snippet:-1, max-image-preview:large, max-video-preview:-1\" \/>\n<link rel=\"canonical\" href=\"https:\/\/mlaw.rs\/ru\/german-desk\/\" \/>\n<meta property=\"og:locale\" content=\"ru_RU\" \/>\n<meta property=\"og:type\" content=\"article\" \/>\n<meta property=\"og:title\" content=\"German Desk - Advokatska kancelarija Mom\u010dilovi\u0107 Stankovi\u0107\" \/>\n<meta property=\"og:description\" content=\"German Desk na\u0161e kancelarije \u010dine advokati koji su stekli posebna znanja i ve\u0161tine u zastupanju klijenata sa nema\u010dkog govornog podru\u010dja.\" \/>\n<meta property=\"og:url\" content=\"https:\/\/mlaw.rs\/ru\/german-desk\/\" \/>\n<meta property=\"og:site_name\" content=\"Advokatska kancelarija Mom\u010dilovi\u0107 Stankovi\u0107\" \/>\n<meta property=\"article:publisher\" content=\"https:\/\/www.facebook.com\/MomcilovicStankovic\" \/>\n<meta property=\"article:modified_time\" content=\"2024-07-27T10:13:14+00:00\" \/>\n<meta property=\"og:image\" content=\"https:\/\/mlaw.rs\/\/wp-content\/uploads\/2023\/01\/VM-ADV93-200x300.jpg\" \/>\n<meta name=\"twitter:card\" content=\"summary_large_image\" \/>\n<meta name=\"twitter:label1\" content=\"\u041f\u0440\u0438\u043c\u0435\u0440\u043d\u043e\u0435 \u0432\u0440\u0435\u043c\u044f \u0434\u043b\u044f \u0447\u0442\u0435\u043d\u0438\u044f\" \/>\n\t<meta name=\"twitter:data1\" content=\"1 \u043c\u0438\u043d\u0443\u0442\u0430\" \/>\n<script type=\"application\/ld+json\" class=\"yoast-schema-graph\">{\"@context\":\"https:\\\/\\\/schema.org\",\"@graph\":[{\"@type\":\"WebPage\",\"@id\":\"https:\\\/\\\/mlaw.rs\\\/ru\\\/german-desk\\\/\",\"url\":\"https:\\\/\\\/mlaw.rs\\\/ru\\\/german-desk\\\/\",\"name\":\"German Desk - Advokatska kancelarija Mom\u010dilovi\u0107 Stankovi\u0107\",\"isPartOf\":{\"@id\":\"https:\\\/\\\/mlaw.rs\\\/#website\"},\"primaryImageOfPage\":{\"@id\":\"https:\\\/\\\/mlaw.rs\\\/ru\\\/german-desk\\\/#primaryimage\"},\"image\":{\"@id\":\"https:\\\/\\\/mlaw.rs\\\/ru\\\/german-desk\\\/#primaryimage\"},\"thumbnailUrl\":\"https:\\\/\\\/mlaw.rs\\\/\\\/wp-content\\\/uploads\\\/2023\\\/01\\\/VM-ADV93-200x300.jpg\",\"datePublished\":\"2021-03-19T21:16:51+00:00\",\"dateModified\":\"2024-07-27T10:13:14+00:00\",\"description\":\"German Desk na\u0161e kancelarije \u010dine advokati koji su stekli posebna znanja i ve\u0161tine u zastupanju klijenata sa nema\u010dkog govornog podru\u010dja.\",\"breadcrumb\":{\"@id\":\"https:\\\/\\\/mlaw.rs\\\/ru\\\/german-desk\\\/#breadcrumb\"},\"inLanguage\":\"ru-RU\",\"potentialAction\":[{\"@type\":\"ReadAction\",\"target\":[\"https:\\\/\\\/mlaw.rs\\\/ru\\\/german-desk\\\/\"]}]},{\"@type\":\"ImageObject\",\"inLanguage\":\"ru-RU\",\"@id\":\"https:\\\/\\\/mlaw.rs\\\/ru\\\/german-desk\\\/#primaryimage\",\"url\":\"https:\\\/\\\/mlaw.rs\\\/\\\/wp-content\\\/uploads\\\/2023\\\/01\\\/VM-ADV93-200x300.jpg\",\"contentUrl\":\"https:\\\/\\\/mlaw.rs\\\/\\\/wp-content\\\/uploads\\\/2023\\\/01\\\/VM-ADV93-200x300.jpg\"},{\"@type\":\"BreadcrumbList\",\"@id\":\"https:\\\/\\\/mlaw.rs\\\/ru\\\/german-desk\\\/#breadcrumb\",\"itemListElement\":[{\"@type\":\"ListItem\",\"position\":1,\"name\":\"\u041f\u043e\u0447\u0435\u0442\u043d\u0430\",\"item\":\"https:\\\/\\\/mlaw.rs\\\/ru\\\/\"},{\"@type\":\"ListItem\",\"position\":2,\"name\":\"German Desk\"}]},{\"@type\":\"WebSite\",\"@id\":\"https:\\\/\\\/mlaw.rs\\\/#website\",\"url\":\"https:\\\/\\\/mlaw.rs\\\/\",\"name\":\"Advokatska kancelarija Mom\u010dilovi\u0107 Stankovi\u0107\",\"description\":\"Advokatska kancelarija Mom\u010dilovi\u0107 Stankovi\u0107\",\"publisher\":{\"@id\":\"https:\\\/\\\/mlaw.rs\\\/#organization\"},\"potentialAction\":[{\"@type\":\"SearchAction\",\"target\":{\"@type\":\"EntryPoint\",\"urlTemplate\":\"https:\\\/\\\/mlaw.rs\\\/?s={search_term_string}\"},\"query-input\":{\"@type\":\"PropertyValueSpecification\",\"valueRequired\":true,\"valueName\":\"search_term_string\"}}],\"inLanguage\":\"ru-RU\"},{\"@type\":\"Organization\",\"@id\":\"https:\\\/\\\/mlaw.rs\\\/#organization\",\"name\":\"Advokatska kancelarija Mom\u010dilovi\u0107 Stankovi\u0107\",\"url\":\"https:\\\/\\\/mlaw.rs\\\/\",\"logo\":{\"@type\":\"ImageObject\",\"inLanguage\":\"ru-RU\",\"@id\":\"https:\\\/\\\/mlaw.rs\\\/#\\\/schema\\\/logo\\\/image\\\/\",\"url\":\"https:\\\/\\\/mlaw.rs\\\/wp-content\\\/uploads\\\/2024\\\/01\\\/cropped-Screenshot-2024-01-06-at-12.41.19.png\",\"contentUrl\":\"https:\\\/\\\/mlaw.rs\\\/wp-content\\\/uploads\\\/2024\\\/01\\\/cropped-Screenshot-2024-01-06-at-12.41.19.png\",\"width\":512,\"height\":512,\"caption\":\"Advokatska kancelarija Mom\u010dilovi\u0107 Stankovi\u0107\"},\"image\":{\"@id\":\"https:\\\/\\\/mlaw.rs\\\/#\\\/schema\\\/logo\\\/image\\\/\"},\"sameAs\":[\"https:\\\/\\\/www.facebook.com\\\/MomcilovicStankovic\",\"https:\\\/\\\/www.linkedin.com\\\/company\\\/advokatska-kancelarija-mom\u010dilovi\u0107\"]}]}<\/script>\n<!-- \/ Yoast SEO plugin. -->","yoast_head_json":{"title":"German Desk - Advokatska kancelarija Mom\u010dilovi\u0107 Stankovi\u0107","description":"German Desk na\u0161e kancelarije \u010dine advokati koji su stekli posebna znanja i ve\u0161tine u zastupanju klijenata sa nema\u010dkog govornog podru\u010dja.","robots":{"index":"index","follow":"follow","max-snippet":"max-snippet:-1","max-image-preview":"max-image-preview:large","max-video-preview":"max-video-preview:-1"},"canonical":"https:\/\/mlaw.rs\/ru\/german-desk\/","og_locale":"ru_RU","og_type":"article","og_title":"German Desk - Advokatska kancelarija Mom\u010dilovi\u0107 Stankovi\u0107","og_description":"German Desk na\u0161e kancelarije \u010dine advokati koji su stekli posebna znanja i ve\u0161tine u zastupanju klijenata sa nema\u010dkog govornog podru\u010dja.","og_url":"https:\/\/mlaw.rs\/ru\/german-desk\/","og_site_name":"Advokatska kancelarija Mom\u010dilovi\u0107 Stankovi\u0107","article_publisher":"https:\/\/www.facebook.com\/MomcilovicStankovic","article_modified_time":"2024-07-27T10:13:14+00:00","og_image":[{"url":"https:\/\/mlaw.rs\/\/wp-content\/uploads\/2023\/01\/VM-ADV93-200x300.jpg","type":"","width":"","height":""}],"twitter_card":"summary_large_image","twitter_misc":{"\u041f\u0440\u0438\u043c\u0435\u0440\u043d\u043e\u0435 \u0432\u0440\u0435\u043c\u044f \u0434\u043b\u044f \u0447\u0442\u0435\u043d\u0438\u044f":"1 \u043c\u0438\u043d\u0443\u0442\u0430"},"schema":{"@context":"https:\/\/schema.org","@graph":[{"@type":"WebPage","@id":"https:\/\/mlaw.rs\/ru\/german-desk\/","url":"https:\/\/mlaw.rs\/ru\/german-desk\/","name":"German Desk - Advokatska kancelarija Mom\u010dilovi\u0107 Stankovi\u0107","isPartOf":{"@id":"https:\/\/mlaw.rs\/#website"},"primaryImageOfPage":{"@id":"https:\/\/mlaw.rs\/ru\/german-desk\/#primaryimage"},"image":{"@id":"https:\/\/mlaw.rs\/ru\/german-desk\/#primaryimage"},"thumbnailUrl":"https:\/\/mlaw.rs\/\/wp-content\/uploads\/2023\/01\/VM-ADV93-200x300.jpg","datePublished":"2021-03-19T21:16:51+00:00","dateModified":"2024-07-27T10:13:14+00:00","description":"German Desk na\u0161e kancelarije \u010dine advokati koji su stekli posebna znanja i ve\u0161tine u zastupanju klijenata sa nema\u010dkog govornog podru\u010dja.","breadcrumb":{"@id":"https:\/\/mlaw.rs\/ru\/german-desk\/#breadcrumb"},"inLanguage":"ru-RU","potentialAction":[{"@type":"ReadAction","target":["https:\/\/mlaw.rs\/ru\/german-desk\/"]}]},{"@type":"ImageObject","inLanguage":"ru-RU","@id":"https:\/\/mlaw.rs\/ru\/german-desk\/#primaryimage","url":"https:\/\/mlaw.rs\/\/wp-content\/uploads\/2023\/01\/VM-ADV93-200x300.jpg","contentUrl":"https:\/\/mlaw.rs\/\/wp-content\/uploads\/2023\/01\/VM-ADV93-200x300.jpg"},{"@type":"BreadcrumbList","@id":"https:\/\/mlaw.rs\/ru\/german-desk\/#breadcrumb","itemListElement":[{"@type":"ListItem","position":1,"name":"\u041f\u043e\u0447\u0435\u0442\u043d\u0430","item":"https:\/\/mlaw.rs\/ru\/"},{"@type":"ListItem","position":2,"name":"German Desk"}]},{"@type":"WebSite","@id":"https:\/\/mlaw.rs\/#website","url":"https:\/\/mlaw.rs\/","name":"Advokatska kancelarija Mom\u010dilovi\u0107 Stankovi\u0107","description":"Advokatska kancelarija Mom\u010dilovi\u0107 Stankovi\u0107","publisher":{"@id":"https:\/\/mlaw.rs\/#organization"},"potentialAction":[{"@type":"SearchAction","target":{"@type":"EntryPoint","urlTemplate":"https:\/\/mlaw.rs\/?s={search_term_string}"},"query-input":{"@type":"PropertyValueSpecification","valueRequired":true,"valueName":"search_term_string"}}],"inLanguage":"ru-RU"},{"@type":"Organization","@id":"https:\/\/mlaw.rs\/#organization","name":"Advokatska kancelarija Mom\u010dilovi\u0107 Stankovi\u0107","url":"https:\/\/mlaw.rs\/","logo":{"@type":"ImageObject","inLanguage":"ru-RU","@id":"https:\/\/mlaw.rs\/#\/schema\/logo\/image\/","url":"https:\/\/mlaw.rs\/wp-content\/uploads\/2024\/01\/cropped-Screenshot-2024-01-06-at-12.41.19.png","contentUrl":"https:\/\/mlaw.rs\/wp-content\/uploads\/2024\/01\/cropped-Screenshot-2024-01-06-at-12.41.19.png","width":512,"height":512,"caption":"Advokatska kancelarija Mom\u010dilovi\u0107 Stankovi\u0107"},"image":{"@id":"https:\/\/mlaw.rs\/#\/schema\/logo\/image\/"},"sameAs":["https:\/\/www.facebook.com\/MomcilovicStankovic","https:\/\/www.linkedin.com\/company\/advokatska-kancelarija-mom\u010dilovi\u0107"]}]}},"_links":{"self":[{"href":"https:\/\/mlaw.rs\/ru\/wp-json\/wp\/v2\/pages\/8737","targetHints":{"allow":["GET"]}}],"collection":[{"href":"https:\/\/mlaw.rs\/ru\/wp-json\/wp\/v2\/pages"}],"about":[{"href":"https:\/\/mlaw.rs\/ru\/wp-json\/wp\/v2\/types\/page"}],"author":[{"embeddable":true,"href":"https:\/\/mlaw.rs\/ru\/wp-json\/wp\/v2\/users\/1"}],"replies":[{"embeddable":true,"href":"https:\/\/mlaw.rs\/ru\/wp-json\/wp\/v2\/comments?post=8737"}],"version-history":[{"count":3,"href":"https:\/\/mlaw.rs\/ru\/wp-json\/wp\/v2\/pages\/8737\/revisions"}],"predecessor-version":[{"id":9546,"href":"https:\/\/mlaw.rs\/ru\/wp-json\/wp\/v2\/pages\/8737\/revisions\/9546"}],"wp:attachment":[{"href":"https:\/\/mlaw.rs\/ru\/wp-json\/wp\/v2\/media?parent=8737"}],"curies":[{"name":"wp","href":"https:\/\/api.w.org\/{rel}","templated":true}]}}